{"id":1119,"date":"2023-11-04T08:38:36","date_gmt":"2023-11-04T04:38:36","guid":{"rendered":"https:\/\/etab.ac-reunion.fr\/clg-trois-mares\/?page_id=1119"},"modified":"2024-07-01T10:24:25","modified_gmt":"2024-07-01T06:24:25","slug":"spelling-bee-%f0%9f%90%9d","status":"publish","type":"page","link":"https:\/\/etab.ac-reunion.fr\/clg-trois-mares\/spelling-bee-%f0%9f%90%9d\/","title":{"rendered":"Spelling Bee \ud83d\udc1d"},"content":{"rendered":"\n<figure class=\"wp-block-image size-full\"><img loading=\"lazy\" decoding=\"async\" width=\"1392\" height=\"650\" src=\"https:\/\/etab.ac-reunion.fr\/clg-trois-mares\/wp-content\/uploads\/sites\/149\/2023\/11\/Sans_titre_1-2.png\" alt=\"\" class=\"wp-image-1349\" srcset=\"https:\/\/etab.ac-reunion.fr\/clg-trois-mares\/wp-content\/uploads\/sites\/149\/2023\/11\/Sans_titre_1-2.png 1392w, https:\/\/etab.ac-reunion.fr\/clg-trois-mares\/wp-content\/uploads\/sites\/149\/2023\/11\/Sans_titre_1-2-300x140.png 300w, https:\/\/etab.ac-reunion.fr\/clg-trois-mares\/wp-content\/uploads\/sites\/149\/2023\/11\/Sans_titre_1-2-1024x478.png 1024w, https:\/\/etab.ac-reunion.fr\/clg-trois-mares\/wp-content\/uploads\/sites\/149\/2023\/11\/Sans_titre_1-2-768x359.png 768w, https:\/\/etab.ac-reunion.fr\/clg-trois-mares\/wp-content\/uploads\/sites\/149\/2023\/11\/Sans_titre_1-2-428x200.png 428w\" sizes=\"auto, (max-width: 1392px) 100vw, 1392px\" \/><\/figure>\n\n\n\n<div style=\"height:26px\" aria-hidden=\"true\" class=\"wp-block-spacer\"><\/div>\n\n\n\n<p class=\"has-large-font-size\">C\u00e9l\u00e8bre aux \u00c9tats-Unis, le <strong><em>Spelling Bee<\/em><\/strong> est un concours d\u2019orthographe qui se d\u00e9roule uniquement \u00e0 l\u2019oral. Les participants doivent \u00e9peler correctement des mots tir\u00e9s au sort, en anglais. Au coll\u00e8ge de Trois Mares, les professeures ont le plaisir d\u2019organiser cette comp\u00e9tition pour toutes les classes du <strong>niveau 5\u00e8me<\/strong>.&nbsp;<\/p>\n\n\n\n<div style=\"height:18px\" aria-hidden=\"true\" class=\"wp-block-spacer\"><\/div>\n\n\n\n<p class=\"has-large-font-size\">Les \u00e9l\u00e8ves s\u2019entra\u00eenent et se qualifient en classe. <strong><mark style=\"background-color:#fff;color:#e0b828\" class=\"has-inline-color\">Les 2 meilleurs candidats<\/mark><\/strong> de chaque division forment alors un duo pour la grande finale qui a lieu en fin d\u2019ann\u00e9e. La difficult\u00e9 des mots \u00e9tant croissante, les \u00e9quipes sont progressivement \u00e9limin\u00e9es jusqu\u2019\u00e0 ce que la meilleure gagne !<\/p>\n\n\n\n<div style=\"height:28px\" aria-hidden=\"true\" class=\"wp-block-spacer\"><\/div>\n\n\n<div class=\"wp-block-image\">\n<figure class=\"aligncenter size-full is-resized\"><img loading=\"lazy\" decoding=\"async\" width=\"1797\" height=\"1129\" src=\"https:\/\/etab.ac-reunion.fr\/clg-trois-mares\/wp-content\/uploads\/sites\/149\/2023\/11\/Illustration_sans_titre-24.jpg\" alt=\"\" class=\"wp-image-1346\" style=\"width:1106px\" srcset=\"https:\/\/etab.ac-reunion.fr\/clg-trois-mares\/wp-content\/uploads\/sites\/149\/2023\/11\/Illustration_sans_titre-24.jpg 1797w, https:\/\/etab.ac-reunion.fr\/clg-trois-mares\/wp-content\/uploads\/sites\/149\/2023\/11\/Illustration_sans_titre-24-300x188.jpg 300w, https:\/\/etab.ac-reunion.fr\/clg-trois-mares\/wp-content\/uploads\/sites\/149\/2023\/11\/Illustration_sans_titre-24-1024x643.jpg 1024w, https:\/\/etab.ac-reunion.fr\/clg-trois-mares\/wp-content\/uploads\/sites\/149\/2023\/11\/Illustration_sans_titre-24-768x483.jpg 768w, https:\/\/etab.ac-reunion.fr\/clg-trois-mares\/wp-content\/uploads\/sites\/149\/2023\/11\/Illustration_sans_titre-24-1536x965.jpg 1536w, https:\/\/etab.ac-reunion.fr\/clg-trois-mares\/wp-content\/uploads\/sites\/149\/2023\/11\/Illustration_sans_titre-24-318x200.jpg 318w\" sizes=\"auto, (max-width: 1797px) 100vw, 1797px\" \/><\/figure>\n<\/div>\n\n\n<p class=\"has-text-align-left has-large-font-size\"><strong>Tous les finalistes repartent avec un dipl\u00f4me et les gagnants re\u00e7oivent des r\u00e9compenses pour leur fabuleux parcours !<\/strong><\/p>\n","protected":false},"excerpt":{"rendered":"<p>C\u00e9l\u00e8bre aux \u00c9tats-Unis, le Spelling Bee est un concours d\u2019orthographe qui se d\u00e9roule uniquement \u00e0 l\u2019oral. Les participants doivent \u00e9peler correctement des mots tir\u00e9s au sort, en anglais. Au coll\u00e8ge de Trois Mares, les professeures ont le plaisir d\u2019organiser cette comp\u00e9tition pour toutes les classes du niveau 5\u00e8me.&nbsp; Les \u00e9l\u00e8ves &hellip;<\/p>\n","protected":false},"author":35005,"featured_media":0,"parent":0,"menu_order":0,"comment_status":"closed","ping_status":"closed","template":"","meta":{"footnotes":""},"class_list":["post-1119","page","type-page","status-publish","hentry"],"_links":{"self":[{"href":"https:\/\/etab.ac-reunion.fr\/clg-trois-mares\/wp-json\/wp\/v2\/pages\/1119","targetHints":{"allow":["GET"]}}],"collection":[{"href":"https:\/\/etab.ac-reunion.fr\/clg-trois-mares\/wp-json\/wp\/v2\/pages"}],"about":[{"href":"https:\/\/etab.ac-reunion.fr\/clg-trois-mares\/wp-json\/wp\/v2\/types\/page"}],"author":[{"embeddable":true,"href":"https:\/\/etab.ac-reunion.fr\/clg-trois-mares\/wp-json\/wp\/v2\/users\/35005"}],"replies":[{"embeddable":true,"href":"https:\/\/etab.ac-reunion.fr\/clg-trois-mares\/wp-json\/wp\/v2\/comments?post=1119"}],"version-history":[{"count":4,"href":"https:\/\/etab.ac-reunion.fr\/clg-trois-mares\/wp-json\/wp\/v2\/pages\/1119\/revisions"}],"predecessor-version":[{"id":2127,"href":"https:\/\/etab.ac-reunion.fr\/clg-trois-mares\/wp-json\/wp\/v2\/pages\/1119\/revisions\/2127"}],"wp:attachment":[{"href":"https:\/\/etab.ac-reunion.fr\/clg-trois-mares\/wp-json\/wp\/v2\/media?parent=1119"}],"curies":[{"name":"wp","href":"https:\/\/api.w.org\/{rel}","templated":true}]}}