{"id":1127,"date":"2023-11-04T08:40:52","date_gmt":"2023-11-04T04:40:52","guid":{"rendered":"https:\/\/etab.ac-reunion.fr\/clg-trois-mares\/?page_id=1127"},"modified":"2023-11-04T14:34:06","modified_gmt":"2023-11-04T10:34:06","slug":"ulis","status":"publish","type":"page","link":"https:\/\/etab.ac-reunion.fr\/clg-trois-mares\/ulis\/","title":{"rendered":"ULIS"},"content":{"rendered":"<div class=\"wp-block-image\">\n<figure class=\"aligncenter size-full is-resized\"><img loading=\"lazy\" decoding=\"async\" width=\"1175\" height=\"500\" src=\"https:\/\/etab.ac-reunion.fr\/clg-trois-mares\/wp-content\/uploads\/sites\/149\/2023\/11\/IMG_8480-2.jpg\" alt=\"\" class=\"wp-image-1362\" style=\"width:679px\" srcset=\"https:\/\/etab.ac-reunion.fr\/clg-trois-mares\/wp-content\/uploads\/sites\/149\/2023\/11\/IMG_8480-2.jpg 1175w, https:\/\/etab.ac-reunion.fr\/clg-trois-mares\/wp-content\/uploads\/sites\/149\/2023\/11\/IMG_8480-2-300x128.jpg 300w, https:\/\/etab.ac-reunion.fr\/clg-trois-mares\/wp-content\/uploads\/sites\/149\/2023\/11\/IMG_8480-2-1024x436.jpg 1024w, https:\/\/etab.ac-reunion.fr\/clg-trois-mares\/wp-content\/uploads\/sites\/149\/2023\/11\/IMG_8480-2-768x327.jpg 768w, https:\/\/etab.ac-reunion.fr\/clg-trois-mares\/wp-content\/uploads\/sites\/149\/2023\/11\/IMG_8480-2-470x200.jpg 470w\" sizes=\"auto, (max-width: 1175px) 100vw, 1175px\" \/><\/figure>\n<\/div>\n\n\n<div style=\"height:23px\" aria-hidden=\"true\" class=\"wp-block-spacer\"><\/div>\n\n\n\n<p class=\"has-large-font-size\">Le coll\u00e8ge de Trois Mares accueille un dispositif <strong>ULIS<\/strong> <strong>(Unit\u00e9s Localis\u00e9es pour l&rsquo;Inclusion Scolaire)<\/strong> qui permet la scolarisation d&rsquo;\u00e9l\u00e8ves <strong>reconnus en situation de handicap<\/strong>.<\/p>\n\n\n\n<div class=\"wp-block-media-text is-vertically-aligned-center\" style=\"grid-template-columns:23% auto\"><figure class=\"wp-block-media-text__media\"><img loading=\"lazy\" decoding=\"async\" width=\"1013\" height=\"924\" src=\"https:\/\/etab.ac-reunion.fr\/clg-trois-mares\/wp-content\/uploads\/sites\/149\/2023\/11\/Sans_titre_15-1.png\" alt=\"\" class=\"wp-image-1365 size-full\" srcset=\"https:\/\/etab.ac-reunion.fr\/clg-trois-mares\/wp-content\/uploads\/sites\/149\/2023\/11\/Sans_titre_15-1.png 1013w, https:\/\/etab.ac-reunion.fr\/clg-trois-mares\/wp-content\/uploads\/sites\/149\/2023\/11\/Sans_titre_15-1-300x274.png 300w, https:\/\/etab.ac-reunion.fr\/clg-trois-mares\/wp-content\/uploads\/sites\/149\/2023\/11\/Sans_titre_15-1-768x701.png 768w, https:\/\/etab.ac-reunion.fr\/clg-trois-mares\/wp-content\/uploads\/sites\/149\/2023\/11\/Sans_titre_15-1-219x200.png 219w\" sizes=\"auto, (max-width: 1013px) 100vw, 1013px\" \/><\/figure><div class=\"wp-block-media-text__content\">\n<div style=\"height:65px\" aria-hidden=\"true\" class=\"wp-block-spacer\"><\/div>\n\n\n\n<p class=\"has-large-font-size\">Les \u00e9l\u00e8ves orient\u00e9s en ULIS font partie de l&rsquo;effectif de leur classe de r\u00e9f\u00e9rence mais sont d\u00e9tach\u00e9s par moments pour se rendre dans le dispositif o\u00f9 la priorit\u00e9 est donn\u00e9e aux fran\u00e7ais et math\u00e9matiques.<\/p>\n\n\n\n<p class=\"has-large-font-size\">Ils disposent d\u2019un am\u00e9nagement adapt\u00e9 \u00e0 leurs besoins, ainsi qu\u2019une adaptation p\u00e9dagogique et des mesures de compensation mises en place par l\u2019\u00e9quipe \u00e9ducative.<\/p>\n<\/div><\/div>\n\n\n\n<div style=\"height:50px\" aria-hidden=\"true\" class=\"wp-block-spacer\"><\/div>\n\n\n\n<p class=\"has-large-font-size\">Le dispositif vise<strong> 3<\/strong> objectifs&nbsp;\ud83c\udfaf :<\/p>\n\n\n\n<ol class=\"has-accent-2-background-color has-background wp-block-list\">\n<li class=\"has-large-font-size\">permettre la consolidation de l&rsquo;autonomie personnelle et sociale du jeune,<\/li>\n\n\n\n<li class=\"has-large-font-size\">d\u00e9velopper les apprentissages sociaux, scolaires et l&rsquo;acceptation des r\u00e8gles de vie scolaire,<\/li>\n\n\n\n<li class=\"has-large-font-size\">concr\u00e9tiser \u00e0 terme un projet d&rsquo;insertion professionnel concert\u00e9.<\/li>\n<\/ol>\n\n\n\n<div style=\"height:23px\" aria-hidden=\"true\" class=\"wp-block-spacer\"><\/div>\n\n\n\n<p class=\"has-large-font-size\">Au coll\u00e8ge de Trois Mares, il y a<strong> 2 coordonnateurs <\/strong>et <strong>2 AESH-co<\/strong> pour le dispositif<strong> ULIS<\/strong>.<\/p>\n","protected":false},"excerpt":{"rendered":"<p>Le coll\u00e8ge de Trois Mares accueille un dispositif ULIS (Unit\u00e9s Localis\u00e9es pour l&rsquo;Inclusion Scolaire) qui permet la scolarisation d&rsquo;\u00e9l\u00e8ves reconnus en situation de handicap. Le dispositif vise 3 objectifs&nbsp;\ud83c\udfaf : Au coll\u00e8ge de Trois Mares, il y a 2 coordonnateurs et 2 AESH-co pour le dispositif ULIS.<\/p>\n","protected":false},"author":35005,"featured_media":0,"parent":0,"menu_order":0,"comment_status":"closed","ping_status":"closed","template":"","meta":{"footnotes":""},"class_list":["post-1127","page","type-page","status-publish","hentry"],"_links":{"self":[{"href":"https:\/\/etab.ac-reunion.fr\/clg-trois-mares\/wp-json\/wp\/v2\/pages\/1127","targetHints":{"allow":["GET"]}}],"collection":[{"href":"https:\/\/etab.ac-reunion.fr\/clg-trois-mares\/wp-json\/wp\/v2\/pages"}],"about":[{"href":"https:\/\/etab.ac-reunion.fr\/clg-trois-mares\/wp-json\/wp\/v2\/types\/page"}],"author":[{"embeddable":true,"href":"https:\/\/etab.ac-reunion.fr\/clg-trois-mares\/wp-json\/wp\/v2\/users\/35005"}],"replies":[{"embeddable":true,"href":"https:\/\/etab.ac-reunion.fr\/clg-trois-mares\/wp-json\/wp\/v2\/comments?post=1127"}],"version-history":[{"count":2,"href":"https:\/\/etab.ac-reunion.fr\/clg-trois-mares\/wp-json\/wp\/v2\/pages\/1127\/revisions"}],"predecessor-version":[{"id":1366,"href":"https:\/\/etab.ac-reunion.fr\/clg-trois-mares\/wp-json\/wp\/v2\/pages\/1127\/revisions\/1366"}],"wp:attachment":[{"href":"https:\/\/etab.ac-reunion.fr\/clg-trois-mares\/wp-json\/wp\/v2\/media?parent=1127"}],"curies":[{"name":"wp","href":"https:\/\/api.w.org\/{rel}","templated":true}]}}