{"id":1441,"date":"2023-11-05T12:35:21","date_gmt":"2023-11-05T08:35:21","guid":{"rendered":"https:\/\/etab.ac-reunion.fr\/clg-trois-mares\/?page_id=1441"},"modified":"2023-11-29T17:55:05","modified_gmt":"2023-11-29T13:55:05","slug":"cite-des-metiers","status":"publish","type":"page","link":"https:\/\/etab.ac-reunion.fr\/clg-trois-mares\/cite-des-metiers\/","title":{"rendered":"Cit\u00e9 des m\u00e9tiers"},"content":{"rendered":"\n<p class=\"has-large-font-size\"><strong>Jeudi 5 octobre<\/strong>, la classe de 305 ( comme toutes les classes de 3\u00e8me) sont all\u00e9s \u00e0&nbsp;<strong>la Cit\u00e9 des m\u00e9tiers&nbsp;<\/strong>sur Saint Pierre.<br>La Cit\u00e9 des m\u00e9tiers de La R\u00e9union est un lieu multi-partenarial qui accueille tous les publics ( demandeurs d&#8217;emploi, scolaires, \u00e9tudiants, salari\u00e9s, porteurs de projet etc..) en qu\u00eate d&rsquo;informations et de conseils autour de leur projet professionnel.<\/p>\n\n\n\n<p class=\"has-large-font-size\">Nous y sommes all\u00e9s pour profiter du p\u00f4le&nbsp;orientation et la d\u00e9couverte des m\u00e9tiers.<br>Les \u00e9l\u00e8ves ont \u00e9t\u00e9 accueillis par&nbsp;<strong>Mr Minatchy, psy-EN.&nbsp;<\/strong>Ils se sont rendus dans la salle informatique afin de se familiariser avec le logiciel&nbsp;<strong>Parcour\u00e9o et Inforizon<\/strong>.<br>Les \u00e9l\u00e8ves ont r\u00e9pondu \u00e0 2 questionnaires d\u2019int\u00e9r\u00eats ( tous n\u2019ont pas eu le m\u00eame nombre de questions en fonction de leur r\u00e9ponse). Ces questionnaires ont pour but de voir quels m\u00e9tiers correspondent \u00e0 ses centres d\u2019int\u00e9r\u00eats (avec l\u00e0 aussi la possibilit\u00e9 de reclasser et de filtrer les listes de m\u00e9tiers obtenues par domaines professionnels et par niveaux de formation, de mettre des m\u00e9tiers en \u00ab Favoris \u00bb, et de comparer les caract\u00e9ristiques des m\u00e9tiers .<br>Certains ont eu le temps de faire des \u00ab&nbsp;<strong>quizz \u00bb&nbsp;<\/strong>sur les m\u00e9tiers qui secouent les id\u00e9es re\u00e7ues.&nbsp;<strong>Mr Minatchy&nbsp;<\/strong>a \u00e9galement expliqu\u00e9 comment utiliser&nbsp;<strong>l\u2019encyclo-m\u00e9tiers&nbsp;<\/strong>qui donne acc\u00e8s directement \u00e0 1200 fiches m\u00e9tiers.<\/p>\n\n\n\n<p class=\"has-large-font-size\"><strong>En conclusion&nbsp;<\/strong>: vous pouvez tous vous rendre avec ou sans rendez-vous \u00e0 la cit\u00e9 des m\u00e9tiers, vous aurez acc\u00e8s \u00e0 cet espace num\u00e9rique, un espace documentaire, un espace p\u00f4le conseil et deux salles de r\u00e9union.<\/p>\n","protected":false},"excerpt":{"rendered":"<p>Jeudi 5 octobre, la classe de 305 ( comme toutes les classes de 3\u00e8me) sont all\u00e9s \u00e0&nbsp;la Cit\u00e9 des m\u00e9tiers&nbsp;sur Saint Pierre.La Cit\u00e9 des m\u00e9tiers de La R\u00e9union est un lieu multi-partenarial qui accueille tous les publics ( demandeurs d&#8217;emploi, scolaires, \u00e9tudiants, salari\u00e9s, porteurs de projet etc..) en qu\u00eate d&rsquo;informations &hellip;<\/p>\n","protected":false},"author":35005,"featured_media":0,"parent":0,"menu_order":0,"comment_status":"closed","ping_status":"closed","template":"","meta":{"footnotes":""},"class_list":["post-1441","page","type-page","status-publish","hentry"],"_links":{"self":[{"href":"https:\/\/etab.ac-reunion.fr\/clg-trois-mares\/wp-json\/wp\/v2\/pages\/1441","targetHints":{"allow":["GET"]}}],"collection":[{"href":"https:\/\/etab.ac-reunion.fr\/clg-trois-mares\/wp-json\/wp\/v2\/pages"}],"about":[{"href":"https:\/\/etab.ac-reunion.fr\/clg-trois-mares\/wp-json\/wp\/v2\/types\/page"}],"author":[{"embeddable":true,"href":"https:\/\/etab.ac-reunion.fr\/clg-trois-mares\/wp-json\/wp\/v2\/users\/35005"}],"replies":[{"embeddable":true,"href":"https:\/\/etab.ac-reunion.fr\/clg-trois-mares\/wp-json\/wp\/v2\/comments?post=1441"}],"version-history":[{"count":3,"href":"https:\/\/etab.ac-reunion.fr\/clg-trois-mares\/wp-json\/wp\/v2\/pages\/1441\/revisions"}],"predecessor-version":[{"id":1626,"href":"https:\/\/etab.ac-reunion.fr\/clg-trois-mares\/wp-json\/wp\/v2\/pages\/1441\/revisions\/1626"}],"wp:attachment":[{"href":"https:\/\/etab.ac-reunion.fr\/clg-trois-mares\/wp-json\/wp\/v2\/media?parent=1441"}],"curies":[{"name":"wp","href":"https:\/\/api.w.org\/{rel}","templated":true}]}}