{"id":1572,"date":"2023-11-17T22:37:18","date_gmt":"2023-11-17T18:37:18","guid":{"rendered":"https:\/\/etab.ac-reunion.fr\/clg-trois-mares\/?page_id=1572"},"modified":"2023-11-29T18:02:50","modified_gmt":"2023-11-29T14:02:50","slug":"competition-de-natation","status":"publish","type":"page","link":"https:\/\/etab.ac-reunion.fr\/clg-trois-mares\/competition-de-natation\/","title":{"rendered":"Comp\u00e9tition de natation"},"content":{"rendered":"\n<p class=\"has-large-font-size\">Bravo \u00e0 notre \u00e9quipe de nageurs, qui a termin\u00e9 <strong>3\u00e8me<\/strong> sur le podium ! F\u00e9licitations \ud83d\udc4f, le coll\u00e8ge de Trois Mares est fier de votre parcours !<\/p>\n\n\n\n<figure class=\"wp-block-image size-full\"><img loading=\"lazy\" decoding=\"async\" width=\"1200\" height=\"1600\" src=\"https:\/\/etab.ac-reunion.fr\/clg-trois-mares\/wp-content\/uploads\/sites\/149\/2023\/11\/d97c5c14-26bb-4392-b762-e125246b09f4.jpg\" alt=\"\" class=\"wp-image-1599\" srcset=\"https:\/\/etab.ac-reunion.fr\/clg-trois-mares\/wp-content\/uploads\/sites\/149\/2023\/11\/d97c5c14-26bb-4392-b762-e125246b09f4.jpg 1200w, https:\/\/etab.ac-reunion.fr\/clg-trois-mares\/wp-content\/uploads\/sites\/149\/2023\/11\/d97c5c14-26bb-4392-b762-e125246b09f4-225x300.jpg 225w, https:\/\/etab.ac-reunion.fr\/clg-trois-mares\/wp-content\/uploads\/sites\/149\/2023\/11\/d97c5c14-26bb-4392-b762-e125246b09f4-768x1024.jpg 768w, https:\/\/etab.ac-reunion.fr\/clg-trois-mares\/wp-content\/uploads\/sites\/149\/2023\/11\/d97c5c14-26bb-4392-b762-e125246b09f4-1152x1536.jpg 1152w, https:\/\/etab.ac-reunion.fr\/clg-trois-mares\/wp-content\/uploads\/sites\/149\/2023\/11\/d97c5c14-26bb-4392-b762-e125246b09f4-150x200.jpg 150w\" sizes=\"auto, (max-width: 1200px) 100vw, 1200px\" \/><\/figure>\n","protected":false},"excerpt":{"rendered":"<p>Bravo \u00e0 notre \u00e9quipe de nageurs, qui a termin\u00e9 3\u00e8me sur le podium ! F\u00e9licitations \ud83d\udc4f, le coll\u00e8ge de Trois Mares est fier de votre parcours !<\/p>\n","protected":false},"author":35005,"featured_media":0,"parent":0,"menu_order":0,"comment_status":"closed","ping_status":"closed","template":"","meta":{"footnotes":""},"class_list":["post-1572","page","type-page","status-publish","hentry"],"_links":{"self":[{"href":"https:\/\/etab.ac-reunion.fr\/clg-trois-mares\/wp-json\/wp\/v2\/pages\/1572","targetHints":{"allow":["GET"]}}],"collection":[{"href":"https:\/\/etab.ac-reunion.fr\/clg-trois-mares\/wp-json\/wp\/v2\/pages"}],"about":[{"href":"https:\/\/etab.ac-reunion.fr\/clg-trois-mares\/wp-json\/wp\/v2\/types\/page"}],"author":[{"embeddable":true,"href":"https:\/\/etab.ac-reunion.fr\/clg-trois-mares\/wp-json\/wp\/v2\/users\/35005"}],"replies":[{"embeddable":true,"href":"https:\/\/etab.ac-reunion.fr\/clg-trois-mares\/wp-json\/wp\/v2\/comments?post=1572"}],"version-history":[{"count":5,"href":"https:\/\/etab.ac-reunion.fr\/clg-trois-mares\/wp-json\/wp\/v2\/pages\/1572\/revisions"}],"predecessor-version":[{"id":1636,"href":"https:\/\/etab.ac-reunion.fr\/clg-trois-mares\/wp-json\/wp\/v2\/pages\/1572\/revisions\/1636"}],"wp:attachment":[{"href":"https:\/\/etab.ac-reunion.fr\/clg-trois-mares\/wp-json\/wp\/v2\/media?parent=1572"}],"curies":[{"name":"wp","href":"https:\/\/api.w.org\/{rel}","templated":true}]}}