{"id":1576,"date":"2023-11-20T12:04:04","date_gmt":"2023-11-20T08:04:04","guid":{"rendered":"https:\/\/etab.ac-reunion.fr\/clg-trois-mares\/?page_id=1576"},"modified":"2023-11-20T12:53:57","modified_gmt":"2023-11-20T08:53:57","slug":"24h-de-linnovation","status":"publish","type":"page","link":"https:\/\/etab.ac-reunion.fr\/clg-trois-mares\/24h-de-linnovation\/","title":{"rendered":"24h de l&rsquo;innovation"},"content":{"rendered":"\n<figure class=\"wp-block-image size-full is-resized\"><img loading=\"lazy\" decoding=\"async\" width=\"2848\" height=\"308\" src=\"https:\/\/etab.ac-reunion.fr\/clg-trois-mares\/wp-content\/uploads\/sites\/149\/2023\/11\/Capture-decran-2023-11-20-a-12.36.45.png\" alt=\"\" class=\"wp-image-1590\" style=\"aspect-ratio:9.225225225225225;object-fit:cover;width:1450px;height:auto\" srcset=\"https:\/\/etab.ac-reunion.fr\/clg-trois-mares\/wp-content\/uploads\/sites\/149\/2023\/11\/Capture-decran-2023-11-20-a-12.36.45.png 2848w, https:\/\/etab.ac-reunion.fr\/clg-trois-mares\/wp-content\/uploads\/sites\/149\/2023\/11\/Capture-decran-2023-11-20-a-12.36.45-300x32.png 300w, https:\/\/etab.ac-reunion.fr\/clg-trois-mares\/wp-content\/uploads\/sites\/149\/2023\/11\/Capture-decran-2023-11-20-a-12.36.45-1024x111.png 1024w, https:\/\/etab.ac-reunion.fr\/clg-trois-mares\/wp-content\/uploads\/sites\/149\/2023\/11\/Capture-decran-2023-11-20-a-12.36.45-768x83.png 768w, https:\/\/etab.ac-reunion.fr\/clg-trois-mares\/wp-content\/uploads\/sites\/149\/2023\/11\/Capture-decran-2023-11-20-a-12.36.45-1536x166.png 1536w, https:\/\/etab.ac-reunion.fr\/clg-trois-mares\/wp-content\/uploads\/sites\/149\/2023\/11\/Capture-decran-2023-11-20-a-12.36.45-2048x221.png 2048w, https:\/\/etab.ac-reunion.fr\/clg-trois-mares\/wp-content\/uploads\/sites\/149\/2023\/11\/Capture-decran-2023-11-20-a-12.36.45-941x102.png 941w\" sizes=\"auto, (max-width: 2848px) 100vw, 2848px\" \/><\/figure>\n\n\n\n<div style=\"height:35px\" aria-hidden=\"true\" class=\"wp-block-spacer\"><\/div>\n\n\n\n<div class=\"wp-block-columns is-layout-flex wp-container-core-columns-is-layout-9d6595d7 wp-block-columns-is-layout-flex\">\n<div class=\"wp-block-column is-layout-flow wp-block-column-is-layout-flow\">\n<p class=\"has-large-font-size\">C\u2019est au domaine du <a href=\"https:\/\/www.reunion.fr\/offres\/moca-le-domaine-de-montgaillard-saint-denis-fr-887056\/\" data-type=\"link\" data-id=\"https:\/\/www.reunion.fr\/offres\/moca-le-domaine-de-montgaillard-saint-denis-fr-887056\/\" target=\"_blank\" rel=\"noreferrer noopener\">MOCA<\/a> \u00e0 Saint Denis ces mercredi 15 et jeudi 16 novembre 2023 que Gabin COLLET et Brice TECHER de la 3\u00b008 ont pos\u00e9 leur tente pour d\u00e9fendre les couleurs du coll\u00e8ge lors de cette \u00e9dition des <a href=\"https:\/\/etab.ac-reunion.fr\/24h-innovation\/\" data-type=\"link\" data-id=\"https:\/\/etab.ac-reunion.fr\/24h-innovation\/\" target=\"_blank\" rel=\"noreferrer noopener\">24 heures de l\u2019innovation<\/a>.&nbsp;<\/p>\n\n\n\n<figure class=\"wp-block-image size-full is-resized\"><img loading=\"lazy\" decoding=\"async\" width=\"339\" height=\"451\" src=\"https:\/\/etab.ac-reunion.fr\/clg-trois-mares\/wp-content\/uploads\/sites\/149\/2023\/11\/Image-From-24h-innov.png\" alt=\"\" class=\"wp-image-1579\" style=\"aspect-ratio:0.7516629711751663;width:598px;height:auto\" srcset=\"https:\/\/etab.ac-reunion.fr\/clg-trois-mares\/wp-content\/uploads\/sites\/149\/2023\/11\/Image-From-24h-innov.png 339w, https:\/\/etab.ac-reunion.fr\/clg-trois-mares\/wp-content\/uploads\/sites\/149\/2023\/11\/Image-From-24h-innov-225x300.png 225w, https:\/\/etab.ac-reunion.fr\/clg-trois-mares\/wp-content\/uploads\/sites\/149\/2023\/11\/Image-From-24h-innov-150x200.png 150w\" sizes=\"auto, (max-width: 339px) 100vw, 339px\" \/><\/figure>\n\n\n\n<p class=\"has-large-font-size\">Le principe, 37 \u00e9quipes compos\u00e9es de coll\u00e9giens et lyc\u00e9ens m\u00e9lang\u00e9s qui ont travaill\u00e9 sans rel\u00e2che 24h durant (les tentes ont \u00e9t\u00e9 tr\u00e8s peu utilis\u00e9es) sur des projets innovants \u00e0 caract\u00e8re soci\u00e9tal et environnemental tr\u00e8s vari\u00e9s (ils avaient cette ann\u00e9e le choix entre 27 sujets) comme \u00ab Comment int\u00e9grer la r\u00e9alit\u00e9 mixte et l\u2019intelligence artificielle dans les mus\u00e9es \u00bb, \u00ab La redynamisation des centres villes \u00bb ou encore \u00ab la revalorisation des d\u00e9chets verts de la cote au vent \u00bb.<\/p>\n<\/div>\n\n\n\n<div class=\"wp-block-column is-layout-flow wp-block-column-is-layout-flow\">\n<div class=\"wp-block-media-text is-stacked-on-mobile\" style=\"grid-template-columns:38% auto\"><figure class=\"wp-block-media-text__media\"><img loading=\"lazy\" decoding=\"async\" width=\"374\" height=\"816\" src=\"https:\/\/etab.ac-reunion.fr\/clg-trois-mares\/wp-content\/uploads\/sites\/149\/2023\/11\/Capture-decran-2023-11-20-a-12.29.16-1.png\" alt=\"\" class=\"wp-image-1582 size-full\" srcset=\"https:\/\/etab.ac-reunion.fr\/clg-trois-mares\/wp-content\/uploads\/sites\/149\/2023\/11\/Capture-decran-2023-11-20-a-12.29.16-1.png 374w, https:\/\/etab.ac-reunion.fr\/clg-trois-mares\/wp-content\/uploads\/sites\/149\/2023\/11\/Capture-decran-2023-11-20-a-12.29.16-1-138x300.png 138w, https:\/\/etab.ac-reunion.fr\/clg-trois-mares\/wp-content\/uploads\/sites\/149\/2023\/11\/Capture-decran-2023-11-20-a-12.29.16-1-92x200.png 92w\" sizes=\"auto, (max-width: 374px) 100vw, 374px\" \/><\/figure><div class=\"wp-block-media-text__content\">\n<p class=\"has-large-font-size\">Apr\u00e8s un intense travail de r\u00e9flexion de 24 heures entrecoup\u00e9es de mini-conf\u00e9rences autour des sciences de l\u2019ing\u00e9nieur, de pauses restauration autour du barbecue organis\u00e9 par le staff et de quelques s\u00e9quences de repos, les 37 \u00e9quipes ont produit un diaporama pr\u00e9sentant leurs recherches, \u00e9tudes et conception d\u2019une solution innovante pour se pr\u00e9senter devant un jury fin d\u2019\u00e9lire la meilleure \u00e9quipe.&nbsp;<\/p>\n<\/div><\/div>\n\n\n\n<div style=\"height:8px\" aria-hidden=\"true\" class=\"wp-block-spacer\"><\/div>\n\n\n<div class=\"wp-block-image\">\n<figure class=\"alignleft size-full is-resized\"><img loading=\"lazy\" decoding=\"async\" width=\"778\" height=\"432\" src=\"https:\/\/etab.ac-reunion.fr\/clg-trois-mares\/wp-content\/uploads\/sites\/149\/2023\/11\/Capture_decran_2023-11-20_a_12.29.29.jpg\" alt=\"\" class=\"wp-image-1601\" style=\"aspect-ratio:1.8009259259259258;width:732px;height:auto\" srcset=\"https:\/\/etab.ac-reunion.fr\/clg-trois-mares\/wp-content\/uploads\/sites\/149\/2023\/11\/Capture_decran_2023-11-20_a_12.29.29.jpg 778w, https:\/\/etab.ac-reunion.fr\/clg-trois-mares\/wp-content\/uploads\/sites\/149\/2023\/11\/Capture_decran_2023-11-20_a_12.29.29-300x167.jpg 300w, https:\/\/etab.ac-reunion.fr\/clg-trois-mares\/wp-content\/uploads\/sites\/149\/2023\/11\/Capture_decran_2023-11-20_a_12.29.29-768x426.jpg 768w, https:\/\/etab.ac-reunion.fr\/clg-trois-mares\/wp-content\/uploads\/sites\/149\/2023\/11\/Capture_decran_2023-11-20_a_12.29.29-360x200.jpg 360w\" sizes=\"auto, (max-width: 778px) 100vw, 778px\" \/><\/figure>\n<\/div>\n\n\n<p class=\"has-large-font-size\">Cette ann\u00e9e nos deux \u00e9quipes n\u2019ont pas r\u00e9ussi \u00e0 truster le podium comme c\u2019\u00e9tait l\u2019habitude lors de pr\u00e9c\u00e9dentes \u00e9ditions, ce n\u2019est que partie remise, donc rendez-vous l\u2019ann\u00e9e prochaine.&nbsp;<\/p>\n<\/div>\n<\/div>\n","protected":false},"excerpt":{"rendered":"<p>C\u2019est au domaine du MOCA \u00e0 Saint Denis ces mercredi 15 et jeudi 16 novembre 2023 que Gabin COLLET et Brice TECHER de la 3\u00b008 ont pos\u00e9 leur tente pour d\u00e9fendre les couleurs du coll\u00e8ge lors de cette \u00e9dition des 24 heures de l\u2019innovation.&nbsp; Le principe, 37 \u00e9quipes compos\u00e9es de &hellip;<\/p>\n","protected":false},"author":35005,"featured_media":0,"parent":0,"menu_order":0,"comment_status":"closed","ping_status":"closed","template":"","meta":{"footnotes":""},"class_list":["post-1576","page","type-page","status-publish","hentry"],"_links":{"self":[{"href":"https:\/\/etab.ac-reunion.fr\/clg-trois-mares\/wp-json\/wp\/v2\/pages\/1576","targetHints":{"allow":["GET"]}}],"collection":[{"href":"https:\/\/etab.ac-reunion.fr\/clg-trois-mares\/wp-json\/wp\/v2\/pages"}],"about":[{"href":"https:\/\/etab.ac-reunion.fr\/clg-trois-mares\/wp-json\/wp\/v2\/types\/page"}],"author":[{"embeddable":true,"href":"https:\/\/etab.ac-reunion.fr\/clg-trois-mares\/wp-json\/wp\/v2\/users\/35005"}],"replies":[{"embeddable":true,"href":"https:\/\/etab.ac-reunion.fr\/clg-trois-mares\/wp-json\/wp\/v2\/comments?post=1576"}],"version-history":[{"count":10,"href":"https:\/\/etab.ac-reunion.fr\/clg-trois-mares\/wp-json\/wp\/v2\/pages\/1576\/revisions"}],"predecessor-version":[{"id":1602,"href":"https:\/\/etab.ac-reunion.fr\/clg-trois-mares\/wp-json\/wp\/v2\/pages\/1576\/revisions\/1602"}],"wp:attachment":[{"href":"https:\/\/etab.ac-reunion.fr\/clg-trois-mares\/wp-json\/wp\/v2\/media?parent=1576"}],"curies":[{"name":"wp","href":"https:\/\/api.w.org\/{rel}","templated":true}]}}