{"id":1673,"date":"2023-12-04T13:41:06","date_gmt":"2023-12-04T09:41:06","guid":{"rendered":"https:\/\/etab.ac-reunion.fr\/clg-trois-mares\/?page_id=1673"},"modified":"2023-12-04T18:28:09","modified_gmt":"2023-12-04T14:28:09","slug":"chinois","status":"publish","type":"page","link":"https:\/\/etab.ac-reunion.fr\/clg-trois-mares\/chinois\/","title":{"rendered":"Chinois"},"content":{"rendered":"\n<div class=\"wp-block-media-text is-stacked-on-mobile\" style=\"grid-template-columns:35% auto\"><figure class=\"wp-block-media-text__media\"><img loading=\"lazy\" decoding=\"async\" width=\"1013\" height=\"924\" src=\"https:\/\/etab.ac-reunion.fr\/clg-trois-mares\/wp-content\/uploads\/sites\/149\/2023\/12\/Sans_titre_15-3.jpg\" alt=\"\" class=\"wp-image-1674 size-full\" srcset=\"https:\/\/etab.ac-reunion.fr\/clg-trois-mares\/wp-content\/uploads\/sites\/149\/2023\/12\/Sans_titre_15-3.jpg 1013w, https:\/\/etab.ac-reunion.fr\/clg-trois-mares\/wp-content\/uploads\/sites\/149\/2023\/12\/Sans_titre_15-3-300x274.jpg 300w, https:\/\/etab.ac-reunion.fr\/clg-trois-mares\/wp-content\/uploads\/sites\/149\/2023\/12\/Sans_titre_15-3-768x701.jpg 768w, https:\/\/etab.ac-reunion.fr\/clg-trois-mares\/wp-content\/uploads\/sites\/149\/2023\/12\/Sans_titre_15-3-219x200.jpg 219w\" sizes=\"auto, (max-width: 1013px) 100vw, 1013px\" \/><\/figure><div class=\"wp-block-media-text__content\">\n<p class=\"has-text-align-center has-larger-font-size\">L&rsquo;\u00e9quipe est compos\u00e9e d&rsquo;<strong>1 professeur<\/strong>.<\/p>\n\n\n\n<p class=\"has-text-align-center has-large-font-size\">Comp\u00e9tences principalement \u00e9valu\u00e9es dans le domaine 1.2 \u00ab\u00a0Langues \u00e9trang\u00e8res et r\u00e9gionales\u00a0\u00bb <\/p>\n\n\n\n<div style=\"height:51px\" aria-hidden=\"true\" class=\"wp-block-spacer\"><\/div>\n\n\n\n<p class=\"has-text-align-center has-normal-font-size\">Les \u00e9l\u00e8ves peuvent opter pour l&rsquo;apprentissage de cette langue \u00e0 partir de la 5\u00e8me.<\/p>\n<\/div><\/div>\n","protected":false},"excerpt":{"rendered":"","protected":false},"author":35005,"featured_media":0,"parent":0,"menu_order":0,"comment_status":"closed","ping_status":"closed","template":"","meta":{"footnotes":""},"class_list":["post-1673","page","type-page","status-publish","hentry"],"_links":{"self":[{"href":"https:\/\/etab.ac-reunion.fr\/clg-trois-mares\/wp-json\/wp\/v2\/pages\/1673","targetHints":{"allow":["GET"]}}],"collection":[{"href":"https:\/\/etab.ac-reunion.fr\/clg-trois-mares\/wp-json\/wp\/v2\/pages"}],"about":[{"href":"https:\/\/etab.ac-reunion.fr\/clg-trois-mares\/wp-json\/wp\/v2\/types\/page"}],"author":[{"embeddable":true,"href":"https:\/\/etab.ac-reunion.fr\/clg-trois-mares\/wp-json\/wp\/v2\/users\/35005"}],"replies":[{"embeddable":true,"href":"https:\/\/etab.ac-reunion.fr\/clg-trois-mares\/wp-json\/wp\/v2\/comments?post=1673"}],"version-history":[{"count":5,"href":"https:\/\/etab.ac-reunion.fr\/clg-trois-mares\/wp-json\/wp\/v2\/pages\/1673\/revisions"}],"predecessor-version":[{"id":1752,"href":"https:\/\/etab.ac-reunion.fr\/clg-trois-mares\/wp-json\/wp\/v2\/pages\/1673\/revisions\/1752"}],"wp:attachment":[{"href":"https:\/\/etab.ac-reunion.fr\/clg-trois-mares\/wp-json\/wp\/v2\/media?parent=1673"}],"curies":[{"name":"wp","href":"https:\/\/api.w.org\/{rel}","templated":true}]}}