{"id":1691,"date":"2023-12-04T14:19:17","date_gmt":"2023-12-04T10:19:17","guid":{"rendered":"https:\/\/etab.ac-reunion.fr\/clg-trois-mares\/?page_id=1691"},"modified":"2023-12-04T18:32:05","modified_gmt":"2023-12-04T14:32:05","slug":"arts-plastiques","status":"publish","type":"page","link":"https:\/\/etab.ac-reunion.fr\/clg-trois-mares\/arts-plastiques\/","title":{"rendered":"Arts plastiques"},"content":{"rendered":"\n<div class=\"wp-block-media-text is-stacked-on-mobile\" style=\"grid-template-columns:33% auto\"><figure class=\"wp-block-media-text__media\"><img loading=\"lazy\" decoding=\"async\" width=\"705\" height=\"646\" src=\"https:\/\/etab.ac-reunion.fr\/clg-trois-mares\/wp-content\/uploads\/sites\/149\/2023\/12\/Sans_titre_15-8.jpg\" alt=\"\" class=\"wp-image-1692 size-full\" srcset=\"https:\/\/etab.ac-reunion.fr\/clg-trois-mares\/wp-content\/uploads\/sites\/149\/2023\/12\/Sans_titre_15-8.jpg 705w, https:\/\/etab.ac-reunion.fr\/clg-trois-mares\/wp-content\/uploads\/sites\/149\/2023\/12\/Sans_titre_15-8-300x275.jpg 300w, https:\/\/etab.ac-reunion.fr\/clg-trois-mares\/wp-content\/uploads\/sites\/149\/2023\/12\/Sans_titre_15-8-218x200.jpg 218w\" sizes=\"auto, (max-width: 705px) 100vw, 705px\" \/><\/figure><div class=\"wp-block-media-text__content\">\n<p class=\"has-text-align-center has-larger-font-size\">L&rsquo;\u00e9quipe est compos\u00e9e de <strong>2 professeurs<\/strong>.<\/p>\n\n\n\n<p class=\"has-text-align-center has-large-font-size\">Comp\u00e9tences principalement \u00e9valu\u00e9es dans le domaine 1.4 \u00ab\u00a0Langages des arts et du corps\u00a0\u00bb <\/p>\n<\/div><\/div>\n","protected":false},"excerpt":{"rendered":"<p>L&rsquo;\u00e9quipe est compos\u00e9e de 2 professeurs. Comp\u00e9tences principalement \u00e9valu\u00e9es dans le domaine 1.4 \u00ab\u00a0Langages des arts et du corps\u00a0\u00bb<\/p>\n","protected":false},"author":35005,"featured_media":0,"parent":0,"menu_order":0,"comment_status":"closed","ping_status":"closed","template":"","meta":{"footnotes":""},"class_list":["post-1691","page","type-page","status-publish","hentry"],"_links":{"self":[{"href":"https:\/\/etab.ac-reunion.fr\/clg-trois-mares\/wp-json\/wp\/v2\/pages\/1691","targetHints":{"allow":["GET"]}}],"collection":[{"href":"https:\/\/etab.ac-reunion.fr\/clg-trois-mares\/wp-json\/wp\/v2\/pages"}],"about":[{"href":"https:\/\/etab.ac-reunion.fr\/clg-trois-mares\/wp-json\/wp\/v2\/types\/page"}],"author":[{"embeddable":true,"href":"https:\/\/etab.ac-reunion.fr\/clg-trois-mares\/wp-json\/wp\/v2\/users\/35005"}],"replies":[{"embeddable":true,"href":"https:\/\/etab.ac-reunion.fr\/clg-trois-mares\/wp-json\/wp\/v2\/comments?post=1691"}],"version-history":[{"count":3,"href":"https:\/\/etab.ac-reunion.fr\/clg-trois-mares\/wp-json\/wp\/v2\/pages\/1691\/revisions"}],"predecessor-version":[{"id":1755,"href":"https:\/\/etab.ac-reunion.fr\/clg-trois-mares\/wp-json\/wp\/v2\/pages\/1691\/revisions\/1755"}],"wp:attachment":[{"href":"https:\/\/etab.ac-reunion.fr\/clg-trois-mares\/wp-json\/wp\/v2\/media?parent=1691"}],"curies":[{"name":"wp","href":"https:\/\/api.w.org\/{rel}","templated":true}]}}