{"id":1716,"date":"2023-12-04T16:35:34","date_gmt":"2023-12-04T12:35:34","guid":{"rendered":"https:\/\/etab.ac-reunion.fr\/clg-trois-mares\/?page_id=1716"},"modified":"2023-12-05T12:18:24","modified_gmt":"2023-12-05T08:18:24","slug":"physique-chinie","status":"publish","type":"page","link":"https:\/\/etab.ac-reunion.fr\/clg-trois-mares\/physique-chinie\/","title":{"rendered":"Physique \/ Chimie"},"content":{"rendered":"\n<div class=\"wp-block-media-text is-stacked-on-mobile\" style=\"grid-template-columns:48% auto\"><figure class=\"wp-block-media-text__media\"><img loading=\"lazy\" decoding=\"async\" width=\"1013\" height=\"640\" src=\"https:\/\/etab.ac-reunion.fr\/clg-trois-mares\/wp-content\/uploads\/sites\/149\/2023\/12\/Sans_titre_15-14.jpg\" alt=\"\" class=\"wp-image-1717 size-full\" srcset=\"https:\/\/etab.ac-reunion.fr\/clg-trois-mares\/wp-content\/uploads\/sites\/149\/2023\/12\/Sans_titre_15-14.jpg 1013w, https:\/\/etab.ac-reunion.fr\/clg-trois-mares\/wp-content\/uploads\/sites\/149\/2023\/12\/Sans_titre_15-14-300x190.jpg 300w, https:\/\/etab.ac-reunion.fr\/clg-trois-mares\/wp-content\/uploads\/sites\/149\/2023\/12\/Sans_titre_15-14-768x485.jpg 768w, https:\/\/etab.ac-reunion.fr\/clg-trois-mares\/wp-content\/uploads\/sites\/149\/2023\/12\/Sans_titre_15-14-317x200.jpg 317w\" sizes=\"auto, (max-width: 1013px) 100vw, 1013px\" \/><\/figure><div class=\"wp-block-media-text__content\">\n<p class=\"has-text-align-center has-larger-font-size\">L&rsquo;\u00e9quipe est compos\u00e9e de<strong> 3 professeurs<\/strong>.<\/p>\n\n\n\n<p class=\"has-text-align-center has-large-font-size\">Comp\u00e9tences principalement \u00e9valu\u00e9es dans le domaine 1.3 \u00ab\u00a0Langages math\u00e9matiques, scientifiques et informatiques\u00a0\u00bb <\/p>\n<\/div><\/div>\n","protected":false},"excerpt":{"rendered":"<p>L&rsquo;\u00e9quipe est compos\u00e9e de 3 professeurs. Comp\u00e9tences principalement \u00e9valu\u00e9es dans le domaine 1.3 \u00ab\u00a0Langages math\u00e9matiques, scientifiques et informatiques\u00a0\u00bb<\/p>\n","protected":false},"author":35005,"featured_media":0,"parent":0,"menu_order":0,"comment_status":"closed","ping_status":"closed","template":"","meta":{"footnotes":""},"class_list":["post-1716","page","type-page","status-publish","hentry"],"_links":{"self":[{"href":"https:\/\/etab.ac-reunion.fr\/clg-trois-mares\/wp-json\/wp\/v2\/pages\/1716","targetHints":{"allow":["GET"]}}],"collection":[{"href":"https:\/\/etab.ac-reunion.fr\/clg-trois-mares\/wp-json\/wp\/v2\/pages"}],"about":[{"href":"https:\/\/etab.ac-reunion.fr\/clg-trois-mares\/wp-json\/wp\/v2\/types\/page"}],"author":[{"embeddable":true,"href":"https:\/\/etab.ac-reunion.fr\/clg-trois-mares\/wp-json\/wp\/v2\/users\/35005"}],"replies":[{"embeddable":true,"href":"https:\/\/etab.ac-reunion.fr\/clg-trois-mares\/wp-json\/wp\/v2\/comments?post=1716"}],"version-history":[{"count":3,"href":"https:\/\/etab.ac-reunion.fr\/clg-trois-mares\/wp-json\/wp\/v2\/pages\/1716\/revisions"}],"predecessor-version":[{"id":1783,"href":"https:\/\/etab.ac-reunion.fr\/clg-trois-mares\/wp-json\/wp\/v2\/pages\/1716\/revisions\/1783"}],"wp:attachment":[{"href":"https:\/\/etab.ac-reunion.fr\/clg-trois-mares\/wp-json\/wp\/v2\/media?parent=1716"}],"curies":[{"name":"wp","href":"https:\/\/api.w.org\/{rel}","templated":true}]}}