{"id":1824,"date":"2023-12-05T19:30:06","date_gmt":"2023-12-05T15:30:06","guid":{"rendered":"https:\/\/etab.ac-reunion.fr\/clg-trois-mares\/?page_id=1824"},"modified":"2025-12-16T19:03:51","modified_gmt":"2025-12-16T15:03:51","slug":"documentation-orientation","status":"publish","type":"page","link":"https:\/\/etab.ac-reunion.fr\/clg-trois-mares\/documentation-orientation\/","title":{"rendered":"Ressources orientation"},"content":{"rendered":"\n<p class=\"has-large-font-size\">Apr\u00e8s la classe de 3\u00e8me, diff\u00e9rentes voies de formation s\u2019offrent aux \u00e9l\u00e8ves pour leur rentr\u00e9e au lyc\u00e9e : voie professionnelle ou voies g\u00e9n\u00e9rale et technologique. Le guide 2026 de l&rsquo;ONISEP, disponible en consultation et en t\u00e9l\u00e9chargement ci-dessous, permet d&rsquo;accompagner les coll\u00e9giens et leur famille dans ce choix, \u00e0 m\u00fbrir tout au long de l\u2019ann\u00e9e.<\/p>\n\n\n<a href=\"https:\/\/etab.ac-reunion.fr\/clg-trois-mares\/wp-content\/uploads\/sites\/149\/2025\/12\/GUIDE_APRES_LA_3E_RENTREE26_NATIONAL.pdf\" class=\"pdfemb-viewer\" style=\"\" data-width=\"max\" data-height=\"max\" data-toolbar=\"bottom\" data-toolbar-fixed=\"off\">GUIDE_APRES_LA_3E_RENTREE26_NATIONAL<\/a>\n\n\n<div style=\"height:46px\" aria-hidden=\"true\" class=\"wp-block-spacer\"><\/div>\n\n\n\n<p class=\"has-large-font-size\">Version t\u00e9l\u00e9chargeable : <a href=\"https:\/\/www.calameo.com\/read\/0000375473408f17328b4\">cliquez ici<\/a><\/p>\n\n\n\n<hr class=\"wp-block-separator has-alpha-channel-opacity\" \/>\n\n\n\n<p class=\"has-text-align-center has-larger-font-size\"><strong>Sites \u00e0 visiter pour l&rsquo;orientation post-3\u00e8me<\/strong><\/p>\n\n\n\n<div style=\"height:46px\" aria-hidden=\"true\" class=\"wp-block-spacer\"><\/div>\n\n\n\n<div class=\"wp-block-columns is-layout-flex wp-container-core-columns-is-layout-9d6595d7 wp-block-columns-is-layout-flex\">\n<div class=\"wp-block-column has-background is-layout-flow wp-block-column-is-layout-flow\" style=\"background-color:#59a0de\">\n<p class=\"has-text-align-center has-large-font-size\"><strong>Cit\u00e9 des m\u00e9tiers<strong> <\/strong><\/strong><\/p>\n\n\n\n<p class=\"has-text-align-center\"><strong>Besoin d\u2019aide pour d\u00e9cider de ton avenir&nbsp;professionnel ? La cit\u00e9 des m\u00e9tiers peut te conseiller !<\/strong><\/p>\n\n\n\n<div style=\"height:14px\" aria-hidden=\"true\" class=\"wp-block-spacer\"><\/div>\n\n\n\n<div class=\"wp-block-buttons is-content-justification-center is-layout-flex wp-container-core-buttons-is-layout-16018d1d wp-block-buttons-is-layout-flex\">\n<div class=\"wp-block-button\"><a class=\"wp-block-button__link has-accent-1-background-color has-background wp-element-button\" href=\"https:\/\/citedesmetiers.re\" target=\"_blank\" rel=\"noreferrer noopener\">Acc\u00e9der au site<\/a><\/div>\n<\/div>\n\n\n\n<div style=\"height:13px\" aria-hidden=\"true\" class=\"wp-block-spacer\"><\/div>\n<\/div>\n\n\n\n<div class=\"wp-block-column has-background is-layout-flow wp-block-column-is-layout-flow\" style=\"background-color:#4592d5\">\n<p class=\"has-text-align-center has-large-font-size\"><strong>Orient&rsquo;a nou<\/strong><\/p>\n\n\n\n<p class=\"has-text-align-center\"><strong>Consultez des revues sur l&rsquo;orientation en version num\u00e9rique.<\/strong><\/p>\n\n\n\n<div style=\"height:14px\" aria-hidden=\"true\" class=\"wp-block-spacer\"><\/div>\n\n\n\n<div class=\"wp-block-buttons is-content-justification-center is-layout-flex wp-container-core-buttons-is-layout-16018d1d wp-block-buttons-is-layout-flex\">\n<div class=\"wp-block-button\"><a class=\"wp-block-button__link has-accent-1-background-color has-background wp-element-button\" href=\"https:\/\/regionreunion.com\/aides-services\/article\/orientation\" target=\"_blank\" rel=\"noreferrer noopener\">Acc\u00e9der au site<\/a><\/div>\n<\/div>\n\n\n\n<div style=\"height:13px\" aria-hidden=\"true\" class=\"wp-block-spacer\"><\/div>\n<\/div>\n\n\n\n<div class=\"wp-block-column has-background is-layout-flow wp-block-column-is-layout-flow\" style=\"background-color:#59a0de\">\n<p class=\"has-text-align-center has-large-font-size\"><strong>Onisep<\/strong><\/p>\n\n\n\n<p class=\"has-text-align-center\"><strong>D\u00e9couvrez les offres de formation propos\u00e9es \u00e0 la R\u00e9union.<\/strong><\/p>\n\n\n\n<div style=\"height:43px\" aria-hidden=\"true\" class=\"wp-block-spacer\"><\/div>\n\n\n\n<div class=\"wp-block-buttons is-content-justification-center is-layout-flex wp-container-core-buttons-is-layout-28206b41 wp-block-buttons-is-layout-flex\">\n<div class=\"wp-block-button\"><a class=\"wp-block-button__link has-accent-1-background-color has-background wp-element-button\" href=\"https:\/\/www.onisep.fr\/pres-de-chez-vous\/la-reunion\" target=\"_blank\" rel=\"noreferrer noopener\">Acc\u00e9der au site<\/a><\/div>\n<\/div>\n\n\n\n<div style=\"height:13px\" aria-hidden=\"true\" class=\"wp-block-spacer\"><\/div>\n<\/div>\n<\/div>\n","protected":false},"excerpt":{"rendered":"<p>Apr\u00e8s la classe de 3\u00e8me, diff\u00e9rentes voies de formation s\u2019offrent aux \u00e9l\u00e8ves pour leur rentr\u00e9e au lyc\u00e9e : voie professionnelle ou voies g\u00e9n\u00e9rale et technologique. Le guide 2026 de l&rsquo;ONISEP, disponible en consultation et en t\u00e9l\u00e9chargement ci-dessous, permet d&rsquo;accompagner les coll\u00e9giens et leur famille dans ce choix, \u00e0 m\u00fbrir tout &hellip;<\/p>\n","protected":false},"author":35005,"featured_media":0,"parent":0,"menu_order":0,"comment_status":"closed","ping_status":"closed","template":"","meta":{"footnotes":""},"class_list":["post-1824","page","type-page","status-publish","hentry"],"_links":{"self":[{"href":"https:\/\/etab.ac-reunion.fr\/clg-trois-mares\/wp-json\/wp\/v2\/pages\/1824","targetHints":{"allow":["GET"]}}],"collection":[{"href":"https:\/\/etab.ac-reunion.fr\/clg-trois-mares\/wp-json\/wp\/v2\/pages"}],"about":[{"href":"https:\/\/etab.ac-reunion.fr\/clg-trois-mares\/wp-json\/wp\/v2\/types\/page"}],"author":[{"embeddable":true,"href":"https:\/\/etab.ac-reunion.fr\/clg-trois-mares\/wp-json\/wp\/v2\/users\/35005"}],"replies":[{"embeddable":true,"href":"https:\/\/etab.ac-reunion.fr\/clg-trois-mares\/wp-json\/wp\/v2\/comments?post=1824"}],"version-history":[{"count":10,"href":"https:\/\/etab.ac-reunion.fr\/clg-trois-mares\/wp-json\/wp\/v2\/pages\/1824\/revisions"}],"predecessor-version":[{"id":2693,"href":"https:\/\/etab.ac-reunion.fr\/clg-trois-mares\/wp-json\/wp\/v2\/pages\/1824\/revisions\/2693"}],"wp:attachment":[{"href":"https:\/\/etab.ac-reunion.fr\/clg-trois-mares\/wp-json\/wp\/v2\/media?parent=1824"}],"curies":[{"name":"wp","href":"https:\/\/api.w.org\/{rel}","templated":true}]}}