{"id":2008,"date":"2024-06-10T17:12:19","date_gmt":"2024-06-10T13:12:19","guid":{"rendered":"https:\/\/etab.ac-reunion.fr\/clg-trois-mares\/?page_id=2008"},"modified":"2024-06-10T17:13:27","modified_gmt":"2024-06-10T13:13:27","slug":"2008-2","status":"publish","type":"page","link":"https:\/\/etab.ac-reunion.fr\/clg-trois-mares\/2008-2\/","title":{"rendered":"Bourse de lyc\u00e9e"},"content":{"rendered":"\n<div class=\"wp-block-media-text is-stacked-on-mobile\" style=\"grid-template-columns:30% auto\"><figure class=\"wp-block-media-text__media\"><img loading=\"lazy\" decoding=\"async\" width=\"1024\" height=\"810\" src=\"https:\/\/etab.ac-reunion.fr\/clg-trois-mares\/wp-content\/uploads\/sites\/149\/2023\/11\/Sans_titre_15-2-1024x810.png\" alt=\"\" class=\"wp-image-1305 size-full\" srcset=\"https:\/\/etab.ac-reunion.fr\/clg-trois-mares\/wp-content\/uploads\/sites\/149\/2023\/11\/Sans_titre_15-2-1024x810.png 1024w, https:\/\/etab.ac-reunion.fr\/clg-trois-mares\/wp-content\/uploads\/sites\/149\/2023\/11\/Sans_titre_15-2-300x237.png 300w, https:\/\/etab.ac-reunion.fr\/clg-trois-mares\/wp-content\/uploads\/sites\/149\/2023\/11\/Sans_titre_15-2-768x607.png 768w, https:\/\/etab.ac-reunion.fr\/clg-trois-mares\/wp-content\/uploads\/sites\/149\/2023\/11\/Sans_titre_15-2-253x200.png 253w, https:\/\/etab.ac-reunion.fr\/clg-trois-mares\/wp-content\/uploads\/sites\/149\/2023\/11\/Sans_titre_15-2.png 1028w\" sizes=\"auto, (max-width: 1024px) 100vw, 1024px\" \/><\/figure><div class=\"wp-block-media-text__content\">\n<p class=\"has-large-font-size\"><strong>Bourse de lyc\u00e9e<\/strong><\/p>\n\n\n\n<h3 class=\"wp-block-heading has-large-font-size\">Ann\u00e9e scolaire 2024-2025<\/h3>\n<\/div><\/div>\n\n\n\n<div style=\"height:46px\" aria-hidden=\"true\" class=\"wp-block-spacer\"><\/div>\n\n\n\n<p><strong>Demande de Bourse de Lyc\u00e9e, comment effectuer votre demande \u00e0 partir de la rentr\u00e9e 2024 ?<\/strong><\/p>\n\n\n\n<p><a href=\"https:\/\/www.education.gouv.fr\/les-bourses-de-college-et-de-lycee-326728\" target=\"_blank\" rel=\"noreferrer noopener\">https:\/\/www.education.gouv.fr\/les-bourses-de-college-et-de-lycee-326728<\/a><\/p>\n\n\n\n<p><strong>Pour les \u00e9l\u00e8ves scolaris\u00e9s dans un \u00e9tablissement public<\/strong><\/p>\n\n\n\n<p>\u00c0 la rentr\u00e9e 2024, les modalit\u00e9s pour effectuer la demande de bourse de lyc\u00e9e \u00e9voluent afin d\u2019en permettre&nbsp;<strong>l\u2019\u00e9tude automatique<\/strong>.<\/p>\n\n\n\n<p>Au moment de l&rsquo;inscription ou de la r\u00e9inscription de votre enfant au lyc\u00e9e, vous pourrez consentir \u00e0 l\u2019\u00e9tude automatique de votre droit \u00e0 une bourse.&nbsp;<strong>Cet accord vaut demande de bourse<\/strong>.<\/p>\n\n\n\n<p>Pour l&rsquo;\u00e9tude automatique du droit \u00e0 la bourse, il vous sera demand\u00e9 de compl\u00e9ter vos donn\u00e9es d\u2019\u00e9tat-civil \u00e9largi (nom et pr\u00e9noms, date et lieu de naissance, ainsi que celles de votre concubin \u00e9ventuel). Ceci afin de permettre la r\u00e9cup\u00e9ration des donn\u00e9es fiscales n\u00e9cessaires \u00e0 l\u2019examen de la demande de bourse.<\/p>\n\n\n\n<p><strong>Si vous ne souhaitez pas donner votre accord pour l&rsquo;\u00e9tude automatique du droit \u00e0 la bourse, vous devrez faire une demande de bourse en ligne !<\/strong><\/p>\n\n\n\n<p><strong>La demande de bourse en ligne devra se faire entre le 1<\/strong><strong>er&nbsp;<\/strong><strong>septembre et le 17 octobre 2024 inclus&nbsp;<\/strong>en se connectant au portail&nbsp;Scolarit\u00e9-Services&nbsp;(via EduConnect ou avec FranceConnect).<\/p>\n","protected":false},"excerpt":{"rendered":"<p>Bourse de lyc\u00e9e Ann\u00e9e scolaire 2024-2025 Demande de Bourse de Lyc\u00e9e, comment effectuer votre demande \u00e0 partir de la rentr\u00e9e 2024 ? https:\/\/www.education.gouv.fr\/les-bourses-de-college-et-de-lycee-326728 Pour les \u00e9l\u00e8ves scolaris\u00e9s dans un \u00e9tablissement public \u00c0 la rentr\u00e9e 2024, les modalit\u00e9s pour effectuer la demande de bourse de lyc\u00e9e \u00e9voluent afin d\u2019en permettre&nbsp;l\u2019\u00e9tude automatique. &hellip;<\/p>\n","protected":false},"author":35005,"featured_media":0,"parent":0,"menu_order":0,"comment_status":"closed","ping_status":"closed","template":"","meta":{"footnotes":""},"class_list":["post-2008","page","type-page","status-publish","hentry"],"_links":{"self":[{"href":"https:\/\/etab.ac-reunion.fr\/clg-trois-mares\/wp-json\/wp\/v2\/pages\/2008","targetHints":{"allow":["GET"]}}],"collection":[{"href":"https:\/\/etab.ac-reunion.fr\/clg-trois-mares\/wp-json\/wp\/v2\/pages"}],"about":[{"href":"https:\/\/etab.ac-reunion.fr\/clg-trois-mares\/wp-json\/wp\/v2\/types\/page"}],"author":[{"embeddable":true,"href":"https:\/\/etab.ac-reunion.fr\/clg-trois-mares\/wp-json\/wp\/v2\/users\/35005"}],"replies":[{"embeddable":true,"href":"https:\/\/etab.ac-reunion.fr\/clg-trois-mares\/wp-json\/wp\/v2\/comments?post=2008"}],"version-history":[{"count":3,"href":"https:\/\/etab.ac-reunion.fr\/clg-trois-mares\/wp-json\/wp\/v2\/pages\/2008\/revisions"}],"predecessor-version":[{"id":2011,"href":"https:\/\/etab.ac-reunion.fr\/clg-trois-mares\/wp-json\/wp\/v2\/pages\/2008\/revisions\/2011"}],"wp:attachment":[{"href":"https:\/\/etab.ac-reunion.fr\/clg-trois-mares\/wp-json\/wp\/v2\/media?parent=2008"}],"curies":[{"name":"wp","href":"https:\/\/api.w.org\/{rel}","templated":true}]}}