{"id":2013,"date":"2024-06-10T17:18:52","date_gmt":"2024-06-10T13:18:52","guid":{"rendered":"https:\/\/etab.ac-reunion.fr\/clg-trois-mares\/?page_id=2013"},"modified":"2024-06-10T17:22:16","modified_gmt":"2024-06-10T13:22:16","slug":"fresques-realisees-au-college","status":"publish","type":"page","link":"https:\/\/etab.ac-reunion.fr\/clg-trois-mares\/fresques-realisees-au-college\/","title":{"rendered":"Fresques r\u00e9alis\u00e9es au coll\u00e8ge"},"content":{"rendered":"\n<div class=\"wp-block-media-text is-stacked-on-mobile\" style=\"grid-template-columns:49% auto\"><figure class=\"wp-block-media-text__media\"><img decoding=\"async\" src=\"https:\/\/etab.ac-reunion.fr\/clg-trois-mares\/wp-content\/uploads\/sites\/149\/2024\/06\/IMG_0917.heic\" alt=\"\" class=\"wp-image-2014 size-full\" \/><\/figure><div class=\"wp-block-media-text__content\">\n<p>\u00ab\u00a0Dans le cadre de l\u2019embellissement de l\u2019\u00e9tablissement, l\u2019\u00e9quipe \u00e9ducative a d\u00e9cid\u00e9 de faire venir 3 artistes afin de sensibiliser les \u00e9l\u00e8ves \u00e0 l\u2019art urbain et \u00e0 des th\u00e9matiques citoyennes.<br>Le premier artiste a \u00eatre venu est Mathias Hiquet. Il a r\u00e9alis\u00e9 sur 3 jours une belle fresque autour de la faune et la flore de La R\u00e9union. Les \u00e9l\u00e8ves l\u2019ont vu travailler et ont pu discuter avec lui. Ils ont ainsi pu voir la fresque se cr\u00e9er sous leurs yeux petit \u00e0 petit et assister \u00e0 toutes les \u00e9tapes de sa cr\u00e9ation. Sa fresque, fortement appr\u00e9ci\u00e9e par tous, cache un message citoyen que peu d\u2019\u00e9l\u00e8ves ont per\u00e7u pour le moment.<\/p>\n\n\n\n<p>Durant les vacances de P\u00e2ques, le bin\u00f4me d\u2019artistes Rdutemps est venu r\u00e9aliser une fresque compos\u00e9e de 4 \u00e9normes t\u00eates symbolisant l\u2019h\u00e9t\u00e9rog\u00e9n\u00e9it\u00e9 de la population r\u00e9unionnaise. Son fil rouge &#8211; Libert\u00e9-Egalit\u00e9-Fraternit\u00e9 &#8211; permet d\u2019\u00e9voquer le vivre ensemble et le respect d\u2019autrui. Les \u00e9l\u00e8ves ont ainsi pu d\u00e9couvrir avec surprise une nouvelle \u0153uvre et s\u2019interroger sur elle. Plus symbolique, moins figurative, elle permet d\u2019\u00e9veiller d\u2019autres sensibilit\u00e9s artistiques.<\/p>\n\n\n\n<p>A la fin du mois de juin, l\u2019artiste Moon interviendra pour la r\u00e9alisation d\u2019une fresque centr\u00e9e sur un sujet sensible : le harc\u00e8lement. En cours de finalisation, l\u2019esquisse laisse pr\u00e9sager une peinture forte pour d\u00e9noncer ce fl\u00e9au.\u00a0\u00bb<\/p>\n\n\n\n<p class=\"has-text-align-right\">N. CHEVALLIER, r\u00e9f\u00e9rent culturel.<\/p>\n\n\n\n<figure class=\"wp-block-gallery has-nested-images columns-default is-cropped wp-block-gallery-1 is-layout-flex wp-block-gallery-is-layout-flex\">\n<figure class=\"wp-block-image size-large\"><img loading=\"lazy\" decoding=\"async\" width=\"960\" height=\"718\" data-id=\"2016\" src=\"https:\/\/etab.ac-reunion.fr\/clg-trois-mares\/wp-content\/uploads\/sites\/149\/2024\/06\/IMG_0715.jpg\" alt=\"\" class=\"wp-image-2016\" srcset=\"https:\/\/etab.ac-reunion.fr\/clg-trois-mares\/wp-content\/uploads\/sites\/149\/2024\/06\/IMG_0715.jpg 960w, https:\/\/etab.ac-reunion.fr\/clg-trois-mares\/wp-content\/uploads\/sites\/149\/2024\/06\/IMG_0715-300x224.jpg 300w, https:\/\/etab.ac-reunion.fr\/clg-trois-mares\/wp-content\/uploads\/sites\/149\/2024\/06\/IMG_0715-768x574.jpg 768w, https:\/\/etab.ac-reunion.fr\/clg-trois-mares\/wp-content\/uploads\/sites\/149\/2024\/06\/IMG_0715-267x200.jpg 267w\" sizes=\"auto, (max-width: 960px) 100vw, 960px\" \/><\/figure>\n<\/figure>\n<\/div><\/div>\n","protected":false},"excerpt":{"rendered":"","protected":false},"author":35005,"featured_media":0,"parent":0,"menu_order":0,"comment_status":"closed","ping_status":"closed","template":"","meta":{"footnotes":""},"class_list":["post-2013","page","type-page","status-publish","hentry"],"_links":{"self":[{"href":"https:\/\/etab.ac-reunion.fr\/clg-trois-mares\/wp-json\/wp\/v2\/pages\/2013","targetHints":{"allow":["GET"]}}],"collection":[{"href":"https:\/\/etab.ac-reunion.fr\/clg-trois-mares\/wp-json\/wp\/v2\/pages"}],"about":[{"href":"https:\/\/etab.ac-reunion.fr\/clg-trois-mares\/wp-json\/wp\/v2\/types\/page"}],"author":[{"embeddable":true,"href":"https:\/\/etab.ac-reunion.fr\/clg-trois-mares\/wp-json\/wp\/v2\/users\/35005"}],"replies":[{"embeddable":true,"href":"https:\/\/etab.ac-reunion.fr\/clg-trois-mares\/wp-json\/wp\/v2\/comments?post=2013"}],"version-history":[{"count":4,"href":"https:\/\/etab.ac-reunion.fr\/clg-trois-mares\/wp-json\/wp\/v2\/pages\/2013\/revisions"}],"predecessor-version":[{"id":2021,"href":"https:\/\/etab.ac-reunion.fr\/clg-trois-mares\/wp-json\/wp\/v2\/pages\/2013\/revisions\/2021"}],"wp:attachment":[{"href":"https:\/\/etab.ac-reunion.fr\/clg-trois-mares\/wp-json\/wp\/v2\/media?parent=2013"}],"curies":[{"name":"wp","href":"https:\/\/api.w.org\/{rel}","templated":true}]}}