{"id":2080,"date":"2024-06-27T12:57:02","date_gmt":"2024-06-27T08:57:02","guid":{"rendered":"https:\/\/etab.ac-reunion.fr\/clg-trois-mares\/?page_id=2080"},"modified":"2024-06-27T13:17:35","modified_gmt":"2024-06-27T09:17:35","slug":"incroyables-talents","status":"publish","type":"page","link":"https:\/\/etab.ac-reunion.fr\/clg-trois-mares\/incroyables-talents\/","title":{"rendered":"Incroyables Talents"},"content":{"rendered":"\n<p class=\"has-large-font-size\">Nos jeunes ont du talent et nous le prouve ! \u00c0 l&rsquo;occasion de la f\u00eate de la musique, les heureux finalistes du concours et leurs camarades ont livr\u00e9 d&rsquo;incroyables prestations pendant plus de 2 heures et ont mis une ambiance de folie ! Merci aux encadrants et f\u00e9licitations aux vainqueurs de cette comp\u00e9tition \ud83d\udc4f\ud83c\udffc<\/p>\n\n\n\n<figure class=\"wp-block-image size-full\"><img decoding=\"async\" src=\"https:\/\/etab.ac-reunion.fr\/clg-trois-mares\/wp-content\/uploads\/sites\/149\/2024\/06\/IMG_1138-2.heic\" alt=\"\" class=\"wp-image-2082\" \/><\/figure>\n","protected":false},"excerpt":{"rendered":"<p>Nos jeunes ont du talent et nous le prouve ! \u00c0 l&rsquo;occasion de la f\u00eate de la musique, les heureux finalistes du concours et leurs camarades ont livr\u00e9 d&rsquo;incroyables prestations pendant plus de 2 heures et ont mis une ambiance de folie ! Merci aux encadrants et f\u00e9licitations aux vainqueurs &hellip;<\/p>\n","protected":false},"author":35005,"featured_media":0,"parent":0,"menu_order":0,"comment_status":"closed","ping_status":"closed","template":"","meta":{"footnotes":""},"class_list":["post-2080","page","type-page","status-publish","hentry"],"_links":{"self":[{"href":"https:\/\/etab.ac-reunion.fr\/clg-trois-mares\/wp-json\/wp\/v2\/pages\/2080","targetHints":{"allow":["GET"]}}],"collection":[{"href":"https:\/\/etab.ac-reunion.fr\/clg-trois-mares\/wp-json\/wp\/v2\/pages"}],"about":[{"href":"https:\/\/etab.ac-reunion.fr\/clg-trois-mares\/wp-json\/wp\/v2\/types\/page"}],"author":[{"embeddable":true,"href":"https:\/\/etab.ac-reunion.fr\/clg-trois-mares\/wp-json\/wp\/v2\/users\/35005"}],"replies":[{"embeddable":true,"href":"https:\/\/etab.ac-reunion.fr\/clg-trois-mares\/wp-json\/wp\/v2\/comments?post=2080"}],"version-history":[{"count":3,"href":"https:\/\/etab.ac-reunion.fr\/clg-trois-mares\/wp-json\/wp\/v2\/pages\/2080\/revisions"}],"predecessor-version":[{"id":2108,"href":"https:\/\/etab.ac-reunion.fr\/clg-trois-mares\/wp-json\/wp\/v2\/pages\/2080\/revisions\/2108"}],"wp:attachment":[{"href":"https:\/\/etab.ac-reunion.fr\/clg-trois-mares\/wp-json\/wp\/v2\/media?parent=2080"}],"curies":[{"name":"wp","href":"https:\/\/api.w.org\/{rel}","templated":true}]}}