{"id":2089,"date":"2024-06-27T13:11:05","date_gmt":"2024-06-27T09:11:05","guid":{"rendered":"https:\/\/etab.ac-reunion.fr\/clg-trois-mares\/?page_id=2089"},"modified":"2024-06-27T13:17:20","modified_gmt":"2024-06-27T09:17:20","slug":"sortie-a-lobservatoire-astronomique-des-makes","status":"publish","type":"page","link":"https:\/\/etab.ac-reunion.fr\/clg-trois-mares\/sortie-a-lobservatoire-astronomique-des-makes\/","title":{"rendered":"Sortie \u00e0 l&rsquo;observatoire astronomique des Makes"},"content":{"rendered":"\n<p class=\"has-large-font-size\">Les \u00e9l\u00e8ves de 6\u00e8me7 du coll\u00e8ge ont particip\u00e9 \u00e0 une sortie \u00e0 l&rsquo;observatoire des Makes, encadr\u00e9s par M. Ponti, Mme Mandjaye et Mme Kerbidy-Allombert.<\/p>\n\n\n\n<p class=\"has-large-font-size\">Ils ont pu visiter l&rsquo;observatoire et s&rsquo;exercer \u00e0 l&rsquo;utilisation des instruments d&rsquo;observation lors d&rsquo;une soir\u00e9e et d&rsquo;une matin\u00e9e d&rsquo;observation du ciel.<\/p>\n\n\n\n<figure class=\"wp-block-gallery has-nested-images columns-default is-cropped wp-block-gallery-1 is-layout-flex wp-block-gallery-is-layout-flex\">\n<figure class=\"wp-block-image size-large\"><img loading=\"lazy\" decoding=\"async\" width=\"1024\" height=\"768\" data-id=\"2091\" src=\"https:\/\/etab.ac-reunion.fr\/clg-trois-mares\/wp-content\/uploads\/sites\/149\/2024\/06\/IMG20231128154820-1024x768.jpg\" alt=\"\" class=\"wp-image-2091\" srcset=\"https:\/\/etab.ac-reunion.fr\/clg-trois-mares\/wp-content\/uploads\/sites\/149\/2024\/06\/IMG20231128154820-1024x768.jpg 1024w, https:\/\/etab.ac-reunion.fr\/clg-trois-mares\/wp-content\/uploads\/sites\/149\/2024\/06\/IMG20231128154820-300x225.jpg 300w, https:\/\/etab.ac-reunion.fr\/clg-trois-mares\/wp-content\/uploads\/sites\/149\/2024\/06\/IMG20231128154820-768x576.jpg 768w, https:\/\/etab.ac-reunion.fr\/clg-trois-mares\/wp-content\/uploads\/sites\/149\/2024\/06\/IMG20231128154820-1536x1152.jpg 1536w, https:\/\/etab.ac-reunion.fr\/clg-trois-mares\/wp-content\/uploads\/sites\/149\/2024\/06\/IMG20231128154820-2048x1536.jpg 2048w, https:\/\/etab.ac-reunion.fr\/clg-trois-mares\/wp-content\/uploads\/sites\/149\/2024\/06\/IMG20231128154820-267x200.jpg 267w\" sizes=\"auto, (max-width: 1024px) 100vw, 1024px\" \/><\/figure>\n\n\n\n<figure class=\"wp-block-image size-large\"><img loading=\"lazy\" decoding=\"async\" width=\"768\" height=\"1024\" data-id=\"2092\" src=\"https:\/\/etab.ac-reunion.fr\/clg-trois-mares\/wp-content\/uploads\/sites\/149\/2024\/06\/IMG20231128160546-768x1024.jpg\" alt=\"\" class=\"wp-image-2092\" srcset=\"https:\/\/etab.ac-reunion.fr\/clg-trois-mares\/wp-content\/uploads\/sites\/149\/2024\/06\/IMG20231128160546-768x1024.jpg 768w, https:\/\/etab.ac-reunion.fr\/clg-trois-mares\/wp-content\/uploads\/sites\/149\/2024\/06\/IMG20231128160546-225x300.jpg 225w, https:\/\/etab.ac-reunion.fr\/clg-trois-mares\/wp-content\/uploads\/sites\/149\/2024\/06\/IMG20231128160546-1152x1536.jpg 1152w, https:\/\/etab.ac-reunion.fr\/clg-trois-mares\/wp-content\/uploads\/sites\/149\/2024\/06\/IMG20231128160546-1536x2048.jpg 1536w, https:\/\/etab.ac-reunion.fr\/clg-trois-mares\/wp-content\/uploads\/sites\/149\/2024\/06\/IMG20231128160546-150x200.jpg 150w, https:\/\/etab.ac-reunion.fr\/clg-trois-mares\/wp-content\/uploads\/sites\/149\/2024\/06\/IMG20231128160546-scaled.jpg 1920w\" sizes=\"auto, (max-width: 768px) 100vw, 768px\" \/><\/figure>\n\n\n\n<figure class=\"wp-block-image size-large\"><img loading=\"lazy\" decoding=\"async\" width=\"768\" height=\"1024\" data-id=\"2093\" src=\"https:\/\/etab.ac-reunion.fr\/clg-trois-mares\/wp-content\/uploads\/sites\/149\/2024\/06\/IMG20231128160819-768x1024.jpg\" alt=\"\" class=\"wp-image-2093\" srcset=\"https:\/\/etab.ac-reunion.fr\/clg-trois-mares\/wp-content\/uploads\/sites\/149\/2024\/06\/IMG20231128160819-768x1024.jpg 768w, https:\/\/etab.ac-reunion.fr\/clg-trois-mares\/wp-content\/uploads\/sites\/149\/2024\/06\/IMG20231128160819-225x300.jpg 225w, https:\/\/etab.ac-reunion.fr\/clg-trois-mares\/wp-content\/uploads\/sites\/149\/2024\/06\/IMG20231128160819-1152x1536.jpg 1152w, https:\/\/etab.ac-reunion.fr\/clg-trois-mares\/wp-content\/uploads\/sites\/149\/2024\/06\/IMG20231128160819-1536x2048.jpg 1536w, https:\/\/etab.ac-reunion.fr\/clg-trois-mares\/wp-content\/uploads\/sites\/149\/2024\/06\/IMG20231128160819-150x200.jpg 150w, https:\/\/etab.ac-reunion.fr\/clg-trois-mares\/wp-content\/uploads\/sites\/149\/2024\/06\/IMG20231128160819-scaled.jpg 1920w\" sizes=\"auto, (max-width: 768px) 100vw, 768px\" \/><\/figure>\n\n\n\n<figure class=\"wp-block-image size-large\"><img loading=\"lazy\" decoding=\"async\" width=\"1024\" height=\"768\" data-id=\"2094\" src=\"https:\/\/etab.ac-reunion.fr\/clg-trois-mares\/wp-content\/uploads\/sites\/149\/2024\/06\/IMG20231128162504-1024x768.jpg\" alt=\"\" class=\"wp-image-2094\" srcset=\"https:\/\/etab.ac-reunion.fr\/clg-trois-mares\/wp-content\/uploads\/sites\/149\/2024\/06\/IMG20231128162504-1024x768.jpg 1024w, https:\/\/etab.ac-reunion.fr\/clg-trois-mares\/wp-content\/uploads\/sites\/149\/2024\/06\/IMG20231128162504-300x225.jpg 300w, https:\/\/etab.ac-reunion.fr\/clg-trois-mares\/wp-content\/uploads\/sites\/149\/2024\/06\/IMG20231128162504-768x576.jpg 768w, https:\/\/etab.ac-reunion.fr\/clg-trois-mares\/wp-content\/uploads\/sites\/149\/2024\/06\/IMG20231128162504-1536x1152.jpg 1536w, https:\/\/etab.ac-reunion.fr\/clg-trois-mares\/wp-content\/uploads\/sites\/149\/2024\/06\/IMG20231128162504-2048x1536.jpg 2048w, https:\/\/etab.ac-reunion.fr\/clg-trois-mares\/wp-content\/uploads\/sites\/149\/2024\/06\/IMG20231128162504-267x200.jpg 267w\" sizes=\"auto, (max-width: 1024px) 100vw, 1024px\" \/><\/figure>\n<\/figure>\n","protected":false},"excerpt":{"rendered":"<p>Les \u00e9l\u00e8ves de 6\u00e8me7 du coll\u00e8ge ont particip\u00e9 \u00e0 une sortie \u00e0 l&rsquo;observatoire des Makes, encadr\u00e9s par M. Ponti, Mme Mandjaye et Mme Kerbidy-Allombert. Ils ont pu visiter l&rsquo;observatoire et s&rsquo;exercer \u00e0 l&rsquo;utilisation des instruments d&rsquo;observation lors d&rsquo;une soir\u00e9e et d&rsquo;une matin\u00e9e d&rsquo;observation du ciel.<\/p>\n","protected":false},"author":35005,"featured_media":0,"parent":0,"menu_order":0,"comment_status":"closed","ping_status":"closed","template":"","meta":{"footnotes":""},"class_list":["post-2089","page","type-page","status-publish","hentry"],"_links":{"self":[{"href":"https:\/\/etab.ac-reunion.fr\/clg-trois-mares\/wp-json\/wp\/v2\/pages\/2089","targetHints":{"allow":["GET"]}}],"collection":[{"href":"https:\/\/etab.ac-reunion.fr\/clg-trois-mares\/wp-json\/wp\/v2\/pages"}],"about":[{"href":"https:\/\/etab.ac-reunion.fr\/clg-trois-mares\/wp-json\/wp\/v2\/types\/page"}],"author":[{"embeddable":true,"href":"https:\/\/etab.ac-reunion.fr\/clg-trois-mares\/wp-json\/wp\/v2\/users\/35005"}],"replies":[{"embeddable":true,"href":"https:\/\/etab.ac-reunion.fr\/clg-trois-mares\/wp-json\/wp\/v2\/comments?post=2089"}],"version-history":[{"count":4,"href":"https:\/\/etab.ac-reunion.fr\/clg-trois-mares\/wp-json\/wp\/v2\/pages\/2089\/revisions"}],"predecessor-version":[{"id":2107,"href":"https:\/\/etab.ac-reunion.fr\/clg-trois-mares\/wp-json\/wp\/v2\/pages\/2089\/revisions\/2107"}],"wp:attachment":[{"href":"https:\/\/etab.ac-reunion.fr\/clg-trois-mares\/wp-json\/wp\/v2\/media?parent=2089"}],"curies":[{"name":"wp","href":"https:\/\/api.w.org\/{rel}","templated":true}]}}