{"id":2286,"date":"2024-12-03T07:29:55","date_gmt":"2024-12-03T03:29:55","guid":{"rendered":"https:\/\/etab.ac-reunion.fr\/clg-trois-mares\/?page_id=2286"},"modified":"2024-12-06T06:30:57","modified_gmt":"2024-12-06T02:30:57","slug":"soiree-astronomie-2","status":"publish","type":"page","link":"https:\/\/etab.ac-reunion.fr\/clg-trois-mares\/soiree-astronomie-2\/","title":{"rendered":"Soir\u00e9e astronomie 2024"},"content":{"rendered":"\n<p class=\"has-large-font-size\">Les \u00e9l\u00e8ves de 3\u00e8me3 du coll\u00e8ge ont particip\u00e9 \u00e0 une initiation \u00e0 l&rsquo;astronomie cette ann\u00e9e en compagnie de M.Payet de Makes-Astro et M.Ponti, enseignant en SPC.<\/p>\n\n\n\n<p class=\"has-large-font-size\">Ils ont pu s&rsquo;exercer \u00e0 l&rsquo;utilisation des instruments d&rsquo;observation lors de 3 s\u00e9ances :<\/p>\n\n\n\n<p class=\"has-large-font-size\">\u2192 1 s\u00e9ance de jour&nbsp;: d\u00e9couverte du mat\u00e9riel et pointage ;<\/p>\n\n\n\n<p class=\"has-large-font-size\">\u2192 2 s\u00e9ances d&rsquo;applications en soir\u00e9e&nbsp;:&nbsp;<\/p>\n\n\n\n<p class=\"has-large-font-size\">-avec observation du ciel et&nbsp;<\/p>\n\n\n\n<p class=\"has-large-font-size\">-initiation \u00e0 l\u2019astrophotographie.<\/p>\n\n\n\n<p class=\"has-large-font-size\">Ci-joints les photos captur\u00e9es et&nbsp;un exemple de travaux&nbsp;d&rsquo;\u00e9l\u00e8ves.<\/p>\n\n\n\n<figure class=\"wp-block-gallery has-nested-images columns-default is-cropped wp-block-gallery-1 is-layout-flex wp-block-gallery-is-layout-flex\">\n<figure class=\"wp-block-image size-full\"><img loading=\"lazy\" decoding=\"async\" width=\"2560\" height=\"1707\" data-id=\"2287\" src=\"https:\/\/etab.ac-reunion.fr\/clg-trois-mares\/wp-content\/uploads\/sites\/149\/2024\/12\/classe303-sous-venus-scaled.jpg\" alt=\"\" class=\"wp-image-2287\" srcset=\"https:\/\/etab.ac-reunion.fr\/clg-trois-mares\/wp-content\/uploads\/sites\/149\/2024\/12\/classe303-sous-venus-scaled.jpg 2560w, https:\/\/etab.ac-reunion.fr\/clg-trois-mares\/wp-content\/uploads\/sites\/149\/2024\/12\/classe303-sous-venus-300x200.jpg 300w, https:\/\/etab.ac-reunion.fr\/clg-trois-mares\/wp-content\/uploads\/sites\/149\/2024\/12\/classe303-sous-venus-1024x683.jpg 1024w, https:\/\/etab.ac-reunion.fr\/clg-trois-mares\/wp-content\/uploads\/sites\/149\/2024\/12\/classe303-sous-venus-768x512.jpg 768w, https:\/\/etab.ac-reunion.fr\/clg-trois-mares\/wp-content\/uploads\/sites\/149\/2024\/12\/classe303-sous-venus-1536x1024.jpg 1536w, https:\/\/etab.ac-reunion.fr\/clg-trois-mares\/wp-content\/uploads\/sites\/149\/2024\/12\/classe303-sous-venus-2048x1365.jpg 2048w\" sizes=\"auto, (max-width: 2560px) 100vw, 2560px\" \/><\/figure>\n\n\n\n<figure class=\"wp-block-image size-large\"><img loading=\"lazy\" decoding=\"async\" width=\"1024\" height=\"768\" data-id=\"2295\" src=\"https:\/\/etab.ac-reunion.fr\/clg-trois-mares\/wp-content\/uploads\/sites\/149\/2024\/12\/nebuleuse-de-la-lyre-1-1024x768.png\" alt=\"\" class=\"wp-image-2295\" srcset=\"https:\/\/etab.ac-reunion.fr\/clg-trois-mares\/wp-content\/uploads\/sites\/149\/2024\/12\/nebuleuse-de-la-lyre-1-1024x768.png 1024w, https:\/\/etab.ac-reunion.fr\/clg-trois-mares\/wp-content\/uploads\/sites\/149\/2024\/12\/nebuleuse-de-la-lyre-1-300x225.png 300w, https:\/\/etab.ac-reunion.fr\/clg-trois-mares\/wp-content\/uploads\/sites\/149\/2024\/12\/nebuleuse-de-la-lyre-1-768x576.png 768w, https:\/\/etab.ac-reunion.fr\/clg-trois-mares\/wp-content\/uploads\/sites\/149\/2024\/12\/nebuleuse-de-la-lyre-1-1536x1152.png 1536w, https:\/\/etab.ac-reunion.fr\/clg-trois-mares\/wp-content\/uploads\/sites\/149\/2024\/12\/nebuleuse-de-la-lyre-1-2048x1536.png 2048w, https:\/\/etab.ac-reunion.fr\/clg-trois-mares\/wp-content\/uploads\/sites\/149\/2024\/12\/nebuleuse-de-la-lyre-1-267x200.png 267w\" sizes=\"auto, (max-width: 1024px) 100vw, 1024px\" \/><\/figure>\n\n\n\n<figure class=\"wp-block-image size-large\"><img loading=\"lazy\" decoding=\"async\" width=\"1024\" height=\"768\" data-id=\"2296\" src=\"https:\/\/etab.ac-reunion.fr\/clg-trois-mares\/wp-content\/uploads\/sites\/149\/2024\/12\/nebuleuse-de-lhaltere-1024x768.png\" alt=\"\" class=\"wp-image-2296\" srcset=\"https:\/\/etab.ac-reunion.fr\/clg-trois-mares\/wp-content\/uploads\/sites\/149\/2024\/12\/nebuleuse-de-lhaltere-1024x768.png 1024w, https:\/\/etab.ac-reunion.fr\/clg-trois-mares\/wp-content\/uploads\/sites\/149\/2024\/12\/nebuleuse-de-lhaltere-300x225.png 300w, https:\/\/etab.ac-reunion.fr\/clg-trois-mares\/wp-content\/uploads\/sites\/149\/2024\/12\/nebuleuse-de-lhaltere-768x576.png 768w, https:\/\/etab.ac-reunion.fr\/clg-trois-mares\/wp-content\/uploads\/sites\/149\/2024\/12\/nebuleuse-de-lhaltere-1536x1152.png 1536w, https:\/\/etab.ac-reunion.fr\/clg-trois-mares\/wp-content\/uploads\/sites\/149\/2024\/12\/nebuleuse-de-lhaltere-2048x1536.png 2048w, https:\/\/etab.ac-reunion.fr\/clg-trois-mares\/wp-content\/uploads\/sites\/149\/2024\/12\/nebuleuse-de-lhaltere-267x200.png 267w\" sizes=\"auto, (max-width: 1024px) 100vw, 1024px\" \/><\/figure>\n<\/figure>\n\n\n\n<p><\/p>\n\n\n<a href=\"https:\/\/etab.ac-reunion.fr\/clg-trois-mares\/wp-content\/uploads\/sites\/149\/2024\/12\/1-Exploration-des-constellations-303-travaux-eleves.pdf\" class=\"pdfemb-viewer\" style=\"\" data-width=\"max\" data-height=\"max\" data-toolbar=\"bottom\" data-toolbar-fixed=\"off\">1-Exploration-des-constellations-303-travaux-eleves<\/a>\n\n<a href=\"https:\/\/etab.ac-reunion.fr\/clg-trois-mares\/wp-content\/uploads\/sites\/149\/2024\/12\/2-Exploration-des-constellations-303-travaux-eleves.pdf\" class=\"pdfemb-viewer\" style=\"\" data-width=\"max\" data-height=\"max\" data-toolbar=\"bottom\" data-toolbar-fixed=\"off\">2-Exploration-des-constellations-303-travaux-eleves<\/a>\n\n<a href=\"https:\/\/etab.ac-reunion.fr\/clg-trois-mares\/wp-content\/uploads\/sites\/149\/2024\/12\/3-Exploration-des-constellations-303-travaux-eleves.pdf\" class=\"pdfemb-viewer\" style=\"\" data-width=\"max\" data-height=\"max\" data-toolbar=\"bottom\" data-toolbar-fixed=\"off\">3-Exploration-des-constellations-303-travaux-eleves<\/a>\n\n<a href=\"https:\/\/etab.ac-reunion.fr\/clg-trois-mares\/wp-content\/uploads\/sites\/149\/2024\/12\/4-Exploration-des-constellations-303-travaux-eleves.pdf\" class=\"pdfemb-viewer\" style=\"\" data-width=\"max\" data-height=\"max\" data-toolbar=\"bottom\" data-toolbar-fixed=\"off\">4-Exploration-des-constellations-303-travaux-eleves<\/a>","protected":false},"excerpt":{"rendered":"<p>Les \u00e9l\u00e8ves de 3\u00e8me3 du coll\u00e8ge ont particip\u00e9 \u00e0 une initiation \u00e0 l&rsquo;astronomie cette ann\u00e9e en compagnie de M.Payet de Makes-Astro et M.Ponti, enseignant en SPC. Ils ont pu s&rsquo;exercer \u00e0 l&rsquo;utilisation des instruments d&rsquo;observation lors de 3 s\u00e9ances : \u2192 1 s\u00e9ance de jour&nbsp;: d\u00e9couverte du mat\u00e9riel et pointage &hellip;<\/p>\n","protected":false},"author":35005,"featured_media":0,"parent":0,"menu_order":0,"comment_status":"closed","ping_status":"closed","template":"","meta":{"footnotes":""},"class_list":["post-2286","page","type-page","status-publish","hentry"],"_links":{"self":[{"href":"https:\/\/etab.ac-reunion.fr\/clg-trois-mares\/wp-json\/wp\/v2\/pages\/2286","targetHints":{"allow":["GET"]}}],"collection":[{"href":"https:\/\/etab.ac-reunion.fr\/clg-trois-mares\/wp-json\/wp\/v2\/pages"}],"about":[{"href":"https:\/\/etab.ac-reunion.fr\/clg-trois-mares\/wp-json\/wp\/v2\/types\/page"}],"author":[{"embeddable":true,"href":"https:\/\/etab.ac-reunion.fr\/clg-trois-mares\/wp-json\/wp\/v2\/users\/35005"}],"replies":[{"embeddable":true,"href":"https:\/\/etab.ac-reunion.fr\/clg-trois-mares\/wp-json\/wp\/v2\/comments?post=2286"}],"version-history":[{"count":10,"href":"https:\/\/etab.ac-reunion.fr\/clg-trois-mares\/wp-json\/wp\/v2\/pages\/2286\/revisions"}],"predecessor-version":[{"id":2319,"href":"https:\/\/etab.ac-reunion.fr\/clg-trois-mares\/wp-json\/wp\/v2\/pages\/2286\/revisions\/2319"}],"wp:attachment":[{"href":"https:\/\/etab.ac-reunion.fr\/clg-trois-mares\/wp-json\/wp\/v2\/media?parent=2286"}],"curies":[{"name":"wp","href":"https:\/\/api.w.org\/{rel}","templated":true}]}}