{"id":2363,"date":"2025-02-25T08:23:56","date_gmt":"2025-02-25T04:23:56","guid":{"rendered":"https:\/\/etab.ac-reunion.fr\/clg-trois-mares\/?page_id=2363"},"modified":"2025-03-22T16:49:34","modified_gmt":"2025-03-22T12:49:34","slug":"memoire-des-cyclones","status":"publish","type":"page","link":"https:\/\/etab.ac-reunion.fr\/clg-trois-mares\/memoire-des-cyclones\/","title":{"rendered":"M\u00e9moire des cyclones"},"content":{"rendered":"\n<p class=\"has-large-font-size\">Dans le cadre de la sensibilisation des \u00e9l\u00e8ves sur les risques et dangers li\u00e9s aux ph\u00e9nom\u00e8nes extr\u00eames, le coll\u00e8ge de Trois-Mares a accueilli le g\u00e9ographe expert\u00a0:\u00a0<strong>M. Dijoux<\/strong>,\u00a0pour une s\u00e9rie de conf\u00e9rences sur les cyclones les 6 et 13 d\u00e9cembre 2024.<\/p>\n\n\n\n<p class=\"has-large-font-size\">4 classes de 5\u00e8me, 501-503-507-508, ont b\u00e9n\u00e9fici\u00e9 de cette rencontre privil\u00e9gi\u00e9e en classe de sciences physiques.<\/p>\n\n\n\n<figure class=\"wp-block-gallery has-nested-images columns-default is-cropped wp-block-gallery-1 is-layout-flex wp-block-gallery-is-layout-flex\">\n<figure class=\"wp-block-image size-full\"><img loading=\"lazy\" decoding=\"async\" width=\"625\" height=\"315\" data-id=\"2367\" src=\"https:\/\/etab.ac-reunion.fr\/clg-trois-mares\/wp-content\/uploads\/sites\/149\/2025\/02\/cyclone-historique-1-1.jpg\" alt=\"\" class=\"wp-image-2367\" srcset=\"https:\/\/etab.ac-reunion.fr\/clg-trois-mares\/wp-content\/uploads\/sites\/149\/2025\/02\/cyclone-historique-1-1.jpg 625w, https:\/\/etab.ac-reunion.fr\/clg-trois-mares\/wp-content\/uploads\/sites\/149\/2025\/02\/cyclone-historique-1-1-300x151.jpg 300w, https:\/\/etab.ac-reunion.fr\/clg-trois-mares\/wp-content\/uploads\/sites\/149\/2025\/02\/cyclone-historique-1-1-397x200.jpg 397w\" sizes=\"auto, (max-width: 625px) 100vw, 625px\" \/><\/figure>\n\n\n\n<figure class=\"wp-block-image size-large\"><img loading=\"lazy\" decoding=\"async\" width=\"652\" height=\"410\" data-id=\"2368\" src=\"https:\/\/etab.ac-reunion.fr\/clg-trois-mares\/wp-content\/uploads\/sites\/149\/2025\/02\/danger-1-1.jpg\" alt=\"\" class=\"wp-image-2368\" srcset=\"https:\/\/etab.ac-reunion.fr\/clg-trois-mares\/wp-content\/uploads\/sites\/149\/2025\/02\/danger-1-1.jpg 652w, https:\/\/etab.ac-reunion.fr\/clg-trois-mares\/wp-content\/uploads\/sites\/149\/2025\/02\/danger-1-1-300x189.jpg 300w, https:\/\/etab.ac-reunion.fr\/clg-trois-mares\/wp-content\/uploads\/sites\/149\/2025\/02\/danger-1-1-318x200.jpg 318w\" sizes=\"auto, (max-width: 652px) 100vw, 652px\" \/><\/figure>\n\n\n\n<figure class=\"wp-block-image size-large\"><img loading=\"lazy\" decoding=\"async\" width=\"506\" height=\"331\" data-id=\"2369\" src=\"https:\/\/etab.ac-reunion.fr\/clg-trois-mares\/wp-content\/uploads\/sites\/149\/2025\/02\/evolution-.jpg\" alt=\"\" class=\"wp-image-2369\" srcset=\"https:\/\/etab.ac-reunion.fr\/clg-trois-mares\/wp-content\/uploads\/sites\/149\/2025\/02\/evolution-.jpg 506w, https:\/\/etab.ac-reunion.fr\/clg-trois-mares\/wp-content\/uploads\/sites\/149\/2025\/02\/evolution--300x196.jpg 300w, https:\/\/etab.ac-reunion.fr\/clg-trois-mares\/wp-content\/uploads\/sites\/149\/2025\/02\/evolution--306x200.jpg 306w\" sizes=\"auto, (max-width: 506px) 100vw, 506px\" \/><\/figure>\n<\/figure>\n\n\n\n<div style=\"height:100px\" aria-hidden=\"true\" class=\"wp-block-spacer\"><\/div>\n\n\n\n<p class=\"has-large-font-size\"><strong>Exemple de travaux d&rsquo;\u00e9l\u00e8ves :<\/strong><\/p>\n\n\n<a href=\"https:\/\/etab.ac-reunion.fr\/clg-trois-mares\/wp-content\/uploads\/sites\/149\/2025\/02\/Travaux-eleve-Memoire-De-Cyclone-508-dijoux-t.pdf\" class=\"pdfemb-viewer\" style=\"\" data-width=\"max\" data-height=\"max\" data-toolbar=\"bottom\" data-toolbar-fixed=\"off\">Travaux-eleve-Memoire-De-Cyclone-508-dijoux-t<\/a>","protected":false},"excerpt":{"rendered":"<p>Dans le cadre de la sensibilisation des \u00e9l\u00e8ves sur les risques et dangers li\u00e9s aux ph\u00e9nom\u00e8nes extr\u00eames, le coll\u00e8ge de Trois-Mares a accueilli le g\u00e9ographe expert\u00a0:\u00a0M. Dijoux,\u00a0pour une s\u00e9rie de conf\u00e9rences sur les cyclones les 6 et 13 d\u00e9cembre 2024. 4 classes de 5\u00e8me, 501-503-507-508, ont b\u00e9n\u00e9fici\u00e9 de cette rencontre &hellip;<\/p>\n","protected":false},"author":35005,"featured_media":0,"parent":0,"menu_order":0,"comment_status":"closed","ping_status":"closed","template":"","meta":{"footnotes":""},"class_list":["post-2363","page","type-page","status-publish","hentry"],"_links":{"self":[{"href":"https:\/\/etab.ac-reunion.fr\/clg-trois-mares\/wp-json\/wp\/v2\/pages\/2363","targetHints":{"allow":["GET"]}}],"collection":[{"href":"https:\/\/etab.ac-reunion.fr\/clg-trois-mares\/wp-json\/wp\/v2\/pages"}],"about":[{"href":"https:\/\/etab.ac-reunion.fr\/clg-trois-mares\/wp-json\/wp\/v2\/types\/page"}],"author":[{"embeddable":true,"href":"https:\/\/etab.ac-reunion.fr\/clg-trois-mares\/wp-json\/wp\/v2\/users\/35005"}],"replies":[{"embeddable":true,"href":"https:\/\/etab.ac-reunion.fr\/clg-trois-mares\/wp-json\/wp\/v2\/comments?post=2363"}],"version-history":[{"count":6,"href":"https:\/\/etab.ac-reunion.fr\/clg-trois-mares\/wp-json\/wp\/v2\/pages\/2363\/revisions"}],"predecessor-version":[{"id":2384,"href":"https:\/\/etab.ac-reunion.fr\/clg-trois-mares\/wp-json\/wp\/v2\/pages\/2363\/revisions\/2384"}],"wp:attachment":[{"href":"https:\/\/etab.ac-reunion.fr\/clg-trois-mares\/wp-json\/wp\/v2\/media?parent=2363"}],"curies":[{"name":"wp","href":"https:\/\/api.w.org\/{rel}","templated":true}]}}