{"id":2390,"date":"2025-04-16T16:24:43","date_gmt":"2025-04-16T12:24:43","guid":{"rendered":"https:\/\/etab.ac-reunion.fr\/clg-trois-mares\/?page_id=2390"},"modified":"2025-04-16T16:29:35","modified_gmt":"2025-04-16T12:29:35","slug":"semaine-de-lolympisme-et-du-paralympisme","status":"publish","type":"page","link":"https:\/\/etab.ac-reunion.fr\/clg-trois-mares\/semaine-de-lolympisme-et-du-paralympisme\/","title":{"rendered":"Semaine de l&rsquo;olympisme et du paralympisme"},"content":{"rendered":"\n<p class=\"has-large-font-size\">Lors de la semaine de l&rsquo;olympisme et du paralympisme en avril 2025, la classe de 301 a eu le privil\u00e8ge d&rsquo;\u00e9changer avec M. Alexis Hanquiquant, champion du monde et paralympique de triathlon, accompagn\u00e9 de M. Armand Sautron, pr\u00e9sident de l&rsquo;association ATHSA du Tampon. Les \u00e9l\u00e8ves ont \u00e9galement r\u00e9alis\u00e9 des affiches dans le cadre d&rsquo;un projet transdisciplinaire anglais-fran\u00e7ais-EPS. Bravo \u00e0 tous pour votre engagement !<\/p>\n\n\n\n<figure class=\"wp-block-image size-large\"><img loading=\"lazy\" decoding=\"async\" width=\"1024\" height=\"562\" src=\"https:\/\/etab.ac-reunion.fr\/clg-trois-mares\/wp-content\/uploads\/sites\/149\/2025\/04\/PHOTO-2025-04-03-10-13-34-3-1024x562.jpg\" alt=\"\" class=\"wp-image-2394\" srcset=\"https:\/\/etab.ac-reunion.fr\/clg-trois-mares\/wp-content\/uploads\/sites\/149\/2025\/04\/PHOTO-2025-04-03-10-13-34-3-1024x562.jpg 1024w, https:\/\/etab.ac-reunion.fr\/clg-trois-mares\/wp-content\/uploads\/sites\/149\/2025\/04\/PHOTO-2025-04-03-10-13-34-3-300x165.jpg 300w, https:\/\/etab.ac-reunion.fr\/clg-trois-mares\/wp-content\/uploads\/sites\/149\/2025\/04\/PHOTO-2025-04-03-10-13-34-3-768x422.jpg 768w, https:\/\/etab.ac-reunion.fr\/clg-trois-mares\/wp-content\/uploads\/sites\/149\/2025\/04\/PHOTO-2025-04-03-10-13-34-3-364x200.jpg 364w, https:\/\/etab.ac-reunion.fr\/clg-trois-mares\/wp-content\/uploads\/sites\/149\/2025\/04\/PHOTO-2025-04-03-10-13-34-3.jpg 1280w\" sizes=\"auto, (max-width: 1024px) 100vw, 1024px\" \/><\/figure>\n\n\n\n<div style=\"height:100px\" aria-hidden=\"true\" class=\"wp-block-spacer\"><\/div>\n\n\n\n<figure class=\"wp-block-image size-large\"><img loading=\"lazy\" decoding=\"async\" width=\"1024\" height=\"946\" src=\"https:\/\/etab.ac-reunion.fr\/clg-trois-mares\/wp-content\/uploads\/sites\/149\/2025\/04\/PHOTO-2025-04-03-10-13-34-2-1024x946.jpg\" alt=\"\" class=\"wp-image-2393\" srcset=\"https:\/\/etab.ac-reunion.fr\/clg-trois-mares\/wp-content\/uploads\/sites\/149\/2025\/04\/PHOTO-2025-04-03-10-13-34-2-1024x946.jpg 1024w, https:\/\/etab.ac-reunion.fr\/clg-trois-mares\/wp-content\/uploads\/sites\/149\/2025\/04\/PHOTO-2025-04-03-10-13-34-2-300x277.jpg 300w, https:\/\/etab.ac-reunion.fr\/clg-trois-mares\/wp-content\/uploads\/sites\/149\/2025\/04\/PHOTO-2025-04-03-10-13-34-2-768x710.jpg 768w, https:\/\/etab.ac-reunion.fr\/clg-trois-mares\/wp-content\/uploads\/sites\/149\/2025\/04\/PHOTO-2025-04-03-10-13-34-2-216x200.jpg 216w, https:\/\/etab.ac-reunion.fr\/clg-trois-mares\/wp-content\/uploads\/sites\/149\/2025\/04\/PHOTO-2025-04-03-10-13-34-2.jpg 1280w\" sizes=\"auto, (max-width: 1024px) 100vw, 1024px\" \/><\/figure>\n","protected":false},"excerpt":{"rendered":"<p>Lors de la semaine de l&rsquo;olympisme et du paralympisme en avril 2025, la classe de 301 a eu le privil\u00e8ge d&rsquo;\u00e9changer avec M. Alexis Hanquiquant, champion du monde et paralympique de triathlon, accompagn\u00e9 de M. Armand Sautron, pr\u00e9sident de l&rsquo;association ATHSA du Tampon. Les \u00e9l\u00e8ves ont \u00e9galement r\u00e9alis\u00e9 des affiches &hellip;<\/p>\n","protected":false},"author":35005,"featured_media":0,"parent":0,"menu_order":0,"comment_status":"closed","ping_status":"closed","template":"","meta":{"footnotes":""},"class_list":["post-2390","page","type-page","status-publish","hentry"],"_links":{"self":[{"href":"https:\/\/etab.ac-reunion.fr\/clg-trois-mares\/wp-json\/wp\/v2\/pages\/2390","targetHints":{"allow":["GET"]}}],"collection":[{"href":"https:\/\/etab.ac-reunion.fr\/clg-trois-mares\/wp-json\/wp\/v2\/pages"}],"about":[{"href":"https:\/\/etab.ac-reunion.fr\/clg-trois-mares\/wp-json\/wp\/v2\/types\/page"}],"author":[{"embeddable":true,"href":"https:\/\/etab.ac-reunion.fr\/clg-trois-mares\/wp-json\/wp\/v2\/users\/35005"}],"replies":[{"embeddable":true,"href":"https:\/\/etab.ac-reunion.fr\/clg-trois-mares\/wp-json\/wp\/v2\/comments?post=2390"}],"version-history":[{"count":4,"href":"https:\/\/etab.ac-reunion.fr\/clg-trois-mares\/wp-json\/wp\/v2\/pages\/2390\/revisions"}],"predecessor-version":[{"id":2399,"href":"https:\/\/etab.ac-reunion.fr\/clg-trois-mares\/wp-json\/wp\/v2\/pages\/2390\/revisions\/2399"}],"wp:attachment":[{"href":"https:\/\/etab.ac-reunion.fr\/clg-trois-mares\/wp-json\/wp\/v2\/media?parent=2390"}],"curies":[{"name":"wp","href":"https:\/\/api.w.org\/{rel}","templated":true}]}}