{"id":2434,"date":"2025-06-09T21:20:09","date_gmt":"2025-06-09T17:20:09","guid":{"rendered":"https:\/\/etab.ac-reunion.fr\/clg-trois-mares\/?page_id=2434"},"modified":"2025-06-09T21:23:37","modified_gmt":"2025-06-09T17:23:37","slug":"visite-de-la-section-europeenne-espagnol-au-lycee-pierre-lagourgue","status":"publish","type":"page","link":"https:\/\/etab.ac-reunion.fr\/clg-trois-mares\/visite-de-la-section-europeenne-espagnol-au-lycee-pierre-lagourgue\/","title":{"rendered":"Visite de la section europ\u00e9enne Espagnol au lyc\u00e9e Pierre Lagourgue"},"content":{"rendered":"\n<p class=\"has-large-font-size\">Accompagn\u00e9s de leurs professeures, Mme Andres et Mme Cocquempot, quelques \u00e9l\u00e8ves de 3\u00e8me ont pu visiter la section europ\u00e9enne Espagnol du lyc\u00e9e Pierre Lagourgue le 23\/05\/25. Un beau moment de partage entre les coll\u00e9giens et les lyc\u00e9ens. Les \u00e9l\u00e8ves ont pu d\u00e9couvrir la section \u00e0 travers diff\u00e9rents ateliers et \u00e9changer avec d&rsquo;anciens \u00e9l\u00e8ves actuellement en 2de, 1\u00e8re et Terminale, mais \u00e9galement avec leurs professeurs.<br>\u00a1 Hasta pronto ! \ud83d\udc1d\ud83d\udc1d<\/p>\n\n\n\n<figure class=\"wp-block-gallery has-nested-images columns-default is-cropped wp-block-gallery-1 is-layout-flex wp-block-gallery-is-layout-flex\">\n<figure class=\"wp-block-image size-large\"><img loading=\"lazy\" decoding=\"async\" width=\"768\" height=\"1024\" data-id=\"2443\" src=\"https:\/\/etab.ac-reunion.fr\/clg-trois-mares\/wp-content\/uploads\/sites\/149\/2025\/06\/199a928f-00d1-4418-9ea1-26e596e08214-768x1024.jpg\" alt=\"\" class=\"wp-image-2443\" srcset=\"https:\/\/etab.ac-reunion.fr\/clg-trois-mares\/wp-content\/uploads\/sites\/149\/2025\/06\/199a928f-00d1-4418-9ea1-26e596e08214-768x1024.jpg 768w, https:\/\/etab.ac-reunion.fr\/clg-trois-mares\/wp-content\/uploads\/sites\/149\/2025\/06\/199a928f-00d1-4418-9ea1-26e596e08214-225x300.jpg 225w, https:\/\/etab.ac-reunion.fr\/clg-trois-mares\/wp-content\/uploads\/sites\/149\/2025\/06\/199a928f-00d1-4418-9ea1-26e596e08214-150x200.jpg 150w, https:\/\/etab.ac-reunion.fr\/clg-trois-mares\/wp-content\/uploads\/sites\/149\/2025\/06\/199a928f-00d1-4418-9ea1-26e596e08214.jpg 960w\" sizes=\"auto, (max-width: 768px) 100vw, 768px\" \/><\/figure>\n\n\n\n<figure class=\"wp-block-image size-large\"><img loading=\"lazy\" decoding=\"async\" width=\"768\" height=\"1024\" data-id=\"2437\" src=\"https:\/\/etab.ac-reunion.fr\/clg-trois-mares\/wp-content\/uploads\/sites\/149\/2025\/06\/1c6db6f8-bae4-4161-b4bc-6b039a295202-768x1024.jpg\" alt=\"\" class=\"wp-image-2437\" srcset=\"https:\/\/etab.ac-reunion.fr\/clg-trois-mares\/wp-content\/uploads\/sites\/149\/2025\/06\/1c6db6f8-bae4-4161-b4bc-6b039a295202-768x1024.jpg 768w, https:\/\/etab.ac-reunion.fr\/clg-trois-mares\/wp-content\/uploads\/sites\/149\/2025\/06\/1c6db6f8-bae4-4161-b4bc-6b039a295202-225x300.jpg 225w, https:\/\/etab.ac-reunion.fr\/clg-trois-mares\/wp-content\/uploads\/sites\/149\/2025\/06\/1c6db6f8-bae4-4161-b4bc-6b039a295202-150x200.jpg 150w, https:\/\/etab.ac-reunion.fr\/clg-trois-mares\/wp-content\/uploads\/sites\/149\/2025\/06\/1c6db6f8-bae4-4161-b4bc-6b039a295202.jpg 960w\" sizes=\"auto, (max-width: 768px) 100vw, 768px\" \/><\/figure>\n\n\n\n<figure class=\"wp-block-image size-large\"><img loading=\"lazy\" decoding=\"async\" width=\"1024\" height=\"768\" data-id=\"2449\" src=\"https:\/\/etab.ac-reunion.fr\/clg-trois-mares\/wp-content\/uploads\/sites\/149\/2025\/06\/b92a22a7-34b5-47be-a078-892b54e4c50d-1024x768.jpg\" alt=\"\" class=\"wp-image-2449\" srcset=\"https:\/\/etab.ac-reunion.fr\/clg-trois-mares\/wp-content\/uploads\/sites\/149\/2025\/06\/b92a22a7-34b5-47be-a078-892b54e4c50d-1024x768.jpg 1024w, https:\/\/etab.ac-reunion.fr\/clg-trois-mares\/wp-content\/uploads\/sites\/149\/2025\/06\/b92a22a7-34b5-47be-a078-892b54e4c50d-300x225.jpg 300w, https:\/\/etab.ac-reunion.fr\/clg-trois-mares\/wp-content\/uploads\/sites\/149\/2025\/06\/b92a22a7-34b5-47be-a078-892b54e4c50d-768x576.jpg 768w, https:\/\/etab.ac-reunion.fr\/clg-trois-mares\/wp-content\/uploads\/sites\/149\/2025\/06\/b92a22a7-34b5-47be-a078-892b54e4c50d-267x200.jpg 267w, https:\/\/etab.ac-reunion.fr\/clg-trois-mares\/wp-content\/uploads\/sites\/149\/2025\/06\/b92a22a7-34b5-47be-a078-892b54e4c50d.jpg 1280w\" sizes=\"auto, (max-width: 1024px) 100vw, 1024px\" \/><\/figure>\n\n\n\n<figure class=\"wp-block-image size-large\"><img loading=\"lazy\" decoding=\"async\" width=\"498\" height=\"1024\" data-id=\"2436\" src=\"https:\/\/etab.ac-reunion.fr\/clg-trois-mares\/wp-content\/uploads\/sites\/149\/2025\/06\/8f66cc03-bb6e-4f7c-8b6b-a330eff543cb-498x1024.jpg\" alt=\"\" class=\"wp-image-2436\" srcset=\"https:\/\/etab.ac-reunion.fr\/clg-trois-mares\/wp-content\/uploads\/sites\/149\/2025\/06\/8f66cc03-bb6e-4f7c-8b6b-a330eff543cb-498x1024.jpg 498w, https:\/\/etab.ac-reunion.fr\/clg-trois-mares\/wp-content\/uploads\/sites\/149\/2025\/06\/8f66cc03-bb6e-4f7c-8b6b-a330eff543cb-146x300.jpg 146w, https:\/\/etab.ac-reunion.fr\/clg-trois-mares\/wp-content\/uploads\/sites\/149\/2025\/06\/8f66cc03-bb6e-4f7c-8b6b-a330eff543cb-97x200.jpg 97w, https:\/\/etab.ac-reunion.fr\/clg-trois-mares\/wp-content\/uploads\/sites\/149\/2025\/06\/8f66cc03-bb6e-4f7c-8b6b-a330eff543cb.jpg 622w\" sizes=\"auto, (max-width: 498px) 100vw, 498px\" \/><\/figure>\n\n\n\n<figure class=\"wp-block-image size-large\"><img loading=\"lazy\" decoding=\"async\" width=\"768\" height=\"1024\" data-id=\"2440\" src=\"https:\/\/etab.ac-reunion.fr\/clg-trois-mares\/wp-content\/uploads\/sites\/149\/2025\/06\/5ec31df5-5fc2-482a-b195-b04ab1653af2-768x1024.jpg\" alt=\"\" class=\"wp-image-2440\" srcset=\"https:\/\/etab.ac-reunion.fr\/clg-trois-mares\/wp-content\/uploads\/sites\/149\/2025\/06\/5ec31df5-5fc2-482a-b195-b04ab1653af2-768x1024.jpg 768w, https:\/\/etab.ac-reunion.fr\/clg-trois-mares\/wp-content\/uploads\/sites\/149\/2025\/06\/5ec31df5-5fc2-482a-b195-b04ab1653af2-225x300.jpg 225w, https:\/\/etab.ac-reunion.fr\/clg-trois-mares\/wp-content\/uploads\/sites\/149\/2025\/06\/5ec31df5-5fc2-482a-b195-b04ab1653af2-150x200.jpg 150w, https:\/\/etab.ac-reunion.fr\/clg-trois-mares\/wp-content\/uploads\/sites\/149\/2025\/06\/5ec31df5-5fc2-482a-b195-b04ab1653af2.jpg 960w\" sizes=\"auto, (max-width: 768px) 100vw, 768px\" \/><\/figure>\n\n\n\n<figure class=\"wp-block-image size-large\"><img loading=\"lazy\" decoding=\"async\" width=\"768\" height=\"1024\" data-id=\"2444\" src=\"https:\/\/etab.ac-reunion.fr\/clg-trois-mares\/wp-content\/uploads\/sites\/149\/2025\/06\/897dc814-0782-4bc9-a3bd-0fbd7d466e91-768x1024.jpg\" alt=\"\" class=\"wp-image-2444\" srcset=\"https:\/\/etab.ac-reunion.fr\/clg-trois-mares\/wp-content\/uploads\/sites\/149\/2025\/06\/897dc814-0782-4bc9-a3bd-0fbd7d466e91-768x1024.jpg 768w, https:\/\/etab.ac-reunion.fr\/clg-trois-mares\/wp-content\/uploads\/sites\/149\/2025\/06\/897dc814-0782-4bc9-a3bd-0fbd7d466e91-225x300.jpg 225w, https:\/\/etab.ac-reunion.fr\/clg-trois-mares\/wp-content\/uploads\/sites\/149\/2025\/06\/897dc814-0782-4bc9-a3bd-0fbd7d466e91-150x200.jpg 150w, https:\/\/etab.ac-reunion.fr\/clg-trois-mares\/wp-content\/uploads\/sites\/149\/2025\/06\/897dc814-0782-4bc9-a3bd-0fbd7d466e91.jpg 960w\" sizes=\"auto, (max-width: 768px) 100vw, 768px\" \/><\/figure>\n\n\n\n<figure class=\"wp-block-image size-large\"><img loading=\"lazy\" decoding=\"async\" width=\"498\" height=\"1024\" data-id=\"2445\" src=\"https:\/\/etab.ac-reunion.fr\/clg-trois-mares\/wp-content\/uploads\/sites\/149\/2025\/06\/22943e67-ce37-473d-b225-c9667f943e18-498x1024.jpg\" alt=\"\" class=\"wp-image-2445\" srcset=\"https:\/\/etab.ac-reunion.fr\/clg-trois-mares\/wp-content\/uploads\/sites\/149\/2025\/06\/22943e67-ce37-473d-b225-c9667f943e18-498x1024.jpg 498w, https:\/\/etab.ac-reunion.fr\/clg-trois-mares\/wp-content\/uploads\/sites\/149\/2025\/06\/22943e67-ce37-473d-b225-c9667f943e18-146x300.jpg 146w, https:\/\/etab.ac-reunion.fr\/clg-trois-mares\/wp-content\/uploads\/sites\/149\/2025\/06\/22943e67-ce37-473d-b225-c9667f943e18-97x200.jpg 97w, https:\/\/etab.ac-reunion.fr\/clg-trois-mares\/wp-content\/uploads\/sites\/149\/2025\/06\/22943e67-ce37-473d-b225-c9667f943e18.jpg 622w\" sizes=\"auto, (max-width: 498px) 100vw, 498px\" \/><\/figure>\n\n\n\n<figure class=\"wp-block-image size-large\"><img loading=\"lazy\" decoding=\"async\" width=\"1024\" height=\"768\" data-id=\"2435\" src=\"https:\/\/etab.ac-reunion.fr\/clg-trois-mares\/wp-content\/uploads\/sites\/149\/2025\/06\/0b5ef254-533b-4c00-9787-5b232ed158ec-1024x768.jpg\" alt=\"\" class=\"wp-image-2435\" srcset=\"https:\/\/etab.ac-reunion.fr\/clg-trois-mares\/wp-content\/uploads\/sites\/149\/2025\/06\/0b5ef254-533b-4c00-9787-5b232ed158ec-1024x768.jpg 1024w, https:\/\/etab.ac-reunion.fr\/clg-trois-mares\/wp-content\/uploads\/sites\/149\/2025\/06\/0b5ef254-533b-4c00-9787-5b232ed158ec-300x225.jpg 300w, https:\/\/etab.ac-reunion.fr\/clg-trois-mares\/wp-content\/uploads\/sites\/149\/2025\/06\/0b5ef254-533b-4c00-9787-5b232ed158ec-768x576.jpg 768w, https:\/\/etab.ac-reunion.fr\/clg-trois-mares\/wp-content\/uploads\/sites\/149\/2025\/06\/0b5ef254-533b-4c00-9787-5b232ed158ec-267x200.jpg 267w, https:\/\/etab.ac-reunion.fr\/clg-trois-mares\/wp-content\/uploads\/sites\/149\/2025\/06\/0b5ef254-533b-4c00-9787-5b232ed158ec.jpg 1280w\" sizes=\"auto, (max-width: 1024px) 100vw, 1024px\" \/><\/figure>\n\n\n\n<figure class=\"wp-block-image size-large\"><img loading=\"lazy\" decoding=\"async\" width=\"1024\" height=\"498\" data-id=\"2448\" src=\"https:\/\/etab.ac-reunion.fr\/clg-trois-mares\/wp-content\/uploads\/sites\/149\/2025\/06\/1142054c-48d4-4801-8fc8-e41f618bd59b-1024x498.jpg\" alt=\"\" class=\"wp-image-2448\" srcset=\"https:\/\/etab.ac-reunion.fr\/clg-trois-mares\/wp-content\/uploads\/sites\/149\/2025\/06\/1142054c-48d4-4801-8fc8-e41f618bd59b-1024x498.jpg 1024w, https:\/\/etab.ac-reunion.fr\/clg-trois-mares\/wp-content\/uploads\/sites\/149\/2025\/06\/1142054c-48d4-4801-8fc8-e41f618bd59b-300x146.jpg 300w, https:\/\/etab.ac-reunion.fr\/clg-trois-mares\/wp-content\/uploads\/sites\/149\/2025\/06\/1142054c-48d4-4801-8fc8-e41f618bd59b-768x373.jpg 768w, https:\/\/etab.ac-reunion.fr\/clg-trois-mares\/wp-content\/uploads\/sites\/149\/2025\/06\/1142054c-48d4-4801-8fc8-e41f618bd59b-412x200.jpg 412w, https:\/\/etab.ac-reunion.fr\/clg-trois-mares\/wp-content\/uploads\/sites\/149\/2025\/06\/1142054c-48d4-4801-8fc8-e41f618bd59b.jpg 1280w\" sizes=\"auto, (max-width: 1024px) 100vw, 1024px\" \/><\/figure>\n\n\n\n<figure class=\"wp-block-image size-large\"><img loading=\"lazy\" decoding=\"async\" width=\"498\" height=\"1024\" data-id=\"2439\" src=\"https:\/\/etab.ac-reunion.fr\/clg-trois-mares\/wp-content\/uploads\/sites\/149\/2025\/06\/2b0c1747-a9e6-44df-949f-19b4e333715a-498x1024.jpg\" alt=\"\" class=\"wp-image-2439\" srcset=\"https:\/\/etab.ac-reunion.fr\/clg-trois-mares\/wp-content\/uploads\/sites\/149\/2025\/06\/2b0c1747-a9e6-44df-949f-19b4e333715a-498x1024.jpg 498w, https:\/\/etab.ac-reunion.fr\/clg-trois-mares\/wp-content\/uploads\/sites\/149\/2025\/06\/2b0c1747-a9e6-44df-949f-19b4e333715a-146x300.jpg 146w, https:\/\/etab.ac-reunion.fr\/clg-trois-mares\/wp-content\/uploads\/sites\/149\/2025\/06\/2b0c1747-a9e6-44df-949f-19b4e333715a-97x200.jpg 97w, https:\/\/etab.ac-reunion.fr\/clg-trois-mares\/wp-content\/uploads\/sites\/149\/2025\/06\/2b0c1747-a9e6-44df-949f-19b4e333715a.jpg 622w\" sizes=\"auto, (max-width: 498px) 100vw, 498px\" \/><\/figure>\n\n\n\n<figure class=\"wp-block-image size-large\"><img loading=\"lazy\" decoding=\"async\" width=\"770\" height=\"1024\" data-id=\"2441\" src=\"https:\/\/etab.ac-reunion.fr\/clg-trois-mares\/wp-content\/uploads\/sites\/149\/2025\/06\/09e29815-d546-49de-a1ac-8733f8f85d05-770x1024.jpg\" alt=\"\" class=\"wp-image-2441\" srcset=\"https:\/\/etab.ac-reunion.fr\/clg-trois-mares\/wp-content\/uploads\/sites\/149\/2025\/06\/09e29815-d546-49de-a1ac-8733f8f85d05-770x1024.jpg 770w, https:\/\/etab.ac-reunion.fr\/clg-trois-mares\/wp-content\/uploads\/sites\/149\/2025\/06\/09e29815-d546-49de-a1ac-8733f8f85d05-226x300.jpg 226w, https:\/\/etab.ac-reunion.fr\/clg-trois-mares\/wp-content\/uploads\/sites\/149\/2025\/06\/09e29815-d546-49de-a1ac-8733f8f85d05-768x1021.jpg 768w, https:\/\/etab.ac-reunion.fr\/clg-trois-mares\/wp-content\/uploads\/sites\/149\/2025\/06\/09e29815-d546-49de-a1ac-8733f8f85d05-150x200.jpg 150w, https:\/\/etab.ac-reunion.fr\/clg-trois-mares\/wp-content\/uploads\/sites\/149\/2025\/06\/09e29815-d546-49de-a1ac-8733f8f85d05.jpg 963w\" sizes=\"auto, (max-width: 770px) 100vw, 770px\" \/><\/figure>\n\n\n\n<figure class=\"wp-block-image size-large\"><img loading=\"lazy\" decoding=\"async\" width=\"1024\" height=\"498\" data-id=\"2447\" src=\"https:\/\/etab.ac-reunion.fr\/clg-trois-mares\/wp-content\/uploads\/sites\/149\/2025\/06\/88578a2c-7b5b-4490-a305-e308ebcdf772-1024x498.jpg\" alt=\"\" class=\"wp-image-2447\" srcset=\"https:\/\/etab.ac-reunion.fr\/clg-trois-mares\/wp-content\/uploads\/sites\/149\/2025\/06\/88578a2c-7b5b-4490-a305-e308ebcdf772-1024x498.jpg 1024w, https:\/\/etab.ac-reunion.fr\/clg-trois-mares\/wp-content\/uploads\/sites\/149\/2025\/06\/88578a2c-7b5b-4490-a305-e308ebcdf772-300x146.jpg 300w, https:\/\/etab.ac-reunion.fr\/clg-trois-mares\/wp-content\/uploads\/sites\/149\/2025\/06\/88578a2c-7b5b-4490-a305-e308ebcdf772-768x373.jpg 768w, https:\/\/etab.ac-reunion.fr\/clg-trois-mares\/wp-content\/uploads\/sites\/149\/2025\/06\/88578a2c-7b5b-4490-a305-e308ebcdf772-412x200.jpg 412w, https:\/\/etab.ac-reunion.fr\/clg-trois-mares\/wp-content\/uploads\/sites\/149\/2025\/06\/88578a2c-7b5b-4490-a305-e308ebcdf772.jpg 1280w\" sizes=\"auto, (max-width: 1024px) 100vw, 1024px\" \/><\/figure>\n\n\n\n<figure class=\"wp-block-image size-large\"><img loading=\"lazy\" decoding=\"async\" width=\"770\" height=\"1024\" data-id=\"2453\" src=\"https:\/\/etab.ac-reunion.fr\/clg-trois-mares\/wp-content\/uploads\/sites\/149\/2025\/06\/f1903b5c-0699-45db-b3b6-e917b9c21c9b-770x1024.jpg\" alt=\"\" class=\"wp-image-2453\" srcset=\"https:\/\/etab.ac-reunion.fr\/clg-trois-mares\/wp-content\/uploads\/sites\/149\/2025\/06\/f1903b5c-0699-45db-b3b6-e917b9c21c9b-770x1024.jpg 770w, https:\/\/etab.ac-reunion.fr\/clg-trois-mares\/wp-content\/uploads\/sites\/149\/2025\/06\/f1903b5c-0699-45db-b3b6-e917b9c21c9b-226x300.jpg 226w, https:\/\/etab.ac-reunion.fr\/clg-trois-mares\/wp-content\/uploads\/sites\/149\/2025\/06\/f1903b5c-0699-45db-b3b6-e917b9c21c9b-768x1021.jpg 768w, https:\/\/etab.ac-reunion.fr\/clg-trois-mares\/wp-content\/uploads\/sites\/149\/2025\/06\/f1903b5c-0699-45db-b3b6-e917b9c21c9b-150x200.jpg 150w, https:\/\/etab.ac-reunion.fr\/clg-trois-mares\/wp-content\/uploads\/sites\/149\/2025\/06\/f1903b5c-0699-45db-b3b6-e917b9c21c9b.jpg 963w\" sizes=\"auto, (max-width: 770px) 100vw, 770px\" \/><\/figure>\n\n\n\n<figure class=\"wp-block-image size-large\"><img loading=\"lazy\" decoding=\"async\" width=\"770\" height=\"1024\" data-id=\"2446\" src=\"https:\/\/etab.ac-reunion.fr\/clg-trois-mares\/wp-content\/uploads\/sites\/149\/2025\/06\/42197dc6-22bc-4a16-8ba6-8813b1caa371-770x1024.jpg\" alt=\"\" class=\"wp-image-2446\" srcset=\"https:\/\/etab.ac-reunion.fr\/clg-trois-mares\/wp-content\/uploads\/sites\/149\/2025\/06\/42197dc6-22bc-4a16-8ba6-8813b1caa371-770x1024.jpg 770w, https:\/\/etab.ac-reunion.fr\/clg-trois-mares\/wp-content\/uploads\/sites\/149\/2025\/06\/42197dc6-22bc-4a16-8ba6-8813b1caa371-226x300.jpg 226w, https:\/\/etab.ac-reunion.fr\/clg-trois-mares\/wp-content\/uploads\/sites\/149\/2025\/06\/42197dc6-22bc-4a16-8ba6-8813b1caa371-768x1021.jpg 768w, https:\/\/etab.ac-reunion.fr\/clg-trois-mares\/wp-content\/uploads\/sites\/149\/2025\/06\/42197dc6-22bc-4a16-8ba6-8813b1caa371-150x200.jpg 150w, https:\/\/etab.ac-reunion.fr\/clg-trois-mares\/wp-content\/uploads\/sites\/149\/2025\/06\/42197dc6-22bc-4a16-8ba6-8813b1caa371.jpg 963w\" sizes=\"auto, (max-width: 770px) 100vw, 770px\" \/><\/figure>\n\n\n\n<figure class=\"wp-block-image size-large\"><img loading=\"lazy\" decoding=\"async\" width=\"770\" height=\"1024\" data-id=\"2438\" src=\"https:\/\/etab.ac-reunion.fr\/clg-trois-mares\/wp-content\/uploads\/sites\/149\/2025\/06\/2e74baeb-88fc-4ac0-97d3-a752550006fb-770x1024.jpg\" alt=\"\" class=\"wp-image-2438\" srcset=\"https:\/\/etab.ac-reunion.fr\/clg-trois-mares\/wp-content\/uploads\/sites\/149\/2025\/06\/2e74baeb-88fc-4ac0-97d3-a752550006fb-770x1024.jpg 770w, https:\/\/etab.ac-reunion.fr\/clg-trois-mares\/wp-content\/uploads\/sites\/149\/2025\/06\/2e74baeb-88fc-4ac0-97d3-a752550006fb-226x300.jpg 226w, https:\/\/etab.ac-reunion.fr\/clg-trois-mares\/wp-content\/uploads\/sites\/149\/2025\/06\/2e74baeb-88fc-4ac0-97d3-a752550006fb-768x1021.jpg 768w, https:\/\/etab.ac-reunion.fr\/clg-trois-mares\/wp-content\/uploads\/sites\/149\/2025\/06\/2e74baeb-88fc-4ac0-97d3-a752550006fb-150x200.jpg 150w, https:\/\/etab.ac-reunion.fr\/clg-trois-mares\/wp-content\/uploads\/sites\/149\/2025\/06\/2e74baeb-88fc-4ac0-97d3-a752550006fb.jpg 963w\" sizes=\"auto, (max-width: 770px) 100vw, 770px\" \/><\/figure>\n\n\n\n<figure class=\"wp-block-image size-large\"><img loading=\"lazy\" decoding=\"async\" width=\"1024\" height=\"498\" data-id=\"2442\" src=\"https:\/\/etab.ac-reunion.fr\/clg-trois-mares\/wp-content\/uploads\/sites\/149\/2025\/06\/32c46ad6-489d-4b63-8cc5-fc6b0cd2bab5-1024x498.jpg\" alt=\"\" class=\"wp-image-2442\" srcset=\"https:\/\/etab.ac-reunion.fr\/clg-trois-mares\/wp-content\/uploads\/sites\/149\/2025\/06\/32c46ad6-489d-4b63-8cc5-fc6b0cd2bab5-1024x498.jpg 1024w, https:\/\/etab.ac-reunion.fr\/clg-trois-mares\/wp-content\/uploads\/sites\/149\/2025\/06\/32c46ad6-489d-4b63-8cc5-fc6b0cd2bab5-300x146.jpg 300w, https:\/\/etab.ac-reunion.fr\/clg-trois-mares\/wp-content\/uploads\/sites\/149\/2025\/06\/32c46ad6-489d-4b63-8cc5-fc6b0cd2bab5-768x373.jpg 768w, https:\/\/etab.ac-reunion.fr\/clg-trois-mares\/wp-content\/uploads\/sites\/149\/2025\/06\/32c46ad6-489d-4b63-8cc5-fc6b0cd2bab5-412x200.jpg 412w, https:\/\/etab.ac-reunion.fr\/clg-trois-mares\/wp-content\/uploads\/sites\/149\/2025\/06\/32c46ad6-489d-4b63-8cc5-fc6b0cd2bab5.jpg 1280w\" sizes=\"auto, (max-width: 1024px) 100vw, 1024px\" \/><\/figure>\n\n\n\n<figure class=\"wp-block-image size-large\"><img loading=\"lazy\" decoding=\"async\" width=\"770\" height=\"1024\" data-id=\"2450\" src=\"https:\/\/etab.ac-reunion.fr\/clg-trois-mares\/wp-content\/uploads\/sites\/149\/2025\/06\/c7d404c3-93b6-489a-bcd1-9f854e1af34b-770x1024.jpg\" alt=\"\" class=\"wp-image-2450\" srcset=\"https:\/\/etab.ac-reunion.fr\/clg-trois-mares\/wp-content\/uploads\/sites\/149\/2025\/06\/c7d404c3-93b6-489a-bcd1-9f854e1af34b-770x1024.jpg 770w, https:\/\/etab.ac-reunion.fr\/clg-trois-mares\/wp-content\/uploads\/sites\/149\/2025\/06\/c7d404c3-93b6-489a-bcd1-9f854e1af34b-226x300.jpg 226w, https:\/\/etab.ac-reunion.fr\/clg-trois-mares\/wp-content\/uploads\/sites\/149\/2025\/06\/c7d404c3-93b6-489a-bcd1-9f854e1af34b-768x1021.jpg 768w, https:\/\/etab.ac-reunion.fr\/clg-trois-mares\/wp-content\/uploads\/sites\/149\/2025\/06\/c7d404c3-93b6-489a-bcd1-9f854e1af34b-150x200.jpg 150w, https:\/\/etab.ac-reunion.fr\/clg-trois-mares\/wp-content\/uploads\/sites\/149\/2025\/06\/c7d404c3-93b6-489a-bcd1-9f854e1af34b.jpg 963w\" sizes=\"auto, (max-width: 770px) 100vw, 770px\" \/><\/figure>\n\n\n\n<figure class=\"wp-block-image size-large\"><img loading=\"lazy\" decoding=\"async\" width=\"1024\" height=\"770\" data-id=\"2451\" src=\"https:\/\/etab.ac-reunion.fr\/clg-trois-mares\/wp-content\/uploads\/sites\/149\/2025\/06\/c07e2a28-1701-4622-98e6-e38184fd59ba-1024x770.jpg\" alt=\"\" class=\"wp-image-2451\" srcset=\"https:\/\/etab.ac-reunion.fr\/clg-trois-mares\/wp-content\/uploads\/sites\/149\/2025\/06\/c07e2a28-1701-4622-98e6-e38184fd59ba-1024x770.jpg 1024w, https:\/\/etab.ac-reunion.fr\/clg-trois-mares\/wp-content\/uploads\/sites\/149\/2025\/06\/c07e2a28-1701-4622-98e6-e38184fd59ba-300x226.jpg 300w, https:\/\/etab.ac-reunion.fr\/clg-trois-mares\/wp-content\/uploads\/sites\/149\/2025\/06\/c07e2a28-1701-4622-98e6-e38184fd59ba-768x578.jpg 768w, https:\/\/etab.ac-reunion.fr\/clg-trois-mares\/wp-content\/uploads\/sites\/149\/2025\/06\/c07e2a28-1701-4622-98e6-e38184fd59ba-266x200.jpg 266w, https:\/\/etab.ac-reunion.fr\/clg-trois-mares\/wp-content\/uploads\/sites\/149\/2025\/06\/c07e2a28-1701-4622-98e6-e38184fd59ba.jpg 1280w\" sizes=\"auto, (max-width: 1024px) 100vw, 1024px\" \/><\/figure>\n\n\n\n<figure class=\"wp-block-image size-large\"><img loading=\"lazy\" decoding=\"async\" width=\"770\" height=\"1024\" data-id=\"2452\" src=\"https:\/\/etab.ac-reunion.fr\/clg-trois-mares\/wp-content\/uploads\/sites\/149\/2025\/06\/f60df0a8-6532-4806-83bf-fe93e89bafe0-770x1024.jpg\" alt=\"\" class=\"wp-image-2452\" srcset=\"https:\/\/etab.ac-reunion.fr\/clg-trois-mares\/wp-content\/uploads\/sites\/149\/2025\/06\/f60df0a8-6532-4806-83bf-fe93e89bafe0-770x1024.jpg 770w, https:\/\/etab.ac-reunion.fr\/clg-trois-mares\/wp-content\/uploads\/sites\/149\/2025\/06\/f60df0a8-6532-4806-83bf-fe93e89bafe0-226x300.jpg 226w, https:\/\/etab.ac-reunion.fr\/clg-trois-mares\/wp-content\/uploads\/sites\/149\/2025\/06\/f60df0a8-6532-4806-83bf-fe93e89bafe0-768x1021.jpg 768w, https:\/\/etab.ac-reunion.fr\/clg-trois-mares\/wp-content\/uploads\/sites\/149\/2025\/06\/f60df0a8-6532-4806-83bf-fe93e89bafe0-150x200.jpg 150w, https:\/\/etab.ac-reunion.fr\/clg-trois-mares\/wp-content\/uploads\/sites\/149\/2025\/06\/f60df0a8-6532-4806-83bf-fe93e89bafe0.jpg 963w\" sizes=\"auto, (max-width: 770px) 100vw, 770px\" \/><\/figure>\n<\/figure>\n","protected":false},"excerpt":{"rendered":"<p>Accompagn\u00e9s de leurs professeures, Mme Andres et Mme Cocquempot, quelques \u00e9l\u00e8ves de 3\u00e8me ont pu visiter la section europ\u00e9enne Espagnol du lyc\u00e9e Pierre Lagourgue le 23\/05\/25. Un beau moment de partage entre les coll\u00e9giens et les lyc\u00e9ens. Les \u00e9l\u00e8ves ont pu d\u00e9couvrir la section \u00e0 travers diff\u00e9rents ateliers et \u00e9changer &hellip;<\/p>\n","protected":false},"author":35005,"featured_media":0,"parent":0,"menu_order":0,"comment_status":"closed","ping_status":"closed","template":"","meta":{"footnotes":""},"class_list":["post-2434","page","type-page","status-publish","hentry"],"_links":{"self":[{"href":"https:\/\/etab.ac-reunion.fr\/clg-trois-mares\/wp-json\/wp\/v2\/pages\/2434","targetHints":{"allow":["GET"]}}],"collection":[{"href":"https:\/\/etab.ac-reunion.fr\/clg-trois-mares\/wp-json\/wp\/v2\/pages"}],"about":[{"href":"https:\/\/etab.ac-reunion.fr\/clg-trois-mares\/wp-json\/wp\/v2\/types\/page"}],"author":[{"embeddable":true,"href":"https:\/\/etab.ac-reunion.fr\/clg-trois-mares\/wp-json\/wp\/v2\/users\/35005"}],"replies":[{"embeddable":true,"href":"https:\/\/etab.ac-reunion.fr\/clg-trois-mares\/wp-json\/wp\/v2\/comments?post=2434"}],"version-history":[{"count":5,"href":"https:\/\/etab.ac-reunion.fr\/clg-trois-mares\/wp-json\/wp\/v2\/pages\/2434\/revisions"}],"predecessor-version":[{"id":2459,"href":"https:\/\/etab.ac-reunion.fr\/clg-trois-mares\/wp-json\/wp\/v2\/pages\/2434\/revisions\/2459"}],"wp:attachment":[{"href":"https:\/\/etab.ac-reunion.fr\/clg-trois-mares\/wp-json\/wp\/v2\/media?parent=2434"}],"curies":[{"name":"wp","href":"https:\/\/api.w.org\/{rel}","templated":true}]}}