{"id":2696,"date":"2026-03-14T16:54:13","date_gmt":"2026-03-14T12:54:13","guid":{"rendered":"https:\/\/etab.ac-reunion.fr\/clg-trois-mares\/?page_id=2696"},"modified":"2026-03-14T17:25:16","modified_gmt":"2026-03-14T13:25:16","slug":"championnat-academique-unss-volleyball-2026","status":"publish","type":"page","link":"https:\/\/etab.ac-reunion.fr\/clg-trois-mares\/championnat-academique-unss-volleyball-2026\/","title":{"rendered":"Championnat acad\u00e9mique UNSS volleyball 2026"},"content":{"rendered":"\n<p class=\"has-large-font-size\">Le Coll\u00e8ge de Trois Mares est fier de compter parmi ses \u00e9l\u00e8ves l&rsquo;\u00e9quipe f\u00e9minine minime de volleyball, <strong>championne acad\u00e9mique UNSS<\/strong>, depuis le&nbsp;18\/02\/2026. Nous leur apportons tout notre soutien et nos encouragements pour la finale nationale en Vend\u00e9e en Mai. <em>Go girls!<\/em><\/p>\n\n\n<div class=\"wp-block-image\">\n<figure class=\"aligncenter size-large\"><img loading=\"lazy\" decoding=\"async\" width=\"819\" height=\"1024\" src=\"https:\/\/etab.ac-reunion.fr\/clg-trois-mares\/wp-content\/uploads\/sites\/149\/2026\/03\/2026-ChampionnatS-Trois-Mares-819x1024.png\" alt=\"\" class=\"wp-image-2697\" srcset=\"https:\/\/etab.ac-reunion.fr\/clg-trois-mares\/wp-content\/uploads\/sites\/149\/2026\/03\/2026-ChampionnatS-Trois-Mares-819x1024.png 819w, https:\/\/etab.ac-reunion.fr\/clg-trois-mares\/wp-content\/uploads\/sites\/149\/2026\/03\/2026-ChampionnatS-Trois-Mares-240x300.png 240w, https:\/\/etab.ac-reunion.fr\/clg-trois-mares\/wp-content\/uploads\/sites\/149\/2026\/03\/2026-ChampionnatS-Trois-Mares-768x960.png 768w, https:\/\/etab.ac-reunion.fr\/clg-trois-mares\/wp-content\/uploads\/sites\/149\/2026\/03\/2026-ChampionnatS-Trois-Mares-160x200.png 160w, https:\/\/etab.ac-reunion.fr\/clg-trois-mares\/wp-content\/uploads\/sites\/149\/2026\/03\/2026-ChampionnatS-Trois-Mares.png 1080w\" sizes=\"auto, (max-width: 819px) 100vw, 819px\" \/><\/figure>\n<\/div>","protected":false},"excerpt":{"rendered":"<p>Le Coll\u00e8ge de Trois Mares est fier de compter parmi ses \u00e9l\u00e8ves l&rsquo;\u00e9quipe f\u00e9minine minime de volleyball, championne acad\u00e9mique UNSS, depuis le&nbsp;18\/02\/2026. Nous leur apportons tout notre soutien et nos encouragements pour la finale nationale en Vend\u00e9e en Mai. Go girls!<\/p>\n","protected":false},"author":35005,"featured_media":0,"parent":0,"menu_order":0,"comment_status":"closed","ping_status":"closed","template":"","meta":{"footnotes":""},"class_list":["post-2696","page","type-page","status-publish","hentry"],"_links":{"self":[{"href":"https:\/\/etab.ac-reunion.fr\/clg-trois-mares\/wp-json\/wp\/v2\/pages\/2696","targetHints":{"allow":["GET"]}}],"collection":[{"href":"https:\/\/etab.ac-reunion.fr\/clg-trois-mares\/wp-json\/wp\/v2\/pages"}],"about":[{"href":"https:\/\/etab.ac-reunion.fr\/clg-trois-mares\/wp-json\/wp\/v2\/types\/page"}],"author":[{"embeddable":true,"href":"https:\/\/etab.ac-reunion.fr\/clg-trois-mares\/wp-json\/wp\/v2\/users\/35005"}],"replies":[{"embeddable":true,"href":"https:\/\/etab.ac-reunion.fr\/clg-trois-mares\/wp-json\/wp\/v2\/comments?post=2696"}],"version-history":[{"count":2,"href":"https:\/\/etab.ac-reunion.fr\/clg-trois-mares\/wp-json\/wp\/v2\/pages\/2696\/revisions"}],"predecessor-version":[{"id":2721,"href":"https:\/\/etab.ac-reunion.fr\/clg-trois-mares\/wp-json\/wp\/v2\/pages\/2696\/revisions\/2721"}],"wp:attachment":[{"href":"https:\/\/etab.ac-reunion.fr\/clg-trois-mares\/wp-json\/wp\/v2\/media?parent=2696"}],"curies":[{"name":"wp","href":"https:\/\/api.w.org\/{rel}","templated":true}]}}