{"id":2703,"date":"2026-03-14T17:19:58","date_gmt":"2026-03-14T13:19:58","guid":{"rendered":"https:\/\/etab.ac-reunion.fr\/clg-trois-mares\/?page_id=2703"},"modified":"2026-03-14T17:24:28","modified_gmt":"2026-03-14T13:24:28","slug":"24h-de-linnovation-biarritz","status":"publish","type":"page","link":"https:\/\/etab.ac-reunion.fr\/clg-trois-mares\/24h-de-linnovation-biarritz\/","title":{"rendered":"24h de l&rsquo;innovation 2025 (Biarritz)"},"content":{"rendered":"\n<p class=\"has-large-font-size\">\u00c0 l&rsquo;occasion de la finale nationale des <a href=\"https:\/\/24h.estia.fr\" target=\"_blank\" rel=\"noreferrer noopener\">24h de l\u2019innovation<\/a>, le coll\u00e8ge de Trois Mares a pu \u00eatre repr\u00e9sent\u00e9 par Elisa, laur\u00e9ate du concours r\u00e9gional inscrite en classe de 3\u00e8me, accompagn\u00e9e par son professeur de technologie, M. MONIQUE. <\/p>\n\n\n\n<p class=\"has-large-font-size\">L&rsquo;\u00e9quipe \u00e9tait constitu\u00e9e d&rsquo;1 coll\u00e9gienne, de 5 lyc\u00e9ens et de 2 \u00e9tudiants de l&rsquo;ETSIA. Les membres ont choisi le d\u00e9fi d\u2019un prestataire d\u2019EDF, la soci\u00e9t\u00e9 ENEDIS.<\/p>\n\n\n\n<p class=\"has-large-font-size\">En 24 heures, ils ont d\u00e9velopp\u00e9 une id\u00e9e de drone, qui, pos\u00e9 sur une ligne \u00e0 haute tension, va r\u00e9aliser une op\u00e9ration de maintenance sur un c\u00e2ble d\u00e9t\u00e9rior\u00e9 par la foudre. Ils con\u00e7oivent deux prototypes fonctionnels dont un motoris\u00e9 !<\/p>\n\n\n\n<p class=\"has-large-font-size\">Puis, apr\u00e8s une pr\u00e9sentation orale de 3 minutes devant un jury de professionnels et un amphi de 200 \u00e9tudiants ing\u00e9nieurs, ils montent sur la plus haute marche du podium ! F\u00e9licitations \u00e0 toute l&rsquo;\u00e9quipe \ud83d\udc4f\ud83c\udffc!<\/p>\n\n\n\n<div style=\"height:43px\" aria-hidden=\"true\" class=\"wp-block-spacer\"><\/div>\n\n\n\n<figure class=\"wp-block-gallery has-nested-images columns-default is-cropped wp-block-gallery-1 is-layout-flex wp-block-gallery-is-layout-flex\">\n<figure class=\"wp-block-image size-large\"><img loading=\"lazy\" decoding=\"async\" width=\"1024\" height=\"995\" data-id=\"2704\" src=\"https:\/\/etab.ac-reunion.fr\/clg-trois-mares\/wp-content\/uploads\/sites\/149\/2026\/03\/IMG_1633-1024x995-1.jpg\" alt=\"\" class=\"wp-image-2704\" srcset=\"https:\/\/etab.ac-reunion.fr\/clg-trois-mares\/wp-content\/uploads\/sites\/149\/2026\/03\/IMG_1633-1024x995-1.jpg 1024w, https:\/\/etab.ac-reunion.fr\/clg-trois-mares\/wp-content\/uploads\/sites\/149\/2026\/03\/IMG_1633-1024x995-1-300x292.jpg 300w, https:\/\/etab.ac-reunion.fr\/clg-trois-mares\/wp-content\/uploads\/sites\/149\/2026\/03\/IMG_1633-1024x995-1-768x746.jpg 768w, https:\/\/etab.ac-reunion.fr\/clg-trois-mares\/wp-content\/uploads\/sites\/149\/2026\/03\/IMG_1633-1024x995-1-206x200.jpg 206w\" sizes=\"auto, (max-width: 1024px) 100vw, 1024px\" \/><\/figure>\n\n\n\n<figure class=\"wp-block-image size-large\"><img loading=\"lazy\" decoding=\"async\" width=\"1024\" height=\"768\" data-id=\"2705\" src=\"https:\/\/etab.ac-reunion.fr\/clg-trois-mares\/wp-content\/uploads\/sites\/149\/2026\/03\/IMG_1661-1024x768-1.jpg\" alt=\"\" class=\"wp-image-2705\" srcset=\"https:\/\/etab.ac-reunion.fr\/clg-trois-mares\/wp-content\/uploads\/sites\/149\/2026\/03\/IMG_1661-1024x768-1.jpg 1024w, https:\/\/etab.ac-reunion.fr\/clg-trois-mares\/wp-content\/uploads\/sites\/149\/2026\/03\/IMG_1661-1024x768-1-300x225.jpg 300w, https:\/\/etab.ac-reunion.fr\/clg-trois-mares\/wp-content\/uploads\/sites\/149\/2026\/03\/IMG_1661-1024x768-1-768x576.jpg 768w, https:\/\/etab.ac-reunion.fr\/clg-trois-mares\/wp-content\/uploads\/sites\/149\/2026\/03\/IMG_1661-1024x768-1-267x200.jpg 267w\" sizes=\"auto, (max-width: 1024px) 100vw, 1024px\" \/><\/figure>\n\n\n\n<figure class=\"wp-block-image size-large\"><img loading=\"lazy\" decoding=\"async\" width=\"1024\" height=\"768\" data-id=\"2706\" src=\"https:\/\/etab.ac-reunion.fr\/clg-trois-mares\/wp-content\/uploads\/sites\/149\/2026\/03\/IMG_1701-2048x1536-1-1024x768.jpg\" alt=\"\" class=\"wp-image-2706\" srcset=\"https:\/\/etab.ac-reunion.fr\/clg-trois-mares\/wp-content\/uploads\/sites\/149\/2026\/03\/IMG_1701-2048x1536-1-1024x768.jpg 1024w, https:\/\/etab.ac-reunion.fr\/clg-trois-mares\/wp-content\/uploads\/sites\/149\/2026\/03\/IMG_1701-2048x1536-1-300x225.jpg 300w, https:\/\/etab.ac-reunion.fr\/clg-trois-mares\/wp-content\/uploads\/sites\/149\/2026\/03\/IMG_1701-2048x1536-1-768x576.jpg 768w, https:\/\/etab.ac-reunion.fr\/clg-trois-mares\/wp-content\/uploads\/sites\/149\/2026\/03\/IMG_1701-2048x1536-1-1536x1152.jpg 1536w, https:\/\/etab.ac-reunion.fr\/clg-trois-mares\/wp-content\/uploads\/sites\/149\/2026\/03\/IMG_1701-2048x1536-1-267x200.jpg 267w, https:\/\/etab.ac-reunion.fr\/clg-trois-mares\/wp-content\/uploads\/sites\/149\/2026\/03\/IMG_1701-2048x1536-1.jpg 2048w\" sizes=\"auto, (max-width: 1024px) 100vw, 1024px\" \/><\/figure>\n\n\n\n<figure class=\"wp-block-image size-large\"><img loading=\"lazy\" decoding=\"async\" width=\"768\" height=\"1024\" data-id=\"2707\" src=\"https:\/\/etab.ac-reunion.fr\/clg-trois-mares\/wp-content\/uploads\/sites\/149\/2026\/03\/2-1536x2048-1-768x1024.jpg\" alt=\"\" class=\"wp-image-2707\" srcset=\"https:\/\/etab.ac-reunion.fr\/clg-trois-mares\/wp-content\/uploads\/sites\/149\/2026\/03\/2-1536x2048-1-768x1024.jpg 768w, https:\/\/etab.ac-reunion.fr\/clg-trois-mares\/wp-content\/uploads\/sites\/149\/2026\/03\/2-1536x2048-1-225x300.jpg 225w, https:\/\/etab.ac-reunion.fr\/clg-trois-mares\/wp-content\/uploads\/sites\/149\/2026\/03\/2-1536x2048-1-1152x1536.jpg 1152w, https:\/\/etab.ac-reunion.fr\/clg-trois-mares\/wp-content\/uploads\/sites\/149\/2026\/03\/2-1536x2048-1-150x200.jpg 150w, https:\/\/etab.ac-reunion.fr\/clg-trois-mares\/wp-content\/uploads\/sites\/149\/2026\/03\/2-1536x2048-1.jpg 1536w\" sizes=\"auto, (max-width: 768px) 100vw, 768px\" \/><\/figure>\n\n\n\n<figure class=\"wp-block-image size-large\"><img loading=\"lazy\" decoding=\"async\" width=\"768\" height=\"1024\" data-id=\"2708\" src=\"https:\/\/etab.ac-reunion.fr\/clg-trois-mares\/wp-content\/uploads\/sites\/149\/2026\/03\/IMG_1787-1536x2048-1-768x1024.jpg\" alt=\"\" class=\"wp-image-2708\" srcset=\"https:\/\/etab.ac-reunion.fr\/clg-trois-mares\/wp-content\/uploads\/sites\/149\/2026\/03\/IMG_1787-1536x2048-1-768x1024.jpg 768w, https:\/\/etab.ac-reunion.fr\/clg-trois-mares\/wp-content\/uploads\/sites\/149\/2026\/03\/IMG_1787-1536x2048-1-225x300.jpg 225w, https:\/\/etab.ac-reunion.fr\/clg-trois-mares\/wp-content\/uploads\/sites\/149\/2026\/03\/IMG_1787-1536x2048-1-1152x1536.jpg 1152w, https:\/\/etab.ac-reunion.fr\/clg-trois-mares\/wp-content\/uploads\/sites\/149\/2026\/03\/IMG_1787-1536x2048-1-150x200.jpg 150w, https:\/\/etab.ac-reunion.fr\/clg-trois-mares\/wp-content\/uploads\/sites\/149\/2026\/03\/IMG_1787-1536x2048-1.jpg 1536w\" sizes=\"auto, (max-width: 768px) 100vw, 768px\" \/><\/figure>\n\n\n\n<figure class=\"wp-block-image size-large\"><img loading=\"lazy\" decoding=\"async\" width=\"768\" height=\"1024\" data-id=\"2709\" src=\"https:\/\/etab.ac-reunion.fr\/clg-trois-mares\/wp-content\/uploads\/sites\/149\/2026\/03\/1-1536x2048-1-768x1024.jpg\" alt=\"\" class=\"wp-image-2709\" srcset=\"https:\/\/etab.ac-reunion.fr\/clg-trois-mares\/wp-content\/uploads\/sites\/149\/2026\/03\/1-1536x2048-1-768x1024.jpg 768w, https:\/\/etab.ac-reunion.fr\/clg-trois-mares\/wp-content\/uploads\/sites\/149\/2026\/03\/1-1536x2048-1-225x300.jpg 225w, https:\/\/etab.ac-reunion.fr\/clg-trois-mares\/wp-content\/uploads\/sites\/149\/2026\/03\/1-1536x2048-1-1152x1536.jpg 1152w, https:\/\/etab.ac-reunion.fr\/clg-trois-mares\/wp-content\/uploads\/sites\/149\/2026\/03\/1-1536x2048-1-150x200.jpg 150w, https:\/\/etab.ac-reunion.fr\/clg-trois-mares\/wp-content\/uploads\/sites\/149\/2026\/03\/1-1536x2048-1.jpg 1536w\" sizes=\"auto, (max-width: 768px) 100vw, 768px\" \/><\/figure>\n\n\n\n<figure class=\"wp-block-image size-large\"><img loading=\"lazy\" decoding=\"async\" width=\"1024\" height=\"768\" data-id=\"2711\" src=\"https:\/\/etab.ac-reunion.fr\/clg-trois-mares\/wp-content\/uploads\/sites\/149\/2026\/03\/4-2048x1536-1-1024x768.jpg\" alt=\"\" class=\"wp-image-2711\" srcset=\"https:\/\/etab.ac-reunion.fr\/clg-trois-mares\/wp-content\/uploads\/sites\/149\/2026\/03\/4-2048x1536-1-1024x768.jpg 1024w, https:\/\/etab.ac-reunion.fr\/clg-trois-mares\/wp-content\/uploads\/sites\/149\/2026\/03\/4-2048x1536-1-300x225.jpg 300w, https:\/\/etab.ac-reunion.fr\/clg-trois-mares\/wp-content\/uploads\/sites\/149\/2026\/03\/4-2048x1536-1-768x576.jpg 768w, https:\/\/etab.ac-reunion.fr\/clg-trois-mares\/wp-content\/uploads\/sites\/149\/2026\/03\/4-2048x1536-1-1536x1152.jpg 1536w, https:\/\/etab.ac-reunion.fr\/clg-trois-mares\/wp-content\/uploads\/sites\/149\/2026\/03\/4-2048x1536-1-267x200.jpg 267w, https:\/\/etab.ac-reunion.fr\/clg-trois-mares\/wp-content\/uploads\/sites\/149\/2026\/03\/4-2048x1536-1.jpg 2048w\" sizes=\"auto, (max-width: 1024px) 100vw, 1024px\" \/><\/figure>\n<\/figure>\n","protected":false},"excerpt":{"rendered":"<p>\u00c0 l&rsquo;occasion de la finale nationale des 24h de l\u2019innovation, le coll\u00e8ge de Trois Mares a pu \u00eatre repr\u00e9sent\u00e9 par Elisa, laur\u00e9ate du concours r\u00e9gional inscrite en classe de 3\u00e8me, accompagn\u00e9e par son professeur de technologie, M. MONIQUE. L&rsquo;\u00e9quipe \u00e9tait constitu\u00e9e d&rsquo;1 coll\u00e9gienne, de 5 lyc\u00e9ens et de 2 \u00e9tudiants &hellip;<\/p>\n","protected":false},"author":35005,"featured_media":0,"parent":0,"menu_order":0,"comment_status":"closed","ping_status":"closed","template":"","meta":{"footnotes":""},"class_list":["post-2703","page","type-page","status-publish","hentry"],"_links":{"self":[{"href":"https:\/\/etab.ac-reunion.fr\/clg-trois-mares\/wp-json\/wp\/v2\/pages\/2703","targetHints":{"allow":["GET"]}}],"collection":[{"href":"https:\/\/etab.ac-reunion.fr\/clg-trois-mares\/wp-json\/wp\/v2\/pages"}],"about":[{"href":"https:\/\/etab.ac-reunion.fr\/clg-trois-mares\/wp-json\/wp\/v2\/types\/page"}],"author":[{"embeddable":true,"href":"https:\/\/etab.ac-reunion.fr\/clg-trois-mares\/wp-json\/wp\/v2\/users\/35005"}],"replies":[{"embeddable":true,"href":"https:\/\/etab.ac-reunion.fr\/clg-trois-mares\/wp-json\/wp\/v2\/comments?post=2703"}],"version-history":[{"count":6,"href":"https:\/\/etab.ac-reunion.fr\/clg-trois-mares\/wp-json\/wp\/v2\/pages\/2703\/revisions"}],"predecessor-version":[{"id":2720,"href":"https:\/\/etab.ac-reunion.fr\/clg-trois-mares\/wp-json\/wp\/v2\/pages\/2703\/revisions\/2720"}],"wp:attachment":[{"href":"https:\/\/etab.ac-reunion.fr\/clg-trois-mares\/wp-json\/wp\/v2\/media?parent=2703"}],"curies":[{"name":"wp","href":"https:\/\/api.w.org\/{rel}","templated":true}]}}