{"id":2723,"date":"2026-03-28T18:16:01","date_gmt":"2026-03-28T14:16:01","guid":{"rendered":"https:\/\/etab.ac-reunion.fr\/clg-trois-mares\/?page_id=2723"},"modified":"2026-03-28T18:16:02","modified_gmt":"2026-03-28T14:16:02","slug":"competition-district-natation-2026","status":"publish","type":"page","link":"https:\/\/etab.ac-reunion.fr\/clg-trois-mares\/competition-district-natation-2026\/","title":{"rendered":"Comp\u00e9tition district natation 2026"},"content":{"rendered":"\n<pre class=\"wp-block-preformatted has-large-font-size\">\u00c0 l'issue de la comp\u00e9tition de natation organis\u00e9e \u00e0 la piscine Roland Garros au mois de f\u00e9vrier 2026, l\u2019\u00e9quipe 1 du coll\u00e8ge de Trois Mares a termin\u00e9 <strong>1\u00e8re<\/strong> et a obtenu la <strong>m\u00e9daille d\u2019or<\/strong> \ud83e\udd47. <br>L\u2019\u00e9quipe 2 du coll\u00e8ge est arriv\u00e9e <strong>2\u00e8me<\/strong> et a obtenu la <strong>m\u00e9daille d\u2019argent<\/strong> \ud83e\udd48.<br>F\u00e9licitations \u00e0 nos brillants athl\u00e8tes pour leur performance \ud83d\udc4f\ud83c\udffc<\/pre>\n\n\n\n<figure class=\"wp-block-image size-full\"><img loading=\"lazy\" decoding=\"async\" width=\"1131\" height=\"1600\" src=\"https:\/\/etab.ac-reunion.fr\/clg-trois-mares\/wp-content\/uploads\/sites\/149\/2026\/03\/PHOTO-2026-03-25-10-09-06.jpg\" alt=\"\" class=\"wp-image-2724\" srcset=\"https:\/\/etab.ac-reunion.fr\/clg-trois-mares\/wp-content\/uploads\/sites\/149\/2026\/03\/PHOTO-2026-03-25-10-09-06.jpg 1131w, https:\/\/etab.ac-reunion.fr\/clg-trois-mares\/wp-content\/uploads\/sites\/149\/2026\/03\/PHOTO-2026-03-25-10-09-06-212x300.jpg 212w, https:\/\/etab.ac-reunion.fr\/clg-trois-mares\/wp-content\/uploads\/sites\/149\/2026\/03\/PHOTO-2026-03-25-10-09-06-724x1024.jpg 724w, https:\/\/etab.ac-reunion.fr\/clg-trois-mares\/wp-content\/uploads\/sites\/149\/2026\/03\/PHOTO-2026-03-25-10-09-06-768x1086.jpg 768w, https:\/\/etab.ac-reunion.fr\/clg-trois-mares\/wp-content\/uploads\/sites\/149\/2026\/03\/PHOTO-2026-03-25-10-09-06-1086x1536.jpg 1086w, https:\/\/etab.ac-reunion.fr\/clg-trois-mares\/wp-content\/uploads\/sites\/149\/2026\/03\/PHOTO-2026-03-25-10-09-06-141x200.jpg 141w\" sizes=\"auto, (max-width: 1131px) 100vw, 1131px\" \/><\/figure>\n","protected":false},"excerpt":{"rendered":"<p>\u00c0 l&rsquo;issue de la comp\u00e9tition de natation organis\u00e9e \u00e0 la piscine Roland Garros au mois de f\u00e9vrier 2026, l\u2019\u00e9quipe 1 du coll\u00e8ge de Trois Mares a termin\u00e9 1\u00e8re et a obtenu la m\u00e9daille d\u2019or \ud83e\udd47. L\u2019\u00e9quipe 2 du coll\u00e8ge est arriv\u00e9e 2\u00e8me et a obtenu la m\u00e9daille d\u2019argent \ud83e\udd48.F\u00e9licitations \u00e0 &hellip;<\/p>\n","protected":false},"author":35005,"featured_media":0,"parent":0,"menu_order":0,"comment_status":"closed","ping_status":"closed","template":"","meta":{"footnotes":""},"class_list":["post-2723","page","type-page","status-publish","hentry"],"_links":{"self":[{"href":"https:\/\/etab.ac-reunion.fr\/clg-trois-mares\/wp-json\/wp\/v2\/pages\/2723","targetHints":{"allow":["GET"]}}],"collection":[{"href":"https:\/\/etab.ac-reunion.fr\/clg-trois-mares\/wp-json\/wp\/v2\/pages"}],"about":[{"href":"https:\/\/etab.ac-reunion.fr\/clg-trois-mares\/wp-json\/wp\/v2\/types\/page"}],"author":[{"embeddable":true,"href":"https:\/\/etab.ac-reunion.fr\/clg-trois-mares\/wp-json\/wp\/v2\/users\/35005"}],"replies":[{"embeddable":true,"href":"https:\/\/etab.ac-reunion.fr\/clg-trois-mares\/wp-json\/wp\/v2\/comments?post=2723"}],"version-history":[{"count":1,"href":"https:\/\/etab.ac-reunion.fr\/clg-trois-mares\/wp-json\/wp\/v2\/pages\/2723\/revisions"}],"predecessor-version":[{"id":2725,"href":"https:\/\/etab.ac-reunion.fr\/clg-trois-mares\/wp-json\/wp\/v2\/pages\/2723\/revisions\/2725"}],"wp:attachment":[{"href":"https:\/\/etab.ac-reunion.fr\/clg-trois-mares\/wp-json\/wp\/v2\/media?parent=2723"}],"curies":[{"name":"wp","href":"https:\/\/api.w.org\/{rel}","templated":true}]}}