{"id":2728,"date":"2026-04-12T14:27:55","date_gmt":"2026-04-12T10:27:55","guid":{"rendered":"https:\/\/etab.ac-reunion.fr\/clg-trois-mares\/?page_id=2728"},"modified":"2026-04-12T14:34:13","modified_gmt":"2026-04-12T10:34:13","slug":"visite-du-lycee-schoelcher-de-saint-louis-mars-2026","status":"publish","type":"page","link":"https:\/\/etab.ac-reunion.fr\/clg-trois-mares\/visite-du-lycee-schoelcher-de-saint-louis-mars-2026\/","title":{"rendered":"Visite du lyc\u00e9e Schoelcher de Saint-Louis\u00a0&#8211; mars 2026"},"content":{"rendered":"\n<p class=\"has-large-font-size\">Dans le cadre de la Semaine des m\u00e9tiers du soin et de l\u2019accompagnement social 2026, organis\u00e9e du 30 mars au 3 avril 2026, des \u00e9l\u00e8ves de 4\u1d49&nbsp;et de 3\u1d49&nbsp;du coll\u00e8ge ont particip\u00e9 \u00e0 une sortie au Lyc\u00e9e Schoelcher.<\/p>\n\n\n\n<p class=\"has-large-font-size\">Cette semaine nationale, port\u00e9e par France Travail et ses partenaires, vise \u00e0 faire d\u00e9couvrir les m\u00e9tiers du soin et de l\u2019accompagnement social \u00e0 travers diverses actions : portes ouvertes, rencontres avec des professionnels et ateliers de d\u00e9couverte.<\/p>\n\n\n\n<p class=\"has-large-font-size\">Lors de cette visite, les \u00e9l\u00e8ves ont pu explorer concr\u00e8tement plusieurs professions essentielles du secteur (aide-soignant, infirmier, \u00e9ducateur sp\u00e9cialis\u00e9, etc.), qui jouent un r\u00f4le central dans l\u2019accompagnement des personnes tout au long de leur vie. Ils ont \u00e9galement pris conscience des qualit\u00e9s humaines indispensables \u00e0 ces m\u00e9tiers : \u00e9coute, empathie, patience et sens de l\u2019engagement.<\/p>\n\n\n\n<p class=\"has-large-font-size\">Tr\u00e8s appr\u00e9ci\u00e9e, la visite a \u00e9t\u00e9 rythm\u00e9e par des ateliers de d\u00e9monstration anim\u00e9s par les \u00e9l\u00e8ves du lyc\u00e9e ainsi que par des \u00e9changes enrichissants avec des professionnels. Ces moments ont permis aux coll\u00e9giens de mieux comprendre les formations propos\u00e9es et de r\u00e9fl\u00e9chir \u00e0 leur orientation, en d\u00e9couvrant des m\u00e9tiers susceptibles de correspondre \u00e0 leurs aspirations.<\/p>\n\n\n\n<p class=\"has-text-align-right has-large-font-size\"><strong>S. ROSKOSZ<\/strong><\/p>\n\n\n\n<div style=\"height:64px\" aria-hidden=\"true\" class=\"wp-block-spacer\"><\/div>\n\n\n\n<figure class=\"wp-block-image size-large\"><img loading=\"lazy\" decoding=\"async\" width=\"1024\" height=\"768\" src=\"https:\/\/etab.ac-reunion.fr\/clg-trois-mares\/wp-content\/uploads\/sites\/149\/2026\/04\/A3A82EB7-31BC-4D77-8492-2BFF15DF0B60-1024x768.jpeg\" alt=\"\" class=\"wp-image-2738\" srcset=\"https:\/\/etab.ac-reunion.fr\/clg-trois-mares\/wp-content\/uploads\/sites\/149\/2026\/04\/A3A82EB7-31BC-4D77-8492-2BFF15DF0B60-1024x768.jpeg 1024w, https:\/\/etab.ac-reunion.fr\/clg-trois-mares\/wp-content\/uploads\/sites\/149\/2026\/04\/A3A82EB7-31BC-4D77-8492-2BFF15DF0B60-300x225.jpeg 300w, https:\/\/etab.ac-reunion.fr\/clg-trois-mares\/wp-content\/uploads\/sites\/149\/2026\/04\/A3A82EB7-31BC-4D77-8492-2BFF15DF0B60-768x576.jpeg 768w, https:\/\/etab.ac-reunion.fr\/clg-trois-mares\/wp-content\/uploads\/sites\/149\/2026\/04\/A3A82EB7-31BC-4D77-8492-2BFF15DF0B60-267x200.jpeg 267w, https:\/\/etab.ac-reunion.fr\/clg-trois-mares\/wp-content\/uploads\/sites\/149\/2026\/04\/A3A82EB7-31BC-4D77-8492-2BFF15DF0B60.jpeg 1182w\" sizes=\"auto, (max-width: 1024px) 100vw, 1024px\" \/><\/figure>\n\n\n\n<div style=\"height:13px\" aria-hidden=\"true\" class=\"wp-block-spacer\"><\/div>\n\n\n\n<figure class=\"wp-block-gallery has-nested-images columns-default is-cropped wp-block-gallery-1 is-layout-flex wp-block-gallery-is-layout-flex\">\n<figure class=\"wp-block-image size-large\"><img loading=\"lazy\" decoding=\"async\" width=\"769\" height=\"1024\" data-id=\"2732\" src=\"https:\/\/etab.ac-reunion.fr\/clg-trois-mares\/wp-content\/uploads\/sites\/149\/2026\/04\/6D373E7E-11A9-499F-9277-A58B7BB168BB-769x1024.jpeg\" alt=\"\" class=\"wp-image-2732\" srcset=\"https:\/\/etab.ac-reunion.fr\/clg-trois-mares\/wp-content\/uploads\/sites\/149\/2026\/04\/6D373E7E-11A9-499F-9277-A58B7BB168BB-769x1024.jpeg 769w, https:\/\/etab.ac-reunion.fr\/clg-trois-mares\/wp-content\/uploads\/sites\/149\/2026\/04\/6D373E7E-11A9-499F-9277-A58B7BB168BB-225x300.jpeg 225w, https:\/\/etab.ac-reunion.fr\/clg-trois-mares\/wp-content\/uploads\/sites\/149\/2026\/04\/6D373E7E-11A9-499F-9277-A58B7BB168BB-768x1023.jpeg 768w, https:\/\/etab.ac-reunion.fr\/clg-trois-mares\/wp-content\/uploads\/sites\/149\/2026\/04\/6D373E7E-11A9-499F-9277-A58B7BB168BB-1153x1536.jpeg 1153w, https:\/\/etab.ac-reunion.fr\/clg-trois-mares\/wp-content\/uploads\/sites\/149\/2026\/04\/6D373E7E-11A9-499F-9277-A58B7BB168BB-150x200.jpeg 150w, https:\/\/etab.ac-reunion.fr\/clg-trois-mares\/wp-content\/uploads\/sites\/149\/2026\/04\/6D373E7E-11A9-499F-9277-A58B7BB168BB.jpeg 1180w\" sizes=\"auto, (max-width: 769px) 100vw, 769px\" \/><\/figure>\n\n\n\n<figure class=\"wp-block-image size-large\"><img loading=\"lazy\" decoding=\"async\" width=\"769\" height=\"1024\" data-id=\"2739\" src=\"https:\/\/etab.ac-reunion.fr\/clg-trois-mares\/wp-content\/uploads\/sites\/149\/2026\/04\/65D9B6DE-5B6A-4EA2-A1DF-DEB340C2D63B-769x1024.jpeg\" alt=\"\" class=\"wp-image-2739\" srcset=\"https:\/\/etab.ac-reunion.fr\/clg-trois-mares\/wp-content\/uploads\/sites\/149\/2026\/04\/65D9B6DE-5B6A-4EA2-A1DF-DEB340C2D63B-769x1024.jpeg 769w, https:\/\/etab.ac-reunion.fr\/clg-trois-mares\/wp-content\/uploads\/sites\/149\/2026\/04\/65D9B6DE-5B6A-4EA2-A1DF-DEB340C2D63B-225x300.jpeg 225w, https:\/\/etab.ac-reunion.fr\/clg-trois-mares\/wp-content\/uploads\/sites\/149\/2026\/04\/65D9B6DE-5B6A-4EA2-A1DF-DEB340C2D63B-768x1023.jpeg 768w, https:\/\/etab.ac-reunion.fr\/clg-trois-mares\/wp-content\/uploads\/sites\/149\/2026\/04\/65D9B6DE-5B6A-4EA2-A1DF-DEB340C2D63B-1153x1536.jpeg 1153w, https:\/\/etab.ac-reunion.fr\/clg-trois-mares\/wp-content\/uploads\/sites\/149\/2026\/04\/65D9B6DE-5B6A-4EA2-A1DF-DEB340C2D63B-150x200.jpeg 150w, https:\/\/etab.ac-reunion.fr\/clg-trois-mares\/wp-content\/uploads\/sites\/149\/2026\/04\/65D9B6DE-5B6A-4EA2-A1DF-DEB340C2D63B.jpeg 1180w\" sizes=\"auto, (max-width: 769px) 100vw, 769px\" \/><\/figure>\n<\/figure>\n\n\n\n<figure class=\"wp-block-image size-large\"><img loading=\"lazy\" decoding=\"async\" width=\"1024\" height=\"1024\" src=\"https:\/\/etab.ac-reunion.fr\/clg-trois-mares\/wp-content\/uploads\/sites\/149\/2026\/04\/IMG_4413-1024x1024.jpeg\" alt=\"\" class=\"wp-image-2733\" srcset=\"https:\/\/etab.ac-reunion.fr\/clg-trois-mares\/wp-content\/uploads\/sites\/149\/2026\/04\/IMG_4413-1024x1024.jpeg 1024w, https:\/\/etab.ac-reunion.fr\/clg-trois-mares\/wp-content\/uploads\/sites\/149\/2026\/04\/IMG_4413-300x300.jpeg 300w, https:\/\/etab.ac-reunion.fr\/clg-trois-mares\/wp-content\/uploads\/sites\/149\/2026\/04\/IMG_4413-150x150.jpeg 150w, https:\/\/etab.ac-reunion.fr\/clg-trois-mares\/wp-content\/uploads\/sites\/149\/2026\/04\/IMG_4413-768x768.jpeg 768w, https:\/\/etab.ac-reunion.fr\/clg-trois-mares\/wp-content\/uploads\/sites\/149\/2026\/04\/IMG_4413-1536x1536.jpeg 1536w, https:\/\/etab.ac-reunion.fr\/clg-trois-mares\/wp-content\/uploads\/sites\/149\/2026\/04\/IMG_4413-2048x2048.jpeg 2048w, https:\/\/etab.ac-reunion.fr\/clg-trois-mares\/wp-content\/uploads\/sites\/149\/2026\/04\/IMG_4413-200x200.jpeg 200w\" sizes=\"auto, (max-width: 1024px) 100vw, 1024px\" \/><\/figure>\n\n\n\n<figure class=\"wp-block-image size-large\"><img loading=\"lazy\" decoding=\"async\" width=\"1024\" height=\"1024\" src=\"https:\/\/etab.ac-reunion.fr\/clg-trois-mares\/wp-content\/uploads\/sites\/149\/2026\/04\/IMG_4419-1024x1024.jpeg\" alt=\"\" class=\"wp-image-2735\" srcset=\"https:\/\/etab.ac-reunion.fr\/clg-trois-mares\/wp-content\/uploads\/sites\/149\/2026\/04\/IMG_4419-1024x1024.jpeg 1024w, https:\/\/etab.ac-reunion.fr\/clg-trois-mares\/wp-content\/uploads\/sites\/149\/2026\/04\/IMG_4419-300x300.jpeg 300w, https:\/\/etab.ac-reunion.fr\/clg-trois-mares\/wp-content\/uploads\/sites\/149\/2026\/04\/IMG_4419-150x150.jpeg 150w, https:\/\/etab.ac-reunion.fr\/clg-trois-mares\/wp-content\/uploads\/sites\/149\/2026\/04\/IMG_4419-768x768.jpeg 768w, https:\/\/etab.ac-reunion.fr\/clg-trois-mares\/wp-content\/uploads\/sites\/149\/2026\/04\/IMG_4419-1536x1536.jpeg 1536w, https:\/\/etab.ac-reunion.fr\/clg-trois-mares\/wp-content\/uploads\/sites\/149\/2026\/04\/IMG_4419-2048x2048.jpeg 2048w, https:\/\/etab.ac-reunion.fr\/clg-trois-mares\/wp-content\/uploads\/sites\/149\/2026\/04\/IMG_4419-200x200.jpeg 200w\" sizes=\"auto, (max-width: 1024px) 100vw, 1024px\" \/><\/figure>\n\n\n\n<figure class=\"wp-block-image size-large\"><img loading=\"lazy\" decoding=\"async\" width=\"1024\" height=\"1024\" src=\"https:\/\/etab.ac-reunion.fr\/clg-trois-mares\/wp-content\/uploads\/sites\/149\/2026\/04\/IMG_4440-1024x1024.jpeg\" alt=\"\" class=\"wp-image-2736\" srcset=\"https:\/\/etab.ac-reunion.fr\/clg-trois-mares\/wp-content\/uploads\/sites\/149\/2026\/04\/IMG_4440-1024x1024.jpeg 1024w, https:\/\/etab.ac-reunion.fr\/clg-trois-mares\/wp-content\/uploads\/sites\/149\/2026\/04\/IMG_4440-300x300.jpeg 300w, https:\/\/etab.ac-reunion.fr\/clg-trois-mares\/wp-content\/uploads\/sites\/149\/2026\/04\/IMG_4440-150x150.jpeg 150w, https:\/\/etab.ac-reunion.fr\/clg-trois-mares\/wp-content\/uploads\/sites\/149\/2026\/04\/IMG_4440-768x768.jpeg 768w, https:\/\/etab.ac-reunion.fr\/clg-trois-mares\/wp-content\/uploads\/sites\/149\/2026\/04\/IMG_4440-1536x1536.jpeg 1536w, https:\/\/etab.ac-reunion.fr\/clg-trois-mares\/wp-content\/uploads\/sites\/149\/2026\/04\/IMG_4440-2048x2048.jpeg 2048w, https:\/\/etab.ac-reunion.fr\/clg-trois-mares\/wp-content\/uploads\/sites\/149\/2026\/04\/IMG_4440-200x200.jpeg 200w\" sizes=\"auto, (max-width: 1024px) 100vw, 1024px\" \/><\/figure>\n","protected":false},"excerpt":{"rendered":"<p>Dans le cadre de la Semaine des m\u00e9tiers du soin et de l\u2019accompagnement social 2026, organis\u00e9e du 30 mars au 3 avril 2026, des \u00e9l\u00e8ves de 4\u1d49&nbsp;et de 3\u1d49&nbsp;du coll\u00e8ge ont particip\u00e9 \u00e0 une sortie au Lyc\u00e9e Schoelcher. Cette semaine nationale, port\u00e9e par France Travail et ses partenaires, vise \u00e0 &hellip;<\/p>\n","protected":false},"author":35005,"featured_media":0,"parent":0,"menu_order":0,"comment_status":"closed","ping_status":"closed","template":"","meta":{"footnotes":""},"class_list":["post-2728","page","type-page","status-publish","hentry"],"_links":{"self":[{"href":"https:\/\/etab.ac-reunion.fr\/clg-trois-mares\/wp-json\/wp\/v2\/pages\/2728","targetHints":{"allow":["GET"]}}],"collection":[{"href":"https:\/\/etab.ac-reunion.fr\/clg-trois-mares\/wp-json\/wp\/v2\/pages"}],"about":[{"href":"https:\/\/etab.ac-reunion.fr\/clg-trois-mares\/wp-json\/wp\/v2\/types\/page"}],"author":[{"embeddable":true,"href":"https:\/\/etab.ac-reunion.fr\/clg-trois-mares\/wp-json\/wp\/v2\/users\/35005"}],"replies":[{"embeddable":true,"href":"https:\/\/etab.ac-reunion.fr\/clg-trois-mares\/wp-json\/wp\/v2\/comments?post=2728"}],"version-history":[{"count":4,"href":"https:\/\/etab.ac-reunion.fr\/clg-trois-mares\/wp-json\/wp\/v2\/pages\/2728\/revisions"}],"predecessor-version":[{"id":2742,"href":"https:\/\/etab.ac-reunion.fr\/clg-trois-mares\/wp-json\/wp\/v2\/pages\/2728\/revisions\/2742"}],"wp:attachment":[{"href":"https:\/\/etab.ac-reunion.fr\/clg-trois-mares\/wp-json\/wp\/v2\/media?parent=2728"}],"curies":[{"name":"wp","href":"https:\/\/api.w.org\/{rel}","templated":true}]}}