{"id":2773,"date":"2026-04-28T07:13:47","date_gmt":"2026-04-28T03:13:47","guid":{"rendered":"https:\/\/etab.ac-reunion.fr\/clg-trois-mares\/?page_id=2773"},"modified":"2026-04-28T07:19:16","modified_gmt":"2026-04-28T03:19:16","slug":"exposicion-contra-el-acoso","status":"publish","type":"page","link":"https:\/\/etab.ac-reunion.fr\/clg-trois-mares\/exposicion-contra-el-acoso\/","title":{"rendered":"Exposici\u00f3n contra el acoso"},"content":{"rendered":"\n<p class=\"has-large-font-size\">Dans le cadre des cours d\u2019espagnol LV2, les \u00e9l\u00e8ves de 4\u00e8me ont men\u00e9 un projet collectif autour d\u2019un th\u00e8me essentiel : <strong>la lutte contre le harc\u00e8lement<\/strong>. Par groupes, ils ont r\u00e9fl\u00e9chi aux diff\u00e9rentes formes que peut prendre ce ph\u00e9nom\u00e8ne et ont imagin\u00e9 des messages de sensibilisation destin\u00e9s \u00e0 leurs camarades.<\/p>\n\n\n\n<p class=\"has-large-font-size\">Ce travail a donn\u00e9 lieu \u00e0 la cr\u00e9ation d\u2019affiches engag\u00e9es, m\u00ealant cr\u00e9ativit\u00e9, expression en langue espagnole et prise de conscience citoyenne. \u00c0 travers des slogans et des images, les \u00e9l\u00e8ves ont souhait\u00e9 transmettre des messages forts en faveur du respect, de la solidarit\u00e9 et du vivre-ensemble.<\/p>\n\n\n\n<p class=\"has-text-align-right has-large-font-size\"><strong>Paola Cocquempot-Pertuz<\/strong><\/p>\n\n\n\n<div style=\"height:44px\" aria-hidden=\"true\" class=\"wp-block-spacer\"><\/div>\n\n\n\n<figure class=\"wp-block-gallery aligncenter has-nested-images columns-default is-cropped wp-block-gallery-1 is-layout-flex wp-block-gallery-is-layout-flex\"><div class=\"wp-block-image\">\n<figure class=\"aligncenter size-full\"><img loading=\"lazy\" decoding=\"async\" width=\"810\" height=\"1012\" data-id=\"2776\" src=\"https:\/\/etab.ac-reunion.fr\/clg-trois-mares\/wp-content\/uploads\/sites\/149\/2026\/04\/Expo-EL-ACOSO.jpg\" alt=\"\" class=\"wp-image-2776\" srcset=\"https:\/\/etab.ac-reunion.fr\/clg-trois-mares\/wp-content\/uploads\/sites\/149\/2026\/04\/Expo-EL-ACOSO.jpg 810w, https:\/\/etab.ac-reunion.fr\/clg-trois-mares\/wp-content\/uploads\/sites\/149\/2026\/04\/Expo-EL-ACOSO-240x300.jpg 240w, https:\/\/etab.ac-reunion.fr\/clg-trois-mares\/wp-content\/uploads\/sites\/149\/2026\/04\/Expo-EL-ACOSO-768x960.jpg 768w, https:\/\/etab.ac-reunion.fr\/clg-trois-mares\/wp-content\/uploads\/sites\/149\/2026\/04\/Expo-EL-ACOSO-160x200.jpg 160w\" sizes=\"auto, (max-width: 810px) 100vw, 810px\" \/><\/figure>\n<\/div>\n\n<div class=\"wp-block-image\">\n<figure class=\"aligncenter size-full\"><img loading=\"lazy\" decoding=\"async\" width=\"810\" height=\"1012\" data-id=\"2777\" src=\"https:\/\/etab.ac-reunion.fr\/clg-trois-mares\/wp-content\/uploads\/sites\/149\/2026\/04\/Expo-EL-ACOSO-bis.jpg\" alt=\"\" class=\"wp-image-2777\" srcset=\"https:\/\/etab.ac-reunion.fr\/clg-trois-mares\/wp-content\/uploads\/sites\/149\/2026\/04\/Expo-EL-ACOSO-bis.jpg 810w, https:\/\/etab.ac-reunion.fr\/clg-trois-mares\/wp-content\/uploads\/sites\/149\/2026\/04\/Expo-EL-ACOSO-bis-240x300.jpg 240w, https:\/\/etab.ac-reunion.fr\/clg-trois-mares\/wp-content\/uploads\/sites\/149\/2026\/04\/Expo-EL-ACOSO-bis-768x960.jpg 768w, https:\/\/etab.ac-reunion.fr\/clg-trois-mares\/wp-content\/uploads\/sites\/149\/2026\/04\/Expo-EL-ACOSO-bis-160x200.jpg 160w\" sizes=\"auto, (max-width: 810px) 100vw, 810px\" \/><\/figure>\n<\/div><\/figure>\n","protected":false},"excerpt":{"rendered":"<p>Dans le cadre des cours d\u2019espagnol LV2, les \u00e9l\u00e8ves de 4\u00e8me ont men\u00e9 un projet collectif autour d\u2019un th\u00e8me essentiel : la lutte contre le harc\u00e8lement. Par groupes, ils ont r\u00e9fl\u00e9chi aux diff\u00e9rentes formes que peut prendre ce ph\u00e9nom\u00e8ne et ont imagin\u00e9 des messages de sensibilisation destin\u00e9s \u00e0 leurs camarades. &hellip;<\/p>\n","protected":false},"author":35005,"featured_media":0,"parent":0,"menu_order":0,"comment_status":"closed","ping_status":"closed","template":"","meta":{"footnotes":""},"class_list":["post-2773","page","type-page","status-publish","hentry"],"_links":{"self":[{"href":"https:\/\/etab.ac-reunion.fr\/clg-trois-mares\/wp-json\/wp\/v2\/pages\/2773","targetHints":{"allow":["GET"]}}],"collection":[{"href":"https:\/\/etab.ac-reunion.fr\/clg-trois-mares\/wp-json\/wp\/v2\/pages"}],"about":[{"href":"https:\/\/etab.ac-reunion.fr\/clg-trois-mares\/wp-json\/wp\/v2\/types\/page"}],"author":[{"embeddable":true,"href":"https:\/\/etab.ac-reunion.fr\/clg-trois-mares\/wp-json\/wp\/v2\/users\/35005"}],"replies":[{"embeddable":true,"href":"https:\/\/etab.ac-reunion.fr\/clg-trois-mares\/wp-json\/wp\/v2\/comments?post=2773"}],"version-history":[{"count":6,"href":"https:\/\/etab.ac-reunion.fr\/clg-trois-mares\/wp-json\/wp\/v2\/pages\/2773\/revisions"}],"predecessor-version":[{"id":2783,"href":"https:\/\/etab.ac-reunion.fr\/clg-trois-mares\/wp-json\/wp\/v2\/pages\/2773\/revisions\/2783"}],"wp:attachment":[{"href":"https:\/\/etab.ac-reunion.fr\/clg-trois-mares\/wp-json\/wp\/v2\/media?parent=2773"}],"curies":[{"name":"wp","href":"https:\/\/api.w.org\/{rel}","templated":true}]}}