{"id":2794,"date":"2026-05-03T15:12:06","date_gmt":"2026-05-03T11:12:06","guid":{"rendered":"https:\/\/etab.ac-reunion.fr\/clg-trois-mares\/?page_id=2794"},"modified":"2026-05-03T15:15:30","modified_gmt":"2026-05-03T11:15:30","slug":"correspondants-dallemagne","status":"publish","type":"page","link":"https:\/\/etab.ac-reunion.fr\/clg-trois-mares\/correspondants-dallemagne\/","title":{"rendered":"Correspondants d&rsquo;Allemagne"},"content":{"rendered":"\n<p class=\"has-large-font-size\">Dans un mois tout pile, le coll\u00e8ge de Trois Mares se met \u00e0 l&rsquo;heure allemande !&nbsp; Nous sommes impatients d&rsquo;accueillir nos correspondants de l&rsquo;\u00e9cole de Kiel pour cet \u00e9change !<\/p>\n\n\n\n<p class=\"has-large-font-size\">Il est temps de chauffer vos claviers. \u00c9crivez \u00e0 vos correspondants pour leur dire \u00e0 quel point vous avez h\u00e2te de les recevoir. C&rsquo;est le moment de leur donner un avant-go\u00fbt de l&rsquo;accueil r\u00e9unionnais !<\/p>\n\n\n\n<p class=\"has-large-font-size\">On a h\u00e2te, et vous ?<\/p>\n\n\n\n<p class=\"has-text-align-right has-large-font-size\"><strong>S. ROSKOSZ<\/strong><\/p>\n\n\n<div class=\"wp-block-image\">\n<figure class=\"aligncenter size-large\"><img loading=\"lazy\" decoding=\"async\" width=\"819\" height=\"1024\" src=\"https:\/\/etab.ac-reunion.fr\/clg-trois-mares\/wp-content\/uploads\/sites\/149\/2026\/05\/1-819x1024.jpg\" alt=\"\" class=\"wp-image-2795\" srcset=\"https:\/\/etab.ac-reunion.fr\/clg-trois-mares\/wp-content\/uploads\/sites\/149\/2026\/05\/1-819x1024.jpg 819w, https:\/\/etab.ac-reunion.fr\/clg-trois-mares\/wp-content\/uploads\/sites\/149\/2026\/05\/1-240x300.jpg 240w, https:\/\/etab.ac-reunion.fr\/clg-trois-mares\/wp-content\/uploads\/sites\/149\/2026\/05\/1-768x960.jpg 768w, https:\/\/etab.ac-reunion.fr\/clg-trois-mares\/wp-content\/uploads\/sites\/149\/2026\/05\/1-160x200.jpg 160w, https:\/\/etab.ac-reunion.fr\/clg-trois-mares\/wp-content\/uploads\/sites\/149\/2026\/05\/1.jpg 1080w\" sizes=\"auto, (max-width: 819px) 100vw, 819px\" \/><\/figure>\n<\/div>\n\n<div class=\"wp-block-image\">\n<figure class=\"aligncenter size-large\"><img loading=\"lazy\" decoding=\"async\" width=\"819\" height=\"1024\" src=\"https:\/\/etab.ac-reunion.fr\/clg-trois-mares\/wp-content\/uploads\/sites\/149\/2026\/05\/3-copie-819x1024.jpg\" alt=\"\" class=\"wp-image-2797\" srcset=\"https:\/\/etab.ac-reunion.fr\/clg-trois-mares\/wp-content\/uploads\/sites\/149\/2026\/05\/3-copie-819x1024.jpg 819w, https:\/\/etab.ac-reunion.fr\/clg-trois-mares\/wp-content\/uploads\/sites\/149\/2026\/05\/3-copie-240x300.jpg 240w, https:\/\/etab.ac-reunion.fr\/clg-trois-mares\/wp-content\/uploads\/sites\/149\/2026\/05\/3-copie-768x960.jpg 768w, https:\/\/etab.ac-reunion.fr\/clg-trois-mares\/wp-content\/uploads\/sites\/149\/2026\/05\/3-copie-160x200.jpg 160w, https:\/\/etab.ac-reunion.fr\/clg-trois-mares\/wp-content\/uploads\/sites\/149\/2026\/05\/3-copie.jpg 1080w\" sizes=\"auto, (max-width: 819px) 100vw, 819px\" \/><\/figure>\n<\/div>\n\n<div class=\"wp-block-image\">\n<figure class=\"aligncenter size-large\"><img loading=\"lazy\" decoding=\"async\" width=\"819\" height=\"1024\" src=\"https:\/\/etab.ac-reunion.fr\/clg-trois-mares\/wp-content\/uploads\/sites\/149\/2026\/05\/2-copie-819x1024.jpg\" alt=\"\" class=\"wp-image-2796\" srcset=\"https:\/\/etab.ac-reunion.fr\/clg-trois-mares\/wp-content\/uploads\/sites\/149\/2026\/05\/2-copie-819x1024.jpg 819w, https:\/\/etab.ac-reunion.fr\/clg-trois-mares\/wp-content\/uploads\/sites\/149\/2026\/05\/2-copie-240x300.jpg 240w, https:\/\/etab.ac-reunion.fr\/clg-trois-mares\/wp-content\/uploads\/sites\/149\/2026\/05\/2-copie-768x960.jpg 768w, https:\/\/etab.ac-reunion.fr\/clg-trois-mares\/wp-content\/uploads\/sites\/149\/2026\/05\/2-copie-160x200.jpg 160w, https:\/\/etab.ac-reunion.fr\/clg-trois-mares\/wp-content\/uploads\/sites\/149\/2026\/05\/2-copie.jpg 1080w\" sizes=\"auto, (max-width: 819px) 100vw, 819px\" \/><\/figure>\n<\/div>","protected":false},"excerpt":{"rendered":"<p>Dans un mois tout pile, le coll\u00e8ge de Trois Mares se met \u00e0 l&rsquo;heure allemande !&nbsp; Nous sommes impatients d&rsquo;accueillir nos correspondants de l&rsquo;\u00e9cole de Kiel pour cet \u00e9change ! Il est temps de chauffer vos claviers. \u00c9crivez \u00e0 vos correspondants pour leur dire \u00e0 quel point vous avez h\u00e2te &hellip;<\/p>\n","protected":false},"author":35005,"featured_media":0,"parent":0,"menu_order":0,"comment_status":"closed","ping_status":"closed","template":"","meta":{"footnotes":""},"class_list":["post-2794","page","type-page","status-publish","hentry"],"_links":{"self":[{"href":"https:\/\/etab.ac-reunion.fr\/clg-trois-mares\/wp-json\/wp\/v2\/pages\/2794","targetHints":{"allow":["GET"]}}],"collection":[{"href":"https:\/\/etab.ac-reunion.fr\/clg-trois-mares\/wp-json\/wp\/v2\/pages"}],"about":[{"href":"https:\/\/etab.ac-reunion.fr\/clg-trois-mares\/wp-json\/wp\/v2\/types\/page"}],"author":[{"embeddable":true,"href":"https:\/\/etab.ac-reunion.fr\/clg-trois-mares\/wp-json\/wp\/v2\/users\/35005"}],"replies":[{"embeddable":true,"href":"https:\/\/etab.ac-reunion.fr\/clg-trois-mares\/wp-json\/wp\/v2\/comments?post=2794"}],"version-history":[{"count":3,"href":"https:\/\/etab.ac-reunion.fr\/clg-trois-mares\/wp-json\/wp\/v2\/pages\/2794\/revisions"}],"predecessor-version":[{"id":2802,"href":"https:\/\/etab.ac-reunion.fr\/clg-trois-mares\/wp-json\/wp\/v2\/pages\/2794\/revisions\/2802"}],"wp:attachment":[{"href":"https:\/\/etab.ac-reunion.fr\/clg-trois-mares\/wp-json\/wp\/v2\/media?parent=2794"}],"curies":[{"name":"wp","href":"https:\/\/api.w.org\/{rel}","templated":true}]}}