{"id":482,"date":"2020-03-17T15:03:05","date_gmt":"2020-03-17T11:03:05","guid":{"rendered":"http:\/\/college-trois-mares.ac-reunion.fr\/?page_id=482"},"modified":"2020-04-03T11:29:41","modified_gmt":"2020-04-03T07:29:41","slug":"continuite-pedagogique","status":"publish","type":"page","link":"https:\/\/etab.ac-reunion.fr\/clg-trois-mares\/continuite-pedagogique\/","title":{"rendered":"Continuit\u00e9 P\u00e9dagogique"},"content":{"rendered":"\n<p>Madame, Monsieur.<\/p>\n\n\n\n<p>Vous le savez d\u00e9j\u00e0, le coll\u00e8ge n\u2019ouvrira pas ses portes aux \u00e9l\u00e8ves comme pr\u00e9vu le lundi 23 mars 2020.<\/p>\n\n\n\n<p>Lors de ce confinement, qui va durer plusieurs semaines, voire plus d\u2019un mois, nous devrons assurer une continuit\u00e9 p\u00e9dagogique pour les \u00e9l\u00e8ves. C\u2019est un d\u00e9fi avec un mode d\u2019enseignement que nous n\u2019avons jamais assur\u00e9 jusqu\u2019\u00e0 pr\u00e9sent \u00e0 une telle \u00e9chelle.<\/p>\n\n\n\n<p>A la R\u00e9union, nous avons la \u00ab&nbsp;chance&nbsp;\u00bb d\u2019\u00eatre en vacances encore cette semaine. Ce laps de temps suppl\u00e9mentaire va nous permettre de mieux nous pr\u00e9parer et de profiter du retour d\u2019exp\u00e9rience des \u00e9tablissements scolaires de la M\u00e9tropole.<\/p>\n\n\n\n<p>Nous r\u00e9fl\u00e9chissons d\u00e9j\u00e0 aux diff\u00e9rents services que nous pourrons vous proposer via internet pour ceux qui peuvent se connecter, via des documents papiers pour les autres.<\/p>\n\n\n\n<p>Nous utiliserons dans un 1<sup>er<\/sup>&nbsp;temps deux applications&nbsp;:&nbsp;<\/p>\n\n\n\n<p><strong>&#8211; Pronote<\/strong>, avec des cours et des devoirs donn\u00e9s par les professeurs du coll\u00e8ge,<\/p>\n\n\n\n<p>&#8211;&nbsp;<strong>Ma classe \u00e0 la maison<\/strong>, propos\u00e9e par le CNED, avec des r\u00e9visions et des cours con\u00e7us par le CNED.<\/p>\n\n\n\n<blockquote class=\"wp-block-quote is-layout-flow wp-block-quote-is-layout-flow\"><p>Ma classe \u00e0 la maison : <a href=\"https:\/\/college.cned.fr\/login\/index.php\">https:\/\/college.cned.fr\/login\/index.php<\/a><\/p><p><a href=\"https:\/\/youtu.be\/Ebs8iNPFWao\">Tutoriel de connexion<\/a><\/p><\/blockquote>\n\n\n\n<p>Plus tard certains enseignants pourront utiliser des outils tels qu\u2019une \u00ab&nbsp;classe virtuelle&nbsp;\u00bb.<\/p>\n\n\n\n<p>Pour l\u2019instant, nous devons nous assurer qu\u2019un maximum de parents poss\u00e8de leur code metice.&nbsp;<\/p>\n\n\n\n<p>Si vous n\u2019avez pas les codes n\u00e9cessaires, faites une demande avec le lien&nbsp;&nbsp;<a href=\"https:\/\/etab.ac-reunion.fr\/clg-trois-mares\/demande-de-code-dacces-a-metice\/\">https:\/\/etab.ac-reunion.fr\/clg-trois-mares\/demande-de-code-dacces-a-metice\/<\/a>&nbsp;&nbsp;ou directement sur le site du coll\u00e8ge&nbsp;<\/p>\n\n\n\n<p>Nous allons tester aupr\u00e8s des \u00e9l\u00e8ves qui ont quasiment tous leurs identifiant et code coll\u00e9s dans leur carnet de liaison, leur capacit\u00e9 \u00e0 recevoir et lire les informations.<\/p>\n\n\n\n<p>Un sondage \u00ab&nbsp;Pr\u00e9paration \u00e0 la continuit\u00e9 p\u00e9dagogique&nbsp;\u00bb leur a \u00e9t\u00e9 envoy\u00e9 sur Pronote.<\/p>\n\n\n\n<p>Vous serez r\u00e9guli\u00e8rement inform\u00e9s via PRONOTE dans metice et le site du coll\u00e8ge&nbsp;&nbsp;<a href=\"https:\/\/etab.ac-reunion.fr\/clg-trois-mares\/\">https:\/\/etab.ac-reunion.fr\/clg-trois-mares\/<\/a><\/p>\n\n\n\n<p>Bon courage \u00e0 tous.<\/p>\n\n\n\n<p>Bien cordialement.<\/p>\n\n\n\n<p>Jean-Marie Bourgeois<br>Principal<\/p>\n\n\n\n<p><\/p>\n","protected":false},"excerpt":{"rendered":"<p>Madame, Monsieur. Vous le savez d\u00e9j\u00e0, le coll\u00e8ge n\u2019ouvrira pas ses portes aux \u00e9l\u00e8ves comme pr\u00e9vu le lundi 23 mars 2020. Lors de ce confinement, qui va durer plusieurs semaines, voire plus d\u2019un mois, nous devrons assurer une continuit\u00e9 p\u00e9dagogique pour les \u00e9l\u00e8ves. C\u2019est un d\u00e9fi avec un mode d\u2019enseignement &hellip;<\/p>\n","protected":false},"author":12781,"featured_media":0,"parent":0,"menu_order":0,"comment_status":"closed","ping_status":"closed","template":"","meta":{"footnotes":""},"class_list":["post-482","page","type-page","status-publish","hentry"],"_links":{"self":[{"href":"https:\/\/etab.ac-reunion.fr\/clg-trois-mares\/wp-json\/wp\/v2\/pages\/482","targetHints":{"allow":["GET"]}}],"collection":[{"href":"https:\/\/etab.ac-reunion.fr\/clg-trois-mares\/wp-json\/wp\/v2\/pages"}],"about":[{"href":"https:\/\/etab.ac-reunion.fr\/clg-trois-mares\/wp-json\/wp\/v2\/types\/page"}],"author":[{"embeddable":true,"href":"https:\/\/etab.ac-reunion.fr\/clg-trois-mares\/wp-json\/wp\/v2\/users\/12781"}],"replies":[{"embeddable":true,"href":"https:\/\/etab.ac-reunion.fr\/clg-trois-mares\/wp-json\/wp\/v2\/comments?post=482"}],"version-history":[{"count":6,"href":"https:\/\/etab.ac-reunion.fr\/clg-trois-mares\/wp-json\/wp\/v2\/pages\/482\/revisions"}],"predecessor-version":[{"id":518,"href":"https:\/\/etab.ac-reunion.fr\/clg-trois-mares\/wp-json\/wp\/v2\/pages\/482\/revisions\/518"}],"wp:attachment":[{"href":"https:\/\/etab.ac-reunion.fr\/clg-trois-mares\/wp-json\/wp\/v2\/media?parent=482"}],"curies":[{"name":"wp","href":"https:\/\/api.w.org\/{rel}","templated":true}]}}