{"id":495,"date":"2020-03-17T15:45:42","date_gmt":"2020-03-17T11:45:42","guid":{"rendered":"http:\/\/college-trois-mares.ac-reunion.fr\/?page_id=495"},"modified":"2022-08-29T08:13:53","modified_gmt":"2022-08-29T04:13:53","slug":"nous-contacter","status":"publish","type":"page","link":"https:\/\/etab.ac-reunion.fr\/clg-trois-mares\/nous-contacter\/","title":{"rendered":"Nous contacter"},"content":{"rendered":"\n<p>Coll\u00e8ge de Trois-Mares<br>BP 463<br>97839 Le Tampon CEDEX<br>T\u00e9l\u00e9phone : 0262 57 99 89<br>Fax : 0262 57 99 80<br>Site Web : <a href=\"https:\/\/etab.ac-reunion.fr\/clg-trois-mares\">etab.ac-reunion.fr\/clg-trois-mares<\/a><\/p>\n","protected":false},"excerpt":{"rendered":"<p>Coll\u00e8ge de Trois-MaresBP 46397839 Le Tampon CEDEXT\u00e9l\u00e9phone : 0262 57 99 89Fax : 0262 57 99 80Site Web : etab.ac-reunion.fr\/clg-trois-mares<\/p>\n","protected":false},"author":1099,"featured_media":0,"parent":0,"menu_order":0,"comment_status":"closed","ping_status":"closed","template":"","meta":{"footnotes":""},"class_list":["post-495","page","type-page","status-publish","hentry"],"_links":{"self":[{"href":"https:\/\/etab.ac-reunion.fr\/clg-trois-mares\/wp-json\/wp\/v2\/pages\/495","targetHints":{"allow":["GET"]}}],"collection":[{"href":"https:\/\/etab.ac-reunion.fr\/clg-trois-mares\/wp-json\/wp\/v2\/pages"}],"about":[{"href":"https:\/\/etab.ac-reunion.fr\/clg-trois-mares\/wp-json\/wp\/v2\/types\/page"}],"author":[{"embeddable":true,"href":"https:\/\/etab.ac-reunion.fr\/clg-trois-mares\/wp-json\/wp\/v2\/users\/1099"}],"replies":[{"embeddable":true,"href":"https:\/\/etab.ac-reunion.fr\/clg-trois-mares\/wp-json\/wp\/v2\/comments?post=495"}],"version-history":[{"count":2,"href":"https:\/\/etab.ac-reunion.fr\/clg-trois-mares\/wp-json\/wp\/v2\/pages\/495\/revisions"}],"predecessor-version":[{"id":909,"href":"https:\/\/etab.ac-reunion.fr\/clg-trois-mares\/wp-json\/wp\/v2\/pages\/495\/revisions\/909"}],"wp:attachment":[{"href":"https:\/\/etab.ac-reunion.fr\/clg-trois-mares\/wp-json\/wp\/v2\/media?parent=495"}],"curies":[{"name":"wp","href":"https:\/\/api.w.org\/{rel}","templated":true}]}}