{"id":9,"date":"2023-03-18T15:31:30","date_gmt":"2023-03-18T14:31:30","guid":{"rendered":"https:\/\/etab.ac-reunion.fr\/concours-academique-de-technologie\/?page_id=9"},"modified":"2025-02-25T13:37:23","modified_gmt":"2025-02-25T09:37:23","slug":"annonce-concours","status":"publish","type":"page","link":"https:\/\/etab.ac-reunion.fr\/concours-academique-de-technologie\/","title":{"rendered":"Concours Acad\u00e9mique de Technologie 2025"},"content":{"rendered":"<p align=\"justify\"><span style=\"font-size: large\"><strong>Mardi 29 avril 2025<\/strong> aura lieu la finale du CAT au mus\u00e9e Stella Matutina de Saint Leu.<\/span><\/p>\n<p align=\"justify\">R\u00e9servez d\u00e8s maintenant cette date dans votre agenda<\/p>\n<h3><span style=\"color: #ff0000\">Bande annonce de la finale<\/span><\/h3>\n<style>\n       .errordiv { padding:10px; margin:10px; border: 1px solid #555555;color: #000000;background-color: #f8f8f8; width:500px; }#advanced_iframe {visibility:visible;opacity:1;vertical-align:top;}.ai-info-bottom-iframe { position: fixed; z-index: 10000; bottom:0; left: 0; margin: 0px; text-align: center; width: 100%; background-color: #ff9999; padding-left: 5px;padding-bottom: 5px; border-top: 1px solid #aaa } a.ai-bold {font-weight: bold;}#ai-layer-div-advanced_iframe p {height:100%;margin:0;padding:0}<\/style><script type=\"text\/javascript\">var ai_iframe_width_advanced_iframe = 0;var ai_iframe_height_advanced_iframe = 0;function aiReceiveMessageadvanced_iframe(event) {  aiProcessMessage(event,\"advanced_iframe\", \"true\",\"\",\"false\",\"false\");}if (window.addEventListener) {  window.addEventListener(\"message\", aiReceiveMessageadvanced_iframe);} else if (el.attachEvent)  {  el.attachEvent(\"message\", aiReceiveMessageadvanced_iframe);}var aiOnloadScrollTop=\"true\";var aiShowDebug=false;\n\t\tif (typeof aiReadyCallbacks === 'undefined') {\n\t\t\tvar aiReadyCallbacks = [];\n\t\t} else if (!(aiReadyCallbacks instanceof Array)) {\n\t\t\tvar aiReadyCallbacks = [];\n\t\t}    function aiShowIframeId(id_iframe) { jQuery(\"#\"+id_iframe).css(\"visibility\", \"visible\");    }    function aiResizeIframeHeight(height) { aiResizeIframeHeight(height,advanced_iframe); }    function aiResizeIframeHeightId(height,width,id) {aiResizeIframeHeightById(id,height);}<\/script><iframe id=\"advanced_iframe\"  name=\"advanced_iframe\"  src=\"https:\/\/tube-sciences-technologies.apps.education.fr\/videos\/embed\/2bfcc46d-987f-4b8c-83f8-86ed55b64a4a\"  width=\"100%\"  height=\"600\"  frameborder=\"0\"  border=\"0\"  allowtransparency=\"true\"  loading=\"lazy\"  sandbox=\"allow-same-origin allow-scripts allow-popups\"  title=\"Concours Acad\u00e9mique de Technologie\"  style=\";border-width: 0px;;border: none;;width:100%;;height:600px;\"  allowfullscreen ><\/iframe><script type=\"text\/javascript\">var ifrm_advanced_iframe = document.getElementById(\"advanced_iframe\");var hiddenTabsDoneadvanced_iframe = false;\nfunction resizeCallbackadvanced_iframe() {}<\/script><script type=\"text\/javascript\"><\/script><p style=\"display:block !important; visibility:visible !important;margin: -18px 14px 0 0;padding-left: 3px;padding-top:3px;background: white; overflow: hidden; position: relative; line-height:15px;width: fit-content;\"><small style=\"display:block !important;visibility:visible !important\">powered by Advanced iFrame<\/small><\/p>\n","protected":false},"excerpt":{"rendered":"<p>Mardi 29 avril 2025 aura lieu la finale du CAT au mus\u00e9e Stella Matutina de Saint Leu. R\u00e9servez d\u00e8s maintenant cette date dans votre agenda Bande annonce de la finale<\/p>\n","protected":false},"author":2538,"featured_media":232,"parent":0,"menu_order":0,"comment_status":"closed","ping_status":"closed","template":"","meta":{"footnotes":""},"class_list":["post-9","page","type-page","status-publish","has-post-thumbnail","hentry"],"_links":{"self":[{"href":"https:\/\/etab.ac-reunion.fr\/concours-academique-de-technologie\/wp-json\/wp\/v2\/pages\/9","targetHints":{"allow":["GET"]}}],"collection":[{"href":"https:\/\/etab.ac-reunion.fr\/concours-academique-de-technologie\/wp-json\/wp\/v2\/pages"}],"about":[{"href":"https:\/\/etab.ac-reunion.fr\/concours-academique-de-technologie\/wp-json\/wp\/v2\/types\/page"}],"author":[{"embeddable":true,"href":"https:\/\/etab.ac-reunion.fr\/concours-academique-de-technologie\/wp-json\/wp\/v2\/users\/2538"}],"replies":[{"embeddable":true,"href":"https:\/\/etab.ac-reunion.fr\/concours-academique-de-technologie\/wp-json\/wp\/v2\/comments?post=9"}],"version-history":[{"count":30,"href":"https:\/\/etab.ac-reunion.fr\/concours-academique-de-technologie\/wp-json\/wp\/v2\/pages\/9\/revisions"}],"predecessor-version":[{"id":233,"href":"https:\/\/etab.ac-reunion.fr\/concours-academique-de-technologie\/wp-json\/wp\/v2\/pages\/9\/revisions\/233"}],"wp:featuredmedia":[{"embeddable":true,"href":"https:\/\/etab.ac-reunion.fr\/concours-academique-de-technologie\/wp-json\/wp\/v2\/media\/232"}],"wp:attachment":[{"href":"https:\/\/etab.ac-reunion.fr\/concours-academique-de-technologie\/wp-json\/wp\/v2\/media?parent=9"}],"curies":[{"name":"wp","href":"https:\/\/api.w.org\/{rel}","templated":true}]}}