{"id":1015,"date":"2017-08-30T10:02:46","date_gmt":"2017-08-30T06:02:46","guid":{"rendered":"http:\/\/lycee-horizon.ac-reunion.fr\/?page_id=1015"},"modified":"2024-12-05T07:44:03","modified_gmt":"2024-12-05T03:44:03","slug":"le-mot-de-la-direction","status":"publish","type":"page","link":"https:\/\/etab.ac-reunion.fr\/lyc-albert-ramassamy\/le-lycee\/le-mot-de-la-direction\/","title":{"rendered":"Le mot de la Direction"},"content":{"rendered":"\n<p>Madame, Monsieur,<br><\/p>\n\n\n\n<p>Nomm\u00e9e tardivement sur le poste de direction du lyc\u00e9e, je sais que vous attendiez<br>avec impatience de savoir qui prendrait la suite de M. SPAGNOL, votre proviseur<br>depuis 2016. <\/p>\n\n\n\n<p>Je lui succ\u00e8de \u00e0 cette rentr\u00e9e et je le remercie avec beaucoup de respect pour<br>les r\u00e9alisations qu\u2019il a accompli jusqu\u2019\u00e0 ce jour dans cet \u00e9tablissement.<br><\/p>\n\n\n\n<p>Je me pr\u00e9sente, BOLA V\u00e9ronique, ex principale du coll\u00e8ge Edmond Albius sur le Port.<br><\/p>\n\n\n\n<p>Je suis ravie d\u2019\u00eatre parmi vous apr\u00e8s avoir \u0153uvr\u00e9 pendant 8 ans au coll\u00e8ge au service des<br>coll\u00e9giens. <\/p>\n\n\n\n<p>En tant que principale, j\u2019ai toujours veill\u00e9 \u00e0 prendre en compte tous les \u00e9l\u00e8ves,<br>j\u2019ai men\u00e9 de nombreux dispositifs de prise en charge des d\u00e9crocheurs et c\u2019est souvent gr\u00e2ce<br>aux stages en entreprise, aux stages d\u2019immersion en LP que nous avions r\u00e9ussis \u00e0 en<br>raccrocher certains. Parall\u00e8lement, je suis tr\u00e8s favorable \u00e0 l\u2019ouverture culturelle et<br>internationale, je sais que les projets ERASMUS+ ne manquent pas.<br><\/p>\n\n\n\n<p>Votre dynamisme, des \u00e9quipes engag\u00e9es pour la r\u00e9ussite des \u00e9l\u00e8ves, votre<br>pers\u00e9v\u00e9rance et votre travail ont permis de labelliser, en juin dernier, ce lyc\u00e9e du label<br>LYCEE DES METIERS TRANSITION ENERGETIQUE. A court terme, le projet de<br>labellisation \u00ab Les entreprises s\u2019engagent \u00bb serait aussi une belle opportunit\u00e9 pour<br>dynamiser la relation \u00e9cole entreprise. <\/p>\n\n\n\n<p>Les chantiers \u00e9cole, les projets NEFLE d\u00e9montrent<br>une implication de l\u2019ensemble des personnels dans l\u2019embellissement et le d\u00e9veloppement<br>du lyc\u00e9e. A moyen terme, une r\u00e9flexion sera men\u00e9e sur la coloration des dipl\u00f4mes, sur<br>l\u2019\u00e9volution de la carte des formations\u2026 <\/p>\n\n\n\n<p>Tous ces \u00e9l\u00e9ments d\u00e9montrent que la r\u00e9forme du<br>lyc\u00e9e 2024 est bien engag\u00e9e au LP Albert Ramassamy.<br><\/p>\n\n\n\n<p>Je vous souhaite \u00e0 tous une bonne rentr\u00e9e et une bonne ann\u00e9e scolaire.<br><\/p>\n\n\n\n<p>La proviseure,<br>V. BOLA<\/p>\n","protected":false},"excerpt":{"rendered":"<p>Madame, Monsieur, Nomm\u00e9e tardivement sur le poste de direction du lyc\u00e9e, je sais que vous attendiezavec impatience de savoir qui prendrait la suite de M. SPAGNOL, votre proviseurdepuis 2016. Je [&hellip;]<\/p>\n","protected":false},"author":6925,"featured_media":0,"parent":276,"menu_order":0,"comment_status":"closed","ping_status":"closed","template":"","meta":{"_et_pb_use_builder":"","_et_pb_old_content":"","_et_gb_content_width":"","footnotes":""},"class_list":["post-1015","page","type-page","status-publish","hentry"],"_links":{"self":[{"href":"https:\/\/etab.ac-reunion.fr\/lyc-albert-ramassamy\/wp-json\/wp\/v2\/pages\/1015","targetHints":{"allow":["GET"]}}],"collection":[{"href":"https:\/\/etab.ac-reunion.fr\/lyc-albert-ramassamy\/wp-json\/wp\/v2\/pages"}],"about":[{"href":"https:\/\/etab.ac-reunion.fr\/lyc-albert-ramassamy\/wp-json\/wp\/v2\/types\/page"}],"author":[{"embeddable":true,"href":"https:\/\/etab.ac-reunion.fr\/lyc-albert-ramassamy\/wp-json\/wp\/v2\/users\/6925"}],"replies":[{"embeddable":true,"href":"https:\/\/etab.ac-reunion.fr\/lyc-albert-ramassamy\/wp-json\/wp\/v2\/comments?post=1015"}],"version-history":[{"count":4,"href":"https:\/\/etab.ac-reunion.fr\/lyc-albert-ramassamy\/wp-json\/wp\/v2\/pages\/1015\/revisions"}],"predecessor-version":[{"id":4743,"href":"https:\/\/etab.ac-reunion.fr\/lyc-albert-ramassamy\/wp-json\/wp\/v2\/pages\/1015\/revisions\/4743"}],"up":[{"embeddable":true,"href":"https:\/\/etab.ac-reunion.fr\/lyc-albert-ramassamy\/wp-json\/wp\/v2\/pages\/276"}],"wp:attachment":[{"href":"https:\/\/etab.ac-reunion.fr\/lyc-albert-ramassamy\/wp-json\/wp\/v2\/media?parent=1015"}],"curies":[{"name":"wp","href":"https:\/\/api.w.org\/{rel}","templated":true}]}}