{"id":1102,"date":"2017-10-10T15:16:11","date_gmt":"2017-10-10T11:16:11","guid":{"rendered":"http:\/\/lycee-horizon.ac-reunion.fr\/?page_id=1102"},"modified":"2025-11-27T11:41:29","modified_gmt":"2025-11-27T07:41:29","slug":"mention-legales","status":"publish","type":"page","link":"https:\/\/etab.ac-reunion.fr\/lyc-albert-ramassamy\/mention-legales\/","title":{"rendered":"Mentions l\u00e9gales"},"content":{"rendered":"[et_pb_section fb_built=\u00a0\u00bb1&Prime; _builder_version=\u00a0\u00bb4.16&Prime; global_colors_info=\u00a0\u00bb{}\u00a0\u00bb][et_pb_row _builder_version=\u00a0\u00bb4.16&Prime; background_size=\u00a0\u00bbinitial\u00a0\u00bb background_position=\u00a0\u00bbtop_left\u00a0\u00bb background_repeat=\u00a0\u00bbrepeat\u00a0\u00bb global_colors_info=\u00a0\u00bb{}\u00a0\u00bb][et_pb_column type=\u00a0\u00bb4_4&Prime; _builder_version=\u00a0\u00bb4.16&Prime; custom_padding=\u00a0\u00bb|||\u00a0\u00bb global_colors_info=\u00a0\u00bb{}\u00a0\u00bb custom_padding__hover=\u00a0\u00bb|||\u00a0\u00bb][et_pb_text _builder_version=\u00a0\u00bb4.16&Prime; text_text_color=\u00a0\u00bb#000000&Prime; text_font_size=\u00a0\u00bb18px\u00a0\u00bb header_text_color=\u00a0\u00bb#0c71c3&Prime; header_font_size=\u00a0\u00bb26px\u00a0\u00bb header_2_text_color=\u00a0\u00bb#0c71c3&Prime; header_2_font_size=\u00a0\u00bb24px\u00a0\u00bb header_3_text_color=\u00a0\u00bb#0c71c3&Prime; header_4_text_color=\u00a0\u00bb#0c71c3&Prime; header_4_font_size=\u00a0\u00bb20px\u00a0\u00bb global_colors_info=\u00a0\u00bb{}\u00a0\u00bb]\n<h1>Site Internet du lyc\u00e9e professionnel Albert RAMASSAMY, Ile de la reunion<\/h1>\n<p>23-25 Avenue Georges Brassens<br \/>97490 Sainte-Clotilde<br \/>02.62.48.44.60<\/p>\n<h2>Directeur de la publication (Responsable de la publication) :<\/h2>\n<p>V\u00e9ronique BOLA<\/p>\n<h3>Ce site est h\u00e9berg\u00e9 par :<\/h3>\n<p>Rectorat de l\u2019Acad\u00e9mie de La R\u00e9union<br \/>Secr\u00e9tariat g\u00e9n\u00e9ral \u2013 Service Communication<br \/>24, Avenue Georges Brassens \u2013 97702 \u2013 St-Denis \u2013 Messag Cedex 9<\/p>\n<h4>Webmestre :<\/h4>\n<p>Aur\u00e9lie VOISIN<\/p>\n[\/et_pb_text][\/et_pb_column][\/et_pb_row][\/et_pb_section]\n","protected":false},"excerpt":{"rendered":"<p>Site Internet du lyc\u00e9e professionnel Albert RAMASSAMY, Ile de la reunion 23-25 Avenue Georges Brassens97490 Sainte-Clotilde02.62.48.44.60 Directeur de la publication (Responsable de la publication) : V\u00e9ronique BOLA Ce site est [&hellip;]<\/p>\n","protected":false},"author":9112,"featured_media":0,"parent":0,"menu_order":0,"comment_status":"closed","ping_status":"closed","template":"","meta":{"_et_pb_use_builder":"on","_et_pb_old_content":"","_et_gb_content_width":"","footnotes":""},"class_list":["post-1102","page","type-page","status-publish","hentry"],"_links":{"self":[{"href":"https:\/\/etab.ac-reunion.fr\/lyc-albert-ramassamy\/wp-json\/wp\/v2\/pages\/1102","targetHints":{"allow":["GET"]}}],"collection":[{"href":"https:\/\/etab.ac-reunion.fr\/lyc-albert-ramassamy\/wp-json\/wp\/v2\/pages"}],"about":[{"href":"https:\/\/etab.ac-reunion.fr\/lyc-albert-ramassamy\/wp-json\/wp\/v2\/types\/page"}],"author":[{"embeddable":true,"href":"https:\/\/etab.ac-reunion.fr\/lyc-albert-ramassamy\/wp-json\/wp\/v2\/users\/9112"}],"replies":[{"embeddable":true,"href":"https:\/\/etab.ac-reunion.fr\/lyc-albert-ramassamy\/wp-json\/wp\/v2\/comments?post=1102"}],"version-history":[{"count":10,"href":"https:\/\/etab.ac-reunion.fr\/lyc-albert-ramassamy\/wp-json\/wp\/v2\/pages\/1102\/revisions"}],"predecessor-version":[{"id":5467,"href":"https:\/\/etab.ac-reunion.fr\/lyc-albert-ramassamy\/wp-json\/wp\/v2\/pages\/1102\/revisions\/5467"}],"wp:attachment":[{"href":"https:\/\/etab.ac-reunion.fr\/lyc-albert-ramassamy\/wp-json\/wp\/v2\/media?parent=1102"}],"curies":[{"name":"wp","href":"https:\/\/api.w.org\/{rel}","templated":true}]}}