{"id":113,"date":"2014-08-23T20:36:57","date_gmt":"2014-08-23T17:36:57","guid":{"rendered":"http:\/\/lycee-horizon.ac-reunion.fr\/?page_id=113"},"modified":"2020-11-27T10:41:30","modified_gmt":"2020-11-27T06:41:30","slug":"horaires-de-letablissement","status":"publish","type":"page","link":"https:\/\/etab.ac-reunion.fr\/lyc-albert-ramassamy\/le-lycee\/horaires-de-letablissement\/","title":{"rendered":"Horaires de l&rsquo;\u00e9tablissement"},"content":{"rendered":"[et_pb_section fb_built=\u00a0\u00bb1&Prime; _builder_version=\u00a0\u00bb4.7.4&Prime; _module_preset=\u00a0\u00bbdefault\u00a0\u00bb][et_pb_row _builder_version=\u00a0\u00bb4.7.4&Prime; _module_preset=\u00a0\u00bbdefault\u00a0\u00bb][et_pb_column type=\u00a0\u00bb4_4&Prime; _builder_version=\u00a0\u00bb4.7.4&Prime; _module_preset=\u00a0\u00bbdefault\u00a0\u00bb][et_pb_text _builder_version=\u00a0\u00bb4.7.4&Prime; _module_preset=\u00a0\u00bbdefault\u00a0\u00bb hover_enabled=\u00a0\u00bb0&Prime; sticky_enabled=\u00a0\u00bb0&Prime; custom_padding=\u00a0\u00bb0px|||||\u00a0\u00bb]\n<p class=\"western\" style=\"margin-right: -0.25cm;margin-bottom: 0cm\" align=\"center\"><span style=\"font-size: small\"><strong><span style=\"font-family: Comic Sans MS, serif\">PORTAIL NORD (situ\u00e9 sur l\u2019avenue Georges Brassens)<\/span><\/strong><\/span><\/p>\n<p class=\"western\" style=\"margin-right: -0.25cm;margin-bottom: 0cm\" align=\"justify\"><span style=\"font-size: small\"><strong><span style=\"font-family: Comic Sans MS, serif\">Tous les usagers (\u00e9l\u00e8ves, personnels et visiteurs) doivent donc utiliser ce portail.<\/span><\/strong><\/span><\/p>\n<p class=\"western\" style=\"margin-right: -0.25cm;margin-bottom: 0cm\" align=\"justify\"><span style=\"font-size: small\"><strong><span style=\"font-family: Comic Sans MS, serif\">Pour les usagers handicap\u00e9s moteur, une circulation par ascenseurs et passerelles est pr\u00e9vue \u00e0 partir de ce portail. <\/span><\/strong><\/span><\/p>\n<p class=\"western\" style=\"margin-right: -0.25cm;margin-bottom: 0cm\" align=\"justify\"><span style=\"font-size: small\"><strong><span style=\"font-family: Comic Sans MS, serif\">Les usagers non handicap\u00e9s mais pr\u00e9sentant une difficult\u00e9 motrice justifi\u00e9e par certificat m\u00e9dical (renouvelable tous les 3 mois) seront autoris\u00e9s \u00e0 utiliser les ascenseurs (s\u2019adresser \u00e0 l\u2019administration) <\/span><\/strong><\/span><\/p>\n<p class=\"western\" style=\"margin-right: -0.25cm;margin-bottom: 0cm\" align=\"justify\"><span style=\"font-size: small\"><strong><span style=\"font-family: Comic Sans MS, serif\">Le portail sera ponctuellement ouvert pour permettre le passage du flux des usagers dans des cr\u00e9neaux correspondant aux horaires des cours.<\/span><\/strong><\/span><\/p>\n<p class=\"western\" style=\"margin-right: -0.25cm;margin-bottom: 0cm\" align=\"justify\"><span style=\"font-size: small\"><strong><span style=\"font-family: Comic Sans MS, serif\">Il sera ferm\u00e9 en dehors de ces cr\u00e9neaux. <\/span><\/strong><\/span><\/p>\n<p class=\"western\" style=\"margin-right: -0.25cm;margin-bottom: 0cm\" align=\"justify\"><span style=\"font-size: small\"><strong><span style=\"font-family: Comic Sans MS, serif\"><u>Les visiteurs doivent se pr\u00e9senter \u00e0 l\u2019accueil, d\u00e9cliner leur identit\u00e9 et indiquer le motif de leur visite.<\/u><\/span><\/strong><\/span><\/p>\n<h2 class=\"western\" align=\"center\"><span style=\"font-size: small\"><strong><span style=\"color: #000080\"><span style=\"font-family: Comic Sans MS, serif\">Horaire d\u2019ouverture des portails Nord<\/span><\/span><\/strong><\/span><\/h2>\n<p><strong>\u00a0<\/strong><\/p>\n<table width=\"295\" cellspacing=\"0\" cellpadding=\"1\">\n<tbody>\n<tr>\n<td style=\"border-top: 1.00pt solid #000001;border-bottom: 1px solid #000001;border-left: 1.00pt solid #000001;border-right: 1px solid #000001;padding: 0cm 0.04cm 0cm 0.02cm\" width=\"148\" height=\"18\" bgcolor=\"#ffffff\">\n<p align=\"center\"><span style=\"font-size: small\"><strong><span style=\"color: #000080\"><span style=\"font-family: Comic Sans MS, serif\"><i>Ouverture<\/i><\/span><\/span><\/strong><\/span><\/p>\n<\/td>\n<td style=\"border-top: 1.00pt solid #000001;border-bottom: 1px solid #000001;border-left: 1px solid #000001;border-right: 1.00pt solid #000001;padding: 0cm 0.04cm 0cm 0.02cm\" width=\"141\" bgcolor=\"#ffffff\">\n<p align=\"center\"><span style=\"font-size: small\"><strong><span style=\"color: #000080\"><span style=\"font-family: Comic Sans MS, serif\"><i>Fermeture<\/i><\/span><\/span><\/strong><\/span><\/p>\n<\/td>\n<\/tr>\n<tr>\n<td style=\"border-top: 1px solid #000001;border-bottom: 1px solid #000001;border-left: 1.00pt solid #000001;border-right: 1px solid #000001;padding: 0cm 0.04cm 0cm 0.02cm\" width=\"148\" height=\"23\" bgcolor=\"#ffffff\">\n<p class=\"western\" style=\"margin-left: 0.19cm\" align=\"center\"><span style=\"font-size: small\"><strong><span style=\"font-family: Comic Sans MS, serif\">07 h 00<\/span><\/strong><\/span><\/p>\n<\/td>\n<td style=\"border-top: 1px solid #000001;border-bottom: 1px solid #000001;border-left: 1px solid #000001;border-right: 1.00pt solid #000001;padding: 0cm 0.04cm 0cm 0.02cm\" width=\"141\" bgcolor=\"#ffffff\">\n<p class=\"western\" style=\"margin-left: 0.19cm\" align=\"center\"><span style=\"font-size: small\"><strong><span style=\"font-family: Comic Sans MS, serif\">07 h 40<\/span><\/strong><\/span><\/p>\n<\/td>\n<\/tr>\n<tr>\n<td style=\"border-top: 1px solid #000001;border-bottom: 1px solid #000001;border-left: 1.00pt solid #000001;border-right: 1px solid #000001;padding: 0cm 0.04cm 0cm 0.02cm\" width=\"148\" height=\"22\" bgcolor=\"#ffffff\">\n<p class=\"western\" style=\"margin-left: 0.19cm\" align=\"center\"><span style=\"font-size: small\"><strong><span style=\"font-family: Comic Sans MS, serif\">09 h 15<\/span><\/strong><\/span><\/p>\n<\/td>\n<td style=\"border-top: 1px solid #000001;border-bottom: 1px solid #000001;border-left: 1px solid #000001;border-right: 1.00pt solid #000001;padding: 0cm 0.04cm 0cm 0.02cm\" width=\"141\" bgcolor=\"#ffffff\">\n<p class=\"western\" style=\"margin-left: 0.19cm\" align=\"center\"><span style=\"font-size: small\"><strong><span style=\"font-family: Comic Sans MS, serif\">09 h 50<\/span><\/strong><\/span><\/p>\n<\/td>\n<\/tr>\n<tr>\n<td style=\"border-top: 1px solid #000001;border-bottom: 1px solid #000001;border-left: 1.00pt solid #000001;border-right: 1px solid #000001;padding: 0cm 0.04cm 0cm 0.02cm\" width=\"148\" height=\"22\" bgcolor=\"#ffffff\">\n<p class=\"western\" style=\"margin-left: 0.19cm\" align=\"center\"><span style=\"font-size: small\"><strong><span style=\"font-family: Comic Sans MS, serif\">11 h 20<\/span><\/strong><\/span><\/p>\n<\/td>\n<td style=\"border-top: 1px solid #000001;border-bottom: 1px solid #000001;border-left: 1px solid #000001;border-right: 1.00pt solid #000001;padding: 0cm 0.04cm 0cm 0.02cm\" width=\"141\" bgcolor=\"#ffffff\">\n<p class=\"western\" style=\"margin-left: 0.19cm\" align=\"center\"><span style=\"font-size: small\"><strong><span style=\"font-family: Comic Sans MS, serif\">11 h 40<\/span><\/strong><\/span><\/p>\n<\/td>\n<\/tr>\n<tr>\n<td style=\"border-top: 1px solid #000001;border-bottom: 1px solid #000001;border-left: 1.00pt solid #000001;border-right: 1px solid #000001;padding: 0cm 0.04cm 0cm 0.02cm\" width=\"148\" height=\"22\" bgcolor=\"#ffffff\">\n<p class=\"western\" style=\"margin-left: 0.19cm\" align=\"center\"><span style=\"font-size: small\"><strong><span style=\"font-family: Comic Sans MS, serif\">12 h 25<\/span><\/strong><\/span><\/p>\n<\/td>\n<td style=\"border-top: 1px solid #000001;border-bottom: 1px solid #000001;border-left: 1px solid #000001;border-right: 1.00pt solid #000001;padding: 0cm 0.04cm 0cm 0.02cm\" width=\"141\" bgcolor=\"#ffffff\">\n<p class=\"western\" style=\"margin-left: 0.19cm\" align=\"center\"><span style=\"font-size: small\"><strong><span style=\"font-family: Comic Sans MS, serif\">12 h 45<\/span><\/strong><\/span><\/p>\n<\/td>\n<\/tr>\n<tr>\n<td style=\"border-top: 1px solid #000001;border-bottom: 1px solid #000001;border-left: 1.00pt solid #000001;border-right: 1px solid #000001;padding: 0cm 0.04cm 0cm 0.02cm\" width=\"148\" height=\"22\" bgcolor=\"#ffffff\">\n<p class=\"western\" style=\"margin-left: 0.19cm\" align=\"center\"><span style=\"font-size: small\"><strong><span style=\"font-family: Comic Sans MS, serif\">13 h 20<\/span><\/strong><\/span><\/p>\n<\/td>\n<td style=\"border-top: 1px solid #000001;border-bottom: 1px solid #000001;border-left: 1px solid #000001;border-right: 1.00pt solid #000001;padding: 0cm 0.04cm 0cm 0.02cm\" width=\"141\" bgcolor=\"#ffffff\">\n<p class=\"western\" style=\"margin-left: 0.19cm\" align=\"center\"><span style=\"font-size: small\"><strong><span style=\"font-family: Comic Sans MS, serif\">13 h 40<\/span><\/strong><\/span><\/p>\n<\/td>\n<\/tr>\n<tr>\n<td style=\"border-top: 1px solid #000001;border-bottom: 1px solid #000001;border-left: 1.00pt solid #000001;border-right: 1px solid #000001;padding: 0cm 0.04cm 0cm 0.02cm\" width=\"148\" height=\"22\" bgcolor=\"#ffffff\">\n<p class=\"western\" style=\"margin-left: 0.19cm\" align=\"center\"><span style=\"font-size: small\"><strong><span style=\"font-family: Comic Sans MS, serif\">15 h 15<\/span><\/strong><\/span><\/p>\n<\/td>\n<td style=\"border-top: 1px solid #000001;border-bottom: 1px solid #000001;border-left: 1px solid #000001;border-right: 1.00pt solid #000001;padding: 0cm 0.04cm 0cm 0.02cm\" width=\"141\" bgcolor=\"#ffffff\">\n<p class=\"western\" style=\"margin-left: 0.19cm\" align=\"center\"><span style=\"font-size: small\"><strong><span style=\"font-family: Comic Sans MS, serif\">15 h 50<\/span><\/strong><\/span><\/p>\n<\/td>\n<\/tr>\n<tr>\n<td style=\"border-top: 1px solid #000001;border-bottom: 1.00pt solid #000001;border-left: 1.00pt solid #000001;border-right: 1px solid #000001;padding: 0cm 0.04cm 0cm 0.02cm\" width=\"148\" height=\"21\" bgcolor=\"#ffffff\">\n<p class=\"western\" style=\"margin-left: 0.19cm\" align=\"center\"><span style=\"font-size: small\"><strong><span style=\"font-family: Comic Sans MS, serif\">17 h 20<\/span><\/strong><\/span><\/p>\n<\/td>\n<td style=\"border-top: 1px solid #000001;border-bottom: 1.00pt solid #000001;border-left: 1px solid #000001;border-right: 1.00pt solid #000001;padding: 0cm 0.04cm 0cm 0.02cm\" width=\"141\" bgcolor=\"#ffffff\">\n<p class=\"western\" style=\"margin-left: 0.19cm\" align=\"center\"><span style=\"font-size: small\"><strong><span style=\"font-family: Comic Sans MS, serif\">17 h 45<\/span><\/strong><\/span><\/p>\n<\/td>\n<\/tr>\n<\/tbody>\n<\/table>\n<p><strong>\u00a0<\/strong><\/p>\n<p><strong>\u00a0<\/strong><\/p>\n<p class=\"western\" style=\"margin-bottom: 0cm\" align=\"justify\"><span style=\"font-size: small\"><strong><span style=\"font-family: Times New Roman, serif\"><span style=\"font-family: Comic Sans MS, serif\"><u>Attention<\/u><\/span><span style=\"font-family: Comic Sans MS, serif\">\u00a0: En dehors de ces horaires, les portails seront ferm\u00e9s. <\/span><\/span><\/strong><\/span><\/p>\n<p class=\"western\" style=\"margin-bottom: 0cm\" align=\"justify\"><span style=\"font-family: Times New Roman, serif\"><span style=\"font-size: small\"><strong><span style=\"font-family: Comic Sans MS, serif\"><u>Remarque<\/u><\/span><\/strong><span style=\"font-family: Comic Sans MS, serif\"><strong>\u00a0: La vie scolaire fonctionne \u00e0 partir de 7 h 00. Les services administratifs \u00e0 partir de 7h30.<\/strong> <\/span><\/span><\/span><\/p>\n[\/et_pb_text][\/et_pb_column][\/et_pb_row][\/et_pb_section]\n","protected":false},"excerpt":{"rendered":"<p>PORTAIL NORD (situ\u00e9 sur l\u2019avenue Georges Brassens) Tous les usagers (\u00e9l\u00e8ves, personnels et visiteurs) doivent donc utiliser ce portail. Pour les usagers handicap\u00e9s moteur, une circulation par ascenseurs et passerelles [&hellip;]<\/p>\n","protected":false},"author":88,"featured_media":0,"parent":276,"menu_order":1,"comment_status":"open","ping_status":"closed","template":"","meta":{"_et_pb_use_builder":"on","_et_pb_old_content":"","_et_gb_content_width":"","footnotes":""},"class_list":["post-113","page","type-page","status-publish","hentry"],"_links":{"self":[{"href":"https:\/\/etab.ac-reunion.fr\/lyc-albert-ramassamy\/wp-json\/wp\/v2\/pages\/113","targetHints":{"allow":["GET"]}}],"collection":[{"href":"https:\/\/etab.ac-reunion.fr\/lyc-albert-ramassamy\/wp-json\/wp\/v2\/pages"}],"about":[{"href":"https:\/\/etab.ac-reunion.fr\/lyc-albert-ramassamy\/wp-json\/wp\/v2\/types\/page"}],"author":[{"embeddable":true,"href":"https:\/\/etab.ac-reunion.fr\/lyc-albert-ramassamy\/wp-json\/wp\/v2\/users\/88"}],"replies":[{"embeddable":true,"href":"https:\/\/etab.ac-reunion.fr\/lyc-albert-ramassamy\/wp-json\/wp\/v2\/comments?post=113"}],"version-history":[{"count":5,"href":"https:\/\/etab.ac-reunion.fr\/lyc-albert-ramassamy\/wp-json\/wp\/v2\/pages\/113\/revisions"}],"predecessor-version":[{"id":2786,"href":"https:\/\/etab.ac-reunion.fr\/lyc-albert-ramassamy\/wp-json\/wp\/v2\/pages\/113\/revisions\/2786"}],"up":[{"embeddable":true,"href":"https:\/\/etab.ac-reunion.fr\/lyc-albert-ramassamy\/wp-json\/wp\/v2\/pages\/276"}],"wp:attachment":[{"href":"https:\/\/etab.ac-reunion.fr\/lyc-albert-ramassamy\/wp-json\/wp\/v2\/media?parent=113"}],"curies":[{"name":"wp","href":"https:\/\/api.w.org\/{rel}","templated":true}]}}