{"id":1653,"date":"2018-04-05T11:11:58","date_gmt":"2018-04-05T07:11:58","guid":{"rendered":"http:\/\/lycee-horizon.ac-reunion.fr\/?page_id=1653"},"modified":"2025-11-13T12:59:56","modified_gmt":"2025-11-13T08:59:56","slug":"bac-pro-btp-2","status":"publish","type":"page","link":"https:\/\/etab.ac-reunion.fr\/lyc-albert-ramassamy\/bac-pro-btp-2\/","title":{"rendered":"Les bac pro du btp"},"content":{"rendered":"[et_pb_section fb_built=\u00a0\u00bb1&Prime; _builder_version=\u00a0\u00bb4.16&Prime; global_colors_info=\u00a0\u00bb{}\u00a0\u00bb][et_pb_row _builder_version=\u00a0\u00bb4.16&Prime; background_size=\u00a0\u00bbinitial\u00a0\u00bb background_position=\u00a0\u00bbtop_left\u00a0\u00bb background_repeat=\u00a0\u00bbrepeat\u00a0\u00bb global_colors_info=\u00a0\u00bb{}\u00a0\u00bb][et_pb_column type=\u00a0\u00bb4_4&Prime; _builder_version=\u00a0\u00bb4.16&Prime; custom_padding=\u00a0\u00bb|||\u00a0\u00bb global_colors_info=\u00a0\u00bb{}\u00a0\u00bb custom_padding__hover=\u00a0\u00bb|||\u00a0\u00bb][et_pb_accordion icon_color=\u00a0\u00bb#7cda24&Prime; _builder_version=\u00a0\u00bb4.27.4&Prime; toggle_font=\u00a0\u00bb||||||||\u00a0\u00bb body_font=\u00a0\u00bbBaloo||||||||\u00a0\u00bb background_color=\u00a0\u00bb#ffffff\u00a0\u00bb hover_enabled=\u00a0\u00bb0&Prime; global_colors_info=\u00a0\u00bb{}\u00a0\u00bb sticky_enabled=\u00a0\u00bb0&Prime;][et_pb_accordion_item title=\u00a0\u00bbPr\u00e9sentation \u00a0\u00bb open=\u00a0\u00bbon\u00a0\u00bb _builder_version=\u00a0\u00bb4.16&Prime; global_colors_info=\u00a0\u00bb{}\u00a0\u00bb]\n<p style=\"text-align: center\">Bienvenue sur le P\u00f4le Etude et R\u00e9alisation du Lyc\u00e9e Professionnel de l&rsquo;Horizon. Vous y trouverez nos formations BAC PRO<\/p>\n[\/et_pb_accordion_item][et_pb_accordion_item title=\u00a0\u00bbTechnicien G\u00e9om\u00e8tre Topographe\u00a0\u00bb icon_color=\u00a0\u00bb#7cda24&Prime; _builder_version=\u00a0\u00bb4.27.4&Prime; hover_enabled=\u00a0\u00bb0&Prime; global_colors_info=\u00a0\u00bb{}\u00a0\u00bb open=\u00a0\u00bboff\u00a0\u00bb sticky_enabled=\u00a0\u00bb0&Prime;]\n<p>N&rsquo;h\u00e9sitez pas \u00e0 cliquer sur l&rsquo;image pour mieux voir\u00a0<img decoding=\"async\" src=\"..\/wp-content\/themes\/Divi\/includes\/builder\/frontend-builder\/assets\/vendors\/plugins\/emoticons\/img\/smiley-sealed.gif\" alt=\"sealed\" \/><\/p>\n<p><a href=\"https:\/\/etab.ac-reunion.fr\/lyc-albert-ramassamy\/wp-content\/uploads\/sites\/94\/2025\/11\/BAC-PRO-TGT-Flyer.jpg\"><img loading=\"lazy\" decoding=\"async\" src=\"https:\/\/etab.ac-reunion.fr\/lyc-albert-ramassamy\/wp-content\/uploads\/sites\/94\/2025\/11\/BAC-PRO-TGT-Flyer-212x300.jpg\" width=\"212\" height=\"300\" alt=\"\" class=\"wp-image-5274 alignnone size-medium\" \/><\/a><\/p>\n<p>Pour en savoir plus gr\u00e2ce \u00e0 L&rsquo;ONISEP\u00a0<a href=\"http:\/\/www.onisep.fr\/Ressources\/Univers-Formation\/Formations\/Lycees\/Bac-pro-Technicien-geometre-topographe\" target=\"_blank\" rel=\"noopener noreferrer\">&gt;&gt; cliquez ici &lt;&lt; <\/a><br \/>Pour en savoir plus <a href=\"https:\/\/www.unge.net\/actualites\/795-decouvrir-un-cabinet-de-geometre-expert-en-un-clin-d-oeil-\" target=\"_blank\" rel=\"noopener noreferrer\">&gt;&gt; cliquez ici &lt;&lt; <\/a><br \/>ou <a href=\"https:\/\/www.unge.net\/actualites\/825-les-videos-sur-les-metiers-d-un-cabinet-de-geometre-expert-sont-disponibles-\" target=\"_blank\" rel=\"noopener noreferrer\">&gt;&gt; cliquez ici &lt;&lt; <\/a><\/p>\n[\/et_pb_accordion_item][et_pb_accordion_item title=\u00a0\u00bbTechnicien d&rsquo;\u00e9tudes du b\u00e2timent Option B : Assistant en architecture\u00a0\u00bb _builder_version=\u00a0\u00bb4.27.4&Prime; hover_enabled=\u00a0\u00bb0&Prime; global_colors_info=\u00a0\u00bb{}\u00a0\u00bb open=\u00a0\u00bboff\u00a0\u00bb sticky_enabled=\u00a0\u00bb0&Prime;]\n<p>N&rsquo;h\u00e9sitez pas \u00e0 cliquer sur l&rsquo;image pour mieux voir\u00a0<img decoding=\"async\" src=\"https:\/\/etab.ac-reunion.fr\/lyc-albert-ramassamy\/wp-content\/themes\/Divi\/includes\/builder\/frontend-builder\/assets\/vendors\/plugins\/emoticons\/img\/smiley-sealed.gif\" alt=\"sealed\" \/><\/p>\n<p><a href=\"https:\/\/etab.ac-reunion.fr\/lyc-albert-ramassamy\/wp-content\/uploads\/sites\/94\/2025\/11\/BAC-PRO-TAA-Flyer-1.jpg\"><img loading=\"lazy\" decoding=\"async\" src=\"https:\/\/etab.ac-reunion.fr\/lyc-albert-ramassamy\/wp-content\/uploads\/sites\/94\/2025\/11\/BAC-PRO-TAA-Flyer-1-212x300.jpg\" width=\"212\" height=\"300\" alt=\"\" class=\"wp-image-5270 alignnone size-medium\" \/><\/a><\/p>\n<p>Pour en savoir plus\u00a0 gr\u00e2ce \u00e0 L&rsquo;ONISEP\u00a0<a href=\"http:\/\/www.onisep.fr\/Ressources\/Univers-Formation\/Formations\/Lycees\/Bac-pro-Technicien-d-etudes-du-batiment-option-B-assistant-en-architecture\" target=\"_blank\" rel=\"noopener noreferrer\">&gt;&gt; cliquez ici &lt;&lt;<\/a><\/p>\n[\/et_pb_accordion_item][et_pb_accordion_item title=\u00a0\u00bbTechnicien d&rsquo;\u00e9tudes du b\u00e2timent Option A : Etudes et \u00e9conomie\u00a0\u00bb _builder_version=\u00a0\u00bb4.27.4&Prime; global_colors_info=\u00a0\u00bb{}\u00a0\u00bb open=\u00a0\u00bboff\u00a0\u00bb]\n<p>N&rsquo;h\u00e9sitez pas \u00e0 cliquer sur l&rsquo;image pour mieux voir\u00a0<img decoding=\"async\" src=\"..\/wp-content\/themes\/Divi\/includes\/builder\/frontend-builder\/assets\/vendors\/plugins\/emoticons\/img\/smiley-sealed.gif\" alt=\"sealed\" \/><\/p>\n<p><a href=\"https:\/\/etab.ac-reunion.fr\/lyc-albert-ramassamy\/wp-content\/uploads\/sites\/94\/2025\/02\/BAC-PRO-TBTEE-Flyer.jpg\"><img loading=\"lazy\" decoding=\"async\" src=\"https:\/\/etab.ac-reunion.fr\/lyc-albert-ramassamy\/wp-content\/uploads\/sites\/94\/2025\/02\/BAC-PRO-TBTEE-Flyer.jpg\" alt=\"\" class=\"wp-image-2605 alignnone size-medium\" width=\"212\" height=\"300\" \/><\/a><\/p>\n<p>Pour en savoir plus gr\u00e2ce \u00e0 L&rsquo;ONISEP\u00a0\u00a0<a href=\"http:\/\/www.onisep.fr\/Ressources\/Univers-Formation\/Formations\/Lycees\/Bac-pro-Technicien-d-etudes-du-batiment-option-A-etudes-et-economie\" target=\"_blank\" rel=\"noopener noreferrer\">&gt;&gt; cliquez ici &lt;&lt;<\/a><\/p>\n[\/et_pb_accordion_item][et_pb_accordion_item title=\u00a0\u00bbTechnicien Intervention sur Patrimoine B\u00e2ti Option B : Charpente\u00a0\u00bb _builder_version=\u00a0\u00bb4.27.4&Prime; hover_enabled=\u00a0\u00bb0&Prime; global_colors_info=\u00a0\u00bb{}\u00a0\u00bb open=\u00a0\u00bboff\u00a0\u00bb sticky_enabled=\u00a0\u00bb0&Prime;]\n<p>N&rsquo;h\u00e9sitez pas \u00e0 cliquer sur l&rsquo;image pour mieux voir\u00a0<img decoding=\"async\" src=\"https:\/\/etab.ac-reunion.fr\/lyc-albert-ramassamy\/wp-content\/themes\/Divi\/includes\/builder\/frontend-builder\/assets\/vendors\/plugins\/emoticons\/img\/smiley-sealed.gif\" alt=\"sealed\" \/><\/p>\n<p><a href=\"https:\/\/etab.ac-reunion.fr\/lyc-albert-ramassamy\/wp-content\/uploads\/sites\/94\/2025\/11\/BAC-PRO-TBIPB-Flyer.jpg\"><img loading=\"lazy\" decoding=\"async\" src=\"https:\/\/etab.ac-reunion.fr\/lyc-albert-ramassamy\/wp-content\/uploads\/sites\/94\/2025\/11\/BAC-PRO-TBIPB-Flyer-212x300.jpg\" width=\"212\" height=\"300\" alt=\"\" class=\"wp-image-5271 alignnone size-medium\" \/><\/a><\/p>\n<p>Pour en savoir plus gr\u00e2ce \u00e0 L&rsquo;ONISEP\u00a0<a href=\"http:\/\/www.onisep.fr\/Ressources\/Univers-Formation\/Formations\/Lycees\/Bac-pro-Interventions-sur-le-patrimoine-bati-option-charpente\" target=\"_blank\" rel=\"noopener noreferrer\">&gt;&gt; cliquez ici &lt;&lt;<\/a><\/p>\n[\/et_pb_accordion_item][et_pb_accordion_item title=\u00a0\u00bbTechnicien Menuisier-Agenceur\u00a0\u00bb _builder_version=\u00a0\u00bb4.27.4&Prime; hover_enabled=\u00a0\u00bb0&Prime; global_colors_info=\u00a0\u00bb{}\u00a0\u00bb open=\u00a0\u00bboff\u00a0\u00bb sticky_enabled=\u00a0\u00bb0&Prime;]\n<p>N&rsquo;h\u00e9sitez pas \u00e0 cliquer sur l&rsquo;image pour mieux voir\u00a0<img decoding=\"async\" src=\"..\/wp-content\/themes\/Divi\/includes\/builder\/frontend-builder\/assets\/vendors\/plugins\/emoticons\/img\/smiley-sealed.gif\" alt=\"sealed\" \/><\/p>\n<p><a href=\"https:\/\/etab.ac-reunion.fr\/lyc-albert-ramassamy\/wp-content\/uploads\/sites\/94\/2025\/11\/BAC-PRO-TBMA-Flyer.jpg\"><img loading=\"lazy\" decoding=\"async\" src=\"https:\/\/etab.ac-reunion.fr\/lyc-albert-ramassamy\/wp-content\/uploads\/sites\/94\/2025\/11\/BAC-PRO-TBMA-Flyer-212x300.jpg\" width=\"212\" height=\"300\" alt=\"\" class=\"wp-image-5272 alignnone size-medium\" \/><\/a><\/p>\n<p>Pour en savoir plus gr\u00e2ce \u00e0 L&rsquo;ONISEP<a href=\"http:\/\/www.onisep.fr\/Ressources\/Univers-Formation\/Formations\/Lycees\/Bac-pro-Technicien-menuisier-agenceur\" target=\"_blank\" rel=\"noopener noreferrer\">&gt;&gt; cliquez ici &lt;&lt;<\/a><\/p>\n[\/et_pb_accordion_item][et_pb_accordion_item title=\u00a0\u00bbBac Pro Etudes et R\u00e9alisation Agencement\u00a0\u00bb _builder_version=\u00a0\u00bb4.27.4&Prime; _module_preset=\u00a0\u00bbdefault\u00a0\u00bb hover_enabled=\u00a0\u00bb0&Prime; global_colors_info=\u00a0\u00bb{}\u00a0\u00bb open=\u00a0\u00bboff\u00a0\u00bb sticky_enabled=\u00a0\u00bb0&Prime;]\n<p>N&rsquo;h\u00e9sitez pas \u00e0 cliquer sur l&rsquo;image pour mieux voir\u00a0<img decoding=\"async\" src=\"..\/wp-content\/themes\/Divi\/includes\/builder\/frontend-builder\/assets\/vendors\/plugins\/emoticons\/img\/smiley-sealed.gif\" alt=\"sealed\" \/><\/p>\n<p><a href=\"https:\/\/etab.ac-reunion.fr\/lyc-albert-ramassamy\/wp-content\/uploads\/sites\/94\/2025\/11\/BAC-PRO-BERA-Flyer.jpg\"><img loading=\"lazy\" decoding=\"async\" src=\"https:\/\/etab.ac-reunion.fr\/lyc-albert-ramassamy\/wp-content\/uploads\/sites\/94\/2025\/11\/BAC-PRO-BERA-Flyer-212x300.jpg\" width=\"212\" height=\"300\" alt=\"\" class=\"wp-image-5265 alignnone size-medium\" \/><\/a><\/p>\n<p>Pour en savoir plus gr\u00e2ce \u00e0 L&rsquo;ONISEP<a href=\"http:\/\/www.onisep.fr\/Ressources\/Univers-Formation\/Formations\/Lycees\/Bac-pro-Technicien-menuisier-agenceur\" target=\"_blank\" rel=\"noopener noreferrer\">&gt;&gt; cliquez ici &lt;&lt;<\/a><\/p>\n[\/et_pb_accordion_item][et_pb_accordion_item title=\u00a0\u00bbTravaux Publics\u00a0\u00bb _builder_version=\u00a0\u00bb4.27.4&Prime; hover_enabled=\u00a0\u00bb0&Prime; global_colors_info=\u00a0\u00bb{}\u00a0\u00bb open=\u00a0\u00bboff\u00a0\u00bb sticky_enabled=\u00a0\u00bb0&Prime;]\n<p>N&rsquo;h\u00e9sitez pas \u00e0 cliquer sur l&rsquo;image pour mieux voir\u00a0<img decoding=\"async\" src=\"..\/wp-content\/themes\/Divi\/includes\/builder\/frontend-builder\/assets\/vendors\/plugins\/emoticons\/img\/smiley-sealed.gif\" alt=\"sealed\" \/><\/p>\n<p><a href=\"https:\/\/etab.ac-reunion.fr\/lyc-albert-ramassamy\/wp-content\/uploads\/sites\/94\/2025\/11\/BAC-PRO-TP-Flyer.jpg\"><img loading=\"lazy\" decoding=\"async\" src=\"https:\/\/etab.ac-reunion.fr\/lyc-albert-ramassamy\/wp-content\/uploads\/sites\/94\/2025\/11\/BAC-PRO-TP-Flyer-212x300.jpg\" width=\"212\" height=\"300\" alt=\"\" class=\"wp-image-5275 alignnone size-medium\" \/><\/a><\/p>\n<p>Pour en savoir plus gr\u00e2ce \u00e0 L&rsquo;ONISEP\u00a0<a href=\"http:\/\/www.onisep.fr\/Ressources\/Univers-Formation\/Formations\/Lycees\/Bac-pro-Travaux-publics\" target=\"_blank\" rel=\"noopener noreferrer\">&gt;&gt; cliquez ici &lt;&lt;<\/a><\/p>\n[\/et_pb_accordion_item][et_pb_accordion_item title=\u00a0\u00bbTechnicien du b\u00e2timent : organisation et r\u00e9alisation du gros oeuvre\u00a0\u00bb _builder_version=\u00a0\u00bb4.27.4&Prime; hover_enabled=\u00a0\u00bb0&Prime; global_colors_info=\u00a0\u00bb{}\u00a0\u00bb open=\u00a0\u00bboff\u00a0\u00bb sticky_enabled=\u00a0\u00bb0&Prime;]\n<p>N&rsquo;h\u00e9sitez pas \u00e0 cliquer sur l&rsquo;image pour mieux voir\u00a0<img decoding=\"async\" src=\"..\/wp-content\/themes\/Divi\/includes\/builder\/frontend-builder\/assets\/vendors\/plugins\/emoticons\/img\/smiley-sealed.gif\" alt=\"sealed\" \/><\/p>\n<p><a href=\"https:\/\/etab.ac-reunion.fr\/lyc-albert-ramassamy\/wp-content\/uploads\/sites\/94\/2025\/11\/BAC-PRO-TBTGO-Flyer.jpg\"> <img loading=\"lazy\" decoding=\"async\" src=\"https:\/\/etab.ac-reunion.fr\/lyc-albert-ramassamy\/wp-content\/uploads\/sites\/94\/2025\/11\/BAC-PRO-TBTGO-Flyer-212x300.jpg\" width=\"212\" height=\"300\" alt=\"\" class=\"wp-image-5273 alignnone size-medium\" \/><\/a><\/p>\n<p>Pour en savoir plus gr\u00e2ce \u00e0 L&rsquo;ONISEP\u00a0<a href=\"http:\/\/www.onisep.fr\/Ressources\/Univers-Formation\/Formations\/Lycees\/Bac-pro-Technicien-du-batiment-organisation-et-realisation-du-gros-oeuvre\" target=\"_blank\" rel=\"noopener noreferrer\">&gt;&gt; cliquez ici &lt;&lt;<\/a><\/p>\n<p>&nbsp;<\/p>\n[\/et_pb_accordion_item][\/et_pb_accordion][\/et_pb_column][\/et_pb_row][\/et_pb_section]\n","protected":false},"excerpt":{"rendered":"<p>Bienvenue sur le P\u00f4le Etude et R\u00e9alisation du Lyc\u00e9e Professionnel de l&rsquo;Horizon. Vous y trouverez nos formations BAC PRON&rsquo;h\u00e9sitez pas \u00e0 cliquer sur l&rsquo;image pour mieux voir\u00a0 Pour en savoir [&hellip;]<\/p>\n","protected":false},"author":9112,"featured_media":0,"parent":0,"menu_order":0,"comment_status":"closed","ping_status":"closed","template":"","meta":{"_et_pb_use_builder":"on","_et_pb_old_content":"","_et_gb_content_width":"","footnotes":""},"class_list":["post-1653","page","type-page","status-publish","hentry"],"_links":{"self":[{"href":"https:\/\/etab.ac-reunion.fr\/lyc-albert-ramassamy\/wp-json\/wp\/v2\/pages\/1653","targetHints":{"allow":["GET"]}}],"collection":[{"href":"https:\/\/etab.ac-reunion.fr\/lyc-albert-ramassamy\/wp-json\/wp\/v2\/pages"}],"about":[{"href":"https:\/\/etab.ac-reunion.fr\/lyc-albert-ramassamy\/wp-json\/wp\/v2\/types\/page"}],"author":[{"embeddable":true,"href":"https:\/\/etab.ac-reunion.fr\/lyc-albert-ramassamy\/wp-json\/wp\/v2\/users\/9112"}],"replies":[{"embeddable":true,"href":"https:\/\/etab.ac-reunion.fr\/lyc-albert-ramassamy\/wp-json\/wp\/v2\/comments?post=1653"}],"version-history":[{"count":32,"href":"https:\/\/etab.ac-reunion.fr\/lyc-albert-ramassamy\/wp-json\/wp\/v2\/pages\/1653\/revisions"}],"predecessor-version":[{"id":5321,"href":"https:\/\/etab.ac-reunion.fr\/lyc-albert-ramassamy\/wp-json\/wp\/v2\/pages\/1653\/revisions\/5321"}],"wp:attachment":[{"href":"https:\/\/etab.ac-reunion.fr\/lyc-albert-ramassamy\/wp-json\/wp\/v2\/media?parent=1653"}],"curies":[{"name":"wp","href":"https:\/\/api.w.org\/{rel}","templated":true}]}}