{"id":1655,"date":"2018-04-05T11:12:17","date_gmt":"2018-04-05T07:12:17","guid":{"rendered":"http:\/\/lycee-horizon.ac-reunion.fr\/?page_id=1655"},"modified":"2025-11-13T13:04:49","modified_gmt":"2025-11-13T09:04:49","slug":"cap-btp","status":"publish","type":"page","link":"https:\/\/etab.ac-reunion.fr\/lyc-albert-ramassamy\/cap-btp\/","title":{"rendered":"Les cap du btp"},"content":{"rendered":"[et_pb_section fb_built=\u00a0\u00bb1&Prime; _builder_version=\u00a0\u00bb4.16&Prime; global_colors_info=\u00a0\u00bb{}\u00a0\u00bb][et_pb_row _builder_version=\u00a0\u00bb4.16&Prime; background_size=\u00a0\u00bbinitial\u00a0\u00bb background_position=\u00a0\u00bbtop_left\u00a0\u00bb background_repeat=\u00a0\u00bbrepeat\u00a0\u00bb global_colors_info=\u00a0\u00bb{}\u00a0\u00bb][et_pb_column type=\u00a0\u00bb4_4&Prime; _builder_version=\u00a0\u00bb4.16&Prime; custom_padding=\u00a0\u00bb|||\u00a0\u00bb global_colors_info=\u00a0\u00bb{}\u00a0\u00bb custom_padding__hover=\u00a0\u00bb|||\u00a0\u00bb][et_pb_accordion icon_color=\u00a0\u00bb#7cda24&Prime; _builder_version=\u00a0\u00bb4.27.4&Prime; body_font=\u00a0\u00bbBaloo||||||||\u00a0\u00bb hover_enabled=\u00a0\u00bb0&Prime; global_colors_info=\u00a0\u00bb{}\u00a0\u00bb sticky_enabled=\u00a0\u00bb0&Prime;][et_pb_accordion_item title=\u00a0\u00bbPr\u00e9sentation\u00a0\u00bb open=\u00a0\u00bbon\u00a0\u00bb _builder_version=\u00a0\u00bb4.16&Prime; global_colors_info=\u00a0\u00bb{}\u00a0\u00bb]\n<p style=\"text-align: center\">Bienvenue dans la s\u00e9lection des diff\u00e9rents CAP ( Certificat d&rsquo;Aptitude Professionnelle)\u00a0 dans le domaine du BTP ( B\u00e2timent et travaux publics )\u00a0 propos\u00e9 au lyc\u00e9e professionnel de l&rsquo;horizon.<\/p>\n<p style=\"text-align: center\">Bonne recherche<\/p>\n[\/et_pb_accordion_item][et_pb_accordion_item title=\u00a0\u00bbConducteur d&rsquo;Engins de TP et carri\u00e8res\u00a0\u00bb _builder_version=\u00a0\u00bb4.27.4&Prime; hover_enabled=\u00a0\u00bb0&Prime; global_colors_info=\u00a0\u00bb{}\u00a0\u00bb open=\u00a0\u00bboff\u00a0\u00bb sticky_enabled=\u00a0\u00bb0&Prime;]\n<p>N&rsquo;h\u00e9sitez pas \u00e0 cliquer sur l&rsquo;image pour mieux voir\u00a0<img decoding=\"async\" src=\"..\/wp-content\/themes\/Divi\/includes\/builder\/frontend-builder\/assets\/vendors\/plugins\/emoticons\/img\/smiley-sealed.gif\" alt=\"sealed\" \/><\/p>\n<p><a href=\"https:\/\/etab.ac-reunion.fr\/lyc-albert-ramassamy\/wp-content\/uploads\/sites\/94\/2025\/11\/CAP-CCET-Flyer.jpg\"><img loading=\"lazy\" decoding=\"async\" src=\"https:\/\/etab.ac-reunion.fr\/lyc-albert-ramassamy\/wp-content\/uploads\/sites\/94\/2025\/11\/CAP-CCET-Flyer-212x300.jpg\" width=\"212\" height=\"300\" alt=\"\" class=\"wp-image-5280 alignnone size-medium\" \/><\/a><\/p>\n<p>Pour en savoir plus gr\u00e2ce \u00e0 L&rsquo;ONISEP\u00a0<a href=\"http:\/\/www.onisep.fr\/Ressources\/Univers-Formation\/Formations\/Lycees\/CAP-Conducteur-d-engins-travaux-publics-et-carrieres\" target=\"_blank\" rel=\"noopener noreferrer\">&gt;&gt; cliquez ici &lt;&lt;<\/a><\/p>\n<p><iframe loading=\"lazy\" title=\"LP Horizon   CACES A   Ile de La R\u00e9union 1080p\" width=\"1080\" height=\"608\" src=\"https:\/\/www.youtube.com\/embed\/XtUJt4Zt00U?feature=oembed\"  allow=\"accelerometer; autoplay; clipboard-write; encrypted-media; gyroscope; picture-in-picture; web-share\" referrerpolicy=\"strict-origin-when-cross-origin\" allowfullscreen><\/iframe><\/p>\n[\/et_pb_accordion_item][et_pb_accordion_item title=\u00a0\u00bbCarreleur Mosa\u00efste\u00a0\u00bb _builder_version=\u00a0\u00bb4.27.4&Prime; hover_enabled=\u00a0\u00bb0&Prime; global_colors_info=\u00a0\u00bb{}\u00a0\u00bb open=\u00a0\u00bboff\u00a0\u00bb sticky_enabled=\u00a0\u00bb0&Prime;]\n<p>N&rsquo;h\u00e9sitez pas \u00e0 cliquer sur l&rsquo;image pour mieux voir\u00a0<img decoding=\"async\" src=\"..\/wp-content\/themes\/Divi\/includes\/builder\/frontend-builder\/assets\/vendors\/plugins\/emoticons\/img\/smiley-sealed.gif\" alt=\"sealed\" \/><\/p>\n<p><a href=\"https:\/\/etab.ac-reunion.fr\/lyc-albert-ramassamy\/wp-content\/uploads\/sites\/94\/2025\/11\/CAP-CCAR-Flyer.jpg\"><img loading=\"lazy\" decoding=\"async\" src=\"https:\/\/etab.ac-reunion.fr\/lyc-albert-ramassamy\/wp-content\/uploads\/sites\/94\/2025\/11\/CAP-CCAR-Flyer-212x300.jpg\" width=\"212\" height=\"300\" alt=\"\" class=\"wp-image-5278 alignnone size-medium\" \/><\/a><\/p>\n<p>Pour en savoir plus gr\u00e2ce \u00e0 L&rsquo;ONISEP\u00a0<a href=\"http:\/\/www.onisep.fr\/Ressources\/Univers-Formation\/Formations\/Lycees\/CAP-Carreleur-mosaiste\" target=\"_blank\" rel=\"noopener noreferrer\">&gt;&gt; cliquez ici &lt;&lt;<\/a><\/p>\n[\/et_pb_accordion_item][et_pb_accordion_item title=\u00a0\u00bbMenuiserie, Fabricant de Menuiserie, Mobilier et Agencement\u00a0\u00bb _builder_version=\u00a0\u00bb4.27.4&Prime; hover_enabled=\u00a0\u00bb0&Prime; global_colors_info=\u00a0\u00bb{}\u00a0\u00bb open=\u00a0\u00bboff\u00a0\u00bb sticky_enabled=\u00a0\u00bb0&Prime;]\n<p>N&rsquo;h\u00e9sitez pas \u00e0 cliquer sur l&rsquo;image pour mieux voir\u00a0<img decoding=\"async\" src=\"..\/wp-content\/themes\/Divi\/includes\/builder\/frontend-builder\/assets\/vendors\/plugins\/emoticons\/img\/smiley-sealed.gif\" alt=\"sealed\" \/><\/p>\n<p><a href=\"https:\/\/etab.ac-reunion.fr\/lyc-albert-ramassamy\/wp-content\/uploads\/sites\/94\/2025\/11\/CAP-CMF-Flyer.jpg\"><img loading=\"lazy\" decoding=\"async\" src=\"https:\/\/etab.ac-reunion.fr\/lyc-albert-ramassamy\/wp-content\/uploads\/sites\/94\/2025\/11\/CAP-CMF-Flyer-212x300.jpg\" width=\"212\" height=\"300\" alt=\"\" class=\"wp-image-5281 alignnone size-medium\" \/><\/a><\/p>\n<p>Pour en savoir plus gr\u00e2ce \u00e0 L&rsquo;ONISEP\u00a0<a href=\"http:\/\/www.onisep.fr\/Ressources\/Univers-Formation\/Formations\/Lycees\/CAP-Menuisier-fabricant-de-menuiserie-mobilier-et-agencement\" target=\"_blank\" rel=\"noopener noreferrer\">&gt;&gt; cliquez ici &lt;&lt;<\/a><\/p>\n<p>&nbsp;<\/p>\n[\/et_pb_accordion_item][et_pb_accordion_item title=\u00a0\u00bbConstructeur Bois\u00a0\u00bb _builder_version=\u00a0\u00bb4.27.4&Prime; hover_enabled=\u00a0\u00bb0&Prime; global_colors_info=\u00a0\u00bb{}\u00a0\u00bb open=\u00a0\u00bboff\u00a0\u00bb sticky_enabled=\u00a0\u00bb0&Prime;]\n<p>N&rsquo;h\u00e9sitez pas \u00e0 cliquer sur l&rsquo;image pour mieux voir\u00a0<img decoding=\"async\" src=\"..\/wp-content\/themes\/Divi\/includes\/builder\/frontend-builder\/assets\/vendors\/plugins\/emoticons\/img\/smiley-sealed.gif\" alt=\"sealed\" \/><\/p>\n<p><a href=\"https:\/\/etab.ac-reunion.fr\/lyc-albert-ramassamy\/wp-content\/uploads\/sites\/94\/2025\/11\/CAP-CCB-Flyer-1.jpg\"><img loading=\"lazy\" decoding=\"async\" src=\"https:\/\/etab.ac-reunion.fr\/lyc-albert-ramassamy\/wp-content\/uploads\/sites\/94\/2025\/11\/CAP-CCB-Flyer-1-212x300.jpg\" width=\"212\" height=\"300\" alt=\"\" class=\"wp-image-5279 alignnone size-medium\" \/><\/a><\/p>\n<p>Pour en savoir plus gr\u00e2ce \u00e0 L&rsquo;ONISEP\u00a0<a href=\"http:\/\/www.onisep.fr\/Ressources\/Univers-Formation\/Formations\/Lycees\/CAP-Constructeur-bois\" target=\"_blank\" rel=\"noopener noreferrer\">&gt;&gt; cliquez ici &lt;&lt;<\/a><\/p>\n[\/et_pb_accordion_item][et_pb_accordion_item title=\u00a0\u00bbConstructeur en canalisation TP\u00a0\u00bb _builder_version=\u00a0\u00bb4.27.4&Prime; hover_enabled=\u00a0\u00bb0&Prime; global_colors_info=\u00a0\u00bb{}\u00a0\u00bb open=\u00a0\u00bboff\u00a0\u00bb sticky_enabled=\u00a0\u00bb0&Prime;]\n<p>N&rsquo;h\u00e9sitez pas \u00e0 cliquer sur l&rsquo;image pour mieux voir\u00a0<img decoding=\"async\" src=\"..\/wp-content\/themes\/Divi\/includes\/builder\/frontend-builder\/assets\/vendors\/plugins\/emoticons\/img\/smiley-sealed.gif\" alt=\"sealed\" \/><\/p>\n<p><a href=\"https:\/\/etab.ac-reunion.fr\/lyc-albert-ramassamy\/wp-content\/uploads\/sites\/94\/2025\/11\/CAP-CRC-Flyer.jpg\"><img loading=\"lazy\" decoding=\"async\" src=\"https:\/\/etab.ac-reunion.fr\/lyc-albert-ramassamy\/wp-content\/uploads\/sites\/94\/2025\/11\/CAP-CRC-Flyer-212x300.jpg\" width=\"212\" height=\"300\" alt=\"\" class=\"wp-image-5282 alignnone size-medium\" \/><\/a><\/p>\n<p>Pour en savoir plus gr\u00e2ce \u00e0 L&rsquo;ONISEP\u00a0<a href=\"http:\/\/www.onisep.fr\/Ressources\/Univers-Formation\/Formations\/Lycees\/CAP-Constructeur-en-canalisations-des-travaux-publics\" target=\"_blank\" rel=\"noopener noreferrer\">&gt;&gt; cliquez ici &lt;&lt;<\/a><\/p>\n[\/et_pb_accordion_item][\/et_pb_accordion][\/et_pb_column][\/et_pb_row][\/et_pb_section]\n","protected":false},"excerpt":{"rendered":"<p>Bienvenue dans la s\u00e9lection des diff\u00e9rents CAP ( Certificat d&rsquo;Aptitude Professionnelle)\u00a0 dans le domaine du BTP ( B\u00e2timent et travaux publics )\u00a0 propos\u00e9 au lyc\u00e9e professionnel de l&rsquo;horizon. Bonne rechercheN&rsquo;h\u00e9sitez [&hellip;]<\/p>\n","protected":false},"author":9112,"featured_media":0,"parent":0,"menu_order":0,"comment_status":"closed","ping_status":"closed","template":"","meta":{"_et_pb_use_builder":"on","_et_pb_old_content":"","_et_gb_content_width":"","footnotes":""},"class_list":["post-1655","page","type-page","status-publish","hentry"],"_links":{"self":[{"href":"https:\/\/etab.ac-reunion.fr\/lyc-albert-ramassamy\/wp-json\/wp\/v2\/pages\/1655","targetHints":{"allow":["GET"]}}],"collection":[{"href":"https:\/\/etab.ac-reunion.fr\/lyc-albert-ramassamy\/wp-json\/wp\/v2\/pages"}],"about":[{"href":"https:\/\/etab.ac-reunion.fr\/lyc-albert-ramassamy\/wp-json\/wp\/v2\/types\/page"}],"author":[{"embeddable":true,"href":"https:\/\/etab.ac-reunion.fr\/lyc-albert-ramassamy\/wp-json\/wp\/v2\/users\/9112"}],"replies":[{"embeddable":true,"href":"https:\/\/etab.ac-reunion.fr\/lyc-albert-ramassamy\/wp-json\/wp\/v2\/comments?post=1655"}],"version-history":[{"count":20,"href":"https:\/\/etab.ac-reunion.fr\/lyc-albert-ramassamy\/wp-json\/wp\/v2\/pages\/1655\/revisions"}],"predecessor-version":[{"id":5324,"href":"https:\/\/etab.ac-reunion.fr\/lyc-albert-ramassamy\/wp-json\/wp\/v2\/pages\/1655\/revisions\/5324"}],"wp:attachment":[{"href":"https:\/\/etab.ac-reunion.fr\/lyc-albert-ramassamy\/wp-json\/wp\/v2\/media?parent=1655"}],"curies":[{"name":"wp","href":"https:\/\/api.w.org\/{rel}","templated":true}]}}