{"id":1657,"date":"2018-04-05T11:12:59","date_gmt":"2018-04-05T07:12:59","guid":{"rendered":"http:\/\/lycee-horizon.ac-reunion.fr\/?page_id=1657"},"modified":"2025-11-12T11:52:33","modified_gmt":"2025-11-12T07:52:33","slug":"parcour-sup-fluide-energie-2","status":"publish","type":"page","link":"https:\/\/etab.ac-reunion.fr\/lyc-albert-ramassamy\/parcour-sup-fluide-energie-2\/","title":{"rendered":"Les post-bac de fluide &amp; \u00e9nergie"},"content":{"rendered":"[et_pb_section fb_built=\u00a0\u00bb1&Prime; _builder_version=\u00a0\u00bb4.16&Prime; global_colors_info=\u00a0\u00bb{}\u00a0\u00bb][et_pb_row _builder_version=\u00a0\u00bb4.16&Prime; background_size=\u00a0\u00bbinitial\u00a0\u00bb background_position=\u00a0\u00bbtop_left\u00a0\u00bb background_repeat=\u00a0\u00bbrepeat\u00a0\u00bb global_colors_info=\u00a0\u00bb{}\u00a0\u00bb][et_pb_column type=\u00a0\u00bb4_4&Prime; _builder_version=\u00a0\u00bb4.16&Prime; custom_padding=\u00a0\u00bb|||\u00a0\u00bb global_colors_info=\u00a0\u00bb{}\u00a0\u00bb custom_padding__hover=\u00a0\u00bb|||\u00a0\u00bb][et_pb_accordion icon_color=\u00a0\u00bb#f1e307&Prime; _builder_version=\u00a0\u00bb4.27.4&Prime; body_font=\u00a0\u00bb||||||||\u00a0\u00bb hover_enabled=\u00a0\u00bb0&Prime; global_colors_info=\u00a0\u00bb{}\u00a0\u00bb sticky_enabled=\u00a0\u00bb0&Prime;][et_pb_accordion_item title=\u00a0\u00bbPr\u00e9sentation \u00a0\u00bb _builder_version=\u00a0\u00bb4.27.4&Prime; global_colors_info=\u00a0\u00bb{}\u00a0\u00bb open=\u00a0\u00bbon\u00a0\u00bb]\n<p style=\"text-align: center\">Bienvenue sur le P\u00f4le fluides et Energies, vous trouverez dans cet espace toutes les formations post bac propos\u00e9es par le Lyc\u00e9e Professionnel<\/p>\n<p><strong><\/strong><strong>Pour une pr\u00e9sentation interactive<\/strong> <a href=\"https:\/\/prezi.com\/view\/jwD9UnmUa2vPyAXSRBgs\/\" target=\"blank\" rel=\"noopenernoreferrer noopener noreferrer\">&gt;&gt; PREZI cliquez ici &lt;&lt;<\/a><\/p>\n[\/et_pb_accordion_item][et_pb_accordion_item title=\u00a0\u00bbBTS Maintenance des syst\u00e8mes Option : Syst\u00e8mes \u00e9nerg\u00e9tiques et fluidiques \u00a0\u00bb open=\u00a0\u00bboff\u00a0\u00bb content_tablet=\u00a0\u00bb\u00a0\u00bb content_phone=\u00a0\u00bb\u00a0\u00bb content_last_edited=\u00a0\u00bbon|phone\u00a0\u00bb _builder_version=\u00a0\u00bb4.27.4&Prime; width=\u00a0\u00bb%22212%22&Prime; height=\u00a0\u00bb%22300%22&Prime; global_colors_info=\u00a0\u00bb{}\u00a0\u00bb]\n<p>N&rsquo;h\u00e9sitez pas \u00e0 cliquer sur l&rsquo;image pour mieux voir\u00a0<img decoding=\"async\" src=\"..\/wp-content\/themes\/Divi\/includes\/builder\/frontend-builder\/assets\/vendors\/plugins\/emoticons\/img\/smiley-sealed.gif\" alt=\"sealed\" \/><\/p>\n<p><a href=\"https:\/\/etab.ac-reunion.fr\/lyc-albert-ramassamy\/wp-content\/uploads\/sites\/94\/2025\/11\/BTS-MS.pdf-2.jpg\"> <img loading=\"lazy\" decoding=\"async\" src=\"https:\/\/etab.ac-reunion.fr\/lyc-albert-ramassamy\/wp-content\/uploads\/sites\/94\/2025\/11\/BTS-MS.pdf-2-212x300.jpg\" width=\"212\" height=\"300\" alt=\"\" class=\"wp-image-5289 alignnone size-medium\" \/><\/a><\/p>\n<p>\u00a0Pour en savoir plus gr\u00e2ce \u00e0 L&rsquo;ONISEP <a href=\"http:\/\/www.onisep.fr\/Ressources\/Univers-Formation\/Formations\/Post-bac\/BTS-Maintenance-des-systemes-option-B-systemes-energetiques-et-fluidiques\" target=\"_blank\" rel=\"noopener noreferrer\">&gt;&gt; cliquez ici\u00a0&lt;&lt;<\/a><\/p>\n[\/et_pb_accordion_item][et_pb_accordion_item title=\u00a0\u00bbBTS Fluide Energie Domotique Option : G\u00e9nie Climatique et Fluidique\u00a0\u00bb _builder_version=\u00a0\u00bb4.27.4&Prime; _module_preset=\u00a0\u00bbdefault\u00a0\u00bb global_colors_info=\u00a0\u00bb{}\u00a0\u00bb open=\u00a0\u00bboff\u00a0\u00bb]\n<p>N&rsquo;h\u00e9sitez pas \u00e0 cliquer sur l&rsquo;image pour mieux voir <img decoding=\"async\" src=\"..\/wp-content\/themes\/Divi\/includes\/builder\/frontend-builder\/assets\/vendors\/plugins\/emoticons\/img\/smiley-sealed.gif\" alt=\"sealed\" \/><\/p>\n<p><a href=\"https:\/\/etab.ac-reunion.fr\/lyc-albert-ramassamy\/wp-content\/uploads\/sites\/94\/2025\/02\/BTS-FED.jpg\"><img loading=\"lazy\" decoding=\"async\" src=\"https:\/\/etab.ac-reunion.fr\/lyc-albert-ramassamy\/wp-content\/uploads\/sites\/94\/2025\/02\/BTS-FED.jpg\" alt=\"\" class=\"wp-image-2718 alignnone size-medium\" width=\"300\" height=\"212\" \/><\/a><\/p>\n<p>Pour en savoir plus gr\u00e2ce \u00e0 L&rsquo;ONISEP <a href=\"http:\/\/www.onisep.fr\/Ressources\/Univers-Formation\/Formations\/Post-bac\/MC-Technicien-en-energies-renouvelables-option-B-energie-thermique\" target=\"_blank\" rel=\"noopener noreferrer\">&gt;&gt; cliquez ici &lt;&lt;<\/a><\/p>\n[\/et_pb_accordion_item][et_pb_accordion_item title=\u00a0\u00bbMention Compl\u00e9mentaire Technicien en \u00e9nergies renouvelables. Opt B : Energies thermiques\u00a0\u00bb _builder_version=\u00a0\u00bb4.27.4&Prime; hover_enabled=\u00a0\u00bb0&Prime; global_colors_info=\u00a0\u00bb{}\u00a0\u00bb open=\u00a0\u00bboff\u00a0\u00bb sticky_enabled=\u00a0\u00bb0&Prime;]\n<p>N&rsquo;h\u00e9sitez pas \u00e0 cliquer sur l&rsquo;image pour mieux voir\u00a0<img decoding=\"async\" src=\"..\/wp-content\/themes\/Divi\/includes\/builder\/frontend-builder\/assets\/vendors\/plugins\/emoticons\/img\/smiley-sealed.gif\" alt=\"sealed\" \/><\/p>\n<p><a href=\"https:\/\/etab.ac-reunion.fr\/lyc-albert-ramassamy\/wp-content\/uploads\/sites\/94\/2025\/11\/Certificat-de-specialisation-Technicien-Energies-Renouvelables-en-apprentissage.pdf-2.jpg\"><img loading=\"lazy\" decoding=\"async\" src=\"https:\/\/etab.ac-reunion.fr\/lyc-albert-ramassamy\/wp-content\/uploads\/sites\/94\/2025\/11\/Certificat-de-specialisation-Technicien-Energies-Renouvelables-en-apprentissage.pdf-2-212x300.jpg\" width=\"212\" height=\"300\" alt=\"\" class=\"wp-image-5260 alignnone size-medium\" \/><\/a><\/p>\n<p>Pour en savoir plus gr\u00e2ce \u00e0 L&rsquo;ONISEP\u00a0<a href=\"http:\/\/www.onisep.fr\/Ressources\/Univers-Formation\/Formations\/Post-bac\/MC-Technicien-en-energies-renouvelables-option-B-energie-thermique\" target=\"_blank\" rel=\"noopener noreferrer\">&gt;&gt; cliquez ici &lt;&lt;<\/a><\/p>\n[\/et_pb_accordion_item][\/et_pb_accordion][\/et_pb_column][\/et_pb_row][\/et_pb_section]\n","protected":false},"excerpt":{"rendered":"<p>Bienvenue sur le P\u00f4le fluides et Energies, vous trouverez dans cet espace toutes les formations post bac propos\u00e9es par le Lyc\u00e9e Professionnel Pour une pr\u00e9sentation interactive &gt;&gt; PREZI cliquez ici [&hellip;]<\/p>\n","protected":false},"author":9112,"featured_media":0,"parent":0,"menu_order":0,"comment_status":"closed","ping_status":"closed","template":"","meta":{"_et_pb_use_builder":"on","_et_pb_old_content":"","_et_gb_content_width":"","footnotes":""},"class_list":["post-1657","page","type-page","status-publish","hentry"],"_links":{"self":[{"href":"https:\/\/etab.ac-reunion.fr\/lyc-albert-ramassamy\/wp-json\/wp\/v2\/pages\/1657","targetHints":{"allow":["GET"]}}],"collection":[{"href":"https:\/\/etab.ac-reunion.fr\/lyc-albert-ramassamy\/wp-json\/wp\/v2\/pages"}],"about":[{"href":"https:\/\/etab.ac-reunion.fr\/lyc-albert-ramassamy\/wp-json\/wp\/v2\/types\/page"}],"author":[{"embeddable":true,"href":"https:\/\/etab.ac-reunion.fr\/lyc-albert-ramassamy\/wp-json\/wp\/v2\/users\/9112"}],"replies":[{"embeddable":true,"href":"https:\/\/etab.ac-reunion.fr\/lyc-albert-ramassamy\/wp-json\/wp\/v2\/comments?post=1657"}],"version-history":[{"count":33,"href":"https:\/\/etab.ac-reunion.fr\/lyc-albert-ramassamy\/wp-json\/wp\/v2\/pages\/1657\/revisions"}],"predecessor-version":[{"id":5315,"href":"https:\/\/etab.ac-reunion.fr\/lyc-albert-ramassamy\/wp-json\/wp\/v2\/pages\/1657\/revisions\/5315"}],"wp:attachment":[{"href":"https:\/\/etab.ac-reunion.fr\/lyc-albert-ramassamy\/wp-json\/wp\/v2\/media?parent=1657"}],"curies":[{"name":"wp","href":"https:\/\/api.w.org\/{rel}","templated":true}]}}