{"id":1659,"date":"2018-04-05T11:13:27","date_gmt":"2018-04-05T07:13:27","guid":{"rendered":"http:\/\/lycee-horizon.ac-reunion.fr\/?page_id=1659"},"modified":"2025-11-17T08:03:08","modified_gmt":"2025-11-17T04:03:08","slug":"bac-pro-fluide-energie","status":"publish","type":"page","link":"https:\/\/etab.ac-reunion.fr\/lyc-albert-ramassamy\/bac-pro-fluide-energie\/","title":{"rendered":"Les bac pro de fluides &amp; \u00e9nergies"},"content":{"rendered":"[et_pb_section fb_built=\u00a0\u00bb1&Prime; _builder_version=\u00a0\u00bb4.16&Prime; global_colors_info=\u00a0\u00bb{}\u00a0\u00bb][et_pb_row _builder_version=\u00a0\u00bb4.16&Prime; background_size=\u00a0\u00bbinitial\u00a0\u00bb background_position=\u00a0\u00bbtop_left\u00a0\u00bb background_repeat=\u00a0\u00bbrepeat\u00a0\u00bb global_colors_info=\u00a0\u00bb{}\u00a0\u00bb][et_pb_column type=\u00a0\u00bb4_4&Prime; _builder_version=\u00a0\u00bb4.16&Prime; custom_padding=\u00a0\u00bb|||\u00a0\u00bb global_colors_info=\u00a0\u00bb{}\u00a0\u00bb custom_padding__hover=\u00a0\u00bb|||\u00a0\u00bb][et_pb_accordion icon_color=\u00a0\u00bb#f1e307&Prime; _builder_version=\u00a0\u00bb4.27.4&Prime; body_font=\u00a0\u00bbBaloo||||||||\u00a0\u00bb hover_enabled=\u00a0\u00bb0&Prime; global_colors_info=\u00a0\u00bb{}\u00a0\u00bb sticky_enabled=\u00a0\u00bb0&Prime;][et_pb_accordion_item title=\u00a0\u00bbPr\u00e9sentation\u00a0\u00bb open=\u00a0\u00bboff\u00a0\u00bb _builder_version=\u00a0\u00bb4.16&Prime; global_colors_info=\u00a0\u00bb{}\u00a0\u00bb]\n<p style=\"text-align: center\">Bienvenue dans la s\u00e9lection des diff\u00e9rents bac professionnel dans le domaine du fluide et energies\u00a0 propos\u00e9 au lyc\u00e9e professionnel de l&rsquo;horizon.<\/p>\n<p style=\"text-align: center\">Bonne recherche<\/p>\n[\/et_pb_accordion_item][et_pb_accordion_item title=\u00a0\u00bbTechnicien en installation des Syst\u00e8mes Energ\u00e9tique Clim.\u00a0\u00bb _builder_version=\u00a0\u00bb4.27.4&Prime; hover_enabled=\u00a0\u00bb0&Prime; global_colors_info=\u00a0\u00bb{}\u00a0\u00bb open=\u00a0\u00bboff\u00a0\u00bb sticky_enabled=\u00a0\u00bb0&Prime;]\n<p>N&rsquo;h\u00e9sitez pas \u00e0 cliquer sur l&rsquo;image pour mieux voir\u00a0<img decoding=\"async\" src=\"..\/wp-content\/themes\/Divi\/includes\/builder\/frontend-builder\/assets\/vendors\/plugins\/emoticons\/img\/smiley-sealed.gif\" alt=\"sealed\" \/><\/p>\n<p><a href=\"https:\/\/etab.ac-reunion.fr\/lyc-albert-ramassamy\/wp-content\/uploads\/sites\/94\/2025\/11\/BAC-PRO-BICCER-Flyer-2.jpg\"> <img loading=\"lazy\" decoding=\"async\" src=\"https:\/\/etab.ac-reunion.fr\/lyc-albert-ramassamy\/wp-content\/uploads\/sites\/94\/2025\/11\/BAC-PRO-BICCER-Flyer-2-212x300.jpg\" width=\"212\" height=\"300\" alt=\"\" class=\"wp-image-5259 alignnone size-medium\" \/><\/a><\/p>\n<p>Pour en savoir plus gr\u00e2ce \u00e0 L&rsquo;ONISEP\u00a0<a href=\"http:\/\/www.onisep.fr\/Ressources\/Univers-Formation\/Formations\/Lycees\/Bac-pro-Technicien-en-installation-des-systemes-energetiques-et-climatiques\" target=\"_blank\" rel=\"noopener noreferrer\">&gt;&gt; cliquez ici &lt;&lt;<\/a><\/p>\n[\/et_pb_accordion_item][et_pb_accordion_item title=\u00a0\u00bbTechnicien du Froid et du Conditionnement de l&rsquo;Air\u00a0\u00bb _builder_version=\u00a0\u00bb4.27.4&Prime; hover_enabled=\u00a0\u00bb0&Prime; global_colors_info=\u00a0\u00bb{}\u00a0\u00bb open=\u00a0\u00bboff\u00a0\u00bb sticky_enabled=\u00a0\u00bb0&Prime;]\n<p>N&rsquo;h\u00e9sitez pas \u00e0 cliquer sur l&rsquo;image pour mieux voir\u00a0<img decoding=\"async\" src=\"..\/wp-content\/themes\/Divi\/includes\/builder\/frontend-builder\/assets\/vendors\/plugins\/emoticons\/img\/smiley-sealed.gif\" alt=\"sealed\" \/><\/p>\n<p><a href=\"https:\/\/etab.ac-reunion.fr\/lyc-albert-ramassamy\/wp-content\/uploads\/sites\/94\/2025\/11\/BAC-PRO-MFER-Flyer.jpg\"><img loading=\"lazy\" decoding=\"async\" src=\"https:\/\/etab.ac-reunion.fr\/lyc-albert-ramassamy\/wp-content\/uploads\/sites\/94\/2025\/11\/BAC-PRO-MFER-Flyer-212x300.jpg\" width=\"212\" height=\"300\" alt=\"\" class=\"wp-image-5261 alignnone size-medium\" \/><\/a><\/p>\n<p><iframe loading=\"lazy\" title=\"Bac pro TFC au LP de L&#039;Horizon\" width=\"1080\" height=\"608\" src=\"https:\/\/www.youtube.com\/embed\/7D9iotbNSCA?start=4&#038;feature=oembed\"  allow=\"accelerometer; autoplay; clipboard-write; encrypted-media; gyroscope; picture-in-picture; web-share\" referrerpolicy=\"strict-origin-when-cross-origin\" allowfullscreen><\/iframe><\/p>\n<p>Pour en savoir plus gr\u00e2ce \u00e0 L&rsquo;ONISEP\u00a0\u00a0<a href=\"http:\/\/www.onisep.fr\/Ressources\/Univers-Formation\/Formations\/Lycees\/Bac-pro-Technicien-du-froid-et-du-conditionnement-d-air\" target=\"_blank\" rel=\"noopener noreferrer\">&gt;&gt; cliquez ici &lt;&lt;<\/a><\/p>\n[\/et_pb_accordion_item][et_pb_accordion_item title=\u00a0\u00bbM\u00e9tiers de l&rsquo;\u00e9lectricit\u00e9 et ses environnements connect\u00e9s \u00a0\u00bb _builder_version=\u00a0\u00bb4.27.4&Prime; global_colors_info=\u00a0\u00bb{}\u00a0\u00bb open=\u00a0\u00bbon\u00a0\u00bb]\n<p>N&rsquo;h\u00e9sitez pas \u00e0 cliquer sur l&rsquo;image pour mieux voir\u00a0<img decoding=\"async\" src=\"..\/wp-content\/themes\/Divi\/includes\/builder\/frontend-builder\/assets\/vendors\/plugins\/emoticons\/img\/smiley-sealed.gif\" alt=\"sealed\" \/><\/p>\n<p><a href=\"https:\/\/etab.ac-reunion.fr\/lyc-albert-ramassamy\/wp-content\/uploads\/sites\/94\/2025\/02\/BAC-PRO-MELEC-Flyer.jpg\"><img loading=\"lazy\" decoding=\"async\" src=\"https:\/\/etab.ac-reunion.fr\/lyc-albert-ramassamy\/wp-content\/uploads\/sites\/94\/2025\/02\/BAC-PRO-MELEC-Flyer.jpg\" alt=\"\" class=\"wp-image-2601 alignnone size-medium\" width=\"212\" height=\"300\" \/><\/a><\/p>\n<p><iframe loading=\"lazy\" title=\"Bac pro MELEC au LP de L&#039;Horizon\" width=\"1080\" height=\"608\" src=\"https:\/\/www.youtube.com\/embed\/7AJ0Q9riEmc?start=3&#038;feature=oembed\"  allow=\"accelerometer; autoplay; clipboard-write; encrypted-media; gyroscope; picture-in-picture; web-share\" referrerpolicy=\"strict-origin-when-cross-origin\" allowfullscreen><\/iframe><\/p>\n<p>Pour en savoir plus gr\u00e2ce \u00e0 L&rsquo;ONISEP\u00a0\u00a0<a href=\"http:\/\/www.onisep.fr\/Ressources\/Univers-Formation\/Formations\/Lycees\/Bac-pro-Metiers-de-l-electricite-et-de-ses-environnements-connectes\" target=\"_blank\" rel=\"noopener noreferrer\">&gt;&gt; cliquez ici &lt;&lt;<\/a><\/p>\n[\/et_pb_accordion_item][\/et_pb_accordion][\/et_pb_column][\/et_pb_row][\/et_pb_section]\n","protected":false},"excerpt":{"rendered":"<p>Bienvenue dans la s\u00e9lection des diff\u00e9rents bac professionnel dans le domaine du fluide et energies\u00a0 propos\u00e9 au lyc\u00e9e professionnel de l&rsquo;horizon. Bonne rechercheN&rsquo;h\u00e9sitez pas \u00e0 cliquer sur l&rsquo;image pour mieux [&hellip;]<\/p>\n","protected":false},"author":9112,"featured_media":0,"parent":0,"menu_order":0,"comment_status":"closed","ping_status":"closed","template":"","meta":{"_et_pb_use_builder":"on","_et_pb_old_content":"","_et_gb_content_width":"","footnotes":""},"class_list":["post-1659","page","type-page","status-publish","hentry"],"_links":{"self":[{"href":"https:\/\/etab.ac-reunion.fr\/lyc-albert-ramassamy\/wp-json\/wp\/v2\/pages\/1659","targetHints":{"allow":["GET"]}}],"collection":[{"href":"https:\/\/etab.ac-reunion.fr\/lyc-albert-ramassamy\/wp-json\/wp\/v2\/pages"}],"about":[{"href":"https:\/\/etab.ac-reunion.fr\/lyc-albert-ramassamy\/wp-json\/wp\/v2\/types\/page"}],"author":[{"embeddable":true,"href":"https:\/\/etab.ac-reunion.fr\/lyc-albert-ramassamy\/wp-json\/wp\/v2\/users\/9112"}],"replies":[{"embeddable":true,"href":"https:\/\/etab.ac-reunion.fr\/lyc-albert-ramassamy\/wp-json\/wp\/v2\/comments?post=1659"}],"version-history":[{"count":29,"href":"https:\/\/etab.ac-reunion.fr\/lyc-albert-ramassamy\/wp-json\/wp\/v2\/pages\/1659\/revisions"}],"predecessor-version":[{"id":5333,"href":"https:\/\/etab.ac-reunion.fr\/lyc-albert-ramassamy\/wp-json\/wp\/v2\/pages\/1659\/revisions\/5333"}],"wp:attachment":[{"href":"https:\/\/etab.ac-reunion.fr\/lyc-albert-ramassamy\/wp-json\/wp\/v2\/media?parent=1659"}],"curies":[{"name":"wp","href":"https:\/\/api.w.org\/{rel}","templated":true}]}}