{"id":2299,"date":"2019-04-15T15:51:16","date_gmt":"2019-04-15T11:51:16","guid":{"rendered":"http:\/\/lycee-horizon.ac-reunion.fr\/?page_id=2299"},"modified":"2020-12-14T08:43:47","modified_gmt":"2020-12-14T04:43:47","slug":"bourse-nationale-de-lycee-2019-2020","status":"publish","type":"page","link":"https:\/\/etab.ac-reunion.fr\/lyc-albert-ramassamy\/accueil\/bourse-nationale-de-lycee-2019-2020\/","title":{"rendered":"Bourse Nationale de Lyc\u00e9e 2019-2020"},"content":{"rendered":"\n[et_pb_section][et_pb_row][et_pb_column type=\u00a0\u00bb4_4&Prime;][et_pb_text]La nouvelle campagne de bourse de lyc\u00e9e pour l\u2019ann\u00e9e scolaire 2019-2020 se d\u00e9roulera :\n<p style=\"text-align: center\"><span style=\"color: #0000ff\"><strong><u>du jeudi 28 mars au jeudi 4 juillet 2019<\/u><\/strong>.<\/span><\/p>\nCette campagne s\u2019adresse aux familles <strong>dont les enfants sont scolaris\u00e9s en lyc\u00e9e public mais ne sont pas boursiers en 2018-2019.\u00a0<\/strong>\n<u><\/u>\n\n<a href=\"https:\/\/etab.ac-reunion.fr\/lyc-albert-ramassamy\/wp-content\/uploads\/sites\/94\/2019\/04\/Bourse-19-20site-internet-lph.pdf\">Bourse 19-20(site internet lph)<\/a>\n\n<!--more-->\n\n<u>\u00c9l\u00e8ves de <strong>seconde<\/strong> ou <strong>premi\u00e8re<\/strong> <strong>non boursiers<\/strong><\/u> :\n\nAfin de d\u00e9terminer si vous pouvez b\u00e9n\u00e9ficier d\u2019une bourse nationale de lyc\u00e9e, veuillez consulter le bar\u00e8me ou utiliser le <a href=\"http:\/\/bourses-calculateur.education.gouv.fr\/Lycee.php\">simulateur de bourse<\/a> en ligne.\n\n<strong><em><u>La demande se fait en ligne<\/u><\/em><\/strong> en se connectant \u00e0 l\u2019adresse\u00a0:\n<p style=\"text-align: center\"><span style=\"color: #0000ff\"><strong><a style=\"color: #0000ff\" href=\"https:\/\/teleservices.ac-reunion.fr\/ts\">https:\/\/teleservices.ac-reunion.fr\/ts<\/a><\/strong><\/span><\/p>\nChaque famille a re\u00e7u, en d\u00e9but d&rsquo;ann\u00e9e scolaire, un identifiant et un code de connexion \u00a0\u00bb Scolarit\u00e9 services \u00ab\u00a0.\n\n<strong>_<\/strong><strong> <u>Lien pour accompagner les parents<\/u>\u00a0: <\/strong><a href=\"http:\/\/www.education.gouv.fr\/aides-financieres-lycee\">www.education.gouv.fr\/aides-financieres-lycee<\/a>\n\n\u00a0\u00bb <strong>Pour acc\u00e9der \u00e0 des t<\/strong><strong>utoriels vid\u00e9os :<\/strong>\n\n\u00a0\u00bb <a href=\"https:\/\/www.youtube.com\/watch?v=vdIPctagpZ4\">Comment faire sa demande de bourse avec FranceConnect<\/a> \u00a0\u00bb\n\n<script>document.addEventListener('DOMContentLoaded', function() {(tarteaucitron.job = tarteaucitron.job || []).push('youtube');});<\/script><div class=\"youtube_player\" videoID=\"vdIPctagpZ4\" width=\"100%\" height=\"100%\" style=\"height:50vw\" theme=\"light\" rel=\"0\" controls=\"1\" showinfo=\"1\" autoplay=\"0\"><\/div>\n\n\u00a0\u00bb <a href=\"https:\/\/www.youtube.com\/watch?time_continue=5&amp;v=JfC8bIT7Uxc\">Comment faire sa demande de bourse avec son compte \u00c9ducation nationale (ATEN)<\/a> \u00a0\u00bb\n\n<iframe loading=\"lazy\" width=\"1080\" height=\"608\" src=\"https:\/\/www.youtube.com\/embed\/JfC8bIT7Uxc?feature=oembed\" frameborder=\"0\" allow=\"accelerometer; autoplay; encrypted-media; gyroscope; picture-in-picture\" allowfullscreen><\/iframe>\n\n\u00a0\u00bb <strong><a href=\"https:\/\/www.education.gouv.fr\/cid117994\/scolarite-services-aide-a-la-premiere-connexion-des-parents.html\">Guide de premi\u00e8re connexion \u00e0 Scolarit\u00e9 Services<\/a><\/strong>\n\n<strong><em>Toutefois, pour les familles qui ne souhaitent pas faire leur demande en ligne, il est toujours possible de compl\u00e9ter un dossier papier \u00e0 retirer au secr\u00e9tariat d\u2019intendance du lyc\u00e9e.<\/em><\/strong>\n\n<strong>Contact : Mme HOARAU &#8211; secr\u00e9tariat d&rsquo;intendance du LP Horizon<\/strong>\n\n<strong>T\u00e9l. : 0262-48-44-60<\/strong>\n\n<strong>Autres informations<\/strong>\n\n<strong>\u00ab\u00a0<\/strong><span style=\"color: #0000ff\"><strong> <u>\u00c9l\u00e8ve de lyc\u00e9e d\u00e9j\u00e0 boursier<\/u><\/strong><\/span><strong> :<\/strong>\n\n<strong><em>La famille n\u2019a pas \u00e0 refaire de dossier<\/em><\/strong>, la bourse est reconduite jusqu\u2019\u00e0 la classe de terminale, <strong>sauf en cas de redoublement, de r\u00e9orientation, de changement de situation familiale ou de changement de responsable l\u00e9gal <\/strong>: la bourse sera r\u00e9examin\u00e9e dans le cadre de la proc\u00e9dure des \u00abV\u00e9rifications de Ressources Familiales\u00bb (il faudra retirer un dossier de VRF aupr\u00e8s du secr\u00e9tariat d&rsquo;intendance).\n\n<strong>\u00ab\u00a0<\/strong><span style=\"color: #0000ff\"><strong> <u>Si votre enfant est boursier et qu&rsquo;il change de lyc\u00e9e<\/u> <\/strong><\/span><strong><em>(<\/em><\/strong><strong><em>votre enfant quitte le LP de l&rsquo;Horizon) :<\/em><\/strong>\n\nDemandez le transfert de bourse aupr\u00e8s du secr\u00e9tariat d&rsquo;intendance du LP Horizon (voir Mme HOARAU), l&rsquo;\u00e9tat de v\u00e9rification de ressources qui vous sera remis devra \u00eatre retourn\u00e9 (compl\u00e9t\u00e9 et sign\u00e9), au secr\u00e9tariat d&rsquo;intendance.\n\n<strong>\u00ab\u00a0<\/strong><strong><span style=\"color: #0000ff\"> <u>Etudiant de BTS<\/u><\/span> : <\/strong>Les demandes se font aupr\u00e8s du <strong>CROUS<\/strong>. Voir le site : <u><a href=\"http:\/\/www.cnous.fr\/_vie_15.htm\">etudiant.gouv.fr<\/a><\/u>[\/et_pb_text][\/et_pb_column][\/et_pb_row][\/et_pb_section]\n","protected":false},"excerpt":{"rendered":"<p><div class=\"et_pb_section et_pb_section_0 et_section_regular\" >\n\t\t\t\t\n\t\t\t\t\n\t\t\t\t\n\t\t\t\t\n\t\t\t\t\n\t\t\t\t\n\t\t\t\t\n\t\t\t\t\n\t\t\t\t\n\t\t\t<\/div><div class=\"et_pb_row et_pb_row_0 et_pb_row_empty\">\n\t\t\t\t\n\t\t\t\t\n\t\t\t\t\n\t\t\t\t\n\t\t\t\t\n\t\t\t<\/div><div class=\"et_pb_module et_pb_text et_pb_text_0  et_pb_text_align_left et_pb_bg_layout_light\">\n\t\t\t\t\n\t\t\t\t\n\t\t\t\t\n\t\t\t\t\n\t\t\t\t\n\t\t\t<\/div>La nouvelle campagne de bourse de lyc\u00e9e pour l\u2019ann\u00e9e scolaire 2019-2020 se d\u00e9roulera : du jeudi 28 mars au jeudi 4 juillet 2019. Cette campagne s\u2019adresse aux familles dont les [&hellip;]<\/p>\n","protected":false},"author":6925,"featured_media":2324,"parent":1240,"menu_order":0,"comment_status":"closed","ping_status":"closed","template":"","meta":{"_et_pb_use_builder":"on","_et_pb_old_content":"La nouvelle campagne de bourse de lyc\u00e9e pour l\u2019ann\u00e9e scolaire 2019-2020 se d\u00e9roulera :\n<p style=\"text-align: center;\"><span style=\"color: #0000ff;\"><strong><u>du jeudi 28 mars au jeudi 4 juillet 2019<\/u><\/strong>.<\/span><\/p>\nCette campagne s\u2019adresse aux familles <strong>dont les enfants sont scolaris\u00e9s en lyc\u00e9e public mais ne sont pas boursiers en 2018-2019.\u00a0<\/strong>\n<u><\/u>\n\n<a href=\"https:\/\/etab.ac-reunion.fr\/lyc-albert-ramassamy\/wp-content\/uploads\/sites\/94\/2019\/04\/Bourse-19-20site-internet-lph.pdf\">Bourse 19-20(site internet lph)<\/a>\n\n<!--more-->\n\n<u>\u00c9l\u00e8ves de <strong>seconde<\/strong> ou <strong>premi\u00e8re<\/strong> <strong>non boursiers<\/strong><\/u> :\n\nAfin de d\u00e9terminer si vous pouvez b\u00e9n\u00e9ficier d\u2019une bourse nationale de lyc\u00e9e, veuillez consulter le bar\u00e8me ou utiliser le <a href=\"http:\/\/bourses-calculateur.education.gouv.fr\/Lycee.php\">simulateur de bourse<\/a> en ligne.\n\n<strong><em><u>La demande se fait en ligne<\/u><\/em><\/strong> en se connectant \u00e0 l\u2019adresse\u00a0:\n<p style=\"text-align: center;\"><span style=\"color: #0000ff;\"><strong><a style=\"color: #0000ff;\" href=\"https:\/\/teleservices.ac-reunion.fr\/ts\">https:\/\/teleservices.ac-reunion.fr\/ts<\/a><\/strong><\/span><\/p>\nChaque famille a re\u00e7u, en d\u00e9but d'ann\u00e9e scolaire, un identifiant et un code de connexion \" Scolarit\u00e9 services \".\n\n<strong>_<\/strong><strong> <u>Lien pour accompagner les parents<\/u>\u00a0: <\/strong><a href=\"http:\/\/www.education.gouv.fr\/aides-financieres-lycee\">www.education.gouv.fr\/aides-financieres-lycee<\/a>\n\n\" <strong>Pour acc\u00e9der \u00e0 des t<\/strong><strong>utoriels vid\u00e9os :<\/strong>\n\n\" <a href=\"https:\/\/www.youtube.com\/watch?v=vdIPctagpZ4\">Comment faire sa demande de bourse avec FranceConnect<\/a> \"\n\n[embed]https:\/\/www.youtube.com\/watch?v=vdIPctagpZ4[\/embed]\n\n\" <a href=\"https:\/\/www.youtube.com\/watch?time_continue=5&amp;v=JfC8bIT7Uxc\">Comment faire sa demande de bourse avec son compte \u00c9ducation nationale (ATEN)<\/a> \"\n\n[embed]https:\/\/www.youtube.com\/watch?time_continue=5&amp;v=JfC8bIT7Uxc[\/embed]\n\n\" <strong><a href=\"https:\/\/www.education.gouv.fr\/cid117994\/scolarite-services-aide-a-la-premiere-connexion-des-parents.html\">Guide de premi\u00e8re connexion \u00e0 Scolarit\u00e9 Services<\/a><\/strong>\n\n<strong><em>Toutefois, pour les familles qui ne souhaitent pas faire leur demande en ligne, il est toujours possible de compl\u00e9ter un dossier papier \u00e0 retirer au secr\u00e9tariat d\u2019intendance du lyc\u00e9e.<\/em><\/strong>\n\n<strong>Contact : Mme HOARAU - secr\u00e9tariat d'intendance du LP Horizon<\/strong>\n\n<strong>T\u00e9l. : 0262-48-44-60<\/strong>\n\n<strong>Autres informations<\/strong>\n\n<strong>\"<\/strong><span style=\"color: #0000ff;\"><strong> <u>\u00c9l\u00e8ve de lyc\u00e9e d\u00e9j\u00e0 boursier<\/u><\/strong><\/span><strong> :<\/strong>\n\n<strong><em>La famille n\u2019a pas \u00e0 refaire de dossier<\/em><\/strong>, la bourse est reconduite jusqu\u2019\u00e0 la classe de terminale, <strong>sauf en cas de redoublement, de r\u00e9orientation, de changement de situation familiale ou de changement de responsable l\u00e9gal <\/strong>: la bourse sera r\u00e9examin\u00e9e dans le cadre de la proc\u00e9dure des \u00abV\u00e9rifications de Ressources Familiales\u00bb (il faudra retirer un dossier de VRF aupr\u00e8s du secr\u00e9tariat d'intendance).\n\n<strong>\"<\/strong><span style=\"color: #0000ff;\"><strong> <u>Si votre enfant est boursier et qu'il change de lyc\u00e9e<\/u> <\/strong><\/span><strong><em>(<\/em><\/strong><strong><em>votre enfant quitte le LP de l'Horizon) :<\/em><\/strong>\n\nDemandez le transfert de bourse aupr\u00e8s du secr\u00e9tariat d'intendance du LP Horizon (voir Mme HOARAU), l'\u00e9tat de v\u00e9rification de ressources qui vous sera remis devra \u00eatre retourn\u00e9 (compl\u00e9t\u00e9 et sign\u00e9), au secr\u00e9tariat d'intendance.\n\n<strong>\"<\/strong><strong><span style=\"color: #0000ff;\"> <u>Etudiant de BTS<\/u><\/span> : <\/strong>Les demandes se font aupr\u00e8s du <strong>CROUS<\/strong>. Voir le site : <u><a href=\"http:\/\/www.cnous.fr\/_vie_15.htm\">etudiant.gouv.fr<\/a><\/u>","_et_gb_content_width":"","footnotes":""},"class_list":["post-2299","page","type-page","status-publish","has-post-thumbnail","hentry"],"_links":{"self":[{"href":"https:\/\/etab.ac-reunion.fr\/lyc-albert-ramassamy\/wp-json\/wp\/v2\/pages\/2299","targetHints":{"allow":["GET"]}}],"collection":[{"href":"https:\/\/etab.ac-reunion.fr\/lyc-albert-ramassamy\/wp-json\/wp\/v2\/pages"}],"about":[{"href":"https:\/\/etab.ac-reunion.fr\/lyc-albert-ramassamy\/wp-json\/wp\/v2\/types\/page"}],"author":[{"embeddable":true,"href":"https:\/\/etab.ac-reunion.fr\/lyc-albert-ramassamy\/wp-json\/wp\/v2\/users\/6925"}],"replies":[{"embeddable":true,"href":"https:\/\/etab.ac-reunion.fr\/lyc-albert-ramassamy\/wp-json\/wp\/v2\/comments?post=2299"}],"version-history":[{"count":12,"href":"https:\/\/etab.ac-reunion.fr\/lyc-albert-ramassamy\/wp-json\/wp\/v2\/pages\/2299\/revisions"}],"predecessor-version":[{"id":3054,"href":"https:\/\/etab.ac-reunion.fr\/lyc-albert-ramassamy\/wp-json\/wp\/v2\/pages\/2299\/revisions\/3054"}],"up":[{"embeddable":true,"href":"https:\/\/etab.ac-reunion.fr\/lyc-albert-ramassamy\/wp-json\/wp\/v2\/pages\/1240"}],"wp:featuredmedia":[{"embeddable":true,"href":"https:\/\/etab.ac-reunion.fr\/lyc-albert-ramassamy\/wp-json\/wp\/v2\/media\/2324"}],"wp:attachment":[{"href":"https:\/\/etab.ac-reunion.fr\/lyc-albert-ramassamy\/wp-json\/wp\/v2\/media?parent=2299"}],"curies":[{"name":"wp","href":"https:\/\/api.w.org\/{rel}","templated":true}]}}