{"id":236,"date":"2014-09-26T14:32:31","date_gmt":"2014-09-26T11:32:31","guid":{"rendered":"http:\/\/lycee-horizon.ac-reunion.fr\/?page_id=236"},"modified":"2020-11-27T10:43:46","modified_gmt":"2020-11-27T06:43:46","slug":"consignes-devacuation-en-cas-dincendie","status":"publish","type":"page","link":"https:\/\/etab.ac-reunion.fr\/lyc-albert-ramassamy\/le-lycee\/consignes-devacuation-en-cas-dincendie\/","title":{"rendered":"consignes d&rsquo;\u00e9vacuation en cas d&rsquo;incendie"},"content":{"rendered":"[et_pb_section fb_built=\u00a0\u00bb1&Prime; _builder_version=\u00a0\u00bb4.7.4&Prime; _module_preset=\u00a0\u00bbdefault\u00a0\u00bb][et_pb_row _builder_version=\u00a0\u00bb4.7.4&Prime; _module_preset=\u00a0\u00bbdefault\u00a0\u00bb][et_pb_column type=\u00a0\u00bb4_4&Prime; _builder_version=\u00a0\u00bb4.7.4&Prime; _module_preset=\u00a0\u00bbdefault\u00a0\u00bb][et_pb_text _builder_version=\u00a0\u00bb4.7.4&Prime; _module_preset=\u00a0\u00bbdefault\u00a0\u00bb]\n<p style=\"margin-bottom: 0cm;border: 1px solid #0070c0;padding: 0.04cm 0.14cm\"><span style=\"font-size: large\"><strong><span style=\"color: #e36c0a\"><span style=\"font-family: Comic Sans MS, serif\">CONSIGNES DE S\u00c9CURIT\u00c9 INCENDIE<\/span><\/span><\/strong><\/span><\/p>\n<p class=\"western\" style=\"margin-bottom: 0cm\" align=\"left\">\n<p class=\"western\" style=\"margin-bottom: 0cm\" align=\"left\">\n<ol>\n<li>\n<p style=\"margin-bottom: 0cm\" align=\"justify\"><span style=\"font-size: small\"><strong><span style=\"font-family: Comic Sans MS, serif\">Enseignants et personnels ayant des \u00e9l\u00e8ves sous leur responsabilit\u00e9<\/span><\/strong><\/span><\/p>\n<\/li>\n<\/ol>\n<p style=\"margin-bottom: 0cm\" align=\"justify\">\n<p style=\"margin-bottom: 0cm\" align=\"justify\"><span style=\"font-size: small\"><strong><span style=\"font-family: Comic Sans MS, serif\"><u>Consignes g\u00e9n\u00e9rales<\/u>\u00a0:<\/span><\/strong><\/span><\/p>\n<ul>\n<li>\n<p style=\"margin-bottom: 0cm\" align=\"justify\"><span style=\"font-size: small\"><strong><span style=\"font-family: Comic Sans MS, serif\">D\u00e8s le d\u00e9clenchement de l\u2019alarme (sir\u00e8ne continue durant plus de 5 minutes), \u00e9vacuer imm\u00e9diatement\u00a0! Ne pas se poser de question\u00a0!<\/span><\/strong><\/span><\/p>\n<\/li>\n<li>\n<p style=\"margin-bottom: 0cm\" align=\"justify\"><span style=\"font-size: small\"><strong><span style=\"font-family: Comic Sans MS, serif\">Prendre le cahier d\u2019appel.<\/span><\/strong><\/span><\/p>\n<\/li>\n<li>\n<p style=\"margin-bottom: 0cm\" align=\"justify\"><span style=\"font-size: small\"><strong><span style=\"font-family: Comic Sans MS, serif\">Fermer les fen\u00eatres, les portes (surtout les portes coupe-feu et pare-feu) et les rideaux roulants dans les ateliers. Attention\u00a0: ne pas fermer \u00e0 cl\u00e9.<\/span><\/strong><\/span><\/p>\n<\/li>\n<li>\n<p style=\"margin-bottom: 0cm\" align=\"justify\"><span style=\"font-size: small\"><strong><span style=\"font-family: Comic Sans MS, serif\">\u00c9teindre les lumi\u00e8res et les machines dans les ateliers.<\/span><\/strong><\/span><\/p>\n<\/li>\n<li>\n<p style=\"margin-bottom: 0cm\" align=\"justify\"><span style=\"font-size: small\"><strong><span style=\"font-family: Comic Sans MS, serif\">Laisser les effets personnels dans les classes.<\/span><\/strong><\/span><\/p>\n<\/li>\n<li>\n<p style=\"margin-bottom: 0cm\" align=\"justify\"><span style=\"font-size: small\"><strong><span style=\"font-family: Comic Sans MS, serif\">Regagner la zone de rassemblement dans le calme, sans utiliser les ascenseurs. Le professeur ferme la marche.<\/span><\/strong><\/span><\/p>\n<\/li>\n<li>\n<p style=\"margin-bottom: 0cm\" align=\"justify\"><span style=\"font-size: small\"><strong><span style=\"font-family: Comic Sans MS, serif\">Ne jamais revenir en arri\u00e8re (professeurs et \u00e9l\u00e8ves).<\/span><\/strong><\/span><\/p>\n<\/li>\n<li>\n<p style=\"margin-bottom: 0cm\" align=\"justify\"><span style=\"font-size: small\"><strong><span style=\"font-family: Comic Sans MS, serif\">Faire l\u2019appel d\u00e8s l\u2019arriv\u00e9e \u00e0 la zone de rassemblement.<\/span><\/strong><\/span><\/p>\n<\/li>\n<li>\n<p style=\"margin-bottom: 0cm\" align=\"justify\"><span style=\"font-size: small\"><strong><span style=\"font-family: Comic Sans MS, serif\">Faire obligatoirement le point avec le responsable de zone\u00a0: appel OK, probl\u00e8me ou absence.<\/span><\/strong><\/span><\/p>\n<\/li>\n<li>\n<p style=\"margin-bottom: 0cm\" align=\"justify\"><span style=\"font-size: small\"><strong><span style=\"font-family: Comic Sans MS, serif\">Rester sur la zone de rassemblement avec les \u00e9l\u00e8ves group\u00e9s jusqu\u2019au signal de fin d\u2019alerte du responsable de zone.<\/span><\/strong><\/span><\/p>\n<\/li>\n<\/ul>\n<p style=\"margin-bottom: 0cm\" align=\"justify\"><span style=\"font-size: small\"><strong><span style=\"font-family: Comic Sans MS, serif\"> Personnes \u00e0 mobilit\u00e9 r\u00e9duite (PMR)<\/span><\/strong><\/span><\/p>\n<ul>\n<li>\n<p style=\"margin-bottom: 0cm\" align=\"justify\"><span style=\"font-size: small\"><strong><span style=\"font-family: Comic Sans MS, serif\">Regagner le point d\u2019attente des PMR avec le professeur.<\/span><\/strong><\/span><\/p>\n<\/li>\n<li>\n<p style=\"margin-bottom: 0cm\" align=\"justify\"><span style=\"font-size: small\"><strong><span style=\"font-family: Comic Sans MS, serif\">Attendre les secours.<\/span><\/strong><\/span><\/p>\n<\/li>\n<\/ul>\n<p class=\"western\" style=\"margin-bottom: 0cm\" align=\"justify\">\n<ol start=\"2\">\n<li>\n<p style=\"margin-bottom: 0cm\" align=\"justify\"><span style=\"font-size: small\"><strong><span style=\"font-family: Comic Sans MS, serif\">Personnels non enseignant charg\u00e9 de la v\u00e9rification des b\u00e2timents<\/span><\/strong><\/span><\/p>\n<\/li>\n<\/ol>\n<p style=\"margin-bottom: 0cm\" align=\"justify\">\n<p style=\"margin-bottom: 0cm\" align=\"justify\"><span style=\"font-size: small\"><strong><span style=\"font-family: Comic Sans MS, serif\">Ces personnels se rendent, d\u00e8s l\u2019audition du signal, sur la zone qui leur a \u00e9t\u00e9 attribu\u00e9e.<\/span><\/strong><\/span><\/p>\n<p style=\"margin-bottom: 0cm\" align=\"justify\"><span style=\"font-size: small\"><strong><span style=\"font-family: Comic Sans MS, serif\">Pendant que les \u00e9l\u00e8ves se rendent sur la zone de rassemblement, ils v\u00e9rifient dans les diff\u00e9rents espaces des b\u00e2timents qui leur sont affect\u00e9s que plus personne ne se trouve \u00e0 l\u2019int\u00e9rieur. Ils rendent compte au responsable de zone.<\/span><\/strong><\/span><\/p>\n<p class=\"western\" style=\"margin-bottom: 0cm\" align=\"justify\">\n<ol start=\"3\">\n<li>\n<p style=\"margin-bottom: 0cm\" align=\"justify\"><span style=\"font-size: small\"><strong><span style=\"font-family: Comic Sans MS, serif\">Autres personnels sans responsabilit\u00e9 dans l\u2019organisation<\/span><\/strong><\/span><\/p>\n<\/li>\n<\/ol>\n<p class=\"western\" style=\"margin-bottom: 0cm\" align=\"justify\">\n<p class=\"western\" style=\"margin-bottom: 0cm\" align=\"justify\"><span style=\"font-size: small\"><strong><span style=\"font-family: Comic Sans MS, serif\">Ils se rendent sur la zone de rassemblement en fonction de la situation.<\/span><\/strong><\/span><\/p>\n<p class=\"western\" style=\"margin-bottom: 0cm\" align=\"justify\">\n<p class=\"western\" style=\"margin-bottom: 0cm\" align=\"justify\">\n<p class=\"western\" style=\"margin-bottom: 0cm\" align=\"justify\"><span style=\"font-size: small\"><strong><span style=\"color: #ff0000\"><span style=\"font-family: Comic Sans MS, serif\">SITUATION DES ZONES DE RASSEMBLEMENT (VOIR PLAN JOINT)<\/span><\/span><\/strong><\/span><\/p>\n<p class=\"western\" style=\"margin-bottom: 0cm\" align=\"justify\">\n<p class=\"western\" style=\"margin-bottom: 0cm\" align=\"justify\"><span style=\"font-size: small\"><strong><span style=\"font-family: Times New Roman, serif\"><span style=\"font-family: Comic Sans MS, serif\"><u>ZONE 1<\/u><\/span><span style=\"font-family: Comic Sans MS, serif\">\u00a0:<\/span><span style=\"font-family: Comic Sans MS, serif\"> haut de la voie interne de circulation des v\u00e9hicules, \u00e0 hauteur infirmerie \/ salle polyvalente.<\/span><\/span><\/strong><\/span><\/p>\n<p class=\"western\" style=\"margin-bottom: 0cm\" align=\"justify\"><span style=\"font-size: small\"><strong><span style=\"font-family: Times New Roman, serif\"><span style=\"font-family: Comic Sans MS, serif\"><u>ZONE 2<\/u><\/span><span style=\"font-family: Comic Sans MS, serif\">\u00a0:<\/span><span style=\"font-family: Comic Sans MS, serif\"> cour devant salle de restauration \/ infirmerie.<\/span><\/span><\/strong><\/span><\/p>\n<p class=\"western\" style=\"margin-bottom: 0cm\" align=\"justify\"><span style=\"font-size: small\"><strong><span style=\"font-family: Times New Roman, serif\"><span style=\"font-family: Comic Sans MS, serif\"><u>ZONE 3<\/u><\/span><span style=\"font-family: Comic Sans MS, serif\">\u00a0:<\/span><span style=\"font-family: Comic Sans MS, serif\"> cour jouxtant le b\u00e2timent L.<\/span><\/span><\/strong><\/span><\/p>\n<p class=\"western\" style=\"margin-bottom: 0cm\" align=\"justify\"><span style=\"font-size: small\"><strong><span style=\"font-family: Times New Roman, serif\"><span style=\"font-family: Comic Sans MS, serif\"><u>ZONE 4<\/u><\/span><span style=\"font-family: Comic Sans MS, serif\">\u00a0:<\/span><span style=\"font-family: Comic Sans MS, serif\"> entre le b\u00e2timent Ia et l\u2019administration.<\/span><\/span><\/strong><\/span><\/p>\n<p class=\"western\" style=\"margin-bottom: 0cm\" align=\"justify\"><span style=\"font-size: small\"><strong><span style=\"font-family: Times New Roman, serif\"><span style=\"font-family: Comic Sans MS, serif\"><u>ZONE 5<\/u><\/span><span style=\"font-family: Comic Sans MS, serif\">\u00a0:<\/span><span style=\"font-family: Comic Sans MS, serif\"> Plateau d\u2019\u00e9volution des engins de Travaux Publics.<\/span><\/span><\/strong><\/span><\/p>\n<p class=\"western\" style=\"margin-bottom: 0cm\" align=\"justify\">\n[\/et_pb_text][\/et_pb_column][\/et_pb_row][\/et_pb_section]\n","protected":false},"excerpt":{"rendered":"<p>CONSIGNES DE S\u00c9CURIT\u00c9 INCENDIE Enseignants et personnels ayant des \u00e9l\u00e8ves sous leur responsabilit\u00e9 Consignes g\u00e9n\u00e9rales\u00a0: D\u00e8s le d\u00e9clenchement de l\u2019alarme (sir\u00e8ne continue durant plus de 5 minutes), \u00e9vacuer imm\u00e9diatement\u00a0! Ne [&hellip;]<\/p>\n","protected":false},"author":88,"featured_media":0,"parent":276,"menu_order":3,"comment_status":"open","ping_status":"closed","template":"","meta":{"_et_pb_use_builder":"on","_et_pb_old_content":"","_et_gb_content_width":"","footnotes":""},"class_list":["post-236","page","type-page","status-publish","hentry"],"_links":{"self":[{"href":"https:\/\/etab.ac-reunion.fr\/lyc-albert-ramassamy\/wp-json\/wp\/v2\/pages\/236","targetHints":{"allow":["GET"]}}],"collection":[{"href":"https:\/\/etab.ac-reunion.fr\/lyc-albert-ramassamy\/wp-json\/wp\/v2\/pages"}],"about":[{"href":"https:\/\/etab.ac-reunion.fr\/lyc-albert-ramassamy\/wp-json\/wp\/v2\/types\/page"}],"author":[{"embeddable":true,"href":"https:\/\/etab.ac-reunion.fr\/lyc-albert-ramassamy\/wp-json\/wp\/v2\/users\/88"}],"replies":[{"embeddable":true,"href":"https:\/\/etab.ac-reunion.fr\/lyc-albert-ramassamy\/wp-json\/wp\/v2\/comments?post=236"}],"version-history":[{"count":6,"href":"https:\/\/etab.ac-reunion.fr\/lyc-albert-ramassamy\/wp-json\/wp\/v2\/pages\/236\/revisions"}],"predecessor-version":[{"id":2788,"href":"https:\/\/etab.ac-reunion.fr\/lyc-albert-ramassamy\/wp-json\/wp\/v2\/pages\/236\/revisions\/2788"}],"up":[{"embeddable":true,"href":"https:\/\/etab.ac-reunion.fr\/lyc-albert-ramassamy\/wp-json\/wp\/v2\/pages\/276"}],"wp:attachment":[{"href":"https:\/\/etab.ac-reunion.fr\/lyc-albert-ramassamy\/wp-json\/wp\/v2\/media?parent=236"}],"curies":[{"name":"wp","href":"https:\/\/api.w.org\/{rel}","templated":true}]}}