{"id":483,"date":"2015-02-08T13:32:17","date_gmt":"2015-02-08T11:32:17","guid":{"rendered":"http:\/\/lycee-horizon.ac-reunion.fr\/?page_id=483"},"modified":"2022-02-22T08:05:09","modified_gmt":"2022-02-22T04:05:09","slug":"maison-des-lyceens-mdl","status":"publish","type":"page","link":"https:\/\/etab.ac-reunion.fr\/lyc-albert-ramassamy\/vie-de-leleve\/maison-des-lyceens-mdl\/","title":{"rendered":"Maison des lyc\u00e9ens: MDL"},"content":{"rendered":"[et_pb_section fb_built=\u00a0\u00bb1&Prime; _builder_version=\u00a0\u00bb4.7.6&Prime; _module_preset=\u00a0\u00bbdefault\u00a0\u00bb global_colors_info=\u00a0\u00bb{}\u00a0\u00bb][et_pb_row _builder_version=\u00a0\u00bb4.7.6&Prime; _module_preset=\u00a0\u00bbdefault\u00a0\u00bb global_colors_info=\u00a0\u00bb{}\u00a0\u00bb][et_pb_column type=\u00a0\u00bb4_4&Prime; _builder_version=\u00a0\u00bb4.7.6&Prime; _module_preset=\u00a0\u00bbdefault\u00a0\u00bb global_colors_info=\u00a0\u00bb{}\u00a0\u00bb][et_pb_text _builder_version=\u00a0\u00bb4.7.6&Prime; _module_preset=\u00a0\u00bbdefault\u00a0\u00bb global_colors_info=\u00a0\u00bb{}\u00a0\u00bb]\n<p>Apr\u00e8s 3 ans en de r\u00e9novation la Maison Des Lyc\u00e9ens va ouvrir ses portes la derni\u00e8re semaine avant les <br \/> vacances de l&rsquo;\u00e9t\u00e9 austral.<\/p>\n<p>Petit rappel la MDL est un lieu, mais aussi une association de la Loi 1901, \u00e0 but non lucratif.<\/p>\n<p>L&rsquo;assembl\u00e9e g\u00e9n\u00e9rale de la MDL s&rsquo;est tenue le <span>jeudi 26 Novembre 2020<\/span>, un bureau de 10 personnes a \u00e9t\u00e9 constitu\u00e9, Mlle KEPLER Gwena\u00eblle en est la Pr\u00e9sidente.<\/p>\n<p>Lors de la 1ere AG le bilan d&rsquo;activit\u00e9 et bilan financier\u00a0 2019-2020 ont \u00e9t\u00e9 approuv\u00e9s .<\/p>\n<p>Une visite de la nouvelle MDL r\u00e9nov\u00e9e a \u00e9t\u00e9 faite avec les membres du nouveau bureau .<\/p>\n<p>L&rsquo;espace MDL dispose pour le moment d&rsquo;un babyfoot , de 2 salons de style \u00ab\u00a0club\u00a0\u00bb, de 2 tables rondes et des chaises .<\/p>\n<p>Un billard command\u00e9 pour <span>f\u00e9vrier 2021<\/span> , ainsi que des jeux de soci\u00e9t\u00e9.<\/p>\n<p>L&rsquo;installation d&rsquo;un \u00e9vier a \u00e9t\u00e9 r\u00e9alis\u00e9 par des \u00e9l\u00e8ves de M.LAFLECHE ( section installation sanitaire)<\/p>\n<p>Un bar sera confectionn\u00e9 par les \u00e9l\u00e8ves de M. GANGAYE (section bois) \u00e0 moyen terme .<\/p>\n<p>La nouvelle MDL ouvrera ses portes\u00a0 dans le cadre de la comm\u00e9moration de l&rsquo;abolition de l&rsquo;esclavage, aussi un petit programme est pr\u00e9sent\u00e9.<\/p>\n<p><span>Mardi 15 d\u00e9cembre 2020<\/span>: Spectacle \u00ab\u00a0SOUBAT\u00a0\u00bb avec LINO MERION<\/p>\n<p><span>Mercredi 16 d\u00e9cembre 2020<\/span>: Intervention de Patrice TREUTHARDT, po\u00e8te cr\u00e9ole<\/p>\n<p><span>Jeudi 17 d\u00e9cembre 2020<\/span>: Gramoun SELLO (animation d&rsquo;un atelier \u00ab\u00a0Instruments de musique traditionnelle\u00a0\u00bb et kabar en 2i\u00e8me partie .<\/p>\n<p>Cordialement.<\/p>\n<p>Nadine CAVILLOT<br \/> Conseill\u00e8re Principale d&rsquo;Education<br \/> Lyc\u00e9e Professionnel L&rsquo;Horizon<br \/> Tel: 02.62.48.44.60<\/p>\n[\/et_pb_text][\/et_pb_column][\/et_pb_row][et_pb_row _builder_version=\u00a0\u00bb4.14.8&Prime; _module_preset=\u00a0\u00bbdefault\u00a0\u00bb][et_pb_column _builder_version=\u00a0\u00bb4.14.8&Prime; _module_preset=\u00a0\u00bbdefault\u00a0\u00bb type=\u00a0\u00bb4_4&Prime;][et_pb_blog _builder_version=\u00a0\u00bb4.14.8&Prime; _module_preset=\u00a0\u00bbdefault\u00a0\u00bb include_categories=\u00a0\u00bb61&Prime; hover_enabled=\u00a0\u00bb0&Prime; sticky_enabled=\u00a0\u00bb0&Prime;][\/et_pb_blog][\/et_pb_column][\/et_pb_row][\/et_pb_section]\n","protected":false},"excerpt":{"rendered":"<p>Apr\u00e8s 3 ans en de r\u00e9novation la Maison Des Lyc\u00e9ens va ouvrir ses portes la derni\u00e8re semaine avant les vacances de l&rsquo;\u00e9t\u00e9 austral. Petit rappel la MDL est un lieu, [&hellip;]<\/p>\n","protected":false},"author":88,"featured_media":0,"parent":481,"menu_order":0,"comment_status":"open","ping_status":"open","template":"","meta":{"_et_pb_use_builder":"on","_et_pb_old_content":"","_et_gb_content_width":"","footnotes":""},"class_list":["post-483","page","type-page","status-publish","hentry"],"_links":{"self":[{"href":"https:\/\/etab.ac-reunion.fr\/lyc-albert-ramassamy\/wp-json\/wp\/v2\/pages\/483","targetHints":{"allow":["GET"]}}],"collection":[{"href":"https:\/\/etab.ac-reunion.fr\/lyc-albert-ramassamy\/wp-json\/wp\/v2\/pages"}],"about":[{"href":"https:\/\/etab.ac-reunion.fr\/lyc-albert-ramassamy\/wp-json\/wp\/v2\/types\/page"}],"author":[{"embeddable":true,"href":"https:\/\/etab.ac-reunion.fr\/lyc-albert-ramassamy\/wp-json\/wp\/v2\/users\/88"}],"replies":[{"embeddable":true,"href":"https:\/\/etab.ac-reunion.fr\/lyc-albert-ramassamy\/wp-json\/wp\/v2\/comments?post=483"}],"version-history":[{"count":6,"href":"https:\/\/etab.ac-reunion.fr\/lyc-albert-ramassamy\/wp-json\/wp\/v2\/pages\/483\/revisions"}],"predecessor-version":[{"id":3448,"href":"https:\/\/etab.ac-reunion.fr\/lyc-albert-ramassamy\/wp-json\/wp\/v2\/pages\/483\/revisions\/3448"}],"up":[{"embeddable":true,"href":"https:\/\/etab.ac-reunion.fr\/lyc-albert-ramassamy\/wp-json\/wp\/v2\/pages\/481"}],"wp:attachment":[{"href":"https:\/\/etab.ac-reunion.fr\/lyc-albert-ramassamy\/wp-json\/wp\/v2\/media?parent=483"}],"curies":[{"name":"wp","href":"https:\/\/api.w.org\/{rel}","templated":true}]}}