{"id":107,"date":"2016-01-27T17:13:55","date_gmt":"2016-01-27T13:13:55","guid":{"rendered":"http:\/\/lycee-ambroise-vollard-tmp.ac-reunion.fr\/?page_id=107"},"modified":"2025-03-16T23:31:39","modified_gmt":"2025-03-16T19:31:39","slug":"std2a","status":"publish","type":"page","link":"https:\/\/etab.ac-reunion.fr\/lyc-ambroise-vollard\/formations\/std2a\/","title":{"rendered":"STD2A"},"content":{"rendered":"\n<h2 class=\"wp-block-heading\">BAC STD2A Sciences et Technologies du Design &amp; des Arts Appliqu\u00e9s<\/h2>\n\n\n\n<p class=\"has-luminous-vivid-amber-color has-text-color\"><strong>Compte Instagram de la section : <\/strong><a href=\"https:\/\/www.instagram.com\/std2a974\/\">https:\/\/www.instagram.com\/std2a974\/<\/a><\/p>\n\n\n\n<figure class=\"wp-block-image size-large\"><img loading=\"lazy\" decoding=\"async\" width=\"1024\" height=\"769\" src=\"https:\/\/etab.ac-reunion.fr\/lyc-ambroise-vollard\/wp-content\/uploads\/sites\/138\/2020\/02\/P3010059@-2-1024x769.jpg\" alt=\"\" class=\"wp-image-1754\" srcset=\"https:\/\/etab.ac-reunion.fr\/lyc-ambroise-vollard\/wp-content\/uploads\/sites\/138\/2020\/02\/P3010059@-2-1024x769.jpg 1024w, https:\/\/etab.ac-reunion.fr\/lyc-ambroise-vollard\/wp-content\/uploads\/sites\/138\/2020\/02\/P3010059@-2-300x225.jpg 300w, https:\/\/etab.ac-reunion.fr\/lyc-ambroise-vollard\/wp-content\/uploads\/sites\/138\/2020\/02\/P3010059@-2-768x576.jpg 768w, https:\/\/etab.ac-reunion.fr\/lyc-ambroise-vollard\/wp-content\/uploads\/sites\/138\/2020\/02\/P3010059@-2-1536x1153.jpg 1536w, https:\/\/etab.ac-reunion.fr\/lyc-ambroise-vollard\/wp-content\/uploads\/sites\/138\/2020\/02\/P3010059@-2-150x113.jpg 150w, https:\/\/etab.ac-reunion.fr\/lyc-ambroise-vollard\/wp-content\/uploads\/sites\/138\/2020\/02\/P3010059@-2.jpg 1949w\" sizes=\"auto, (max-width: 1024px) 100vw, 1024px\" \/><figcaption class=\"wp-element-caption\">OLYMPUS DIGITAL CAMERA<\/figcaption><\/figure>\n\n\n\n<h4 class=\"wp-block-heading\"><strong>Pr\u00e9sentation<\/strong><\/h4>\n\n\n\n<p>Ce Bac s\u2019adresse aux \u00e9l\u00e8ves dont le projet d\u2019orientation est affirm\u00e9 \u00e0 l\u2019issue de la classe de seconde et qui souhaitent s\u2019orienter vers les m\u00e9tiers du design et de l\u2019artisanat d\u2019art. En 1<sup>\u00e8re<\/sup> et en terminale, les \u00e9l\u00e8ves approfondissent leur culture artistique et design, leur sens de l\u2019observation et de l\u2019analyse, leur cr\u00e9ativit\u00e9.Ils suivent des cours th\u00e9oriques et d\u2019ateliers, et sont engag\u00e9s dans la r\u00e9alisation de divers micro-projets.<\/p>\n\n\n\n<p>En 1\u00e8re, l&rsquo;enseignement sp\u00e9cifique STD2A s&rsquo;\u00e9l\u00e8ve \u00e0 17h \/ semaine, et en terminal, 18 h \/ semaine.<\/p>\n\n\n\n<p>L\u2019\u00e9tude de la technologie leur permet d\u2019approfondir la connaissance\ndes mat\u00e9riaux et techniques de mise en forme, essentielle \u00e0 l\u2019\u00e9laboration d\u2019un\nproduit.<\/p>\n\n\n\n<p>Le processus de cr\u00e9ation s\u2019appuie \u00e9galement sur une pratique des\ntechniques d\u2019expression et de communication combinant dessin traditionnel et\noutils langages num\u00e9riques, \u00e0 savoir qu\u2018en 1<sup>\u00e8re<\/sup> un cours de 2h est\nd\u00e9di\u00e9 \u00e0 ces derniers.<\/p>\n\n\n\n<p>Enfin, une bonne ma\u00eetrise de l\u2019expression \u00e9crite et orale est\nn\u00e9cessaire \u00e0 la communication des d\u00e9marches de projets et des intentions\ncr\u00e9atives.<\/p>\n\n\n\n<p>Cette formation demande un important travail personnel, le week-end devant \u00eatre souvent consacr\u00e9 aux recherches et aux approfondissements de projets.<\/p>\n\n\n\n<figure class=\"wp-block-image size-large\"><img loading=\"lazy\" decoding=\"async\" width=\"1024\" height=\"768\" src=\"https:\/\/etab.ac-reunion.fr\/lyc-ambroise-vollard\/wp-content\/uploads\/sites\/138\/2020\/02\/DSC00453@-1-1024x768.jpg\" alt=\"\" class=\"wp-image-1755\" srcset=\"https:\/\/etab.ac-reunion.fr\/lyc-ambroise-vollard\/wp-content\/uploads\/sites\/138\/2020\/02\/DSC00453@-1-1024x768.jpg 1024w, https:\/\/etab.ac-reunion.fr\/lyc-ambroise-vollard\/wp-content\/uploads\/sites\/138\/2020\/02\/DSC00453@-1-300x225.jpg 300w, https:\/\/etab.ac-reunion.fr\/lyc-ambroise-vollard\/wp-content\/uploads\/sites\/138\/2020\/02\/DSC00453@-1-768x576.jpg 768w, https:\/\/etab.ac-reunion.fr\/lyc-ambroise-vollard\/wp-content\/uploads\/sites\/138\/2020\/02\/DSC00453@-1-1536x1152.jpg 1536w, https:\/\/etab.ac-reunion.fr\/lyc-ambroise-vollard\/wp-content\/uploads\/sites\/138\/2020\/02\/DSC00453@-1-2048x1536.jpg 2048w, https:\/\/etab.ac-reunion.fr\/lyc-ambroise-vollard\/wp-content\/uploads\/sites\/138\/2020\/02\/DSC00453@-1-150x113.jpg 150w\" sizes=\"auto, (max-width: 1024px) 100vw, 1024px\" \/><\/figure>\n\n\n\n<h4 class=\"wp-block-heading\"><strong>Conditions d\u2019admission<\/strong><\/h4>\n\n\n\n<p>La classe de 1<sup>\u00e8re<\/sup> STD2A est accessible aux \u00e9l\u00e8ves parvenus au terme de la seconde Cr\u00e9ation &amp; Culture Design. Elle est \u00e9galement accessible aux \u00e9l\u00e8ves de seconde et de premi\u00e8re g\u00e9n\u00e9rale et technologique, sous r\u00e9serve de places disponibles. <\/p>\n\n\n\n<blockquote class=\"wp-block-quote is-layout-flow wp-block-quote-is-layout-flow\">\n<p>Ce sont les \u00e9tablissements d&rsquo;origine qui envoient les dossiers au lyc\u00e9e AV et non les candidats.<\/p>\n<\/blockquote>\n\n\n\n<blockquote class=\"wp-block-quote is-layout-flow wp-block-quote-is-layout-flow\">\n<p>Date limite d&rsquo;arriv\u00e9e des dossiers candidatures <strong>au plus tard le 30 mai 2025<\/strong> au Lyc\u00e9e Ambroise Vollard.<\/p>\n\n\n\n<p>Une commission se tiendra entre le lundi 2 et vendredi 6 juin : analyse des&nbsp; candidatures<br><strong>Diffusion officielle des r\u00e9sultats de l&rsquo;affectation le 27 juin 2025 \u00e0 partir de 16h00<\/strong><br><\/p>\n<\/blockquote>\n\n\n\n<p>Il est important de rappeler au candidat en 1\u00e8re STD2A qu&rsquo;ils ont une double d\u00e9marche \u00e0 faire :<\/p>\n\n\n\n<p>&#8211; la demande par Afellnet depuis l&rsquo;\u00e9tablissement d&rsquo;origine<\/p>\n\n\n\n<p>&#8211; le dossier de candidature qui sera analys\u00e9 par la commission( Fiche candidat 1\u00e8re Technologique STD2A ci-dessous)<\/p>\n\n\n\n<p>NB: la place \u00e0 l&rsquo;internat n&rsquo;est pas de droit. c&rsquo;est en fonction des places disponibles \u00e0 l&rsquo;internat.<\/p>\n\n\n\n<div data-wp-interactive=\"core\/file\" class=\"wp-block-file\"><object data-wp-bind--hidden=\"!state.hasPdfPreview\" hidden class=\"wp-block-file__embed\" data=\"https:\/\/etab.ac-reunion.fr\/lyc-ambroise-vollard\/wp-content\/uploads\/sites\/138\/2025\/03\/Dossier-STD2A-R2025-1ere.pdf\" type=\"application\/pdf\" style=\"width:100%;height:600px\" aria-label=\"Contenu embarqu\u00e9 Dossier STD2A R2025 1e\u0300re.\"><\/object><a id=\"wp-block-file--media-3b5facfe-fcf9-4d76-b0bd-0cbcbc528ae6\" href=\"https:\/\/etab.ac-reunion.fr\/lyc-ambroise-vollard\/wp-content\/uploads\/sites\/138\/2025\/03\/Dossier-STD2A-R2025-1ere.pdf\">Dossier STD2A R2025 1e\u0300re<\/a><a href=\"https:\/\/etab.ac-reunion.fr\/lyc-ambroise-vollard\/wp-content\/uploads\/sites\/138\/2025\/03\/Dossier-STD2A-R2025-1ere.pdf\" class=\"wp-block-file__button wp-element-button\" download aria-describedby=\"wp-block-file--media-3b5facfe-fcf9-4d76-b0bd-0cbcbc528ae6\">T\u00e9l\u00e9charger<\/a><\/div>\n\n\n\n<h4 class=\"wp-block-heading\"><strong>Epreuves d\u2019examen<\/strong><\/h4>\n\n\n\n<p>L\u2019examen du Bac comporte deux\n\u00e9preuves majeures qui sont l\u2019Analyse M\u00e9thodique (coefficient 6), et le Projet\nDesign &amp; Arts Appliqu\u00e9s (coefficient 16)&nbsp;:<\/p>\n\n\n\n<p>&#8211; L\u2019\u00e9preuve d\u2019Analyse\nM\u00e9thodique, \u00e9preuve \u00e9crite de l\u2019examen, consiste en une analyse&nbsp; de documents de design, combinant \u00e9crit et\ndessin.<\/p>\n\n\n\n<p>&#8211; L\u2019\u00e9preuve Projet Design &amp; Arts Appliqu\u00e9s d\u00e9bute g\u00e9n\u00e9ralement apr\u00e8s les vacances de janvier. Les \u00e9l\u00e8ves doivent d\u00e9velopper un projet \u00e0 partir d\u2019un th\u00e8me impos\u00e9, et dans un temps limit\u00e9 \u00e0 75 heures. Deux situations d\u2019\u00e9valuation, devant leurs enseignants, ponctuent une premi\u00e8re phase&nbsp;; ils doivent \u00e9galement pr\u00e9senter leur projet en langue anglaise dans le cadre de deux \u00e9valuations orales en Design, en LV1. Au mois de juin, les \u00e9l\u00e8ves pr\u00e9sentent un dossier de synth\u00e8se et \u00ab&nbsp;d\u00e9fendent&nbsp;\u00bb leur projet \u00e0 l\u2019oral devant un jury.<\/p>\n\n\n\n<figure class=\"wp-block-image size-large\"><img loading=\"lazy\" decoding=\"async\" width=\"1024\" height=\"741\" src=\"https:\/\/etab.ac-reunion.fr\/lyc-ambroise-vollard\/wp-content\/uploads\/sites\/138\/2020\/02\/photos-bac-STD2A-1-1024x741.jpg\" alt=\"\" class=\"wp-image-1758\" srcset=\"https:\/\/etab.ac-reunion.fr\/lyc-ambroise-vollard\/wp-content\/uploads\/sites\/138\/2020\/02\/photos-bac-STD2A-1-1024x741.jpg 1024w, https:\/\/etab.ac-reunion.fr\/lyc-ambroise-vollard\/wp-content\/uploads\/sites\/138\/2020\/02\/photos-bac-STD2A-1-300x217.jpg 300w, https:\/\/etab.ac-reunion.fr\/lyc-ambroise-vollard\/wp-content\/uploads\/sites\/138\/2020\/02\/photos-bac-STD2A-1-768x556.jpg 768w, https:\/\/etab.ac-reunion.fr\/lyc-ambroise-vollard\/wp-content\/uploads\/sites\/138\/2020\/02\/photos-bac-STD2A-1-1536x1112.jpg 1536w, https:\/\/etab.ac-reunion.fr\/lyc-ambroise-vollard\/wp-content\/uploads\/sites\/138\/2020\/02\/photos-bac-STD2A-1-2048x1483.jpg 2048w, https:\/\/etab.ac-reunion.fr\/lyc-ambroise-vollard\/wp-content\/uploads\/sites\/138\/2020\/02\/photos-bac-STD2A-1-150x109.jpg 150w\" sizes=\"auto, (max-width: 1024px) 100vw, 1024px\" \/><\/figure>\n\n\n\n<h4 class=\"wp-block-heading\"><strong>Poursuite d\u2019\u00e9tudes<\/strong><\/h4>\n\n\n\n<p>Ce baccalaur\u00e9at permet de poursuivre des \u00e9tudes vers les m\u00e9tiers du design et les m\u00e9tiers d\u2019art, en DN MADe (Dipl\u00f4me National des M\u00e9tiers d\u2019Art et du Design), en classe pr\u00e9paratoire (CPGE), \u00e0 l\u2019universit\u00e9, ainsi que dans de nombreuses \u00e9coles nationales ou internationales d\u2019art, d\u2019architecture, formations priv\u00e9es, \u2026<\/p>\n\n\n\n<figure class=\"wp-block-image size-large\"><img loading=\"lazy\" decoding=\"async\" width=\"1024\" height=\"768\" src=\"https:\/\/etab.ac-reunion.fr\/lyc-ambroise-vollard\/wp-content\/uploads\/sites\/138\/2020\/02\/P3010043@-1-1024x768.jpg\" alt=\"\" class=\"wp-image-1757\" srcset=\"https:\/\/etab.ac-reunion.fr\/lyc-ambroise-vollard\/wp-content\/uploads\/sites\/138\/2020\/02\/P3010043@-1-1024x768.jpg 1024w, https:\/\/etab.ac-reunion.fr\/lyc-ambroise-vollard\/wp-content\/uploads\/sites\/138\/2020\/02\/P3010043@-1-300x225.jpg 300w, https:\/\/etab.ac-reunion.fr\/lyc-ambroise-vollard\/wp-content\/uploads\/sites\/138\/2020\/02\/P3010043@-1-768x576.jpg 768w, https:\/\/etab.ac-reunion.fr\/lyc-ambroise-vollard\/wp-content\/uploads\/sites\/138\/2020\/02\/P3010043@-1-1536x1152.jpg 1536w, https:\/\/etab.ac-reunion.fr\/lyc-ambroise-vollard\/wp-content\/uploads\/sites\/138\/2020\/02\/P3010043@-1-150x113.jpg 150w, https:\/\/etab.ac-reunion.fr\/lyc-ambroise-vollard\/wp-content\/uploads\/sites\/138\/2020\/02\/P3010043@-1.jpg 2048w\" sizes=\"auto, (max-width: 1024px) 100vw, 1024px\" \/><figcaption class=\"wp-element-caption\">OLYMPUS DIGITAL CAMERA<\/figcaption><\/figure>\n\n\n\n<h4 class=\"wp-block-heading\">Apr\u00e8s le bac<\/h4>\n\n\n\n<p>Ce baccalaur\u00e9at permet de poursuivre des \u00e9tudes vers les m\u00e9tiers du design et les m\u00e9tiers d\u2019art, en DN MADe (Dipl\u00f4me National des M\u00e9tiers d\u2019Art et du Design), en classe pr\u00e9paratoire (CPGE), \u00e0 l\u2019universit\u00e9, ainsi que dans de nombreuses \u00e9coles nationales ou internationales d\u2019art, d\u2019architecture, formations priv\u00e9es, \u2026<\/p>\n","protected":false},"excerpt":{"rendered":"<p>BAC STD2A Sciences et Technologies du Design &amp; des Arts Appliqu\u00e9s Compte Instagram de la section : https:\/\/www.instagram.com\/std2a974\/ Pr\u00e9sentation Ce Bac s\u2019adresse aux \u00e9l\u00e8ves dont le projet d\u2019orientation est affirm\u00e9 \u00e0 l\u2019issue de la classe de seconde et qui souhaitent s\u2019orienter vers les m\u00e9tiers du design et de l\u2019artisanat d\u2019art&#8230;.<\/p>\n<p class=\"continue-reading-button\"> <a class=\"continue-reading-link\" href=\"https:\/\/etab.ac-reunion.fr\/lyc-ambroise-vollard\/formations\/std2a\/\">Suite<i class=\"crycon-right-dir\"><\/i><\/a><\/p>\n","protected":false},"author":24509,"featured_media":0,"parent":99,"menu_order":0,"comment_status":"closed","ping_status":"closed","template":"","meta":{"footnotes":""},"class_list":["post-107","page","type-page","status-publish","hentry"],"_links":{"self":[{"href":"https:\/\/etab.ac-reunion.fr\/lyc-ambroise-vollard\/wp-json\/wp\/v2\/pages\/107","targetHints":{"allow":["GET"]}}],"collection":[{"href":"https:\/\/etab.ac-reunion.fr\/lyc-ambroise-vollard\/wp-json\/wp\/v2\/pages"}],"about":[{"href":"https:\/\/etab.ac-reunion.fr\/lyc-ambroise-vollard\/wp-json\/wp\/v2\/types\/page"}],"author":[{"embeddable":true,"href":"https:\/\/etab.ac-reunion.fr\/lyc-ambroise-vollard\/wp-json\/wp\/v2\/users\/24509"}],"replies":[{"embeddable":true,"href":"https:\/\/etab.ac-reunion.fr\/lyc-ambroise-vollard\/wp-json\/wp\/v2\/comments?post=107"}],"version-history":[{"count":16,"href":"https:\/\/etab.ac-reunion.fr\/lyc-ambroise-vollard\/wp-json\/wp\/v2\/pages\/107\/revisions"}],"predecessor-version":[{"id":5830,"href":"https:\/\/etab.ac-reunion.fr\/lyc-ambroise-vollard\/wp-json\/wp\/v2\/pages\/107\/revisions\/5830"}],"up":[{"embeddable":true,"href":"https:\/\/etab.ac-reunion.fr\/lyc-ambroise-vollard\/wp-json\/wp\/v2\/pages\/99"}],"wp:attachment":[{"href":"https:\/\/etab.ac-reunion.fr\/lyc-ambroise-vollard\/wp-json\/wp\/v2\/media?parent=107"}],"curies":[{"name":"wp","href":"https:\/\/api.w.org\/{rel}","templated":true}]}}