{"id":111,"date":"2016-01-27T17:14:21","date_gmt":"2016-01-27T13:14:21","guid":{"rendered":"http:\/\/lycee-ambroise-vollard-tmp.ac-reunion.fr\/?page_id=111"},"modified":"2024-06-11T09:35:42","modified_gmt":"2024-06-11T05:35:42","slug":"stmg","status":"publish","type":"page","link":"https:\/\/etab.ac-reunion.fr\/lyc-ambroise-vollard\/formations\/stmg\/","title":{"rendered":"STMG"},"content":{"rendered":"\n<p><strong>Pourquoi choisir STMG ?<\/strong><\/p>\n\n\n\n<p>Parce que vous \u00eates int\u00e9ress\u00e9 (e) par :<\/p>\n\n\n\n<ul class=\"wp-block-list\">\n<li>Le monde de l\u2019entreprise et son organisation<\/li>\n\n\n\n<li>Les relations humaines<\/li>\n\n\n\n<li>La gestion<\/li>\n\n\n\n<li>La finance<\/li>\n\n\n\n<li>Le commerce<\/li>\n\n\n\n<li>Le marketing<\/li>\n\n\n\n<li>L\u2019informatique<\/li>\n\n\n\n<li>La communication<\/li>\n<\/ul>\n\n\n\n<p>Parce que vous souhaitez :<\/p>\n\n\n\n<ul class=\"wp-block-list\">\n<li>Un enseignement qui parle du concret,<\/li>\n\n\n\n<li>Une formation qui d\u00e9bouche sur des emplois<\/li>\n\n\n\n<li>Poursuivre des \u00e9tudes (Bac+2, bac+3, bac+5)<\/li>\n<\/ul>\n\n\n\n<p>Parce que vous avez :<\/p>\n\n\n\n<ul class=\"wp-block-list\">\n<li>De la curiosit\u00e9 d\u2019esprit,<\/li>\n\n\n\n<li>De l\u2019aptitude \u00e0 travailler en groupe,<\/li>\n\n\n\n<li>De l\u2019int\u00e9r\u00eat pour les nouvelles technologies.<\/li>\n<\/ul>\n\n\n\n<p><strong>Premi\u00e8re STMG<\/strong><\/p>\n\n\n\n<p>Quelles sont les mati\u00e8res en STMG ?<\/p>\n\n\n\n<p>Enseignement g\u00e9n\u00e9ral :<\/p>\n\n\n\n<figure class=\"wp-block-table\"><table><tbody><tr><td>Fran\u00e7ais<\/td><td>3h<\/td><\/tr><tr><td>Math\u00e9matiques<\/td><td>3h<\/td><\/tr><tr><td>Langues vivantes A et B<\/td><td>4h<\/td><\/tr><tr><td>Histoire et g\u00e9ographie<\/td><td>1h30<\/td><\/tr><tr><td>ETLV : Enseignement technologique en langue vivante<\/td><td>1h<\/td><\/tr><tr><td>EPS<\/td><td>2h<\/td><\/tr><tr><td>EMC : Enseignement Moral et Civique<\/td><td>0h30<\/td><\/tr><\/tbody><\/table><\/figure>\n\n\n\n<p>Enseignement technologique :<\/p>\n\n\n\n<figure class=\"wp-block-table\"><table><tbody><tr><td>Sciences de gestion et num\u00e9rique<\/td><td>7h<\/td><\/tr><tr><td>Management<\/td><td>4h<\/td><\/tr><tr><td>Droit et \u00e9conomie<\/td><td>4h<\/td><\/tr><\/tbody><\/table><\/figure>\n\n\n\n<p>Que va t\u2019on \u00e9tudier dans ces nouvelles mati\u00e8res ?<\/p>\n\n\n\n<p>Les sciences de gestion et num\u00e9rique permettent de se familiariser \u00e0 la finance, aux ressources humaines, au marketing, \u00e0 l\u2019informatique.<br>Le management des organisations aborde les pratiques de gestion, le fonctionnement des entreprises, des associations et des organisations publiques.<br>Le droit et l\u2019\u00e9conomie permet une sensibilisation \u00e0 la culture juridique dans un contexte national, communautaire, voire mondial. Cet enseignement positionne l\u2019\u00e9l\u00e8ve dans son futur r\u00f4le d\u2019acteur \u00e9conomique, de citoyen et s\u2019axe sur la prise de conscience de leurs droits et de leurs devoirs.<br>\u00e0 L\u2019enseignement technologique en langue vivante (ETLV) : Une heure d\u2019enseignement technologique en langue vivante.<br><em>Par exemple, l\u2019enseignement du management en anglais.<\/em><\/p>\n","protected":false},"excerpt":{"rendered":"<p>Pourquoi choisir STMG ? Parce que vous \u00eates int\u00e9ress\u00e9 (e) par : Parce que vous souhaitez : Parce que vous avez : Premi\u00e8re STMG Quelles sont les mati\u00e8res en STMG ? Enseignement g\u00e9n\u00e9ral : Fran\u00e7ais 3h Math\u00e9matiques 3h Langues vivantes A et B 4h Histoire et g\u00e9ographie 1h30 ETLV :&#8230;<\/p>\n<p class=\"continue-reading-button\"> <a class=\"continue-reading-link\" href=\"https:\/\/etab.ac-reunion.fr\/lyc-ambroise-vollard\/formations\/stmg\/\">Suite<i class=\"crycon-right-dir\"><\/i><\/a><\/p>\n","protected":false},"author":10581,"featured_media":0,"parent":99,"menu_order":0,"comment_status":"closed","ping_status":"closed","template":"","meta":{"footnotes":""},"class_list":["post-111","page","type-page","status-publish","hentry"],"_links":{"self":[{"href":"https:\/\/etab.ac-reunion.fr\/lyc-ambroise-vollard\/wp-json\/wp\/v2\/pages\/111","targetHints":{"allow":["GET"]}}],"collection":[{"href":"https:\/\/etab.ac-reunion.fr\/lyc-ambroise-vollard\/wp-json\/wp\/v2\/pages"}],"about":[{"href":"https:\/\/etab.ac-reunion.fr\/lyc-ambroise-vollard\/wp-json\/wp\/v2\/types\/page"}],"author":[{"embeddable":true,"href":"https:\/\/etab.ac-reunion.fr\/lyc-ambroise-vollard\/wp-json\/wp\/v2\/users\/10581"}],"replies":[{"embeddable":true,"href":"https:\/\/etab.ac-reunion.fr\/lyc-ambroise-vollard\/wp-json\/wp\/v2\/comments?post=111"}],"version-history":[{"count":2,"href":"https:\/\/etab.ac-reunion.fr\/lyc-ambroise-vollard\/wp-json\/wp\/v2\/pages\/111\/revisions"}],"predecessor-version":[{"id":5040,"href":"https:\/\/etab.ac-reunion.fr\/lyc-ambroise-vollard\/wp-json\/wp\/v2\/pages\/111\/revisions\/5040"}],"up":[{"embeddable":true,"href":"https:\/\/etab.ac-reunion.fr\/lyc-ambroise-vollard\/wp-json\/wp\/v2\/pages\/99"}],"wp:attachment":[{"href":"https:\/\/etab.ac-reunion.fr\/lyc-ambroise-vollard\/wp-json\/wp\/v2\/media?parent=111"}],"curies":[{"name":"wp","href":"https:\/\/api.w.org\/{rel}","templated":true}]}}