{"id":115,"date":"2016-01-27T17:14:59","date_gmt":"2016-01-27T13:14:59","guid":{"rendered":"http:\/\/lycee-ambroise-vollard-tmp.ac-reunion.fr\/?page_id=115"},"modified":"2025-12-14T22:05:53","modified_gmt":"2025-12-14T18:05:53","slug":"bts-cg","status":"publish","type":"page","link":"https:\/\/etab.ac-reunion.fr\/lyc-ambroise-vollard\/formations\/bts-cg\/","title":{"rendered":"BTS CG"},"content":{"rendered":"<p class=\"p1\"><span class=\"s1\">Les titulaires du BTS Comptabilit\u00e9 et Gestion exercent leur activit\u00e9 professionnelle dans les services comptables :<\/span><\/p>\n<ul>\n<li class=\"p1\"><span class=\"s1\">des entreprises industrielles ou commerciales<\/span><\/li>\n<li class=\"p1\"><span class=\"s2\">d<\/span><span class=\"s1\">es cabinets d\u2019expertise comptable, des centres de gestion<\/span><\/li>\n<li class=\"p1\"><span class=\"s1\">dans les banques, assurances, administrations<\/span><\/li>\n<\/ul>\n<p class=\"p1\"><span class=\"s1\">Les \u00e9tudiants motiv\u00e9s peuvent poursuivre leurs \u00e9tudes en pr\u00e9parant l\u2019expertise comptable (DCG, DSCG, DEC)<\/span><\/p>\n<p class=\"p1\"><span style=\"text-decoration: underline\"><span class=\"s1\">Admission dans la section de BTS CG<\/span><\/span><\/p>\n<ul>\n<li class=\"p1\"><span class=\"s1\"> Titulaire BAC STMG GF<\/span><\/li>\n<li class=\"p1\"><span class=\"s1\"> Titulaire BAC GENERAL<\/span><\/li>\n<li class=\"p1\"><span class=\"s1\">Titulaire BAC PROFESSIONNEL AGORA (Les tr\u00e8s bons \u00e9l\u00e9ments motiv\u00e9s par la comptabilit\u00e9)<\/span><\/li>\n<\/ul>\n<p class=\"p1\"><span style=\"text-decoration: underline\">Contenu de la formation<\/span><\/p>\n<p class=\"p1\">La formation comporte des mati\u00e8res g\u00e9n\u00e9rales et des mati\u00e8res professionnelles.<\/p>\n<p class=\"p1\"><span style=\"text-decoration: underline\">Enseignement g\u00e9n\u00e9ral<\/span> : Fran\u00e7ais ; Droit ; \u00a0Economie ; Math\u00e9matiques ; Management ; Langue Vivante (anglais)<br \/>\n<span style=\"text-decoration: underline\">Enseignement professionnel<\/span> : Gestion comptable fiscale et sociale ; Gestion financi\u00e8re, pr\u00e9vision et analyse de gestion ; Informatique et syst\u00e8me d&rsquo;information ; Ateliers professionnels.<\/p>\n<p class=\"p1\">\n<table id=\"tablepress-4\" class=\"tablepress tablepress-id-4\">\n<thead>\n<tr class=\"row-1\">\n\t<th class=\"column-1\">Disciplines<\/th><th class=\"column-2\">Horaire en 1\u00e8re ann\u00e9e<\/th><th class=\"column-3\">Horaire en 2\u00e8me ann\u00e9e<\/th>\n<\/tr>\n<\/thead>\n<tbody class=\"row-striping row-hover\">\n<tr class=\"row-2\">\n\t<td class=\"column-1\">Fran\u00e7ais<\/td><td class=\"column-2\">2 h + (1 h)<\/td><td class=\"column-3\">2 h+ (1 h)<\/td>\n<\/tr>\n<tr class=\"row-3\">\n\t<td class=\"column-1\">Anglais<\/td><td class=\"column-2\">1 h + (1 h)<\/td><td class=\"column-3\">1 h + (1 h)<\/td>\n<\/tr>\n<tr class=\"row-4\">\n\t<td class=\"column-1\">Math\u00e9matiques<\/td><td class=\"column-2\">1,5 h + (0,5 h)<\/td><td class=\"column-3\">1 h + (0,5 h)<\/td>\n<\/tr>\n<tr class=\"row-5\">\n\t<td class=\"column-1\">Economie Culture juridique manag\u00e9riale (ECJM)<\/td><td class=\"column-2\">4 h<\/td><td class=\"column-3\">4 h<\/td>\n<\/tr>\n<tr class=\"row-6\">\n\t<td class=\"column-1\">ECJM Appliqu\u00e9e<\/td><td class=\"column-2\">1,5 h<\/td><td class=\"column-3\">1,5 h<\/td>\n<\/tr>\n<tr class=\"row-7\">\n\t<td class=\"column-1\">Gestion comptable, fiscale et sociale<\/td><td class=\"column-2\">6 h + (5 h)<\/td><td class=\"column-3\">3 h + (3 h)<\/td>\n<\/tr>\n<tr class=\"row-8\">\n\t<td class=\"column-1\">Gestion financi\u00e8re, pr\u00e9vision et analyse de gestion<\/td><td class=\"column-2\">1 h + (1 h)<\/td><td class=\"column-3\">3 h + (2 h)<\/td>\n<\/tr>\n<tr class=\"row-9\">\n\t<td class=\"column-1\">Informatique et syst\u00e8me d\u2019information<\/td><td class=\"column-2\">1 h + (1 h)<\/td><td class=\"column-3\">1 h + (1 h)<\/td>\n<\/tr>\n<tr class=\"row-10\">\n\t<td class=\"column-1\">Ateliers professionnels (AP)<\/td><td class=\"column-2\">(3 h)<\/td><td class=\"column-3\">(4 h)<\/td>\n<\/tr>\n<tr class=\"row-11\">\n\t<td class=\"column-1\">Travail en autonomie dans les salles informatiques <\/td><td class=\"column-2\">(3 h)<\/td><td class=\"column-3\">(3 h)<\/td>\n<\/tr>\n<tr class=\"row-12\">\n\t<td class=\"column-1\">TOTAL<\/td><td class=\"column-2\">18,5 h + (15,5 h)<\/td><td class=\"column-3\">17,5 h + (15,5 h)<\/td>\n<\/tr>\n<tr class=\"row-13\">\n\t<td class=\"column-1\">+ Mise \u00e0 niveau (MAN) (*)<\/td><td class=\"column-2\"><\/td><td class=\"column-3\"><\/td>\n<\/tr>\n<tr class=\"row-14\">\n\t<td class=\"column-1\"><\/td><td class=\"column-2\"><\/td><td class=\"column-3\"><\/td>\n<\/tr>\n<\/tbody>\n<\/table>\n<!-- #tablepress-4 from cache --><\/p>\n<p class=\"p1\">Lecture : 2 h + (1 h) : 2 heures en classe enti\u00e8re et 1 heure en demi groupe<\/p>\n<p class=\"p1\">Les enseignements professionnels sont d\u00e9compos\u00e9s en 7 processus :<\/p>\n<ul>\n<li class=\"p1\">P1 : Contr\u00f4le et traitement comptable des op\u00e9rations commerciales<\/li>\n<li class=\"p1\">P2 : Contr\u00f4le et production de l\u2019information financi\u00e8re<\/li>\n<li class=\"p1\">P3 : Gestion des obligations fiscales<\/li>\n<li class=\"p1\">P4 : Gestion des obligations sociales<\/li>\n<li class=\"p1\">P5 : Analyse et pr\u00e9vision de l\u2019activit\u00e9<\/li>\n<li class=\"p1\">P6 : Analyse de la situation financi\u00e8re<\/li>\n<li class=\"p1\">P7 : Fiabilisation de l\u2019information comptable et syst\u00e8me d\u2019information comptable (SIC)<\/li>\n<\/ul>\n<p class=\"p1\">\n<table id=\"tablepress-5\" class=\"tablepress tablepress-id-5\">\n<thead>\n<tr class=\"row-1\">\n\t<th class=\"column-1\">Processus<\/th><th class=\"column-2\">1\u008a\u00e8re ann\u0082\u00e9e<\/th><th class=\"column-3\">2\u00e8\u008ame ann\u0082\u00e9e<\/th>\n<\/tr>\n<\/thead>\n<tbody class=\"row-striping row-hover\">\n<tr class=\"row-2\">\n\t<td class=\"column-1\">P1 : CONTROLE ET TRAITEMENT COMPTABLE DES OP\u0090RATIONS COMMERCIALES<\/td><td class=\"column-2\">X<\/td><td class=\"column-3\"><\/td>\n<\/tr>\n<tr class=\"row-3\">\n\t<td class=\"column-1\">P2 : CONTROLE ET PRODUCTION DE L'INFORMATION FINANCI\u00d4RE<\/td><td class=\"column-2\">X<\/td><td class=\"column-3\">X<\/td>\n<\/tr>\n<tr class=\"row-4\">\n\t<td class=\"column-1\">P3 : GESTION DES OBLIGATIONS FISCALES<\/td><td class=\"column-2\">X<\/td><td class=\"column-3\">X<\/td>\n<\/tr>\n<tr class=\"row-5\">\n\t<td class=\"column-1\">P4 : GESTION DES RELATIONS SOCIALES<\/td><td class=\"column-2\">X<\/td><td class=\"column-3\"><\/td>\n<\/tr>\n<tr class=\"row-6\">\n\t<td class=\"column-1\">P5 : ANALYSE ET PRE\u0090VISION DE L'ACTIVIT\u0090E<\/td><td class=\"column-2\">X<\/td><td class=\"column-3\">X<\/td>\n<\/tr>\n<tr class=\"row-7\">\n\t<td class=\"column-1\">P6 : ANALYSE DE LA SITUATION FINANCIERE<\/td><td class=\"column-2\"><\/td><td class=\"column-3\">X<\/td>\n<\/tr>\n<tr class=\"row-8\">\n\t<td class=\"column-1\">P7 : FIABILISATION DE L'INFORMATION COMPTABLE ET SYSTEME D'INFORMATION COMPTABLE (SIC)<\/td><td class=\"column-2\">X<\/td><td class=\"column-3\">X<\/td>\n<\/tr>\n<\/tbody>\n<\/table>\n<!-- #tablepress-5 from cache --><\/p>\n<p class=\"p1\"><span style=\"text-decoration: underline\">Stages<\/span><\/p>\n<p class=\"p1\">10 semaines de stage pendant les deux ann\u00e9es de formation :<\/p>\n<ul>\n<li class=\"p1\">6 semaines en 1\u00e8re ann\u00e9e<\/li>\n<li class=\"p1\">4 semaines en 2\u00e8me ann\u00e9e<\/li>\n<\/ul>\n<p class=\"p1\">A l\u2019issue du stage, l\u2019\u00e9tudiant doit r\u00e9diger un dossier m\u00e9moire (12 pages maximum)<\/p>\n<p class=\"p1\"><span style=\"text-decoration: underline\">Epreuves \u00e0 l&rsquo;examen<\/span><\/p>\n<p class=\"p1\">\n<table id=\"tablepress-11\" class=\"tablepress tablepress-id-11\">\n<thead>\n<tr class=\"row-1\">\n\t<th class=\"column-1\">Epreuve<\/th><th class=\"column-2\">Coefficient<\/th><th class=\"column-3\">Forme<\/th><th class=\"column-4\">Dur\u00e9e<\/th>\n<\/tr>\n<\/thead>\n<tbody class=\"row-striping row-hover\">\n<tr class=\"row-2\">\n\t<td class=\"column-1\">Culture g\u00e9n\u00e9rale et expression<\/td><td class=\"column-2\">4<\/td><td class=\"column-3\">Ponctuelle - Ecrite<\/td><td class=\"column-4\">4 h<\/td>\n<\/tr>\n<tr class=\"row-3\">\n\t<td class=\"column-1\">Anglais<\/td><td class=\"column-2\">3<\/td><td class=\"column-3\">Ponctuelle - Orale<\/td><td class=\"column-4\">20 minutes<\/td>\n<\/tr>\n<tr class=\"row-4\">\n\t<td class=\"column-1\">Math\u00e9matiques appliqu\u00e9es<\/td><td class=\"column-2\">3<\/td><td class=\"column-3\">CCF - 2 situations d'\u00e9valuation<\/td><td class=\"column-4\">2*55 minutes<\/td>\n<\/tr>\n<tr class=\"row-5\">\n\t<td class=\"column-1\">Culture \u00e9conomique, juridique, manag\u00e9riale<\/td><td class=\"column-2\">6<\/td><td class=\"column-3\">Ponctuelle - Ecrite<\/td><td class=\"column-4\">4 heures<\/td>\n<\/tr>\n<tr class=\"row-6\">\n\t<td class=\"column-1\">Traitement comptable des op\u00e9rations comptables,  fiscales et sociales : Etude de cas<\/td><td class=\"column-2\">9<\/td><td class=\"column-3\">Ponctuelle - Ecrite<\/td><td class=\"column-4\">4,5 heures<\/td>\n<\/tr>\n<tr class=\"row-7\">\n\t<td class=\"column-1\">Pratiques comptables fiscales et sociales<\/td><td class=\"column-2\">4<\/td><td class=\"column-3\">CCF : 2 situations d'\u00e9valuation<br \/>\nSituation A : 14 pts<br \/>\nSituation B : 6 pts<\/td><td class=\"column-4\">Situation B : 20 minutes<\/td>\n<\/tr>\n<tr class=\"row-8\">\n\t<td class=\"column-1\">Situations de contr\u00f4le de gestion et d'analyse financi\u00e8re<\/td><td class=\"column-2\">5<\/td><td class=\"column-3\">CCF : 2 situations d'\u00e9valuation<br \/>\nSituation A : 14 pts<br \/>\nSituation B : 6 pts<\/td><td class=\"column-4\">Situation B : 20 minutes<\/td>\n<\/tr>\n<tr class=\"row-9\">\n\t<td class=\"column-1\">Parcours de professionnalisation<\/td><td class=\"column-2\">5<\/td><td class=\"column-3\">Ponctuelle - Orale<\/td><td class=\"column-4\">30 minutes<\/td>\n<\/tr>\n<tr class=\"row-10\">\n\t<td class=\"column-1\"><\/td><td class=\"column-2\"><\/td><td class=\"column-3\"><\/td><td class=\"column-4\"><\/td>\n<\/tr>\n<\/tbody>\n<\/table>\n<!-- #tablepress-11 from cache --><\/p>\n<p class=\"p1\"><span style=\"text-decoration: underline\">Que faire apr\u00e8s l\u2019obtention du BTS comptabilit\u00e9 et gestion ?<\/span><\/p>\n<p><span style=\"text-decoration: underline\">D\u00e9bouch\u00e9s<\/span><\/p>\n<ul>\n<li class=\"p1\">Aide comptable<\/li>\n<li class=\"p1\">Assistant comptable<\/li>\n<li class=\"p1\">Adjoint \u00e0 la direction financi\u00e8re<\/li>\n<li class=\"p1\">Assistant contr\u00f4leur de gestion<\/li>\n<li class=\"p1\">Collaborateur social<\/li>\n<li class=\"p1\">Technicien de paie<\/li>\n<li class=\"p1\">&#8230;<\/li>\n<\/ul>\n<p class=\"p1\"><span style=\"text-decoration: underline\">Poursuite d&rsquo;\u00e9tudes<\/span><\/p>\n<ul>\n<li class=\"p1\">DCG (Dipl\u00f4me de Comptabilit\u00e9 G\u00e9n\u00e9rale) : Bac + 3 (niveau licence)<\/li>\n<li class=\"p1\">DSCG (Dipl\u00f4me Sup\u00e9rieur de Comptabilit\u00e9 G\u00e9n\u00e9rale) : Bac + 5 (niveau master)<\/li>\n<li class=\"p1\">Licence en Sciences Techniques Comptables et financi\u00e8res (STCF) \u00e0 l\u2019universit\u00e9 (IAE)<\/li>\n<li class=\"p1\">Licence professionnelle sp\u00e9cialis\u00e9e (gestion, finance, banque\u2026)<\/li>\n<li class=\"p1\">Licence management et gestion des organisations<\/li>\n<\/ul>\n<p>Le DCG comprend 13 unit\u00e9s d&rsquo;enseignement (UE).<br \/>\nLe BTS CG donne les <span style=\"text-decoration: underline\">\u00e9quivalences suivantes du DCG<\/span> :<\/p>\n<ul class=\"ul1\">\n<li class=\"li1\"><span class=\"s2\">UE 1 : Introduction au droit<\/span><\/li>\n<li class=\"li1\"><span class=\"s2\">UE 5 : Economie<\/span><\/li>\n<li class=\"li1\"><span class=\"s2\">UE 8 : Syst\u00e8mes d\u2019information et de gestion<\/span><\/li>\n<li class=\"li1\"><span class=\"s2\">UE 9 : Introduction \u00e0 la comptabilit\u00e9\u00a0<\/span><\/li>\n<li class=\"li1\"><span class=\"s2\">UE 12 : Anglais appliqu\u00e9 aux affaires<\/span><\/li>\n<li class=\"li1\"><span class=\"s2\">UE 13 : Relations professionnelles<\/span><\/li>\n<\/ul>\n<p class=\"p1\"><span class=\"s1\">Comme le DCG comprend 13 UE, apr\u00e8s un BTS CG, il ne restera plus que<\/span><span class=\"s2\"> 7 UE<\/span><span class=\"s1\"> \u00e0 passer sur 2 ans.<\/span><\/p>\n<ul>\n<li class=\"p1\"><span class=\"s1\">UE2 : Droit des soci\u00e9t\u00e9s<\/span><\/li>\n<li class=\"p1\"><span class=\"s1\">UE3 : Droit social<\/span><\/li>\n<li class=\"p1\"><span class=\"s1\">UE4 : Droit fiscal<\/span><\/li>\n<li class=\"p1\"><span class=\"s1\">UE6 : Finance d&rsquo;entreprise<\/span><\/li>\n<li class=\"p1\"><span class=\"s1\">UE7 : Management<\/span><\/li>\n<li class=\"p1\"><span class=\"s1\">UE10 : Comptabilit\u00e9 approfondie<\/span><\/li>\n<li class=\"p1\"><span class=\"s1\">UE11 : Contr\u00f4le de gestion<\/span><\/li>\n<\/ul>\n<p class=\"p1\"><span style=\"text-decoration: underline\">Profil du candidat int\u00e9ress\u00e9 par le BTS CG<\/span><\/p>\n<ul>\n<li class=\"p1\">Motiv\u00e9<\/li>\n<li class=\"p1\">Assidu<\/li>\n<li class=\"p1\">Bonne communication orale et \u00e9crite<\/li>\n<li class=\"p1\">Aime les chiffres<\/li>\n<li class=\"p1\">Aime travailler<\/li>\n<li class=\"p1\">Un minimum de culture g\u00e9n\u00e9rale<\/li>\n<li class=\"p1\">&#8230;<\/li>\n<\/ul>\n<p class=\"p1\">\u00a0<span style=\"text-decoration: underline\">R\u00e9sultats examen<\/span><\/p>\n<p class=\"p1\">\u00a0\n<table id=\"tablepress-3\" class=\"tablepress tablepress-id-3\">\n<thead>\n<tr class=\"row-1\">\n\t<th class=\"column-1\">Ann\u00e9es<\/th><th class=\"column-2\">Admis<\/th><th class=\"column-3\">Pr\u00e9sents<\/th><th class=\"column-4\">Taux % (Admis\/Pr\u00e9sents)<\/th>\n<\/tr>\n<\/thead>\n<tbody class=\"row-striping row-hover\">\n<tr class=\"row-2\">\n\t<td class=\"column-1\">2017<\/td><td class=\"column-2\">17<\/td><td class=\"column-3\">27<\/td><td class=\"column-4\">63.00<\/td>\n<\/tr>\n<tr class=\"row-3\">\n\t<td class=\"column-1\">2018<\/td><td class=\"column-2\">22<\/td><td class=\"column-3\">25<\/td><td class=\"column-4\">88.00<\/td>\n<\/tr>\n<tr class=\"row-4\">\n\t<td class=\"column-1\">2019<\/td><td class=\"column-2\">20<\/td><td class=\"column-3\">20<\/td><td class=\"column-4\">100,00<\/td>\n<\/tr>\n<tr class=\"row-5\">\n\t<td class=\"column-1\">2020<\/td><td class=\"column-2\">20<\/td><td class=\"column-3\">23<\/td><td class=\"column-4\">87,00<\/td>\n<\/tr>\n<tr class=\"row-6\">\n\t<td class=\"column-1\">2021<\/td><td class=\"column-2\">22<\/td><td class=\"column-3\">25<\/td><td class=\"column-4\">88,00<\/td>\n<\/tr>\n<tr class=\"row-7\">\n\t<td class=\"column-1\">2022<\/td><td class=\"column-2\"><\/td><td class=\"column-3\"><\/td><td class=\"column-4\">88,00<\/td>\n<\/tr>\n<tr class=\"row-8\">\n\t<td class=\"column-1\">2023<\/td><td class=\"column-2\">16<\/td><td class=\"column-3\">21<\/td><td class=\"column-4\">76,00<\/td>\n<\/tr>\n<tr class=\"row-9\">\n\t<td class=\"column-1\">2024<\/td><td class=\"column-2\">16<\/td><td class=\"column-3\">21<\/td><td class=\"column-4\">76,00<\/td>\n<\/tr>\n<tr class=\"row-10\">\n\t<td class=\"column-1\">2025<\/td><td class=\"column-2\">23<\/td><td class=\"column-3\">27<\/td><td class=\"column-4\">85,00<\/td>\n<\/tr>\n<\/tbody>\n<\/table>\n<!-- #tablepress-3 from cache --><\/p>\n<p><strong>Pour en savoir plus, scanner ce qr code<\/strong><\/p>\n<p><a href=\"https:\/\/etab.ac-reunion.fr\/lyc-ambroise-vollard\/formations\/bts-cg\/qr-code-bts-cg\/\" rel=\"attachment wp-att-6473\"><img loading=\"lazy\" decoding=\"async\" class=\"alignnone size-full wp-image-6473\" src=\"https:\/\/etab.ac-reunion.fr\/lyc-ambroise-vollard\/wp-content\/uploads\/sites\/138\/2025\/12\/qr-code-bts-cg.png\" alt=\"\" width=\"256\" height=\"248\" srcset=\"https:\/\/etab.ac-reunion.fr\/lyc-ambroise-vollard\/wp-content\/uploads\/sites\/138\/2025\/12\/qr-code-bts-cg.png 256w, https:\/\/etab.ac-reunion.fr\/lyc-ambroise-vollard\/wp-content\/uploads\/sites\/138\/2025\/12\/qr-code-bts-cg-150x145.png 150w\" sizes=\"auto, (max-width: 256px) 100vw, 256px\" \/><\/a><\/p>\n","protected":false},"excerpt":{"rendered":"<p>Les titulaires du BTS Comptabilit\u00e9 et Gestion exercent leur activit\u00e9 professionnelle dans les services comptables : des entreprises industrielles ou commerciales des cabinets d\u2019expertise comptable, des centres de gestion dans les banques, assurances, administrations Les \u00e9tudiants motiv\u00e9s peuvent poursuivre leurs \u00e9tudes en pr\u00e9parant l\u2019expertise comptable (DCG, DSCG, DEC) Admission dans&#8230;<\/p>\n<p class=\"continue-reading-button\"> <a class=\"continue-reading-link\" href=\"https:\/\/etab.ac-reunion.fr\/lyc-ambroise-vollard\/formations\/bts-cg\/\">Suite<i class=\"crycon-right-dir\"><\/i><\/a><\/p>\n","protected":false},"author":10581,"featured_media":0,"parent":99,"menu_order":0,"comment_status":"closed","ping_status":"closed","template":"","meta":{"footnotes":""},"class_list":["post-115","page","type-page","status-publish","hentry"],"_links":{"self":[{"href":"https:\/\/etab.ac-reunion.fr\/lyc-ambroise-vollard\/wp-json\/wp\/v2\/pages\/115","targetHints":{"allow":["GET"]}}],"collection":[{"href":"https:\/\/etab.ac-reunion.fr\/lyc-ambroise-vollard\/wp-json\/wp\/v2\/pages"}],"about":[{"href":"https:\/\/etab.ac-reunion.fr\/lyc-ambroise-vollard\/wp-json\/wp\/v2\/types\/page"}],"author":[{"embeddable":true,"href":"https:\/\/etab.ac-reunion.fr\/lyc-ambroise-vollard\/wp-json\/wp\/v2\/users\/10581"}],"replies":[{"embeddable":true,"href":"https:\/\/etab.ac-reunion.fr\/lyc-ambroise-vollard\/wp-json\/wp\/v2\/comments?post=115"}],"version-history":[{"count":13,"href":"https:\/\/etab.ac-reunion.fr\/lyc-ambroise-vollard\/wp-json\/wp\/v2\/pages\/115\/revisions"}],"predecessor-version":[{"id":6475,"href":"https:\/\/etab.ac-reunion.fr\/lyc-ambroise-vollard\/wp-json\/wp\/v2\/pages\/115\/revisions\/6475"}],"up":[{"embeddable":true,"href":"https:\/\/etab.ac-reunion.fr\/lyc-ambroise-vollard\/wp-json\/wp\/v2\/pages\/99"}],"wp:attachment":[{"href":"https:\/\/etab.ac-reunion.fr\/lyc-ambroise-vollard\/wp-json\/wp\/v2\/media?parent=115"}],"curies":[{"name":"wp","href":"https:\/\/api.w.org\/{rel}","templated":true}]}}