{"id":2369,"date":"2021-02-18T19:59:07","date_gmt":"2021-02-18T15:59:07","guid":{"rendered":"http:\/\/lycee-ambroise-vollard.ac-reunion.fr\/?page_id=2369"},"modified":"2025-02-12T20:46:36","modified_gmt":"2025-02-12T16:46:36","slug":"bordereau-de-versement-de-la-taxe-dapprentissage","status":"publish","type":"page","link":"https:\/\/etab.ac-reunion.fr\/lyc-ambroise-vollard\/etablissement\/bordereau-de-versement-de-la-taxe-dapprentissage\/","title":{"rendered":"Taxe d&rsquo;apprentissage"},"content":{"rendered":"\n<p>Le lyc\u00e9e Ambroise Vollard accueille plus de 1 200 \u00e9l\u00e8ves et offre de nombreuses formations au baccalaur\u00e9at, allant de la voie g\u00e9n\u00e9rale avec un choix large de 10 sp\u00e9cialit\u00e9s, \u00e0 la voie technologique (STI2D, ST2S, STMG, STD2A) en passant par la voie professionnelle (Bac Pro AGORA).<\/p>\n\n\n\n<p><br>Il offre \u00e9galement des formations sup\u00e9rieures apr\u00e8s le baccalaur\u00e9at :<br>un Dipl\u00f4me National des M\u00e9tiers d\u2019Art et du Design &#8211; DNMADe ,<br>(avec 2 mentions : GRAPHISME et MODE, qui se pr\u00e9pare en 3 ans) et un BTS<br>COMPTABILIT\u00c9 GESTION.<br><br>Si vous faites le choix de notre lyc\u00e9e pour le versement de la taxe d\u2019apprentissage, vous investissez dans l\u2019avenir cr\u00e9atif, technologique et professionnalisant des jeunes r\u00e9unionnais.<br>Nous fl\u00e9cher, c\u2019est nous permettre d\u2019acheter des logiciels en rapport avec le monde de l\u2019entreprise, du mat\u00e9riel \u00e0 la pointe de la technologie notamment sur le prototypage et renouveler notre mat\u00e9riel informatique pour ainsi apporter \u00e0 nos \u00e9l\u00e8ves et \u00e9tudiants le meilleur niveau de formation possible dans un environnement extr\u00eamement concurrentiel.<br>Je vous remercie infiniment pour votre attention \u00e0 l\u2019\u00e9gard de notre lyc\u00e9e et des \u00e9l\u00e8ves &amp; \u00e9tudiant.e.s que nous formons.<\/p>\n\n\n\n<p><br><em>Jean-Michel GARCIA, Proviseur<\/em><\/p>\n\n\n\n<p><\/p>\n\n\n\n<p><br>Comment fl\u00e9cher votre taxe d\u2019apprentissage vers notre lyc\u00e9e ?<br>1. Connectez-vous sur votre compte Net-entreprise<br>2. Cliquez sur SOLTEA<br>3. Fl\u00e9chez l\u2019\u00e9tablissement avec le SIRET 19974019200018 ou UAI : 9740019c 4. Nous sommes \u00e9ligibles pour les formations suivantes :<\/p>\n\n\n\n<p>BAC PRO AGORA, BTS COMPTABILITE GESTION et DNMADe<\/p>\n\n\n\n<p>Pour toutes questions, vous pouvez appeler au 02 62 96 23 50 ou \u00e9crire \u00e0 Fabrice de PEINDRAY, Directeur d\u00e9l\u00e9gu\u00e9 aux Formations Professionnelles et Technologiques :  <a href=\"mailto:ddfpt.9740019C@ac-reunion.fr\">ddfpt.9740019C@ac-reunion.fr<\/a><\/p>\n\n\n\n<p><\/p>\n","protected":false},"excerpt":{"rendered":"<p>Le lyc\u00e9e Ambroise Vollard accueille plus de 1 200 \u00e9l\u00e8ves et offre de nombreuses formations au baccalaur\u00e9at, allant de la voie g\u00e9n\u00e9rale avec un choix large de 10 sp\u00e9cialit\u00e9s, \u00e0 la voie technologique (STI2D, ST2S, STMG, STD2A) en passant par la voie professionnelle (Bac Pro AGORA). Il offre \u00e9galement des&#8230;<\/p>\n<p class=\"continue-reading-button\"> <a class=\"continue-reading-link\" href=\"https:\/\/etab.ac-reunion.fr\/lyc-ambroise-vollard\/etablissement\/bordereau-de-versement-de-la-taxe-dapprentissage\/\">Suite<i class=\"crycon-right-dir\"><\/i><\/a><\/p>\n","protected":false},"author":10581,"featured_media":0,"parent":76,"menu_order":1,"comment_status":"closed","ping_status":"closed","template":"","meta":{"footnotes":""},"class_list":["post-2369","page","type-page","status-publish","hentry"],"_links":{"self":[{"href":"https:\/\/etab.ac-reunion.fr\/lyc-ambroise-vollard\/wp-json\/wp\/v2\/pages\/2369","targetHints":{"allow":["GET"]}}],"collection":[{"href":"https:\/\/etab.ac-reunion.fr\/lyc-ambroise-vollard\/wp-json\/wp\/v2\/pages"}],"about":[{"href":"https:\/\/etab.ac-reunion.fr\/lyc-ambroise-vollard\/wp-json\/wp\/v2\/types\/page"}],"author":[{"embeddable":true,"href":"https:\/\/etab.ac-reunion.fr\/lyc-ambroise-vollard\/wp-json\/wp\/v2\/users\/10581"}],"replies":[{"embeddable":true,"href":"https:\/\/etab.ac-reunion.fr\/lyc-ambroise-vollard\/wp-json\/wp\/v2\/comments?post=2369"}],"version-history":[{"count":11,"href":"https:\/\/etab.ac-reunion.fr\/lyc-ambroise-vollard\/wp-json\/wp\/v2\/pages\/2369\/revisions"}],"predecessor-version":[{"id":5759,"href":"https:\/\/etab.ac-reunion.fr\/lyc-ambroise-vollard\/wp-json\/wp\/v2\/pages\/2369\/revisions\/5759"}],"up":[{"embeddable":true,"href":"https:\/\/etab.ac-reunion.fr\/lyc-ambroise-vollard\/wp-json\/wp\/v2\/pages\/76"}],"wp:attachment":[{"href":"https:\/\/etab.ac-reunion.fr\/lyc-ambroise-vollard\/wp-json\/wp\/v2\/media?parent=2369"}],"curies":[{"name":"wp","href":"https:\/\/api.w.org\/{rel}","templated":true}]}}