{"id":2725,"date":"2021-10-11T16:03:11","date_gmt":"2021-10-11T12:03:11","guid":{"rendered":"http:\/\/lycee-ambroise-vollard.ac-reunion.fr\/?page_id=2725"},"modified":"2024-09-26T15:18:20","modified_gmt":"2024-09-26T11:18:20","slug":"micro-lycee","status":"publish","type":"page","link":"https:\/\/etab.ac-reunion.fr\/lyc-ambroise-vollard\/micro-lycee\/","title":{"rendered":"Micro-lyc\u00e9e"},"content":{"rendered":"<div class=\"wp-block-image\">\n<figure class=\"aligncenter size-full\"><img loading=\"lazy\" decoding=\"async\" width=\"300\" height=\"260\" src=\"https:\/\/etab.ac-reunion.fr\/lyc-ambroise-vollard\/wp-content\/uploads\/sites\/138\/2024\/09\/MICRO-LYCEE.png\" alt=\"\" class=\"wp-image-5396\" srcset=\"https:\/\/etab.ac-reunion.fr\/lyc-ambroise-vollard\/wp-content\/uploads\/sites\/138\/2024\/09\/MICRO-LYCEE.png 300w, https:\/\/etab.ac-reunion.fr\/lyc-ambroise-vollard\/wp-content\/uploads\/sites\/138\/2024\/09\/MICRO-LYCEE-150x130.png 150w\" sizes=\"auto, (max-width: 300px) 100vw, 300px\" \/><\/figure>\n<\/div>\n\n\n<p class=\"has-text-align-center\">Le Microlyc\u00e9e est fier d\u2019avoir obtenu d\u2019excellents <strong>r\u00e9sultats au baccalaur\u00e9at de juin 2024 <\/strong>:<br><strong>100%<\/strong> de r\u00e9ussite au baccalaur\u00e9at STMG<br><strong>100% <\/strong>de r\u00e9ussite au baccalaur\u00e9at g\u00e9n\u00e9ral<br><strong>75%<\/strong> de r\u00e9ussite au baccalaur\u00e9at professionnel<\/p>\n\n\n\n<p class=\"has-text-align-left\"><br><strong>Pour cette ann\u00e9e 2024-2025 <\/strong>le Microlyc\u00e9e accueille 52 jeunes :<\/p>\n\n\n\n<ul class=\"wp-block-list\">\n<li>12 \u00e9l\u00e8ves en Tle STMG<\/li>\n\n\n\n<li>13 \u00e9l\u00e8ves en 1\u00e8re g\u00e9n\u00e9rale<\/li>\n\n\n\n<li>13 \u00e9l\u00e8ves en Tle g\u00e9n\u00e9rale<\/li>\n\n\n\n<li>14 \u00e9l\u00e8ves en 1\u00e8re et Tle AGOrA.<br>Pour le baccalaur\u00e9at g\u00e9n\u00e9ral les sp\u00e9cialit\u00e9s propos\u00e9es sont<br>Anglais monde contemporain (<strong>LLCE AMC<\/strong>),<br>Histoire G\u00e9ographie G\u00e9opolitique et Sciences Politiques (<strong>HGGSP<\/strong>)<br>et<br>Humanit\u00e9s Litt\u00e9rature et Philosophie (<strong>HLP<\/strong>).<br>Les autres sp\u00e9cialit\u00e9s demand\u00e9es se font en int\u00e9gration dans les classes du lyc\u00e9e.<\/li>\n<\/ul>\n\n\n\n<p class=\"has-text-align-center\">Le recrutement du Microlyc\u00e9e a principalement eu lieu en mai\/juin 2024.<br><strong>Contact Mme Rigo :<\/strong> microlycee.ose974@gmail.com ou <strong>06 92 61 02 24<\/strong><\/p>\n\n\n\n<div data-wp-interactive=\"core\/file\" class=\"wp-block-file\"><object data-wp-bind--hidden=\"!state.hasPdfPreview\" hidden class=\"wp-block-file__embed\" data=\"https:\/\/etab.ac-reunion.fr\/lyc-ambroise-vollard\/wp-content\/uploads\/sites\/138\/2022\/05\/Le-microlyce\u0301e-OSE-974-a\u0300-St-Pierre-descriptif-2022.pdf\" type=\"application\/pdf\" style=\"width:100%;height:1110px\" aria-label=\"Contenu embarqu\u00e9 Le-microlyce\u0301e-OSE-974-a\u0300-St-Pierre-descriptif-2022.\"><\/object><a id=\"wp-block-file--media-11f0f054-3c19-4ac7-b3a9-ba417b3cd8f7\" href=\"https:\/\/etab.ac-reunion.fr\/lyc-ambroise-vollard\/wp-content\/uploads\/sites\/138\/2022\/05\/Le-microlyce\u0301e-OSE-974-a\u0300-St-Pierre-descriptif-2022.pdf\">Le-microlyce\u0301e-OSE-974-a\u0300-St-Pierre-descriptif-2022<\/a><\/div>\n\n\n\n<div data-wp-interactive=\"core\/file\" class=\"wp-block-file\"><object data-wp-bind--hidden=\"!state.hasPdfPreview\" hidden class=\"wp-block-file__embed\" data=\"https:\/\/etab.ac-reunion.fr\/lyc-ambroise-vollard\/wp-content\/uploads\/sites\/138\/2022\/05\/microlycee.pdf\" type=\"application\/pdf\" style=\"width:100%;height:840px\" aria-label=\"Contenu embarqu\u00e9 microlycee.\"><\/object><a id=\"wp-block-file--media-e74e9a2e-f652-4bcb-b53e-a24ab5492686\" href=\"https:\/\/etab.ac-reunion.fr\/lyc-ambroise-vollard\/wp-content\/uploads\/sites\/138\/2022\/05\/microlycee.pdf\">microlycee<\/a><\/div>\n","protected":false},"excerpt":{"rendered":"<p>Le Microlyc\u00e9e est fier d\u2019avoir obtenu d\u2019excellents r\u00e9sultats au baccalaur\u00e9at de juin 2024 :100% de r\u00e9ussite au baccalaur\u00e9at STMG100% de r\u00e9ussite au baccalaur\u00e9at g\u00e9n\u00e9ral75% de r\u00e9ussite au baccalaur\u00e9at professionnel Pour cette ann\u00e9e 2024-2025 le Microlyc\u00e9e accueille 52 jeunes : Le recrutement du Microlyc\u00e9e a principalement eu lieu en mai\/juin 2024.Contact&#8230;<\/p>\n<p class=\"continue-reading-button\"> <a class=\"continue-reading-link\" href=\"https:\/\/etab.ac-reunion.fr\/lyc-ambroise-vollard\/micro-lycee\/\">Suite<i class=\"crycon-right-dir\"><\/i><\/a><\/p>\n","protected":false},"author":28728,"featured_media":0,"parent":0,"menu_order":0,"comment_status":"closed","ping_status":"closed","template":"","meta":{"footnotes":""},"class_list":["post-2725","page","type-page","status-publish","hentry"],"_links":{"self":[{"href":"https:\/\/etab.ac-reunion.fr\/lyc-ambroise-vollard\/wp-json\/wp\/v2\/pages\/2725","targetHints":{"allow":["GET"]}}],"collection":[{"href":"https:\/\/etab.ac-reunion.fr\/lyc-ambroise-vollard\/wp-json\/wp\/v2\/pages"}],"about":[{"href":"https:\/\/etab.ac-reunion.fr\/lyc-ambroise-vollard\/wp-json\/wp\/v2\/types\/page"}],"author":[{"embeddable":true,"href":"https:\/\/etab.ac-reunion.fr\/lyc-ambroise-vollard\/wp-json\/wp\/v2\/users\/28728"}],"replies":[{"embeddable":true,"href":"https:\/\/etab.ac-reunion.fr\/lyc-ambroise-vollard\/wp-json\/wp\/v2\/comments?post=2725"}],"version-history":[{"count":5,"href":"https:\/\/etab.ac-reunion.fr\/lyc-ambroise-vollard\/wp-json\/wp\/v2\/pages\/2725\/revisions"}],"predecessor-version":[{"id":5399,"href":"https:\/\/etab.ac-reunion.fr\/lyc-ambroise-vollard\/wp-json\/wp\/v2\/pages\/2725\/revisions\/5399"}],"wp:attachment":[{"href":"https:\/\/etab.ac-reunion.fr\/lyc-ambroise-vollard\/wp-json\/wp\/v2\/media?parent=2725"}],"curies":[{"name":"wp","href":"https:\/\/api.w.org\/{rel}","templated":true}]}}