{"id":52,"date":"2016-01-27T12:33:44","date_gmt":"2016-01-27T08:33:44","guid":{"rendered":"http:\/\/lycee-ambroise-vollard-tmp.ac-reunion.fr\/?page_id=52"},"modified":"2024-04-30T08:40:26","modified_gmt":"2024-04-30T04:40:26","slug":"mentions-legales","status":"publish","type":"page","link":"https:\/\/etab.ac-reunion.fr\/lyc-ambroise-vollard\/mentions-legales\/","title":{"rendered":"Mentions l\u00e9gales"},"content":{"rendered":"<p><span style=\"text-decoration: underline\">\u00c9diteur :\u00a0Lyc\u00e9e\u00a0Ambroise Vollard<\/span><\/p>\n<p>3 Avenue Soweto<br \/>\nTerre Sainte<br \/>\n97410 SAINT PIERRE<br \/>\nTEL : 02-62-96-23-50<br \/>\nFAX : 02-62-96-23-57<\/p>\n<p><span style=\"text-decoration: underline\">Directeurs de la publication et responsables de la r\u00e9daction :<\/span><\/p>\n<p>M GARCIA Jean-Michel, Chef d\u2019\u00e9tablissement,<br \/>\nM PRIVAT Laurent, proviseur adjoint,<\/p>\n<p><span style=\"text-decoration: underline\">Conception et r\u00e9alisation :<\/span><\/p>\n<p>R\u00e9alisation interne \u00e0 l\u2019\u00e9tablissement par M ERAPA Jean Marie, Mme NOUVELLE Nellie et Mme NANY-ANDIAPIN Amandine webmaster.<\/p>\n<p><span style=\"text-decoration: underline\">Fournisseur de l\u2019h\u00e9bergement :<\/span><\/p>\n<p>Rectorat de l\u2019Acad\u00e9mie de La R\u00e9union<\/p>\n<p>Secr\u00e9tariat g\u00e9n\u00e9ral \u2013 Service Communication<\/p>\n<p>24, Avenue Georges Brassens \u2013 97702 \u2013 St-Denis \u2013 Messag Cedex 9<\/p>\n<p><span style=\"text-decoration: underline\">Propri\u00e9t\u00e9 intellectuelle :<\/span><\/p>\n<p>Les photographies, textes, slogans, dessins, images, s\u00e9quences anim\u00e9es, sonores ou non, ainsi que toutes\u00a0les \u0153uvres int\u00e9gr\u00e9es dans le site sont la propri\u00e9t\u00e9 de l\u2019\u00e9diteur du site ou de tiers ayant autoris\u00e9 l\u2019\u00e9diteur\u00a0du site \u00e0 les utiliser.<\/p>\n<p>Toute reproduction totale ou partielle de ces \u00e9l\u00e9ments sans l\u2019autorisation expresse de l\u2019exploitant du site\u00a0Internet ou de ses ayant-droit est prohib\u00e9e, au sens de l\u2019article L713-2 du CPI.<\/p>\n","protected":false},"excerpt":{"rendered":"<p>\u00c9diteur :\u00a0Lyc\u00e9e\u00a0Ambroise Vollard 3 Avenue Soweto Terre Sainte 97410 SAINT PIERRE TEL : 02-62-96-23-50 FAX : 02-62-96-23-57 Directeurs de la publication et responsables de la r\u00e9daction : M GARCIA Jean-Michel, Chef d\u2019\u00e9tablissement, M PRIVAT Laurent, proviseur adjoint, Conception et r\u00e9alisation : R\u00e9alisation interne \u00e0 l\u2019\u00e9tablissement par M ERAPA Jean Marie,&#8230;<\/p>\n<p class=\"continue-reading-button\"> <a class=\"continue-reading-link\" href=\"https:\/\/etab.ac-reunion.fr\/lyc-ambroise-vollard\/mentions-legales\/\">Suite<i class=\"crycon-right-dir\"><\/i><\/a><\/p>\n","protected":false},"author":10581,"featured_media":0,"parent":0,"menu_order":0,"comment_status":"closed","ping_status":"closed","template":"","meta":{"footnotes":""},"class_list":["post-52","page","type-page","status-publish","hentry"],"_links":{"self":[{"href":"https:\/\/etab.ac-reunion.fr\/lyc-ambroise-vollard\/wp-json\/wp\/v2\/pages\/52","targetHints":{"allow":["GET"]}}],"collection":[{"href":"https:\/\/etab.ac-reunion.fr\/lyc-ambroise-vollard\/wp-json\/wp\/v2\/pages"}],"about":[{"href":"https:\/\/etab.ac-reunion.fr\/lyc-ambroise-vollard\/wp-json\/wp\/v2\/types\/page"}],"author":[{"embeddable":true,"href":"https:\/\/etab.ac-reunion.fr\/lyc-ambroise-vollard\/wp-json\/wp\/v2\/users\/10581"}],"replies":[{"embeddable":true,"href":"https:\/\/etab.ac-reunion.fr\/lyc-ambroise-vollard\/wp-json\/wp\/v2\/comments?post=52"}],"version-history":[{"count":6,"href":"https:\/\/etab.ac-reunion.fr\/lyc-ambroise-vollard\/wp-json\/wp\/v2\/pages\/52\/revisions"}],"predecessor-version":[{"id":4967,"href":"https:\/\/etab.ac-reunion.fr\/lyc-ambroise-vollard\/wp-json\/wp\/v2\/pages\/52\/revisions\/4967"}],"wp:attachment":[{"href":"https:\/\/etab.ac-reunion.fr\/lyc-ambroise-vollard\/wp-json\/wp\/v2\/media?parent=52"}],"curies":[{"name":"wp","href":"https:\/\/api.w.org\/{rel}","templated":true}]}}