{"id":58,"date":"2016-01-27T12:41:23","date_gmt":"2016-01-27T08:41:23","guid":{"rendered":"http:\/\/lycee-ambroise-vollard-tmp.ac-reunion.fr\/?page_id=58"},"modified":"2024-04-30T08:31:16","modified_gmt":"2024-04-30T04:31:16","slug":"contacts","status":"publish","type":"page","link":"https:\/\/etab.ac-reunion.fr\/lyc-ambroise-vollard\/contacts\/","title":{"rendered":"Contacts"},"content":{"rendered":"<p>Les services administratifs du lyc\u00e9e sont ouverts le lundi et jeudi de 7h30 \u00e0 12h00 et de 13h00 \u00e0 16h00 et le mardi, le mercredi et le vendredi de 7h30 \u00e0 12h00.<\/p>\n<p>Services concern\u00e9s \u00a0:<\/p>\n<p>\u2013 Service bourses et demi-pension,<\/p>\n<p>\u2013 Secr\u00e9tariat du Proviseur,<\/p>\n<p>\u2013 Secr\u00e9tariat p\u00e9dagogique,<\/p>\n<p>\u2013 Service gestion<\/p>\n<hr \/>\n\n<table id=\"tablepress-1\" class=\"tablepress tablepress-id-1\">\n<thead>\n<tr class=\"row-1\">\n\t<th class=\"column-1\">Services<\/th><th class=\"column-2\">T\u00e9l\u00e9phone<\/th><th class=\"column-3\">Fax<\/th><th class=\"column-4\">Descriptif<\/th>\n<\/tr>\n<\/thead>\n<tbody class=\"row-striping row-hover\">\n<tr class=\"row-2\">\n\t<td class=\"column-1\">Accueil du lyc\u00e9e<\/td><td class=\"column-2\">0262962350<\/td><td class=\"column-3\">0262962358<\/td><td class=\"column-4\"><\/td>\n<\/tr>\n<tr class=\"row-3\">\n\t<td class=\"column-1\">Bourse et demi pension<\/td><td class=\"column-2\">0262962364<\/td><td class=\"column-3\"><\/td><td class=\"column-4\"><\/td>\n<\/tr>\n<tr class=\"row-4\">\n\t<td class=\"column-1\">Vie scolaire<\/td><td class=\"column-2\">0262962367<\/td><td class=\"column-3\"><\/td><td class=\"column-4\"><\/td>\n<\/tr>\n<tr class=\"row-5\">\n\t<td class=\"column-1\">Secr\u00e9tariat p\u00e9dagogique<\/td><td class=\"column-2\">0262962352<\/td><td class=\"column-3\"><\/td><td class=\"column-4\">Remise dipl\u00f4mes, bulletins, attestation et certificat de scolarit\u00e9 <\/td>\n<\/tr>\n<tr class=\"row-6\">\n\t<td class=\"column-1\">Secr\u00e9tariat p\u00e9dagogique<\/td><td class=\"column-2\">0262962416<\/td><td class=\"column-3\"><\/td><td class=\"column-4\">Compte Educonnect \/ QR code Pronote \/ Badge parking 2 roues<\/td>\n<\/tr>\n<tr class=\"row-7\">\n\t<td class=\"column-1\">Service comptabilit\u00e9<\/td><td class=\"column-2\">0262962353<\/td><td class=\"column-3\"><\/td><td class=\"column-4\">Commandes et paiements fournisseurs<\/td>\n<\/tr>\n<tr class=\"row-8\">\n\t<td class=\"column-1\">Infirmerie<\/td><td class=\"column-2\">0262962363<\/td><td class=\"column-3\"><\/td><td class=\"column-4\"><\/td>\n<\/tr>\n<tr class=\"row-9\">\n\t<td class=\"column-1\">Assistante sociale<\/td><td class=\"column-2\">0262962366<\/td><td class=\"column-3\"><\/td><td class=\"column-4\"><\/td>\n<\/tr>\n<tr class=\"row-10\">\n\t<td class=\"column-1\">Psy-EN<\/td><td class=\"column-2\">0262962342<\/td><td class=\"column-3\"><\/td><td class=\"column-4\"><\/td>\n<\/tr>\n<tr class=\"row-11\">\n\t<td class=\"column-1\">Gestion cuisine centrale<\/td><td class=\"column-2\">0262962355<\/td><td class=\"column-3\"><\/td><td class=\"column-4\"><\/td>\n<\/tr>\n<\/tbody>\n<\/table>\n<!-- #tablepress-1 from cache -->\n<hr \/>\n<p>Plan<\/p>\n<style>\n       .errordiv { padding:10px; margin:10px; border: 1px solid #555555;color: #000000;background-color: #f8f8f8; width:500px; }#advanced_iframe {visibility:visible;opacity:1;vertical-align:top;}.ai-info-bottom-iframe { position: fixed; z-index: 10000; bottom:0; left: 0; margin: 0px; text-align: center; width: 100%; background-color: #ff9999; padding-left: 5px;padding-bottom: 5px; border-top: 1px solid #aaa } a.ai-bold {font-weight: bold;}#ai-layer-div-advanced_iframe p {height:100%;margin:0;padding:0}<\/style><script type=\"text\/javascript\">var ai_iframe_width_advanced_iframe = 0;var ai_iframe_height_advanced_iframe = 0;var aiOnloadScrollTop=\"true\";var aiShowDebug=false;\n\t\tif (typeof aiReadyCallbacks === 'undefined') {\n\t\t\tvar aiReadyCallbacks = [];\n\t\t} else if (!(aiReadyCallbacks instanceof Array)) {\n\t\t\tvar aiReadyCallbacks = [];\n\t\t}    function aiShowIframeId(id_iframe) { jQuery(\"#\"+id_iframe).css(\"visibility\", \"visible\");    }    function aiResizeIframeHeight(height) { aiResizeIframeHeight(height,advanced_iframe); }    function aiResizeIframeHeightId(height,width,id) {aiResizeIframeHeightById(id,height);}<\/script><iframe id=\"advanced_iframe\"  name=\"advanced_iframe\"  src=\"https:\/\/www.openstreetmap.org\/export\/embed.html?bbox=55.48882126808167%2C-21.34356138847967%2C55.49231350421906%2C-21.341457847627765&#038;amp;layer=mapnik&#038;amp;marker=-21.34250868497562%2C55.49056748044677\"  width=\"500\"  height=\"500\"  scrolling=\"no\"  frameborder=\"0\"  border=\"0\"  allowtransparency=\"true\"  loading=\"lazy\"  style=\";border-width: 0px;;border: none;;width:500px;;height:500px;\" ><\/iframe><script type=\"text\/javascript\">var ifrm_advanced_iframe = document.getElementById(\"advanced_iframe\");var hiddenTabsDoneadvanced_iframe = false;\nfunction resizeCallbackadvanced_iframe() {}<\/script><script type=\"text\/javascript\"><\/script><p style=\"display:block !important; visibility:visible !important;margin: -18px 14px 0 0;padding-left: 3px;padding-top:3px;background: white; overflow: hidden; position: relative; line-height:15px;width: fit-content;\"><small style=\"display:block !important;visibility:visible !important\">powered by Advanced iFrame<\/small><\/p>\n<p><span style=\"text-decoration: underline\">Formulaire de contact<\/span><\/p>\n\n<div class=\"wpcf7 no-js\" id=\"wpcf7-f1432-o1\" lang=\"fr-FR\" dir=\"ltr\" data-wpcf7-id=\"1432\">\n<div class=\"screen-reader-response\"><p role=\"status\" aria-live=\"polite\" aria-atomic=\"true\"><\/p> <ul><\/ul><\/div>\n<form action=\"\/lyc-ambroise-vollard\/wp-json\/wp\/v2\/pages\/58#wpcf7-f1432-o1\" method=\"post\" class=\"wpcf7-form init\" aria-label=\"Formulaire de contact\" novalidate=\"novalidate\" data-status=\"init\">\n<fieldset class=\"hidden-fields-container\"><input type=\"hidden\" name=\"_wpcf7\" value=\"1432\" \/><input type=\"hidden\" name=\"_wpcf7_version\" value=\"6.1.5\" \/><input type=\"hidden\" name=\"_wpcf7_locale\" value=\"fr_FR\" \/><input type=\"hidden\" name=\"_wpcf7_unit_tag\" value=\"wpcf7-f1432-o1\" \/><input type=\"hidden\" name=\"_wpcf7_container_post\" value=\"0\" \/><input type=\"hidden\" name=\"_wpcf7_posted_data_hash\" value=\"\" \/>\n<\/fieldset>\n<p><label> Votre nom (obligatoire)<br \/>\n<span class=\"wpcf7-form-control-wrap\" data-name=\"your-name\"><input size=\"40\" maxlength=\"400\" class=\"wpcf7-form-control wpcf7-text wpcf7-validates-as-required\" aria-required=\"true\" aria-invalid=\"false\" value=\"\" type=\"text\" name=\"your-name\" \/><\/span> <\/label>\n<\/p>\n<p><label> Votre adresse de messagerie (obligatoire)<br \/>\n<span class=\"wpcf7-form-control-wrap\" data-name=\"your-email\"><input size=\"40\" maxlength=\"400\" class=\"wpcf7-form-control wpcf7-email wpcf7-validates-as-required wpcf7-text wpcf7-validates-as-email\" aria-required=\"true\" aria-invalid=\"false\" value=\"\" type=\"email\" name=\"your-email\" \/><\/span> <\/label>\n<\/p>\n<p><label> Objet (obligatoire)<br \/>\n<span class=\"wpcf7-form-control-wrap\" data-name=\"your-subject\"><input size=\"40\" maxlength=\"400\" class=\"wpcf7-form-control wpcf7-text wpcf7-validates-as-required\" aria-required=\"true\" aria-invalid=\"false\" value=\"\" type=\"text\" name=\"your-subject\" \/><\/span> <\/label>\n<\/p>\n<p><label> Votre message (obligatoire)<br \/>\n<span class=\"wpcf7-form-control-wrap\" data-name=\"your-message\"><textarea cols=\"40\" rows=\"10\" maxlength=\"2000\" class=\"wpcf7-form-control wpcf7-textarea wpcf7-validates-as-required\" aria-required=\"true\" aria-invalid=\"false\" name=\"your-message\"><\/textarea><\/span> <\/label>\n<\/p>\n<p><span class=\"wpcf7-form-control-wrap\" data-name=\"quiz-129\"><label><span class=\"wpcf7-quiz-label\">Le d\u00e9partement de la r\u00e9union ?<\/span> <input size=\"40\" class=\"wpcf7-form-control wpcf7-quiz\" autocomplete=\"off\" aria-required=\"true\" aria-invalid=\"false\" type=\"text\" name=\"quiz-129\" \/><\/label><input type=\"hidden\" name=\"_wpcf7_quiz_answer_quiz-129\" value=\"31e3541b92aad036ed24de4c4b38dd31\" \/><\/span>\n<\/p>\n<p><span id=\"wpcf7-69d65da7800bb-wrapper\" class=\"wpcf7-form-control-wrap website-wrap\" style=\"display:none !important; visibility:hidden !important;\"><label for=\"wpcf7-69d65da7800bb-field\" class=\"hp-message\">Veuillez laisser ce champ vide.<\/label><input id=\"wpcf7-69d65da7800bb-field\"  class=\"wpcf7-form-control wpcf7-text\" type=\"text\" name=\"website\" value=\"\" size=\"40\" tabindex=\"-1\" autocomplete=\"new-password\" \/><\/span>\n<\/p>\n<p><label> Les informations recueillies \u00e0 partir de ce formulaire sont transmises uniquement aux destinataires. Elles ne sont pas conserv\u00e9es ou transmises \u00e0 des tiers<\/label>\n<\/p>\n<p><input class=\"wpcf7-form-control wpcf7-submit has-spinner\" type=\"submit\" value=\"Envoyer\" \/>\n<\/p><div class=\"wpcf7-response-output\" aria-hidden=\"true\"><\/div>\n<\/form>\n<\/div>\n\n","protected":false},"excerpt":{"rendered":"<p>Les services administratifs du lyc\u00e9e sont ouverts le lundi et jeudi de 7h30 \u00e0 12h00 et de 13h00 \u00e0 16h00 et le mardi, le mercredi et le vendredi de 7h30 \u00e0 12h00. Services concern\u00e9s \u00a0: \u2013 Service bourses et demi-pension, \u2013 Secr\u00e9tariat du Proviseur, \u2013 Secr\u00e9tariat p\u00e9dagogique, \u2013 Service gestion&#8230;<\/p>\n<p class=\"continue-reading-button\"> <a class=\"continue-reading-link\" href=\"https:\/\/etab.ac-reunion.fr\/lyc-ambroise-vollard\/contacts\/\">Suite<i class=\"crycon-right-dir\"><\/i><\/a><\/p>\n","protected":false},"author":10581,"featured_media":0,"parent":0,"menu_order":0,"comment_status":"closed","ping_status":"closed","template":"","meta":{"footnotes":""},"class_list":["post-58","page","type-page","status-publish","hentry"],"_links":{"self":[{"href":"https:\/\/etab.ac-reunion.fr\/lyc-ambroise-vollard\/wp-json\/wp\/v2\/pages\/58","targetHints":{"allow":["GET"]}}],"collection":[{"href":"https:\/\/etab.ac-reunion.fr\/lyc-ambroise-vollard\/wp-json\/wp\/v2\/pages"}],"about":[{"href":"https:\/\/etab.ac-reunion.fr\/lyc-ambroise-vollard\/wp-json\/wp\/v2\/types\/page"}],"author":[{"embeddable":true,"href":"https:\/\/etab.ac-reunion.fr\/lyc-ambroise-vollard\/wp-json\/wp\/v2\/users\/10581"}],"replies":[{"embeddable":true,"href":"https:\/\/etab.ac-reunion.fr\/lyc-ambroise-vollard\/wp-json\/wp\/v2\/comments?post=58"}],"version-history":[{"count":11,"href":"https:\/\/etab.ac-reunion.fr\/lyc-ambroise-vollard\/wp-json\/wp\/v2\/pages\/58\/revisions"}],"predecessor-version":[{"id":4965,"href":"https:\/\/etab.ac-reunion.fr\/lyc-ambroise-vollard\/wp-json\/wp\/v2\/pages\/58\/revisions\/4965"}],"wp:attachment":[{"href":"https:\/\/etab.ac-reunion.fr\/lyc-ambroise-vollard\/wp-json\/wp\/v2\/media?parent=58"}],"curies":[{"name":"wp","href":"https:\/\/api.w.org\/{rel}","templated":true}]}}