{"id":6145,"date":"2025-09-19T14:53:42","date_gmt":"2025-09-19T10:53:42","guid":{"rendered":"https:\/\/etab.ac-reunion.fr\/lyc-ambroise-vollard\/?page_id=6145"},"modified":"2026-02-04T09:10:32","modified_gmt":"2026-02-04T05:10:32","slug":"journal-du-lycee-2","status":"publish","type":"page","link":"https:\/\/etab.ac-reunion.fr\/lyc-ambroise-vollard\/journal-du-lycee-2\/","title":{"rendered":"Journal du lyc\u00e9e"},"content":{"rendered":"\n<p>La Gazette d\u2019Ambroise, le journal du lyc\u00e9e !<\/p>\n\n\n\n<p id=\"block-4b422817-821d-4c97-9882-f476dde93001\">D\u00e9couvrez ici les articles r\u00e9dig\u00e9s par les \u00e9l\u00e8ves du Club Presse du lyc\u00e9e. Ce journal a \u00e9t\u00e9 cr\u00e9\u00e9 pour informer les \u00e9l\u00e8ves et le&nbsp;personnel &nbsp;sur la vie du lyc\u00e9e \u00e0&nbsp;travers diff\u00e9rentes rubriques. Ce projet est port\u00e9 et r\u00e9alis\u00e9 par des \u00e9l\u00e8ves volontaires du lyc\u00e9e et de tous niveaux. Une bo\u00eete \u00e0 id\u00e9es \u00e0 \u00e9t\u00e9 mise \u00e0 disposition pour les \u00e9l\u00e8ves aux CDI.&nbsp;N\u2019h\u00e9sitez pas \u00e0 y glisser la v\u00f4tre.<\/p>\n\n\n\n<p>Bonne lecture \u00e0 tous !<\/p>\n\n\n\n<p id=\"block-578f1cf5-fedf-403d-8426-bf55dfa10948\">L\u2019\u00e9quipe&nbsp;de r\u00e9daction de&nbsp;<em>La Gazette d\u2019Ambroise<\/em>.&nbsp;<\/p>\n\n\n\n<p><em>A noter: si difficult\u00e9s de lecture, aller dans \u00ab&nbsp;param\u00e8tres&nbsp;\u00bb et \u00ab&nbsp;mettre pages c\u00f4te \u00e0 c\u00f4te&nbsp;\u00bb- et \u00ab&nbsp;d\u00e9cocher lecture automatique&nbsp;\u00bb<\/em><\/p>\n\n\n\n<p><\/p>\n\n\n\n<p><strong>Cliquer ici pour<\/strong> <a href=\"http:\/\/aca.re\/fDNKP\">Gazetteambroise#9<\/a> du 03 f\u00e9vrier 2026<\/p>\n\n\n\n<p><strong>Cliquer ici pour<\/strong> <a href=\"https:\/\/www.canva.com\/design\/DAGiMMDSF7U\/9QYdLR0ps_VeKJ2Kdwi8Iw\/edit\"><strong>Gazetteambroise#<\/strong>8<\/a> du 03 juin 2025<\/p>\n\n\n\n<p><strong>Cliquer ici pour<\/strong> <a href=\"https:\/\/www.canva.com\/design\/DAGXVAdaCyA\/WxFUlrDbGC9SwHsKefQ9TQ\/edit?utm_content=DAGXVAdaCyA&amp;utm_campaign=designshare&amp;utm_medium=link2&amp;utm_source=sharebutton\"><strong>Gazetteambroise#<\/strong>7<\/a> du 08 f\u00e9vrier 2025<\/p>\n\n\n\n<p><strong>Cliquer ici pour<\/strong> <a href=\"https:\/\/www.canva.com\/design\/DAGQWgG6Fqw\/jslqPOQEPlT-P3i5UYjapQ\/edit?utm_content=DAGQWgG6Fqw&amp;utm_campaign=designshare&amp;utm_medium=link2&amp;utm_source=sharebutton\"><strong>Gazetteambroise#6<\/strong><\/a> du 11 octobre 2024<\/p>\n\n\n\n<p><strong>Cliquer ici pour<\/strong> <a href=\"http:\/\/aca.re\/odZwn\"><strong>Gazetteambroise#5<\/strong><\/a> du 4 avril 2024<\/p>\n\n\n\n<p><strong>Cliquer ici pour<\/strong> <a href=\"https:\/\/www.canva.com\/design\/DAFx5HRCxVk\/qzImTVFrLcf0GCH3XsTCvg\/view?utm_content=DAFx5HRCxVk&amp;utm_campaign=designshare&amp;utm_medium=link&amp;utm_source=editor\"><strong>Gazetteambroise#4<\/strong><\/a> du 24 novembre 2023<\/p>\n\n\n\n<p><strong>Cliquer ici pour<\/strong> <strong><a href=\"https:\/\/www.canva.com\/design\/DAFk8Wc5Apg\/xMmS7NFMoMW7BUz9veajKQ\/view?utm_content=DAFk8Wc5Apg&amp;utm_campaign=designshare&amp;utm_medium=link&amp;utm_source=editor\" target=\"_blank\" rel=\"noreferrer noopener\">Gazettedambroise#3<\/a><\/strong><\/p>\n\n\n\n<p><strong>Cliquer ici pour <\/strong><a href=\"https:\/\/www.canva.com\/design\/DAFcDWH-zBM\/MFUp1qm9Pw7LFN1IPV1KQg\/view?utm_content=DAFcDWH-zBM&amp;utm_campaign=designshare&amp;utm_medium=link&amp;utm_source=editor\"><strong>Gazettedambroise<\/strong>#2<\/a><\/p>\n\n\n\n<p><strong>Cliquer ici pour <a href=\"https:\/\/read.bookcreator.com\/EVkYoQFqJ8XkxGvFIdkhowsXgWw1\/xkphq5rOS_WZ_cxR2J1i1w\" target=\"_blank\" rel=\"noreferrer noopener\">Gazettedambroise#1<\/a><\/strong> du 8 d\u00e9cembre 2022<\/p>\n","protected":false},"excerpt":{"rendered":"<p>La Gazette d\u2019Ambroise, le journal du lyc\u00e9e ! D\u00e9couvrez ici les articles r\u00e9dig\u00e9s par les \u00e9l\u00e8ves du Club Presse du lyc\u00e9e. Ce journal a \u00e9t\u00e9 cr\u00e9\u00e9 pour informer les \u00e9l\u00e8ves et le&nbsp;personnel &nbsp;sur la vie du lyc\u00e9e \u00e0&nbsp;travers diff\u00e9rentes rubriques. Ce projet est port\u00e9 et r\u00e9alis\u00e9 par des \u00e9l\u00e8ves volontaires&#8230;<\/p>\n<p class=\"continue-reading-button\"> <a class=\"continue-reading-link\" href=\"https:\/\/etab.ac-reunion.fr\/lyc-ambroise-vollard\/journal-du-lycee-2\/\">Suite<i class=\"crycon-right-dir\"><\/i><\/a><\/p>\n","protected":false},"author":28728,"featured_media":0,"parent":0,"menu_order":0,"comment_status":"closed","ping_status":"closed","template":"","meta":{"footnotes":""},"class_list":["post-6145","page","type-page","status-publish","hentry"],"_links":{"self":[{"href":"https:\/\/etab.ac-reunion.fr\/lyc-ambroise-vollard\/wp-json\/wp\/v2\/pages\/6145","targetHints":{"allow":["GET"]}}],"collection":[{"href":"https:\/\/etab.ac-reunion.fr\/lyc-ambroise-vollard\/wp-json\/wp\/v2\/pages"}],"about":[{"href":"https:\/\/etab.ac-reunion.fr\/lyc-ambroise-vollard\/wp-json\/wp\/v2\/types\/page"}],"author":[{"embeddable":true,"href":"https:\/\/etab.ac-reunion.fr\/lyc-ambroise-vollard\/wp-json\/wp\/v2\/users\/28728"}],"replies":[{"embeddable":true,"href":"https:\/\/etab.ac-reunion.fr\/lyc-ambroise-vollard\/wp-json\/wp\/v2\/comments?post=6145"}],"version-history":[{"count":2,"href":"https:\/\/etab.ac-reunion.fr\/lyc-ambroise-vollard\/wp-json\/wp\/v2\/pages\/6145\/revisions"}],"predecessor-version":[{"id":6551,"href":"https:\/\/etab.ac-reunion.fr\/lyc-ambroise-vollard\/wp-json\/wp\/v2\/pages\/6145\/revisions\/6551"}],"wp:attachment":[{"href":"https:\/\/etab.ac-reunion.fr\/lyc-ambroise-vollard\/wp-json\/wp\/v2\/media?parent=6145"}],"curies":[{"name":"wp","href":"https:\/\/api.w.org\/{rel}","templated":true}]}}