{"id":76,"date":"2016-01-27T15:11:11","date_gmt":"2016-01-27T11:11:11","guid":{"rendered":"http:\/\/lycee-ambroise-vollard-tmp.ac-reunion.fr\/?page_id=76"},"modified":"2023-09-18T13:14:10","modified_gmt":"2023-09-18T09:14:10","slug":"etablissement","status":"publish","type":"page","link":"https:\/\/etab.ac-reunion.fr\/lyc-ambroise-vollard\/etablissement\/","title":{"rendered":"Le mot du proviseur"},"content":{"rendered":"\n<figure class=\"wp-block-image size-large\"><img loading=\"lazy\" decoding=\"async\" width=\"1024\" height=\"461\" src=\"https:\/\/etab.ac-reunion.fr\/lyc-ambroise-vollard\/wp-content\/uploads\/sites\/138\/2023\/09\/Screenshot_20230918-131055_Gallery-1024x461.jpg\" alt=\"\" class=\"wp-image-4265\" srcset=\"https:\/\/etab.ac-reunion.fr\/lyc-ambroise-vollard\/wp-content\/uploads\/sites\/138\/2023\/09\/Screenshot_20230918-131055_Gallery-1024x461.jpg 1024w, https:\/\/etab.ac-reunion.fr\/lyc-ambroise-vollard\/wp-content\/uploads\/sites\/138\/2023\/09\/Screenshot_20230918-131055_Gallery-300x135.jpg 300w, https:\/\/etab.ac-reunion.fr\/lyc-ambroise-vollard\/wp-content\/uploads\/sites\/138\/2023\/09\/Screenshot_20230918-131055_Gallery-150x68.jpg 150w, https:\/\/etab.ac-reunion.fr\/lyc-ambroise-vollard\/wp-content\/uploads\/sites\/138\/2023\/09\/Screenshot_20230918-131055_Gallery-768x346.jpg 768w, https:\/\/etab.ac-reunion.fr\/lyc-ambroise-vollard\/wp-content\/uploads\/sites\/138\/2023\/09\/Screenshot_20230918-131055_Gallery-1536x691.jpg 1536w, https:\/\/etab.ac-reunion.fr\/lyc-ambroise-vollard\/wp-content\/uploads\/sites\/138\/2023\/09\/Screenshot_20230918-131055_Gallery-2048x922.jpg 2048w, https:\/\/etab.ac-reunion.fr\/lyc-ambroise-vollard\/wp-content\/uploads\/sites\/138\/2023\/09\/Screenshot_20230918-131055_Gallery-780x350.jpg 780w\" sizes=\"auto, (max-width: 1024px) 100vw, 1024px\" \/><\/figure>\n\n\n\n<p><\/p>\n\n\n\n<p>Mesdames, messieurs, chers \u00e9l\u00e8ves,<\/p>\n\n\n\n<p><strong>J\u2019ai le plaisir et l\u2019honneur d\u2019avoir \u00e9t\u00e9 nomm\u00e9 proviseur du lyc\u00e9e Ambroise Vollard \u00e0 la rentr\u00e9e 2023.<\/strong><\/p>\n\n\n\n<p><strong>Ensemble<\/strong>, nous devrons <strong>permettre la r\u00e9ussite scolaire de tous les \u00e9l\u00e8ves qui nous sont confi\u00e9s.<\/strong><\/p>\n\n\n\n<p>L\u2019ann\u00e9e scolaire derni\u00e8re a \u00e9t\u00e9 marqu\u00e9e par un retour \u00e0 la&nbsp;normale qui a fait du bien \u00e0 tous. Mais les effets du COVID ce sont faits sentir&nbsp;: 5 redoublants en \u00ab&nbsp;seconde&nbsp;\u00bb et 5% ont \u00e9t\u00e9 r\u00e9orient\u00e9s. Pour 2023,&nbsp;Les r\u00e9sultats aux examens sont les suivants et sont le reflet de notre choix de \u00ab&nbsp;privil\u00e9gier&nbsp;\u00bb les petits effectifs pour les groupes de sp\u00e9cialit\u00e9s :<\/p>\n\n\n\n<figure class=\"wp-block-table\"><table><tbody><tr><td>&nbsp;<\/td><td>Taux de r\u00e9ussite 2023<\/td><td>Taux de r\u00e9ussite 2022<\/td><\/tr><tr><td>Bac G\u00e9n\u00e9ral<\/td><td>93.2%<\/td><td>93.3%<\/td><\/tr><tr><td>Bac Technologique<\/td><td>94.6%<\/td><td>93.9%<\/td><\/tr><tr><td>Micro lyc\u00e9e<\/td><td>95%<\/td><td>80%<\/td><\/tr><tr><td>BTS \/ DNMADE<\/td><td>75%&nbsp; \/ 100%<\/td><td>87.5%&nbsp; \/ 100%<\/td><\/tr><\/tbody><\/table><\/figure>\n\n\n\n<p>Suite \u00e0 l\u2019\u00e9valuation externe de l\u2019\u00e9tablissement, il a \u00e9t\u00e9 pr\u00e9conis\u00e9 de travailler les axes suivants&nbsp;:<\/p>\n\n\n\n<ul class=\"wp-block-list\">\n<li>Mieux accompagner, d\u00e8s l\u2019entr\u00e9e en seconde, les \u00e9l\u00e8ves en difficult\u00e9<\/li>\n\n\n\n<li>Privil\u00e9gier le travail d\u2019\u00e9quipe au travers de projets communs<\/li>\n\n\n\n<li>Renforcer notre travail sur l\u2019orientation<\/li>\n\n\n\n<li>Cr\u00e9er un sentiment d\u2019appartenance des \u00e9l\u00e8ves au lyc\u00e9e<\/li>\n\n\n\n<li>Favoriser l\u2019implication des parents<\/li>\n<\/ul>\n\n\n\n<p>Il nous faut donc&nbsp;:<\/p>\n\n\n\n<ul class=\"wp-block-list\">\n<li>Nous appuyer sur les parents, les \u00e9l\u00e8ves \u00e9lus, les instances et dispositifs de concertation<\/li>\n\n\n\n<li>Faire du conseil p\u00e9dagogique une v\u00e9ritable force de proposition<\/li>\n\n\n\n<li>D\u00e9velopper notre communication et l\u2019accueil de nos partenaires<\/li>\n<\/ul>\n\n\n\n<p>Pour cela, nous devons poursuivre nos efforts et adh\u00e9rer aux actions existantes&nbsp;:<\/p>\n\n\n\n<p>&#8211; utiliser les moyens techniques qui sont op\u00e9rationnels (Pronote et ses nombreuses possibilit\u00e9s, poursuivre l\u2019am\u00e9lioration du site du lyc\u00e9e, terminer le renouvellement du parc informatique, mettre en place des outils de travail \u00e0 distance en int\u00e9grant&nbsp;\u00ab&nbsp;Num\u00e9risak&nbsp;\u00bb et \u00ab&nbsp;Num\u00e9riklas&nbsp;\u00bb).<\/p>\n\n\n\n<p>&#8211; Mettre en \u0153uvre les concertations et mieux encadrer les assistants p\u00e9dagogiques et&nbsp; assistants d\u2019\u00e9ducation pour des heures d\u2019\u00e9tudes dirig\u00e9es.<\/p>\n\n\n\n<p>&#8211; am\u00e9liorer la vie lyc\u00e9enne par l\u2019implication plus active de la MDL.<\/p>\n\n\n\n<p><strong>Mais il nous faut aussi r\u00e9diger notre nouveau \u00ab&nbsp;projet d\u2019\u00e9tablissement&nbsp;\u00bb. C\u2019est le chantier qui nous occupera cette ann\u00e9e.<\/strong><\/p>\n\n\n\n<p>N<strong>ous devrons surtout agir au quotidien au niveau de chaque classe de fa\u00e7on pr\u00e9ventive<\/strong>&nbsp;: sur le plan \u00e9ducatif, la concertation de l\u2019ensemble des enseignants avec la vie scolaire est indispensable. Sur le plan p\u00e9dagogique, il faut identifier les difficult\u00e9s rencontr\u00e9es par nos \u00e9l\u00e8ves et \u00e9laborer des actions adapt\u00e9es et <strong>personnalis\u00e9es.<\/strong><\/p>\n\n\n\n<p>Enfin, nous devrons poursuivre le travail concernant l\u2019image du Lyc\u00e9e Ambroise Vollard. Il nous faut accentuer le dynamisme de l\u2019\u00e9tablissement et d\u00e9velopper nos relations avec les parents et la ville. Participer \u00e0 des \u00e9v\u00e8nementiels acad\u00e9miques ou \u00e0 des concours et r\u00e9aliser des&nbsp;\u00ab chantiers \u00e9cole&nbsp;\u00bb, \u2026<\/p>\n\n\n\n<p>C\u2019est ensemble que nous rel\u00e8verons les d\u00e9fis qui nous attendent gr\u00e2ce \u00e0 un travail r\u00e9fl\u00e9chi et concert\u00e9.<\/p>\n\n\n\n<p>C\u2019est avec beaucoup d\u2019humilit\u00e9 et d\u2019enthousiasme que j\u2019appr\u00e9hende les t\u00e2ches qui m\u2019attendent. Vous pouvez \u00eatre assur\u00e9 que je mettrai toute mon \u00e9nergie pour que le lyc\u00e9e Ambroise Vollard soit le lyc\u00e9e de l\u2019excellence pour tous au sien duquel chacun doit trouver sa place et s\u2019\u00e9panouir. Je souhaite \u00e0 chacun d\u2019un vous une excellente ann\u00e9e scolaire 2023-2024.<\/p>\n\n\n\n<p>Jean-Michel Garcia<\/p>\n\n\n\n<p>Proviseur du Lyc\u00e9e Ambroise Vollard<\/p>\n\n\n\n<p><\/p>\n\n\n\n<figure class=\"wp-block-gallery has-nested-images columns-default is-cropped wp-block-gallery-1 is-layout-flex wp-block-gallery-is-layout-flex\">\n<figure class=\"wp-block-image size-full\"><img loading=\"lazy\" decoding=\"async\" width=\"1000\" height=\"750\" data-id=\"2810\" src=\"https:\/\/etab.ac-reunion.fr\/lyc-ambroise-vollard\/wp-content\/uploads\/sites\/138\/2021\/10\/lycee-ambroisevollard5.jpg\" alt=\"\" class=\"wp-image-2810\" srcset=\"https:\/\/etab.ac-reunion.fr\/lyc-ambroise-vollard\/wp-content\/uploads\/sites\/138\/2021\/10\/lycee-ambroisevollard5.jpg 1000w, https:\/\/etab.ac-reunion.fr\/lyc-ambroise-vollard\/wp-content\/uploads\/sites\/138\/2021\/10\/lycee-ambroisevollard5-300x225.jpg 300w, https:\/\/etab.ac-reunion.fr\/lyc-ambroise-vollard\/wp-content\/uploads\/sites\/138\/2021\/10\/lycee-ambroisevollard5-150x113.jpg 150w, https:\/\/etab.ac-reunion.fr\/lyc-ambroise-vollard\/wp-content\/uploads\/sites\/138\/2021\/10\/lycee-ambroisevollard5-768x576.jpg 768w\" sizes=\"auto, (max-width: 1000px) 100vw, 1000px\" \/><\/figure>\n\n\n\n<figure class=\"wp-block-image size-full\"><img loading=\"lazy\" decoding=\"async\" width=\"1000\" height=\"750\" data-id=\"2811\" src=\"https:\/\/etab.ac-reunion.fr\/lyc-ambroise-vollard\/wp-content\/uploads\/sites\/138\/2021\/10\/lycee-ambroisevollard6.jpg\" alt=\"\" class=\"wp-image-2811\" srcset=\"https:\/\/etab.ac-reunion.fr\/lyc-ambroise-vollard\/wp-content\/uploads\/sites\/138\/2021\/10\/lycee-ambroisevollard6.jpg 1000w, https:\/\/etab.ac-reunion.fr\/lyc-ambroise-vollard\/wp-content\/uploads\/sites\/138\/2021\/10\/lycee-ambroisevollard6-300x225.jpg 300w, https:\/\/etab.ac-reunion.fr\/lyc-ambroise-vollard\/wp-content\/uploads\/sites\/138\/2021\/10\/lycee-ambroisevollard6-150x113.jpg 150w, https:\/\/etab.ac-reunion.fr\/lyc-ambroise-vollard\/wp-content\/uploads\/sites\/138\/2021\/10\/lycee-ambroisevollard6-768x576.jpg 768w\" sizes=\"auto, (max-width: 1000px) 100vw, 1000px\" \/><\/figure>\n\n\n\n<figure class=\"wp-block-image size-full\"><img loading=\"lazy\" decoding=\"async\" width=\"1000\" height=\"750\" data-id=\"2809\" src=\"https:\/\/etab.ac-reunion.fr\/lyc-ambroise-vollard\/wp-content\/uploads\/sites\/138\/2021\/10\/lycee-ambroisevollard4.jpg\" alt=\"\" class=\"wp-image-2809\" srcset=\"https:\/\/etab.ac-reunion.fr\/lyc-ambroise-vollard\/wp-content\/uploads\/sites\/138\/2021\/10\/lycee-ambroisevollard4.jpg 1000w, https:\/\/etab.ac-reunion.fr\/lyc-ambroise-vollard\/wp-content\/uploads\/sites\/138\/2021\/10\/lycee-ambroisevollard4-300x225.jpg 300w, https:\/\/etab.ac-reunion.fr\/lyc-ambroise-vollard\/wp-content\/uploads\/sites\/138\/2021\/10\/lycee-ambroisevollard4-150x113.jpg 150w, https:\/\/etab.ac-reunion.fr\/lyc-ambroise-vollard\/wp-content\/uploads\/sites\/138\/2021\/10\/lycee-ambroisevollard4-768x576.jpg 768w\" sizes=\"auto, (max-width: 1000px) 100vw, 1000px\" \/><\/figure>\n\n\n\n<figure class=\"wp-block-image size-full\"><img loading=\"lazy\" decoding=\"async\" width=\"1000\" height=\"750\" data-id=\"2808\" src=\"https:\/\/etab.ac-reunion.fr\/lyc-ambroise-vollard\/wp-content\/uploads\/sites\/138\/2021\/10\/lycee-ambroisevollard3.jpg\" alt=\"\" class=\"wp-image-2808\" srcset=\"https:\/\/etab.ac-reunion.fr\/lyc-ambroise-vollard\/wp-content\/uploads\/sites\/138\/2021\/10\/lycee-ambroisevollard3.jpg 1000w, https:\/\/etab.ac-reunion.fr\/lyc-ambroise-vollard\/wp-content\/uploads\/sites\/138\/2021\/10\/lycee-ambroisevollard3-300x225.jpg 300w, https:\/\/etab.ac-reunion.fr\/lyc-ambroise-vollard\/wp-content\/uploads\/sites\/138\/2021\/10\/lycee-ambroisevollard3-150x113.jpg 150w, https:\/\/etab.ac-reunion.fr\/lyc-ambroise-vollard\/wp-content\/uploads\/sites\/138\/2021\/10\/lycee-ambroisevollard3-768x576.jpg 768w\" sizes=\"auto, (max-width: 1000px) 100vw, 1000px\" \/><\/figure>\n\n\n\n<figure class=\"wp-block-image size-full\"><img loading=\"lazy\" decoding=\"async\" width=\"1000\" height=\"750\" data-id=\"2807\" src=\"https:\/\/etab.ac-reunion.fr\/lyc-ambroise-vollard\/wp-content\/uploads\/sites\/138\/2021\/10\/lycee-ambroisevollard2.jpg\" alt=\"\" class=\"wp-image-2807\" srcset=\"https:\/\/etab.ac-reunion.fr\/lyc-ambroise-vollard\/wp-content\/uploads\/sites\/138\/2021\/10\/lycee-ambroisevollard2.jpg 1000w, https:\/\/etab.ac-reunion.fr\/lyc-ambroise-vollard\/wp-content\/uploads\/sites\/138\/2021\/10\/lycee-ambroisevollard2-300x225.jpg 300w, https:\/\/etab.ac-reunion.fr\/lyc-ambroise-vollard\/wp-content\/uploads\/sites\/138\/2021\/10\/lycee-ambroisevollard2-150x113.jpg 150w, https:\/\/etab.ac-reunion.fr\/lyc-ambroise-vollard\/wp-content\/uploads\/sites\/138\/2021\/10\/lycee-ambroisevollard2-768x576.jpg 768w\" sizes=\"auto, (max-width: 1000px) 100vw, 1000px\" \/><\/figure>\n\n\n\n<figure class=\"wp-block-image size-full\"><img loading=\"lazy\" decoding=\"async\" width=\"1000\" height=\"750\" data-id=\"2806\" src=\"https:\/\/etab.ac-reunion.fr\/lyc-ambroise-vollard\/wp-content\/uploads\/sites\/138\/2021\/10\/lycee-ambroisevollard-1.jpg\" alt=\"\" class=\"wp-image-2806\" srcset=\"https:\/\/etab.ac-reunion.fr\/lyc-ambroise-vollard\/wp-content\/uploads\/sites\/138\/2021\/10\/lycee-ambroisevollard-1.jpg 1000w, https:\/\/etab.ac-reunion.fr\/lyc-ambroise-vollard\/wp-content\/uploads\/sites\/138\/2021\/10\/lycee-ambroisevollard-1-300x225.jpg 300w, https:\/\/etab.ac-reunion.fr\/lyc-ambroise-vollard\/wp-content\/uploads\/sites\/138\/2021\/10\/lycee-ambroisevollard-1-150x113.jpg 150w, https:\/\/etab.ac-reunion.fr\/lyc-ambroise-vollard\/wp-content\/uploads\/sites\/138\/2021\/10\/lycee-ambroisevollard-1-768x576.jpg 768w\" sizes=\"auto, (max-width: 1000px) 100vw, 1000px\" \/><\/figure>\n\n\n\n<figure class=\"wp-block-image size-full\"><img loading=\"lazy\" decoding=\"async\" width=\"1000\" height=\"750\" data-id=\"2812\" src=\"https:\/\/etab.ac-reunion.fr\/lyc-ambroise-vollard\/wp-content\/uploads\/sites\/138\/2021\/10\/lycee-ambroisevollard7.jpg\" alt=\"\" class=\"wp-image-2812\" srcset=\"https:\/\/etab.ac-reunion.fr\/lyc-ambroise-vollard\/wp-content\/uploads\/sites\/138\/2021\/10\/lycee-ambroisevollard7.jpg 1000w, https:\/\/etab.ac-reunion.fr\/lyc-ambroise-vollard\/wp-content\/uploads\/sites\/138\/2021\/10\/lycee-ambroisevollard7-300x225.jpg 300w, https:\/\/etab.ac-reunion.fr\/lyc-ambroise-vollard\/wp-content\/uploads\/sites\/138\/2021\/10\/lycee-ambroisevollard7-150x113.jpg 150w, https:\/\/etab.ac-reunion.fr\/lyc-ambroise-vollard\/wp-content\/uploads\/sites\/138\/2021\/10\/lycee-ambroisevollard7-768x576.jpg 768w\" sizes=\"auto, (max-width: 1000px) 100vw, 1000px\" \/><\/figure>\n\n\n\n<figure class=\"wp-block-image size-full\"><img loading=\"lazy\" decoding=\"async\" width=\"1000\" height=\"750\" data-id=\"2813\" src=\"https:\/\/etab.ac-reunion.fr\/lyc-ambroise-vollard\/wp-content\/uploads\/sites\/138\/2021\/10\/lycee-ambroisevollard8.jpg\" alt=\"\" class=\"wp-image-2813\" srcset=\"https:\/\/etab.ac-reunion.fr\/lyc-ambroise-vollard\/wp-content\/uploads\/sites\/138\/2021\/10\/lycee-ambroisevollard8.jpg 1000w, https:\/\/etab.ac-reunion.fr\/lyc-ambroise-vollard\/wp-content\/uploads\/sites\/138\/2021\/10\/lycee-ambroisevollard8-300x225.jpg 300w, https:\/\/etab.ac-reunion.fr\/lyc-ambroise-vollard\/wp-content\/uploads\/sites\/138\/2021\/10\/lycee-ambroisevollard8-150x113.jpg 150w, https:\/\/etab.ac-reunion.fr\/lyc-ambroise-vollard\/wp-content\/uploads\/sites\/138\/2021\/10\/lycee-ambroisevollard8-768x576.jpg 768w\" sizes=\"auto, (max-width: 1000px) 100vw, 1000px\" \/><\/figure>\n\n\n\n<figure class=\"wp-block-image size-full\"><img loading=\"lazy\" decoding=\"async\" width=\"1000\" height=\"750\" data-id=\"2814\" src=\"https:\/\/etab.ac-reunion.fr\/lyc-ambroise-vollard\/wp-content\/uploads\/sites\/138\/2021\/10\/lycee-ambroisevollard9.jpg\" alt=\"\" class=\"wp-image-2814\" srcset=\"https:\/\/etab.ac-reunion.fr\/lyc-ambroise-vollard\/wp-content\/uploads\/sites\/138\/2021\/10\/lycee-ambroisevollard9.jpg 1000w, https:\/\/etab.ac-reunion.fr\/lyc-ambroise-vollard\/wp-content\/uploads\/sites\/138\/2021\/10\/lycee-ambroisevollard9-300x225.jpg 300w, https:\/\/etab.ac-reunion.fr\/lyc-ambroise-vollard\/wp-content\/uploads\/sites\/138\/2021\/10\/lycee-ambroisevollard9-150x113.jpg 150w, https:\/\/etab.ac-reunion.fr\/lyc-ambroise-vollard\/wp-content\/uploads\/sites\/138\/2021\/10\/lycee-ambroisevollard9-768x576.jpg 768w\" sizes=\"auto, (max-width: 1000px) 100vw, 1000px\" \/><\/figure>\n<figcaption class=\"blocks-gallery-caption wp-element-caption\">Photos du lyc\u00e9e Ambroise Vollard<\/figcaption><\/figure>\n","protected":false},"excerpt":{"rendered":"<p>Mesdames, messieurs, chers \u00e9l\u00e8ves, J\u2019ai le plaisir et l\u2019honneur d\u2019avoir \u00e9t\u00e9 nomm\u00e9 proviseur du lyc\u00e9e Ambroise Vollard \u00e0 la rentr\u00e9e 2023. Ensemble, nous devrons permettre la r\u00e9ussite scolaire de tous les \u00e9l\u00e8ves qui nous sont confi\u00e9s. L\u2019ann\u00e9e scolaire derni\u00e8re a \u00e9t\u00e9 marqu\u00e9e par un retour \u00e0 la&nbsp;normale qui a fait&#8230;<\/p>\n<p class=\"continue-reading-button\"> <a class=\"continue-reading-link\" href=\"https:\/\/etab.ac-reunion.fr\/lyc-ambroise-vollard\/etablissement\/\">Suite<i class=\"crycon-right-dir\"><\/i><\/a><\/p>\n","protected":false},"author":28728,"featured_media":0,"parent":0,"menu_order":0,"comment_status":"closed","ping_status":"closed","template":"","meta":{"footnotes":""},"class_list":["post-76","page","type-page","status-publish","hentry"],"_links":{"self":[{"href":"https:\/\/etab.ac-reunion.fr\/lyc-ambroise-vollard\/wp-json\/wp\/v2\/pages\/76","targetHints":{"allow":["GET"]}}],"collection":[{"href":"https:\/\/etab.ac-reunion.fr\/lyc-ambroise-vollard\/wp-json\/wp\/v2\/pages"}],"about":[{"href":"https:\/\/etab.ac-reunion.fr\/lyc-ambroise-vollard\/wp-json\/wp\/v2\/types\/page"}],"author":[{"embeddable":true,"href":"https:\/\/etab.ac-reunion.fr\/lyc-ambroise-vollard\/wp-json\/wp\/v2\/users\/28728"}],"replies":[{"embeddable":true,"href":"https:\/\/etab.ac-reunion.fr\/lyc-ambroise-vollard\/wp-json\/wp\/v2\/comments?post=76"}],"version-history":[{"count":9,"href":"https:\/\/etab.ac-reunion.fr\/lyc-ambroise-vollard\/wp-json\/wp\/v2\/pages\/76\/revisions"}],"predecessor-version":[{"id":4267,"href":"https:\/\/etab.ac-reunion.fr\/lyc-ambroise-vollard\/wp-json\/wp\/v2\/pages\/76\/revisions\/4267"}],"wp:attachment":[{"href":"https:\/\/etab.ac-reunion.fr\/lyc-ambroise-vollard\/wp-json\/wp\/v2\/media?parent=76"}],"curies":[{"name":"wp","href":"https:\/\/api.w.org\/{rel}","templated":true}]}}