{"id":99,"date":"2016-01-27T17:12:44","date_gmt":"2016-01-27T13:12:44","guid":{"rendered":"http:\/\/lycee-ambroise-vollard-tmp.ac-reunion.fr\/?page_id=99"},"modified":"2024-10-27T09:44:00","modified_gmt":"2024-10-27T05:44:00","slug":"formations","status":"publish","type":"page","link":"https:\/\/etab.ac-reunion.fr\/lyc-ambroise-vollard\/formations\/","title":{"rendered":"Formations"},"content":{"rendered":"\n<p>Le lyc\u00e9e Ambroise Vollard accueille les 4 bac technologiques suivants :<\/p>\n\n\n\n<p>&gt; Le bac technologique <a href=\"https:\/\/etab.ac-reunion.fr\/lyc-ambroise-vollard\/formations\/std2a\/\"><strong>Sciences et Technologies du Design et des Arts Appliqu\u00e9s<\/strong> <\/a>(STD2A) ainsi que l&rsquo;enseignement optionnel <strong><a href=\"https:\/\/etab.ac-reunion.fr\/lyc-ambroise-vollard\/formations\/2nde-creationculture-design-enseignement-optionnel\/\">Cr\u00e9ation &amp; Culture Design<\/a><\/strong> (CCD) propos\u00e9 en classe de seconde g\u00e9n\u00e9rale et technologique.<\/p>\n\n\n\n<p>&gt; Le bac technologique <a href=\"https:\/\/etab.ac-reunion.fr\/lyc-ambroise-vollard\/sti2d\/\"><strong>Sciences et Technologies de l&rsquo;Industrie et du D\u00e9veloppement Durable<\/strong> <\/a>(STI2D)<\/p>\n\n\n\n<p>&gt; Le bac technologique <strong><a href=\"https:\/\/etab.ac-reunion.fr\/lyc-ambroise-vollard\/formations\/st2s\/\">Sciences et Technologies de la Sant\u00e9 et du Social <\/a><\/strong>(ST2S)<\/p>\n\n\n\n<p>&gt; Le bac technologique <strong><a href=\"https:\/\/etab.ac-reunion.fr\/lyc-ambroise-vollard\/stmg\/\">Sciences et Technologies du Management et de la Gestion<\/a><\/strong> (STMG)<\/p>\n\n\n\n<p><\/p>\n\n\n\n<p><\/p>\n\n\n\n<p>ainsi que 3 formations Post-bac :<\/p>\n\n\n\n<p>&gt; Le <strong>Dipl\u00f4me National des M\u00e9tiers d&rsquo;Art et du Design<\/strong> (<em>DNMADE<\/em>) avec 2 mentions ; <a href=\"https:\/\/etab.ac-reunion.fr\/lyc-ambroise-vollard\/formations\/bts-design-de-mode-rentree-2017\/\"><strong>Mode<\/strong><\/a> et <a href=\"https:\/\/etab.ac-reunion.fr\/lyc-ambroise-vollard\/formations\/dnmade-graphisme\/\"><strong>Graphisme<\/strong><\/a><\/p>\n\n\n\n<p>&gt; Le BTS <strong><a href=\"https:\/\/etab.ac-reunion.fr\/lyc-ambroise-vollard\/formations\/bts-cg\/\">Comptabilit\u00e9 et Gestion<\/a> <\/strong>(CG)<\/p>\n","protected":false},"excerpt":{"rendered":"<p>Le lyc\u00e9e Ambroise Vollard accueille les 4 bac technologiques suivants : &gt; Le bac technologique Sciences et Technologies du Design et des Arts Appliqu\u00e9s (STD2A) ainsi que l&rsquo;enseignement optionnel Cr\u00e9ation &amp; Culture Design (CCD) propos\u00e9 en classe de seconde g\u00e9n\u00e9rale et technologique. &gt; Le bac technologique Sciences et Technologies de&#8230;<\/p>\n<p class=\"continue-reading-button\"> <a class=\"continue-reading-link\" href=\"https:\/\/etab.ac-reunion.fr\/lyc-ambroise-vollard\/formations\/\">Suite<i class=\"crycon-right-dir\"><\/i><\/a><\/p>\n","protected":false},"author":10581,"featured_media":0,"parent":0,"menu_order":0,"comment_status":"closed","ping_status":"closed","template":"","meta":{"footnotes":""},"class_list":["post-99","page","type-page","status-publish","hentry"],"_links":{"self":[{"href":"https:\/\/etab.ac-reunion.fr\/lyc-ambroise-vollard\/wp-json\/wp\/v2\/pages\/99","targetHints":{"allow":["GET"]}}],"collection":[{"href":"https:\/\/etab.ac-reunion.fr\/lyc-ambroise-vollard\/wp-json\/wp\/v2\/pages"}],"about":[{"href":"https:\/\/etab.ac-reunion.fr\/lyc-ambroise-vollard\/wp-json\/wp\/v2\/types\/page"}],"author":[{"embeddable":true,"href":"https:\/\/etab.ac-reunion.fr\/lyc-ambroise-vollard\/wp-json\/wp\/v2\/users\/10581"}],"replies":[{"embeddable":true,"href":"https:\/\/etab.ac-reunion.fr\/lyc-ambroise-vollard\/wp-json\/wp\/v2\/comments?post=99"}],"version-history":[{"count":9,"href":"https:\/\/etab.ac-reunion.fr\/lyc-ambroise-vollard\/wp-json\/wp\/v2\/pages\/99\/revisions"}],"predecessor-version":[{"id":5467,"href":"https:\/\/etab.ac-reunion.fr\/lyc-ambroise-vollard\/wp-json\/wp\/v2\/pages\/99\/revisions\/5467"}],"wp:attachment":[{"href":"https:\/\/etab.ac-reunion.fr\/lyc-ambroise-vollard\/wp-json\/wp\/v2\/media?parent=99"}],"curies":[{"name":"wp","href":"https:\/\/api.w.org\/{rel}","templated":true}]}}