{"id":12553,"date":"2021-07-15T08:18:52","date_gmt":"2021-07-15T04:18:52","guid":{"rendered":"http:\/\/lycee-amiral-bouvet.ac-reunion.fr\/?page_id=12553"},"modified":"2021-07-15T08:23:13","modified_gmt":"2021-07-15T04:23:13","slug":"science-et-culture","status":"publish","type":"page","link":"https:\/\/etab.ac-reunion.fr\/lyc-amiral-bouvet\/science-et-culture\/","title":{"rendered":"Science et culture sur les plantes m\u00e9dicinales&#8230;"},"content":{"rendered":"[et_pb_section fb_built=\u00a0\u00bb1&Prime; _builder_version=\u00a0\u00bb3.22&Prime;][et_pb_row _builder_version=\u00a0\u00bb4.9.7&Prime; _module_preset=\u00a0\u00bbdefault\u00a0\u00bb][et_pb_column _builder_version=\u00a0\u00bb4.9.7&Prime; _module_preset=\u00a0\u00bbdefault\u00a0\u00bb type=\u00a0\u00bb4_4&Prime;][et_pb_text _builder_version=\u00a0\u00bb4.9.7&Prime; _module_preset=\u00a0\u00bbdefault\u00a0\u00bb hover_enabled=\u00a0\u00bb0&Prime; sticky_enabled=\u00a0\u00bb0&Prime;]\n<h2 style=\"text-align: center\"><span style=\"color: #ff0000\"><strong><span class=\"fontstyle0\">Pourquoi faut-il valoriser les plantes m\u00e9dicinales de La R\u00e9union ?<\/span><\/strong><\/span><\/h2>\n[\/et_pb_text][\/et_pb_column][\/et_pb_row][et_pb_row column_structure=\u00a0\u00bb1_2,1_2&Prime; _builder_version=\u00a0\u00bb3.25&Prime; background_size=\u00a0\u00bbinitial\u00a0\u00bb background_position=\u00a0\u00bbtop_left\u00a0\u00bb background_repeat=\u00a0\u00bbrepeat\u00a0\u00bb][et_pb_column type=\u00a0\u00bb1_2&Prime; _builder_version=\u00a0\u00bb3.25&Prime; custom_padding=\u00a0\u00bb|||\u00a0\u00bb custom_padding__hover=\u00a0\u00bb|||\u00a0\u00bb][et_pb_text _builder_version=\u00a0\u00bb4.9.7&Prime; background_size=\u00a0\u00bbinitial\u00a0\u00bb background_position=\u00a0\u00bbtop_left\u00a0\u00bb background_repeat=\u00a0\u00bbrepeat\u00a0\u00bb hover_enabled=\u00a0\u00bb0&Prime; sticky_enabled=\u00a0\u00bb0&Prime;]\n<p><span class=\"fontstyle2\">La R\u00e9union a un potentiel unique, celui d\u2019accueillir une multitude de plantes m\u00e9dicinales et end\u00e9miques. En effet, cette \u00e9tendue de terre, \u00e9mergeant d\u2019un volcan sous-marin il y a 3 millions d\u2019ann\u00e9es, poss\u00e8de une flore tr\u00e8s particuli\u00e8re. L\u2019alimentation, la sant\u00e9 ou m\u00eame la vie de la population sont li\u00e9es \u00e0 ses plantes. Certaines, ayant des vertus th\u00e9rapeutiques, ont \u00e9t\u00e9 utilis\u00e9es pendant de nombreuses g\u00e9n\u00e9rations et continuent de soigner de nombreuses familles.<\/span><\/p>\n<p><span class=\"fontstyle2\"><br \/><span style=\"color: #0000ff\">Mais alors, comment ces plantes ont-elles pouss\u00e9 sur le sol de la R\u00e9union ? <\/span><\/span><\/p>\n<p><span class=\"fontstyle2\" style=\"color: #0000ff\">Comment expliquer que certaines d\u2019entre elles sont end\u00e9miques ? <\/span><\/p>\n<p><span class=\"fontstyle2\" style=\"color: #0000ff\">Qui a d\u00e9couvert les vertus de ces plantes m\u00e9dicinales ?<\/span><\/p>\n<p><span class=\"fontstyle2\"><br \/>Ces interrogations, qui touchent le domaine historique, g\u00e9ologique, botanique, culturel et scientifique de notre \u00eele m\u00e9ritent d\u2019\u00eatre abord\u00e9es&#8230;<\/span><\/p>\n<p><span class=\"fontstyle2\"><br \/><em>C\u00e9dric VIOLET , \u00e9l\u00e8ve de 202<\/em><\/span><\/p>\n[\/et_pb_text][\/et_pb_column][et_pb_column type=\u00a0\u00bb1_2&Prime; _builder_version=\u00a0\u00bb3.25&Prime; custom_padding=\u00a0\u00bb|||\u00a0\u00bb custom_padding__hover=\u00a0\u00bb|||\u00a0\u00bb][et_pb_video src=\u00a0\u00bbhttps:\/\/etab.ac-reunion.fr\/lyc-amiral-bouvet\/wp-content\/uploads\/sites\/15\/2021\/07\/PAM-science-et-culture_2021.mp4&Prime; _builder_version=\u00a0\u00bb4.9.7&Prime; _module_preset=\u00a0\u00bbdefault\u00a0\u00bb animation_style=\u00a0\u00bbfade\u00a0\u00bb][\/et_pb_video][\/et_pb_column][\/et_pb_row][\/et_pb_section]\n","protected":false},"excerpt":{"rendered":"<p>Pourquoi faut-il valoriser les plantes m\u00e9dicinales de La R\u00e9union ?La R\u00e9union a un potentiel unique, celui d\u2019accueillir une multitude de plantes m\u00e9dicinales et end\u00e9miques. En effet, cette \u00e9tendue de terre, \u00e9mergeant d\u2019un volcan sous-marin il y a 3 millions d\u2019ann\u00e9es, poss\u00e8de une flore tr\u00e8s particuli\u00e8re. L\u2019alimentation, la sant\u00e9 ou m\u00eame la vie de la population [&hellip;]<\/p>\n","protected":false},"author":3308,"featured_media":0,"parent":0,"menu_order":0,"comment_status":"closed","ping_status":"closed","template":"","meta":{"_et_pb_use_builder":"on","_et_pb_old_content":"<p><span style=\"color: #ff0000;\"><strong> <span class=\"fontstyle0\">Pourquoi faut-il valoriser les plantes m\u00e9dicinales de La R\u00e9union ?<\/span><\/strong><\/span><span class=\"fontstyle0\"><br \/><\/span><\/p><p><span class=\"fontstyle0\"><br \/><\/span><span class=\"fontstyle2\">La R\u00e9union a un potentiel unique, celui d\u2019accueillir une multitude de plantes m\u00e9dicinales et end\u00e9miques. En effet, cette \u00e9tendue de terre, \u00e9mergeant d\u2019un volcan sous-marin il y a 3 millions d\u2019ann\u00e9es, poss\u00e8de une flore tr\u00e8s particuli\u00e8re. L\u2019alimentation, la sant\u00e9 ou m\u00eame la vie de la population sont li\u00e9es \u00e0 ses plantes. Certaines, ayant des vertus th\u00e9rapeutiques, ont \u00e9t\u00e9 utilis\u00e9es pendant de nombreuses g\u00e9n\u00e9rations et continuent de soigner de nombreuses familles.<\/span><\/p><p><span class=\"fontstyle2\"><br \/><span style=\"color: #0000ff;\">Mais alors, comment ces plantes ont-elles pouss\u00e9 sur le sol de la R\u00e9union ? <\/span><\/span><\/p><p><span class=\"fontstyle2\" style=\"color: #0000ff;\">Comment expliquer que certaines d\u2019entre elles sont end\u00e9miques ? <\/span><\/p><p><span class=\"fontstyle2\" style=\"color: #0000ff;\">Qui a d\u00e9couvert les vertus de ces plantes m\u00e9dicinales ?<\/span><\/p><p><span class=\"fontstyle2\"><br \/>Ces interrogations, qui touchent le domaine historique, g\u00e9ologique, botanique, culturel et scientifique de notre \u00eele m\u00e9ritent d\u2019\u00eatre abord\u00e9es...<\/span><\/p><p><span class=\"fontstyle2\"><br \/><em>C\u00e9dric VIOLET , \u00e9l\u00e8ve de 202<\/em><\/span> <\/p>","_et_gb_content_width":"","footnotes":"","_links_to":"","_links_to_target":""},"class_list":["post-12553","page","type-page","status-publish","hentry"],"_links":{"self":[{"href":"https:\/\/etab.ac-reunion.fr\/lyc-amiral-bouvet\/wp-json\/wp\/v2\/pages\/12553","targetHints":{"allow":["GET"]}}],"collection":[{"href":"https:\/\/etab.ac-reunion.fr\/lyc-amiral-bouvet\/wp-json\/wp\/v2\/pages"}],"about":[{"href":"https:\/\/etab.ac-reunion.fr\/lyc-amiral-bouvet\/wp-json\/wp\/v2\/types\/page"}],"author":[{"embeddable":true,"href":"https:\/\/etab.ac-reunion.fr\/lyc-amiral-bouvet\/wp-json\/wp\/v2\/users\/3308"}],"replies":[{"embeddable":true,"href":"https:\/\/etab.ac-reunion.fr\/lyc-amiral-bouvet\/wp-json\/wp\/v2\/comments?post=12553"}],"version-history":[{"count":6,"href":"https:\/\/etab.ac-reunion.fr\/lyc-amiral-bouvet\/wp-json\/wp\/v2\/pages\/12553\/revisions"}],"predecessor-version":[{"id":12564,"href":"https:\/\/etab.ac-reunion.fr\/lyc-amiral-bouvet\/wp-json\/wp\/v2\/pages\/12553\/revisions\/12564"}],"wp:attachment":[{"href":"https:\/\/etab.ac-reunion.fr\/lyc-amiral-bouvet\/wp-json\/wp\/v2\/media?parent=12553"}],"curies":[{"name":"wp","href":"https:\/\/api.w.org\/{rel}","templated":true}]}}