{"id":14182,"date":"2022-08-22T10:05:06","date_gmt":"2022-08-22T06:05:06","guid":{"rendered":"https:\/\/etab.ac-reunion.fr\/lyc-amiral-bouvet\/?page_id=14182"},"modified":"2022-08-22T10:17:33","modified_gmt":"2022-08-22T06:17:33","slug":"concours-kroi-pa","status":"publish","type":"page","link":"https:\/\/etab.ac-reunion.fr\/lyc-amiral-bouvet\/concours-kroi-pa\/","title":{"rendered":"Concours Kroi pa"},"content":{"rendered":"[et_pb_section fb_built=\u00a0\u00bb1&Prime; _builder_version=\u00a0\u00bb4.18.0&Prime; _module_preset=\u00a0\u00bbdefault\u00a0\u00bb global_colors_info=\u00a0\u00bb{}\u00a0\u00bb][et_pb_row column_structure=\u00a0\u00bb3_5,2_5&Prime; _builder_version=\u00a0\u00bb4.18.0&Prime; _module_preset=\u00a0\u00bbdefault\u00a0\u00bb global_colors_info=\u00a0\u00bb{}\u00a0\u00bb][et_pb_column type=\u00a0\u00bb3_5&Prime; _builder_version=\u00a0\u00bb4.18.0&Prime; _module_preset=\u00a0\u00bbdefault\u00a0\u00bb global_colors_info=\u00a0\u00bb{}\u00a0\u00bb][et_pb_text _builder_version=\u00a0\u00bb4.18.0&Prime; _module_preset=\u00a0\u00bbdefault\u00a0\u00bb global_colors_info=\u00a0\u00bb{}\u00a0\u00bb]\n<h2>Kroi pa, n\u00e9na z\u00e9l\u00e8v gabi\u00e9 dann lis\u00e9 Amiral Bouvet!!!<\/h2>\n<p>Cette ann\u00e9e, les \u00e9l\u00e8ves qui font l\u2019option LVR Cr\u00e9ole au lyc\u00e9e ont particip\u00e9 au concours <strong>Pri Daniel Honor\u00e9 &#8211; LanKr\u00e9ol 2022<\/strong>.\u00a0 Le projet s\u2019est d\u00e9roul\u00e9 en 3 \u00e9tapes\u00a0:<\/p>\n<ul>\n<li>Tout d\u2019abord, ils ont \u00e9crit leur \u00ab\u00a0fonnk\u00e8r\u00a0\u00bb (po\u00e8mes), guid\u00e9 par M. HOARAU Jean-Yves;<\/li>\n<li>Ensuite, ils ont appris \u00e0 oraliser leur fonnk\u00e8r \u00e0 l\u2019aide du com\u00e9dien M. PAYET St\u00e9phane;<\/li>\n<li>Pour finir, des capsules vid\u00e9os ont \u00e9t\u00e9 r\u00e9alis\u00e9es par M. GINET Fabrice. Ces capsules vid\u00e9os seront diffus\u00e9es sur R\u00e9union la Premi\u00e8re dans le cadre de la semaine cr\u00e9ole en octobre 2022.<\/li>\n<\/ul>\n<p>Le 3 mai 2022, les \u00e9l\u00e8ves \u00e9taient invit\u00e9s au Domaine Moca pour recevoir leur prix\u00a0:<span style=\"color: #ff0000\"> ils ont gagn\u00e9 le PREMIER PRIX dans la cat\u00e9gorie lyc\u00e9e<\/span>, avec le fonnk\u00e8r \u00ab\u00a0<strong><u>Lalkol p\u00e9p\u00e9<\/u><\/strong>\u00a0\u00bb.<\/p>\n<p>Un grand bravo \u00e0 eux, nous sommes tr\u00e8s fiers d\u2019eux.<\/p>\n<p>&nbsp;<\/p>\n[\/et_pb_text][\/et_pb_column][et_pb_column type=\u00a0\u00bb2_5&Prime; _builder_version=\u00a0\u00bb4.18.0&Prime; _module_preset=\u00a0\u00bbdefault\u00a0\u00bb global_colors_info=\u00a0\u00bb{}\u00a0\u00bb][et_pb_image src=\u00a0\u00bbhttps:\/\/etab.ac-reunion.fr\/lyc-amiral-bouvet\/wp-content\/uploads\/sites\/15\/2022\/08\/IMG-20220606-WA0011.jpg\u00a0\u00bb title_text=\u00a0\u00bbIMG-20220606-WA0011&Prime; _builder_version=\u00a0\u00bb4.18.0&Prime; _module_preset=\u00a0\u00bbdefault\u00a0\u00bb global_colors_info=\u00a0\u00bb{}\u00a0\u00bb][\/et_pb_image][\/et_pb_column][\/et_pb_row][et_pb_row column_structure=\u00a0\u00bb1_2,1_2&Prime; _builder_version=\u00a0\u00bb4.18.0&Prime; _module_preset=\u00a0\u00bbdefault\u00a0\u00bb global_colors_info=\u00a0\u00bb{}\u00a0\u00bb][et_pb_column type=\u00a0\u00bb1_2&Prime; _builder_version=\u00a0\u00bb4.18.0&Prime; _module_preset=\u00a0\u00bbdefault\u00a0\u00bb global_colors_info=\u00a0\u00bb{}\u00a0\u00bb][et_pb_image src=\u00a0\u00bbhttps:\/\/etab.ac-reunion.fr\/lyc-amiral-bouvet\/wp-content\/uploads\/sites\/15\/2022\/08\/IMG-20220606-WA0003.jpg\u00a0\u00bb title_text=\u00a0\u00bbIMG-20220606-WA0003&Prime; _builder_version=\u00a0\u00bb4.18.0&Prime; _module_preset=\u00a0\u00bbdefault\u00a0\u00bb hover_enabled=\u00a0\u00bb0&Prime; global_colors_info=\u00a0\u00bb{}\u00a0\u00bb custom_margin=\u00a0\u00bb2px|2px|2px|2px|false|false\u00a0\u00bb custom_padding=\u00a0\u00bb2px|2px|2px|2px|false|false\u00a0\u00bb sticky_enabled=\u00a0\u00bb0&Prime;][\/et_pb_image][\/et_pb_column][et_pb_column type=\u00a0\u00bb1_2&Prime; _builder_version=\u00a0\u00bb4.18.0&Prime; _module_preset=\u00a0\u00bbdefault\u00a0\u00bb global_colors_info=\u00a0\u00bb{}\u00a0\u00bb][et_pb_video src=\u00a0\u00bbhttps:\/\/etab.ac-reunion.fr\/lyc-amiral-bouvet\/wp-content\/uploads\/sites\/15\/2022\/08\/VID-20220614-WA0000.mp4&Prime; _builder_version=\u00a0\u00bb4.18.0&Prime; _module_preset=\u00a0\u00bbdefault\u00a0\u00bb global_colors_info=\u00a0\u00bb{}\u00a0\u00bb][\/et_pb_video][\/et_pb_column][\/et_pb_row][\/et_pb_section]\n","protected":false},"excerpt":{"rendered":"<p>Kroi pa, n\u00e9na z\u00e9l\u00e8v gabi\u00e9 dann lis\u00e9 Amiral Bouvet!!! Cette ann\u00e9e, les \u00e9l\u00e8ves qui font l\u2019option LVR Cr\u00e9ole au lyc\u00e9e ont particip\u00e9 au concours Pri Daniel Honor\u00e9 &#8211; LanKr\u00e9ol 2022.\u00a0 Le projet s\u2019est d\u00e9roul\u00e9 en 3 \u00e9tapes\u00a0: Tout d\u2019abord, ils ont \u00e9crit leur \u00ab\u00a0fonnk\u00e8r\u00a0\u00bb (po\u00e8mes), guid\u00e9 par M. HOARAU Jean-Yves; Ensuite, ils ont appris \u00e0 [&hellip;]<\/p>\n","protected":false},"author":3308,"featured_media":0,"parent":0,"menu_order":0,"comment_status":"closed","ping_status":"closed","template":"","meta":{"_et_pb_use_builder":"on","_et_pb_old_content":"","_et_gb_content_width":"","footnotes":"","_links_to":"","_links_to_target":""},"class_list":["post-14182","page","type-page","status-publish","hentry"],"_links":{"self":[{"href":"https:\/\/etab.ac-reunion.fr\/lyc-amiral-bouvet\/wp-json\/wp\/v2\/pages\/14182","targetHints":{"allow":["GET"]}}],"collection":[{"href":"https:\/\/etab.ac-reunion.fr\/lyc-amiral-bouvet\/wp-json\/wp\/v2\/pages"}],"about":[{"href":"https:\/\/etab.ac-reunion.fr\/lyc-amiral-bouvet\/wp-json\/wp\/v2\/types\/page"}],"author":[{"embeddable":true,"href":"https:\/\/etab.ac-reunion.fr\/lyc-amiral-bouvet\/wp-json\/wp\/v2\/users\/3308"}],"replies":[{"embeddable":true,"href":"https:\/\/etab.ac-reunion.fr\/lyc-amiral-bouvet\/wp-json\/wp\/v2\/comments?post=14182"}],"version-history":[{"count":7,"href":"https:\/\/etab.ac-reunion.fr\/lyc-amiral-bouvet\/wp-json\/wp\/v2\/pages\/14182\/revisions"}],"predecessor-version":[{"id":14200,"href":"https:\/\/etab.ac-reunion.fr\/lyc-amiral-bouvet\/wp-json\/wp\/v2\/pages\/14182\/revisions\/14200"}],"wp:attachment":[{"href":"https:\/\/etab.ac-reunion.fr\/lyc-amiral-bouvet\/wp-json\/wp\/v2\/media?parent=14182"}],"curies":[{"name":"wp","href":"https:\/\/api.w.org\/{rel}","templated":true}]}}