{"id":16833,"date":"2026-02-23T14:02:32","date_gmt":"2026-02-23T10:02:32","guid":{"rendered":"https:\/\/etab.ac-reunion.fr\/lyc-amiral-bouvet\/?page_id=16833"},"modified":"2026-02-23T14:02:35","modified_gmt":"2026-02-23T10:02:35","slug":"donnees-personnelles-rgpd","status":"publish","type":"page","link":"https:\/\/etab.ac-reunion.fr\/lyc-amiral-bouvet\/donnees-personnelles-rgpd\/","title":{"rendered":"Donn\u00e9es personnelles (RGPD)"},"content":{"rendered":"[et_pb_section fb_built=\u00a0\u00bb1&Prime; theme_builder_area=\u00a0\u00bbpost_content\u00a0\u00bb _builder_version=\u00a0\u00bb4.27.5&Prime; _module_preset=\u00a0\u00bbdefault\u00a0\u00bb][et_pb_row _builder_version=\u00a0\u00bb4.27.5&Prime; _module_preset=\u00a0\u00bbdefault\u00a0\u00bb theme_builder_area=\u00a0\u00bbpost_content\u00a0\u00bb][et_pb_column _builder_version=\u00a0\u00bb4.27.5&Prime; _module_preset=\u00a0\u00bbdefault\u00a0\u00bb type=\u00a0\u00bb4_4&Prime; theme_builder_area=\u00a0\u00bbpost_content\u00a0\u00bb][et_pb_text _builder_version=\u00a0\u00bb4.27.5&Prime; _module_preset=\u00a0\u00bbdefault\u00a0\u00bb theme_builder_area=\u00a0\u00bbpost_content\u00a0\u00bb hover_enabled=\u00a0\u00bb0&Prime; sticky_enabled=\u00a0\u00bb0&Prime;]\n<p>Le Lyc\u00e9e Jean Claude Fruteau s\u2019engage \u00e0 ce que la collecte et le traitement de vos donn\u00e9es soient conformes au R\u00e8glement G\u00e9n\u00e9ral sur la Protection des Donn\u00e9es (RGPD).<\/p>\n<p><b>1. Pourquoi collectons-nous des donn\u00e9es ?<\/b><\/p>\n<p>En dehors des logiciels nationaux (Pronote, ENT), l&rsquo;\u00e9tablissement traite des donn\u00e9es pour les missions suivantes :<\/p>\n<p>Organisation p\u00e9dagogique : sorties scolaires, voyages, inscriptions aux examens et concours.<\/p>\n<p>Vie de l&rsquo;\u00e9l\u00e8ve : inscriptions \u00e0 l\u2019Association Sportive (UNSS), aux clubs, \u00e0 la Maison des Lyc\u00e9ens (MDL) et gestion de la restauration.<\/p>\n<p>Accompagnement : suivi des stages, aides sociales et orientation.<\/p>\n<p>Gestion financi\u00e8re et Restauration : traitement des dossiers de bourses, facturation de la demi-pension, gestion des acc\u00e8s au self et paiement des frais scolaires via les outils s\u00e9curis\u00e9s (Opale, GFC).<\/p>\n<p><span style=\"color: #000000\">Fonctionnement du site web : nous collectons des donn\u00e9es techniques (cookies, logs) pour assurer la s\u00e9curit\u00e9 du site et mesurer son audience. Lorsque vous utilisez un formulaire de contact, vos donn\u00e9es sont uniquement transmises au service concern\u00e9 pour r\u00e9pondre \u00e0 votre demande.<\/span><\/p>\n<p><b>2. Qui a acc\u00e8s \u00e0 ces donn\u00e9es ?<\/b><\/p>\n<p>Les informations sont r\u00e9serv\u00e9es aux services comp\u00e9tents du lyc\u00e9e (Direction, Vie scolaire, Enseignants concern\u00e9s). Pour les voyages, certaines donn\u00e9es peuvent \u00eatre transmises aux prestataires (transporteurs, h\u00e9bergeurs) dans la limite du strict n\u00e9cessaire.<\/p>\n<p><a name=\"_GoBack\"><\/a> <b>3. Combien de temps sont-elles conserv\u00e9es ?<\/b><\/p>\n<p>Les donn\u00e9es ne sont conserv\u00e9es que pour la dur\u00e9e n\u00e9cessaire \u00e0 la r\u00e9alisation du projet (ex: destruction des fiches d&rsquo;urgence au retour d&rsquo;un voyage) ou selon les dur\u00e9es l\u00e9gales de conservation des documents administratifs.<\/p>\n<p><b>4. Vos Droits<\/b><\/p>\n<p>Conform\u00e9ment au RGPD et \u00e0 la loi Informatique et Libert\u00e9s, vous disposez d&rsquo;un droit d&rsquo;acc\u00e8s, de rectification, de limitation et de suppression des donn\u00e9es concernant votre enfant.<\/p>\n<p>Pour exercer vos droits : contactez le R\u00e9f\u00e9rent RGPD &#8211; de l&rsquo;\u00e9tablissement via la messagerie Pronote.<\/p>\n<p>D\u00e9l\u00e9gu\u00e9 \u00e0 la Protection des Donn\u00e9es (DPO) : pour toute question complexe, vous pouvez contacter le DPO de l&rsquo;Acad\u00e9mie de La R\u00e9union \u2013 renvoi vers la page https:\/\/www.ac-reunion.fr\/rgpd<\/p>\n[\/et_pb_text][\/et_pb_column][\/et_pb_row][\/et_pb_section]\n","protected":false},"excerpt":{"rendered":"<p>Le Lyc\u00e9e Jean Claude Fruteau s\u2019engage \u00e0 ce que la collecte et le traitement de vos donn\u00e9es soient conformes au R\u00e8glement G\u00e9n\u00e9ral sur la Protection des Donn\u00e9es (RGPD). 1. Pourquoi collectons-nous des donn\u00e9es ? En dehors des logiciels nationaux (Pronote, ENT), l&rsquo;\u00e9tablissement traite des donn\u00e9es pour les missions suivantes : Organisation p\u00e9dagogique : sorties scolaires, [&hellip;]<\/p>\n","protected":false},"author":3308,"featured_media":0,"parent":0,"menu_order":0,"comment_status":"closed","ping_status":"closed","template":"","meta":{"_et_pb_use_builder":"on","_et_pb_old_content":"","_et_gb_content_width":"","footnotes":"","_links_to":"","_links_to_target":""},"class_list":["post-16833","page","type-page","status-publish","hentry"],"_links":{"self":[{"href":"https:\/\/etab.ac-reunion.fr\/lyc-amiral-bouvet\/wp-json\/wp\/v2\/pages\/16833","targetHints":{"allow":["GET"]}}],"collection":[{"href":"https:\/\/etab.ac-reunion.fr\/lyc-amiral-bouvet\/wp-json\/wp\/v2\/pages"}],"about":[{"href":"https:\/\/etab.ac-reunion.fr\/lyc-amiral-bouvet\/wp-json\/wp\/v2\/types\/page"}],"author":[{"embeddable":true,"href":"https:\/\/etab.ac-reunion.fr\/lyc-amiral-bouvet\/wp-json\/wp\/v2\/users\/3308"}],"replies":[{"embeddable":true,"href":"https:\/\/etab.ac-reunion.fr\/lyc-amiral-bouvet\/wp-json\/wp\/v2\/comments?post=16833"}],"version-history":[{"count":3,"href":"https:\/\/etab.ac-reunion.fr\/lyc-amiral-bouvet\/wp-json\/wp\/v2\/pages\/16833\/revisions"}],"predecessor-version":[{"id":16837,"href":"https:\/\/etab.ac-reunion.fr\/lyc-amiral-bouvet\/wp-json\/wp\/v2\/pages\/16833\/revisions\/16837"}],"wp:attachment":[{"href":"https:\/\/etab.ac-reunion.fr\/lyc-amiral-bouvet\/wp-json\/wp\/v2\/media?parent=16833"}],"curies":[{"name":"wp","href":"https:\/\/api.w.org\/{rel}","templated":true}]}}