{"id":34,"date":"2013-07-17T07:47:24","date_gmt":"2013-07-17T06:47:24","guid":{"rendered":"http:\/\/lycee-amiral-bouvet.ac-reunion.fr\/?page_id=34"},"modified":"2013-08-21T11:26:52","modified_gmt":"2013-08-21T10:26:52","slug":"letablissement","status":"publish","type":"page","link":"https:\/\/etab.ac-reunion.fr\/lyc-amiral-bouvet\/letablissement\/","title":{"rendered":"L&rsquo;\u00e9tablissement"},"content":{"rendered":"<p>La page qui pr\u00e9sente l&rsquo;\u00e9tablissement.<\/p>\n<p>&nbsp;<\/p>\n<p>Pour fran\u00e7ois cazanove<\/p>\n","protected":false},"excerpt":{"rendered":"<p>La page qui pr\u00e9sente l&rsquo;\u00e9tablissement. &nbsp; Pour fran\u00e7ois cazanove<\/p>\n","protected":false},"author":26,"featured_media":0,"parent":0,"menu_order":0,"comment_status":"open","ping_status":"open","template":"","meta":{"_et_pb_use_builder":"","_et_pb_old_content":"","_et_gb_content_width":"","footnotes":"","_links_to":"","_links_to_target":""},"class_list":["post-34","page","type-page","status-publish","hentry"],"_links":{"self":[{"href":"https:\/\/etab.ac-reunion.fr\/lyc-amiral-bouvet\/wp-json\/wp\/v2\/pages\/34","targetHints":{"allow":["GET"]}}],"collection":[{"href":"https:\/\/etab.ac-reunion.fr\/lyc-amiral-bouvet\/wp-json\/wp\/v2\/pages"}],"about":[{"href":"https:\/\/etab.ac-reunion.fr\/lyc-amiral-bouvet\/wp-json\/wp\/v2\/types\/page"}],"author":[{"embeddable":true,"href":"https:\/\/etab.ac-reunion.fr\/lyc-amiral-bouvet\/wp-json\/wp\/v2\/users\/26"}],"replies":[{"embeddable":true,"href":"https:\/\/etab.ac-reunion.fr\/lyc-amiral-bouvet\/wp-json\/wp\/v2\/comments?post=34"}],"version-history":[{"count":3,"href":"https:\/\/etab.ac-reunion.fr\/lyc-amiral-bouvet\/wp-json\/wp\/v2\/pages\/34\/revisions"}],"predecessor-version":[{"id":205,"href":"https:\/\/etab.ac-reunion.fr\/lyc-amiral-bouvet\/wp-json\/wp\/v2\/pages\/34\/revisions\/205"}],"wp:attachment":[{"href":"https:\/\/etab.ac-reunion.fr\/lyc-amiral-bouvet\/wp-json\/wp\/v2\/media?parent=34"}],"curies":[{"name":"wp","href":"https:\/\/api.w.org\/{rel}","templated":true}]}}